{"id":1106,"date":"2023-07-14T04:36:57","date_gmt":"2023-07-14T09:36:57","guid":{"rendered":"https:\/\/ambbogota.esteri.it\/?page_id=1106"},"modified":"2024-05-09T15:00:08","modified_gmt":"2024-05-09T20:00:08","slug":"1106-2","status":"publish","type":"page","link":"https:\/\/ambbogota.esteri.it\/es\/amministrazione-trasparente\/1106-2\/","title":{"rendered":"Subvenciones, contribuciones, subsidios, ventajas econ\u00f3micas"},"content":{"rendered":"<p>Criterios y modalidades de las subvenciones, contribuciones, subsidios, ventajas econ\u00f3micas est\u00e1n publicadas al siguiente enlace: <a href=\"https:\/\/www.esteri.it\/it\/trasparenza_comunicazioni_legali\/sovvenzioni_contributi_sussidi_vantaggi_economici\/criterimodalita\/\" target=\"_blank\" rel=\"noopener\">Criterios y modalidades \u2013 Ministero degli Affari Esteri e della Cooperazione Internazionale<\/a><\/p>\n<p><a href=\"https:\/\/ambbogota.esteri.it\/wp-content\/uploads\/2024\/05\/sussidi-2023.pdf\">&#8211; Subvenciones, contribuciones, subsidios, ventajas econ\u00f3micas 2023<\/a><\/p>\n","protected":false},"excerpt":{"rendered":"Criterios y modalidades de las subvenciones, contribuciones, subsidios, ventajas econ\u00f3micas est\u00e1n publicadas al siguiente enlace: Criterios y modalidades \u2013 Ministero degli Affari Esteri e della Cooperazione Internazionale &#8211; Subvenciones, contribuciones, subsidios, ventajas econ\u00f3micas 2023","protected":false},"author":6,"featured_media":0,"parent":190,"menu_order":10,"comment_status":"closed","ping_status":"closed","template":"","meta":{"footnotes":""},"class_list":["post-1106","page","type-page","status-publish","hentry"],"_links":{"self":[{"href":"https:\/\/ambbogota.esteri.it\/es\/wp-json\/wp\/v2\/pages\/1106","targetHints":{"allow":["GET"]}}],"collection":[{"href":"https:\/\/ambbogota.esteri.it\/es\/wp-json\/wp\/v2\/pages"}],"about":[{"href":"https:\/\/ambbogota.esteri.it\/es\/wp-json\/wp\/v2\/types\/page"}],"author":[{"embeddable":true,"href":"https:\/\/ambbogota.esteri.it\/es\/wp-json\/wp\/v2\/users\/6"}],"replies":[{"embeddable":true,"href":"https:\/\/ambbogota.esteri.it\/es\/wp-json\/wp\/v2\/comments?post=1106"}],"version-history":[{"count":3,"href":"https:\/\/ambbogota.esteri.it\/es\/wp-json\/wp\/v2\/pages\/1106\/revisions"}],"predecessor-version":[{"id":3712,"href":"https:\/\/ambbogota.esteri.it\/es\/wp-json\/wp\/v2\/pages\/1106\/revisions\/3712"}],"up":[{"embeddable":true,"href":"https:\/\/ambbogota.esteri.it\/es\/wp-json\/wp\/v2\/pages\/190"}],"wp:attachment":[{"href":"https:\/\/ambbogota.esteri.it\/es\/wp-json\/wp\/v2\/media?parent=1106"}],"curies":[{"name":"wp","href":"https:\/\/api.w.org\/{rel}","templated":true}]}}