{"id":1121,"date":"2023-08-11T16:23:35","date_gmt":"2023-08-11T21:23:35","guid":{"rendered":"https:\/\/ambbogota.esteri.it\/?page_id=1121"},"modified":"2025-01-23T16:45:01","modified_gmt":"2025-01-23T21:45:01","slug":"fast-it-el-portal-de-los-servicios-consulares","status":"publish","type":"page","link":"https:\/\/ambbogota.esteri.it\/es\/servizi-consolari-e-visti\/servizi-per-il-cittadino-italiano\/a-i-r-e-registro-de-italianos-residentes-en-el-extranjero\/fast-it-el-portal-de-los-servicios-consulares\/","title":{"rendered":"Fast it &#8211; El Portal de los Servicios Consulares"},"content":{"rendered":"<p>El portal \u201cFast It\u201d permite realizar la inscripci\u00f3n y actualizaci\u00f3n A.I.R.E. de manera simple y \u00e1gil, respondiendo a las necesidades de los italianos residentes en el extranjero.<\/p>\n<p>El registro y la actualizaci\u00f3n del A.I.R.E. (Registro de Italianos Residentes al Exterior) pueden tramitarse despu\u00e9s de haberse registrado en el siguiente enlace: <a href=\"https:\/\/serviziconsolarionline.esteri.it\">https:\/\/serviziconsolarionline.esteri.it<\/a>.<\/p>\n<p>Para crear un usuario en \u201cFast It\u201d, debe acceder al portal y hacer clic en <em>REGISTRAZIONE<\/em>. Una vez creado el usuario, para posteriores accesos, podr\u00e1 identificarse utilizando su direcci\u00f3n de correo electr\u00f3nico y la contrase\u00f1a creada.<\/p>\n<p><strong>\u00a0<\/strong><strong>Tenga en cuenta los siguientes puntos:<\/strong><\/p>\n<ol>\n<li>La creaci\u00f3n del usuario en \u201cFast It\u201d <strong>NO IMPLICA<\/strong> que autom\u00e1ticamente se haga el registro\/actualizaci\u00f3n al A.I.R.E;<\/li>\n<li>Los datos diligenciados para el registro deben ser <strong>EXACTAMENTE<\/strong> los que figuran en el pasaporte italiano;<\/li>\n<li>Si no tiene pasaporte italiano, los datos deben reflejar <strong>EXACTAMENTE<\/strong> los que figuran en el registro de nacimiento original, expedido por la Alcald\u00eda italiana;<\/li>\n<li>Los segundos nombres deben indicarse en la casilla \u201cnombre\u201d<\/li>\n<li>Las fechas introducidas deben estar en formato europeo <strong>D\u00cdA\/MES\/A\u00d1O<\/strong>;<\/li>\n<li>La inscripci\u00f3n tambi\u00e9n puede realizarse por iniciativa de la Canciller\u00eda Consular con base en la informaci\u00f3n que haya obtenido eventualmente por otros medios.<\/li>\n<\/ol>\n<p><strong>A continuaci\u00f3n, se ofrecen unas gu\u00edas pr\u00e1cticas para realizar tr\u00e1mites a trav\u00e9s del portal \u201cFast It\u201d:<\/strong><\/p>\n<ul>\n<li>Registrarse al Fast It (<a href=\"https:\/\/ambbogota.esteri.it\/wp-content\/uploads\/2023\/08\/iscrizione_al_portale_sei_servizi_consolari.pdf\">instrucciones<\/a>);<\/li>\n<li>Inscripci\u00f3n al A.I.R.E. (<a href=\"https:\/\/ambbogota.esteri.it\/wp-content\/uploads\/2023\/08\/iscrizione_aire.pdf\">instrucciones<\/a>);<\/li>\n<li>Actualizaci\u00f3n de la direcci\u00f3n A.I.R.E. (<a href=\"https:\/\/ambbogota.esteri.it\/wp-content\/uploads\/2023\/08\/comunicare_la_variazione_della_propria_residenza.pdf\">instrucciones<\/a>);<\/li>\n<li>Visualizaci\u00f3n de la propia ficha anagr\u00e1fica \u201cA.S.O.N\u201d (<a href=\"https:\/\/ambbogota.esteri.it\/wp-content\/uploads\/2023\/08\/visualizzare_scheda_anagrafica.pdf\">instrucciones<\/a>).<\/li>\n<\/ul>\n","protected":false},"excerpt":{"rendered":"El portal \u201cFast It\u201d permite realizar la inscripci\u00f3n y actualizaci\u00f3n A.I.R.E. de manera simple y \u00e1gil, respondiendo a las necesidades de los italianos residentes en el extranjero. El registro y la actualizaci\u00f3n del A.I.R.E. (Registro de Italianos Residentes al Exterior) pueden tramitarse despu\u00e9s de haberse registrado en el siguiente enlace: https:\/\/serviziconsolarionline.esteri.it. Para crear un usuario [&hellip;]","protected":false},"author":6,"featured_media":0,"parent":800,"menu_order":0,"comment_status":"closed","ping_status":"closed","template":"","meta":{"footnotes":""},"class_list":["post-1121","page","type-page","status-publish","hentry"],"_links":{"self":[{"href":"https:\/\/ambbogota.esteri.it\/es\/wp-json\/wp\/v2\/pages\/1121","targetHints":{"allow":["GET"]}}],"collection":[{"href":"https:\/\/ambbogota.esteri.it\/es\/wp-json\/wp\/v2\/pages"}],"about":[{"href":"https:\/\/ambbogota.esteri.it\/es\/wp-json\/wp\/v2\/types\/page"}],"author":[{"embeddable":true,"href":"https:\/\/ambbogota.esteri.it\/es\/wp-json\/wp\/v2\/users\/6"}],"replies":[{"embeddable":true,"href":"https:\/\/ambbogota.esteri.it\/es\/wp-json\/wp\/v2\/comments?post=1121"}],"version-history":[{"count":3,"href":"https:\/\/ambbogota.esteri.it\/es\/wp-json\/wp\/v2\/pages\/1121\/revisions"}],"predecessor-version":[{"id":5291,"href":"https:\/\/ambbogota.esteri.it\/es\/wp-json\/wp\/v2\/pages\/1121\/revisions\/5291"}],"up":[{"embeddable":true,"href":"https:\/\/ambbogota.esteri.it\/es\/wp-json\/wp\/v2\/pages\/800"}],"wp:attachment":[{"href":"https:\/\/ambbogota.esteri.it\/es\/wp-json\/wp\/v2\/media?parent=1121"}],"curies":[{"name":"wp","href":"https:\/\/api.w.org\/{rel}","templated":true}]}}