{"id":1208,"date":"2023-09-04T15:37:00","date_gmt":"2023-09-04T20:37:00","guid":{"rendered":"https:\/\/ambbogota.esteri.it\/?page_id=1208"},"modified":"2023-09-06T15:27:55","modified_gmt":"2023-09-06T20:27:55","slug":"indicaciones-para-el-ingreso-a-italia-y-a-colombia","status":"publish","type":"page","link":"https:\/\/ambbogota.esteri.it\/es\/news\/dall_ambasciata\/indicaciones-para-el-ingreso-a-italia-y-a-colombia\/","title":{"rendered":"Indicaciones ingreso\/salida de Colombia e ingreso a Italia"},"content":{"rendered":"<p><strong>REQUISITOS PARA EL INGRESO A COLOMBIA<\/strong><\/p>\n<ul>\n<li><u>Pre-registro de migraci\u00f3n \u00abCheck-Mig\u00bb<\/u><\/li>\n<\/ul>\n<p>Para ingresar a Colombia es <strong>OBLIGATORIO<\/strong> llenar antes de la salida el formulario de pre-registro migratorio \u201c<strong>Check-Mig<\/strong>\u201d disponible en el siguiente enlace: <a href=\"https:\/\/apps.migracioncolombia.gov.co\/pre-registro\/\">Check-mig &#8211; Migraci\u00f3n Colombia (migracioncolombia.gov.co)<\/a>. En caso de no llenar el formulario, las aerol\u00edneas podr\u00e1n no permitir el embarque.<\/p>\n<p>Tenga en cuenta que el pre-registro migratorio \u00abCheck-Mig\u00bb es completamente gratuita. Se recomienda utilizar \u00fanicamente el enlace de la p\u00e1gina web oficial de Migraci\u00f3n Colombia mostrado arriba para evitar posibles estafas o robo de datos personales mediante el uso de sitios web no oficiales.<\/p>\n<ul>\n<li><u>Certificado de vacunaci\u00f3n COVID-19<\/u><\/li>\n<\/ul>\n<p>A partir del 5 de abril de 2023, ya <strong>NO<\/strong> se requiere certificado de vacunaci\u00f3n o resultado negativo de una prueba COVID-19 para ingresar al pa\u00eds.<\/p>\n<ul>\n<li><u>Vacuna contra la fiebre amarilla<\/u><\/li>\n<\/ul>\n<p>Los viajeros internacionales que lleguen (aunque s\u00f3lo sea en tr\u00e1nsito) desde Angola, la Rep\u00fablica Democr\u00e1tica del Congo, Uganda y Brasil deber\u00e1n presentar un <strong>certificado internacional de vacunaci\u00f3n contra la fiebre amarilla<\/strong>.<\/p>\n<ul>\n<li><u>Validez del pasaporte extranjero (italiano)<\/u><\/li>\n<\/ul>\n<p>Al momento de ingresar a Colombia el pasaporte debe ser v\u00e1lido y vigente. Las autoridades colombianas no exigen que el pasaporte del ciudadano extranjero tenga un per\u00edodo m\u00ednimo de vigencia. Sin embargo, la permanencia en el pa\u00eds se permitir\u00e1 limitadamente a la vigencia del pasaporte.<\/p>\n<p>Finalmente, antes de viajar, por favor verifique que su pasaporte se encuentre en buenas condiciones e intacto en todas sus partes (libre de manchas, rasgaduras y cualquier tipo de alteraci\u00f3n), ya que la Autoridad de Migraci\u00f3n <strong>NO permite el ingreso<\/strong> al pa\u00eds en caso de que la libreta de pasaporte est\u00e9 da\u00f1ada.<\/p>\n<p><strong>REQUISITOS PARA SALIDA DE COLOMBIA CON MENORES DE EDAD<\/strong><\/p>\n<p>Antes de salir de Colombia con un ni\u00f1o, ni\u00f1a o adolescente colombiano y extranjero con visa de residente (R) en Colombia, es importante conocer la legislaci\u00f3n que establece los requisitos migratorios a cumplir:<\/p>\n<ol>\n<li>Pasaporte vigente;<\/li>\n<li>Visa o permiso equivalente;<\/li>\n<li>Copia f\u00edsica o imagen legible del acta de nacimiento del menor;<\/li>\n<li>Permiso de salida del pa\u00eds firmado por ambos padres o por el progenitor que no viaja con el ni\u00f1o, ni\u00f1a o adolescente.<\/li>\n<\/ol>\n<p>Para mayor informaci\u00f3n por favor consultar el siguiente enlace de Migraci\u00f3n Colombia: <a href=\"https:\/\/www.migracioncolombia.gov.co\/subdireccion-de-control-migratorio\/salida-de-menores-del-pais\">Salida de menores de edad del Pa\u00eds (migracioncolombia.gov.co)<\/a><\/p>\n<p><strong>INDICACIONES DE INGRESO\/REGRESO A ITALIA<\/strong><\/p>\n<ul>\n<li><u>Pre-registro migratorio \u00abCheck-Mig\u00bb<\/u><\/li>\n<\/ul>\n<p>Tenga en cuenta que tambi\u00e9n para salir de Colombia se requiere llenar el formulario de pre-registro migratorio \u00abCheck-Mig\u00bb accediendo al siguiente enlace: <a href=\"https:\/\/apps.migracioncolombia.gov.co\/pre-registro\/\">Check-mig &#8211; Migraci\u00f3n Colombia (migracioncolombia.gov.co)<\/a>.<\/p>\n<ul>\n<li><u>Certificado de vacunaci\u00f3n \u201cGreen Pass\u201d<\/u><\/li>\n<\/ul>\n<p>A partir del 1 de junio de 2022, el Green Pass u otra certificaci\u00f3n equivalente ya <strong>NO<\/strong> ser\u00e1 necesario para ingresar\/regresar a Italia desde el extranjero.<\/p>\n<p>En cualquier caso, le invitamos a consultar con la aerol\u00ednea de referencia sobre la posible existencia de documentos adicionales a presentar en el embarque, y a comprobar las condiciones y requisitos vigentes en el pa\u00eds donde se realizar\u00e1 el tr\u00e1nsito aeroportuario.<\/p>\n","protected":false},"excerpt":{"rendered":"REQUISITOS PARA EL INGRESO A COLOMBIA Pre-registro de migraci\u00f3n \u00abCheck-Mig\u00bb Para ingresar a Colombia es OBLIGATORIO llenar antes de la salida el formulario de pre-registro migratorio \u201cCheck-Mig\u201d disponible en el siguiente enlace: Check-mig &#8211; Migraci\u00f3n Colombia (migracioncolombia.gov.co). En caso de no llenar el formulario, las aerol\u00edneas podr\u00e1n no permitir el embarque. Tenga en cuenta que [&hellip;]","protected":false},"author":4,"featured_media":0,"parent":189,"menu_order":0,"comment_status":"closed","ping_status":"closed","template":"","meta":{"footnotes":""},"class_list":["post-1208","page","type-page","status-publish","hentry"],"_links":{"self":[{"href":"https:\/\/ambbogota.esteri.it\/es\/wp-json\/wp\/v2\/pages\/1208","targetHints":{"allow":["GET"]}}],"collection":[{"href":"https:\/\/ambbogota.esteri.it\/es\/wp-json\/wp\/v2\/pages"}],"about":[{"href":"https:\/\/ambbogota.esteri.it\/es\/wp-json\/wp\/v2\/types\/page"}],"author":[{"embeddable":true,"href":"https:\/\/ambbogota.esteri.it\/es\/wp-json\/wp\/v2\/users\/4"}],"replies":[{"embeddable":true,"href":"https:\/\/ambbogota.esteri.it\/es\/wp-json\/wp\/v2\/comments?post=1208"}],"version-history":[{"count":4,"href":"https:\/\/ambbogota.esteri.it\/es\/wp-json\/wp\/v2\/pages\/1208\/revisions"}],"predecessor-version":[{"id":1224,"href":"https:\/\/ambbogota.esteri.it\/es\/wp-json\/wp\/v2\/pages\/1208\/revisions\/1224"}],"up":[{"embeddable":true,"href":"https:\/\/ambbogota.esteri.it\/es\/wp-json\/wp\/v2\/pages\/189"}],"wp:attachment":[{"href":"https:\/\/ambbogota.esteri.it\/es\/wp-json\/wp\/v2\/media?parent=1208"}],"curies":[{"name":"wp","href":"https:\/\/api.w.org\/{rel}","templated":true}]}}