{"id":1252,"date":"2023-07-14T04:32:08","date_gmt":"2023-07-14T09:32:08","guid":{"rendered":"https:\/\/ambbogota.esteri.it\/?page_id=1252"},"modified":"2025-03-27T14:40:30","modified_gmt":"2025-03-27T19:40:30","slug":"convocatorias-para-concursos-de-trabajo","status":"publish","type":"page","link":"https:\/\/ambbogota.esteri.it\/es\/amministrazione-trasparente\/convocatorias-para-concursos-de-trabajo\/","title":{"rendered":"Convocatorias para Concursos de Trabajo"},"content":{"rendered":"<ul>\n<li><a href=\"https:\/\/ambbogota.esteri.it\/wp-content\/uploads\/2025\/03\/1.-Avviso-assunzione-assistente-amministrativo-temporaneo-luglio-2020.pdf\" target=\"_blank\" rel=\"noopener\">Convocatoria de contrataci\u00f3n No. 1 Asistente Administrativo &#8211; determinado julio 2020<\/a><\/li>\n<li><a href=\"https:\/\/ambbogota.esteri.it\/wp-content\/uploads\/2025\/03\/1.-Avviso-assunzione-assistente-amministrativo-temporaneo-luglio-2020.pdf\" target=\"_blank\" rel=\"noopener\">Convocatoria de contrataci\u00f3n<\/a><a href=\"https:\/\/ambbogota.esteri.it\/wp-content\/uploads\/2025\/03\/2.-Avviso-assunzione-assistente-amministrativo-temporaneo-marzo-2021.pdf\" target=\"_blank\" rel=\"noopener\"> No. 1 Asistente Administrativo &#8211; determinado marzo 2021<\/a><\/li>\n<li><a href=\"https:\/\/ambbogota.esteri.it\/wp-content\/uploads\/2025\/03\/1.-Avviso-assunzione-assistente-amministrativo-temporaneo-luglio-2020.pdf\" target=\"_blank\" rel=\"noopener\">Convocatoria de contrataci\u00f3n<\/a><a href=\"https:\/\/ambbogota.esteri.it\/wp-content\/uploads\/2025\/03\/3.-Avviso-assunzione-assistente-amministrativo-temporaneo-giugno-2021.pdf\" target=\"_blank\" rel=\"noopener\"> No. 1 Asistente Administrativo &#8211; determinado junio 2021<\/a><\/li>\n<li><a href=\"https:\/\/ambbogota.esteri.it\/wp-content\/uploads\/2025\/03\/1.-Avviso-assunzione-assistente-amministrativo-temporaneo-luglio-2020.pdf\" target=\"_blank\" rel=\"noopener\">Convocatoria de contrataci\u00f3n<\/a><a href=\"https:\/\/ambbogota.esteri.it\/wp-content\/uploads\/2025\/03\/4.-Avviso-assunzione-2-collaboratori-amministrativi-temporaneo-ottobre-2021.pdf\" target=\"_blank\" rel=\"noopener\"> No. 2 Colaboradores Administrativos &#8211; determinados octubre 2021<\/a><\/li>\n<li><a href=\"https:\/\/ambbogota.esteri.it\/wp-content\/uploads\/2025\/03\/1.-Avviso-assunzione-assistente-amministrativo-temporaneo-luglio-2020.pdf\" target=\"_blank\" rel=\"noopener\">Convocatoria de contrataci\u00f3n<\/a><a href=\"https:\/\/ambbogota.esteri.it\/wp-content\/uploads\/2025\/03\/5.-Avviso-assunzione-2-collaboratori-amministrativi-indeterminato-dicembre-2021.pdf\" target=\"_blank\" rel=\"noopener\"> No. 2 Colaboradores Administrativos &#8211; indeterminados diciembre 2021<\/a><\/li>\n<li><a href=\"https:\/\/ambbogota.esteri.it\/wp-content\/uploads\/2025\/03\/1.-Avviso-assunzione-assistente-amministrativo-temporaneo-luglio-2020.pdf\" target=\"_blank\" rel=\"noopener\">Convocatoria de contrataci\u00f3n<\/a><a href=\"https:\/\/ambbogota.esteri.it\/wp-content\/uploads\/2025\/03\/6.-Avviso-assunzione-assistente-amministrativo-temporaneo-marzo-2022.pdf\" target=\"_blank\" rel=\"noopener\"> No. 1 Asistente Administrativo &#8211; determinado marzo 2022<\/a><\/li>\n<li><a href=\"https:\/\/ambbogota.esteri.it\/wp-content\/uploads\/2025\/03\/1.-Avviso-assunzione-assistente-amministrativo-temporaneo-luglio-2020.pdf\" target=\"_blank\" rel=\"noopener\">Convocatoria de contrataci\u00f3n<\/a><a href=\"https:\/\/ambbogota.esteri.it\/wp-content\/uploads\/2025\/03\/7.-Avviso-assunzione-assistente-amministrativo-indeterminato-aprile-2022.pdf\" target=\"_blank\" rel=\"noopener\"> No. 1 Asistente Administrativo &#8211; indeterminado abril 2022<\/a><\/li>\n<li><a href=\"https:\/\/ambbogota.esteri.it\/wp-content\/uploads\/2025\/03\/1.-Avviso-assunzione-assistente-amministrativo-temporaneo-luglio-2020.pdf\" target=\"_blank\" rel=\"noopener\">Convocatoria de contrataci\u00f3n<\/a><a href=\"https:\/\/ambbogota.esteri.it\/wp-content\/uploads\/2025\/03\/8.-Avviso-assunzione-assistente-amministrativo-indeterminato-gennaio-2024.pdf\" target=\"_blank\" rel=\"noopener\"> No. 1 Asistente Administrativo &#8211; indeterminado enero 2024<\/a><\/li>\n<\/ul>\n","protected":false},"excerpt":{"rendered":"Convocatoria de contrataci\u00f3n No. 1 Asistente Administrativo &#8211; determinado julio 2020 Convocatoria de contrataci\u00f3n No. 1 Asistente Administrativo &#8211; determinado marzo 2021 Convocatoria de contrataci\u00f3n No. 1 Asistente Administrativo &#8211; determinado junio 2021 Convocatoria de contrataci\u00f3n No. 2 Colaboradores Administrativos &#8211; determinados octubre 2021 Convocatoria de contrataci\u00f3n No. 2 Colaboradores Administrativos &#8211; indeterminados diciembre 2021 [&hellip;]","protected":false},"author":6,"featured_media":0,"parent":190,"menu_order":2,"comment_status":"closed","ping_status":"closed","template":"","meta":{"footnotes":""},"class_list":["post-1252","page","type-page","status-publish","hentry"],"_links":{"self":[{"href":"https:\/\/ambbogota.esteri.it\/es\/wp-json\/wp\/v2\/pages\/1252","targetHints":{"allow":["GET"]}}],"collection":[{"href":"https:\/\/ambbogota.esteri.it\/es\/wp-json\/wp\/v2\/pages"}],"about":[{"href":"https:\/\/ambbogota.esteri.it\/es\/wp-json\/wp\/v2\/types\/page"}],"author":[{"embeddable":true,"href":"https:\/\/ambbogota.esteri.it\/es\/wp-json\/wp\/v2\/users\/6"}],"replies":[{"embeddable":true,"href":"https:\/\/ambbogota.esteri.it\/es\/wp-json\/wp\/v2\/comments?post=1252"}],"version-history":[{"count":3,"href":"https:\/\/ambbogota.esteri.it\/es\/wp-json\/wp\/v2\/pages\/1252\/revisions"}],"predecessor-version":[{"id":6073,"href":"https:\/\/ambbogota.esteri.it\/es\/wp-json\/wp\/v2\/pages\/1252\/revisions\/6073"}],"up":[{"embeddable":true,"href":"https:\/\/ambbogota.esteri.it\/es\/wp-json\/wp\/v2\/pages\/190"}],"wp:attachment":[{"href":"https:\/\/ambbogota.esteri.it\/es\/wp-json\/wp\/v2\/media?parent=1252"}],"curies":[{"name":"wp","href":"https:\/\/api.w.org\/{rel}","templated":true}]}}