{"id":133,"date":"2023-04-11T17:07:36","date_gmt":"2023-04-11T22:07:36","guid":{"rendered":"https:\/\/ambbogota.esteri.it\/chi-siamo\/"},"modified":"2026-03-09T12:41:11","modified_gmt":"2026-03-09T17:41:11","slug":"chi-siamo","status":"publish","type":"page","link":"https:\/\/ambbogota.esteri.it\/es\/chi-siamo\/","title":{"rendered":"Quienes somos"},"content":{"rendered":"<article id=\"articolo_centro\" class=\"col-md-19 col-sm-19 padding_articolo item-page\" role=\"main\" aria-label=\"articolo\">\n<div>\n<p>La Embajada de Italia en Bogot\u00e1 se encuentra ubicada en la <a href=\"https:\/\/www.google.com\/maps\/place\/Embassy+of+Italy\/@4.6757576,-74.045762,18z\/data=!4m13!1m7!3m6!1s0x8e3f98ff383d9d8d:0xec4501415be8d2a8!2sCra.+3+%231-8,+Bogot%C3%A1,+Colombia!3b1!8m2!3d4.5824619!4d-74.0788363!3m4!1s0x0:0xc60668ce3b55aa6f!8m2!3d4.6760117!4d-74.0454859\">Calle 93B # 9-92<\/a>.<\/p>\n<table class=\"table table-bordered\">\n<thead>\n<tr class=\"active\">\n<th colspan=\"2\">\n<p style=\"text-align: center;\"><span style=\"text-decoration: underline;\">Jefe de Misi\u00f3n<\/span><\/p>\n<p style=\"text-align: center;\">Embajador\u00a0<strong>Giancarlo Maria Curcio<\/strong><\/p>\n<p style=\"text-align: center;\">Secretar\u00eda Jefe de Misi\u00f3n<\/p>\n<p style=\"text-align: center;\">Tel\u00e9fono: (+57) 601 6514803<\/p>\n<p style=\"text-align: center;\">Email:\u00a0<a href=\"mailto:segreteria.bogota@esteri.it,\">segreteria.bogota@esteri.it<\/a><\/p>\n<\/th>\n<\/tr>\n<\/thead>\n<tbody>\n<tr>\n<td colspan=\"2\">\n<p style=\"text-align: center;\"><span style=\"text-decoration: underline;\"><strong>Vicario del Jefe de Misi\u00f3n y Jefe Oficina Comercial<\/strong><\/span><\/p>\n<p style=\"text-align: center;\"><strong>Segunda Secretaria Comercial Marina Zappettini<\/strong><\/p>\n<p style=\"text-align: center;\">Secretar\u00eda Vicario Jefe Misi\u00f3n<\/p>\n<p style=\"text-align: center;\">Tel\u00e9fono: (+57) 601 6514803<\/p>\n<p style=\"text-align: center;\">Email:\u00a0<a href=\"mailto:segreteria.bogota@esteri.it\">segreteria.bogota@esteri.it<\/a><\/p>\n<\/td>\n<\/tr>\n<tr>\n<td colspan=\"2\">\n<p style=\"text-align: center;\"><span style=\"text-decoration: underline;\"><strong>Canciller\u00eda Consular<\/strong><\/span><\/p>\n<p style=\"text-align: center;\"><strong>Jefe de la Canciller\u00eda Consular: Paola Orsini<\/strong><\/p>\n<p style=\"text-align: center;\">Tel\u00e9fono: (+57) 601 6514806<\/p>\n<p style=\"text-align: center;\">Email:\u00a0<a href=\"mailto:bogota.consolare@esteri.it\">bogota.consolare@esteri.it<\/a><\/p>\n<p style=\"text-align: center;\">Website: <a href=\"https:\/\/ambbogota.esteri.it\/es\/servizi-consolari-e-visti\/\">Servicios Consulares y Visas \u2013 Ambasciata d&#8217;Italia Bogot\u00e0<\/a><\/p>\n<\/td>\n<\/tr>\n<tr>\n<td colspan=\"2\"><\/td>\n<\/tr>\n<tr>\n<td colspan=\"2\">\n<p style=\"text-align: center;\"><span style=\"text-decoration: underline;\"><strong>Experto para la seguridad<\/strong><\/span><\/p>\n<p style=\"text-align: center;\"><strong>Col. Sergio de Sarno<\/strong><\/p>\n<p style=\"text-align: center;\">Telefono: (+57) 601 6514803<\/p>\n<p style=\"text-align: center;\">Email:\u00a0<a href=\"mailto:segreteria.bogota@esteri.it\">sergio.desarno@esteri.it<\/a><\/p>\n<\/td>\n<\/tr>\n<tr>\n<td colspan=\"2\">\n<p style=\"text-align: center;\"><span style=\"text-decoration: underline;\"><strong>Agencia Italiana para la Cooperaci\u00f3n al Desarrollo (AICS)<\/strong><\/span><\/p>\n<p style=\"text-align: center;\"><strong>Director: Dr. Mario Beccia<\/strong><\/p>\n<p style=\"text-align: center;\">Direcci\u00f3n: Carrera 11 # 93-53<\/p>\n<p style=\"text-align: center;\">Tel\u00e9fono: (+57) 6015144455<\/p>\n<p style=\"text-align: center;\">Email:\u00a0<a href=\"mailto:bogota@aics.gov.it\">bogota@aics.gov.it<\/a><br \/>\n<a href=\"mailto:segreteria.bogota@aics.gov.it\">segreteria.bogota@aics.gov.it<\/a><\/p>\n<p style=\"text-align: center;\">Website:\u00a0<a href=\"https:\/\/bogota.aics.gov.it\/\">https:\/\/bogota.aics.gov.it\/<\/a><\/p>\n<\/td>\n<\/tr>\n<tr>\n<td colspan=\"2\">\n<p style=\"text-align: center;\"><span style=\"text-decoration: underline;\"><strong>Agencia ITA\/ICE para la Promoci\u00f3n en el Exterior y la Internacionalizaci\u00f3n de las Empresas Italianas<\/strong><\/span><\/p>\n<p style=\"text-align: center;\"><strong>Directora: Dra. Rossella Difrancesco<br \/>\n<\/strong><\/p>\n<p style=\"text-align: center;\">Direcci\u00f3n: Calle 93B # 9-92<\/p>\n<p style=\"text-align: center;\">Tel\u00e9fono: (+57) 601 7030410 &#8211; Solo para informaci\u00f3n comercial<\/p>\n<p style=\"text-align: center;\">Email:\u00a0<a href=\"mailto:bogota@ice.it\">bogota@ice.it<\/a><\/p>\n<p style=\"text-align: center;\">Website:\u00a0<a href=\"https:\/\/www.ice.it\/it\/mercati\/colombia\/bogota\">https:\/\/www.ice.it\/it\/mercati\/colombia\/bogota<\/a><\/p>\n<\/td>\n<\/tr>\n<tr>\n<td colspan=\"2\">\n<p style=\"text-align: center;\"><span style=\"text-decoration: underline;\"><strong>Instituto Italiano de Cultura<\/strong><\/span><\/p>\n<p style=\"text-align: center;\"><strong>Director y Agregado Cultural de la Embajada:\u00a0<\/strong><\/p>\n<p style=\"text-align: center;\">Direcci\u00f3n: Calle 35 No. 15-32 Barrio Teusaquillo<\/p>\n<p style=\"text-align: center;\">Tel\u00e9fono: (+57) 601 4865180<\/p>\n<p style=\"text-align: center;\">Email:\u00a0<a href=\"mailto:iicbogota@esteri.it\">iicbogota@esteri.it<\/a><\/p>\n<p style=\"text-align: center;\">Website:\u00a0<a href=\"https:\/\/iicbogota.esteri.it\/es\/\">https:\/\/iicbogota.esteri.it\/es\/<\/a><\/p>\n<p style=\"text-align: center;\">\n<\/td>\n<\/tr>\n<\/tbody>\n<\/table>\n<\/div>\n<\/article>\n","protected":false},"excerpt":{"rendered":"La Embajada de Italia en Bogot\u00e1 se encuentra ubicada en la Calle 93B # 9-92. Jefe de Misi\u00f3n Embajador\u00a0Giancarlo Maria Curcio Secretar\u00eda Jefe de Misi\u00f3n Tel\u00e9fono: (+57) 601 6514803 Email:\u00a0segreteria.bogota@esteri.it Vicario del Jefe de Misi\u00f3n y Jefe Oficina Comercial Segunda Secretaria Comercial Marina Zappettini Secretar\u00eda Vicario Jefe Misi\u00f3n Tel\u00e9fono: (+57) 601 6514803 Email:\u00a0segreteria.bogota@esteri.it Canciller\u00eda Consular [&hellip;]","protected":false},"author":1,"featured_media":0,"parent":0,"menu_order":2,"comment_status":"closed","ping_status":"closed","template":"","meta":{"footnotes":""},"class_list":["post-133","page","type-page","status-publish","hentry"],"_links":{"self":[{"href":"https:\/\/ambbogota.esteri.it\/es\/wp-json\/wp\/v2\/pages\/133","targetHints":{"allow":["GET"]}}],"collection":[{"href":"https:\/\/ambbogota.esteri.it\/es\/wp-json\/wp\/v2\/pages"}],"about":[{"href":"https:\/\/ambbogota.esteri.it\/es\/wp-json\/wp\/v2\/types\/page"}],"author":[{"embeddable":true,"href":"https:\/\/ambbogota.esteri.it\/es\/wp-json\/wp\/v2\/users\/1"}],"replies":[{"embeddable":true,"href":"https:\/\/ambbogota.esteri.it\/es\/wp-json\/wp\/v2\/comments?post=133"}],"version-history":[{"count":7,"href":"https:\/\/ambbogota.esteri.it\/es\/wp-json\/wp\/v2\/pages\/133\/revisions"}],"predecessor-version":[{"id":7528,"href":"https:\/\/ambbogota.esteri.it\/es\/wp-json\/wp\/v2\/pages\/133\/revisions\/7528"}],"wp:attachment":[{"href":"https:\/\/ambbogota.esteri.it\/es\/wp-json\/wp\/v2\/media?parent=133"}],"curies":[{"name":"wp","href":"https:\/\/api.w.org\/{rel}","templated":true}]}}