{"id":140,"date":"2023-04-11T18:10:30","date_gmt":"2023-04-11T23:10:30","guid":{"rendered":"https:\/\/ambbogota.esteri.it\/diplomazia-economica\/"},"modified":"2025-12-19T09:53:52","modified_gmt":"2025-12-19T14:53:52","slug":"diplomazia-economica","status":"publish","type":"page","link":"https:\/\/ambbogota.esteri.it\/es\/italia-e-colombia\/diplomazia-economica\/","title":{"rendered":"Diplomacia economica"},"content":{"rendered":"<p><strong>Links \u00fatiles:<\/strong><\/p>\n<p><a href=\"https:\/\/ambbogota.esteri.it\/wp-content\/uploads\/2025\/11\/Diplomazia-Della-Crescita-Destinazione-Colombia-0.2-QR-2.pdf\">&#8211; Gu\u00eda para negocios &#8211; Colombia<\/a><br \/>\nPara la versi\u00f3n en alta definici\u00f3n, activar el siguiente c\u00f3digo QR:<\/p>\n<p><img loading=\"lazy\" decoding=\"async\" class=\"alignnone wp-image-7259 img-fluid\" src=\"https:\/\/ambbogota.esteri.it\/wp-content\/uploads\/2025\/12\/QR-GUIDA-PER-GLI-AFFARI-COLOMBIA.png\" sizes=\"auto, (max-width: 115px) 100vw, 115px\" srcset=\"https:\/\/ambbogota.esteri.it\/wp-content\/uploads\/2025\/12\/QR-GUIDA-PER-GLI-AFFARI-COLOMBIA.png 256w, https:\/\/ambbogota.esteri.it\/wp-content\/uploads\/2025\/12\/QR-GUIDA-PER-GLI-AFFARI-COLOMBIA-150x150.png 150w\" alt=\"\" width=\"115\" height=\"115\" \/><\/p>\n<p>&#8211; <a href=\"https:\/\/www.istat.it\/\">Instituto Nacional de Estad\u00edstica (ISTAT)<\/a><br \/>\n&#8211; <a href=\"https:\/\/www.infomercatiesteri.it\/paese.php?id_paesi=41\">infoMercados Exteriores &#8211; Ficha Colombia<\/a><\/p>\n<p>&nbsp;<\/p>\n<p>Las actividades de promoci\u00f3n econ\u00f3mica y comercial de la Embajada de Italia en Colombia se realizan en colaboraci\u00f3n con la Oficina ITA ((Italian Trade Agency), operativa en Bogot\u00e1 desde el 1 de enero de 2014 <a href=\"https:\/\/www.ice.it\/it\/mercati\/colombia\/bogota\">(ice.it)<\/a> y la C\u00e1mara de Comercio Italiana para Colombia (<a href=\"https:\/\/ccicolombia.com\/\">ccicolombia.com)<\/a>.<\/p>\n<p>Per ulteriori informazioni si prega di consultare il sito:\u00a0<a href=\"http:\/\/www.infomercatiesteri.it\/\">www.infomercatiesteri.it<\/a>.<\/p>\n<p>En el per\u00edodo enero-oct 2024, el comercio entre Italia y Colombia ascendi\u00f3 a 1.520 millones de euros (-5,3% en comparaci\u00f3n con el mismo per\u00edodo de 2023), lo que representa el tercer mejor resultado a nivel de la UE despu\u00e9s de los Pa\u00edses Bajos y Alemania. El d\u00e9ficit comercial fue de 142 millones de euros para Italia, pr\u00e1cticamente sin cambios; en particular, las exportaciones italianas a Colombia ascendieron a unos 692 millones de euros (-5,3% en comparaci\u00f3n con enero-octubre de 2023, el cuarto mayor volumen entre los pa\u00edses de la UE, cuota del 11%), mientras que las importaciones italianas ascendieron a 833 millones de euros (-5,3% en comparaci\u00f3n con enero-octubre de 2023, el segundo mayor volumen entre los pa\u00edses de la UE, cuota del 20%). Las principales exportaciones italianas fueron maquinaria, productos farmac\u00e9uticos y qu\u00edmicos, aparatos y material el\u00e9ctrico. Por el contrario, las principales importaciones de Italia fueron productos agr\u00edcolas (principalmente bananos, caf\u00e9, frutas tropicales, az\u00facar), productos derivados de la miner\u00eda y metales.<\/p>\n<p>Durante el 2023, la inversi\u00f3n extranjera directa (IED) italiana en Colombia ascendi\u00f3 aproximadamente a 40 millones de euros, frente a una cifra acumulada de 573 millones de euros.<\/p>\n<p>La falta de infraestructuras ofrece m\u00faltiples oportunidades en los sectores vial y ferroviario. Se est\u00e1 llevando a cabo una amplia campa\u00f1a de reestructuraci\u00f3n\/ampliaci\u00f3n de puertos y aeropuertos en todo el pa\u00eds, y se est\u00e1n estudiando varios proyectos de movilidad para reforzar el transporte urbano e interurbano y descongestionar el denso tr\u00e1fico de las principales ciudades colombianas, sobre todo en la capital. Entre ellos destaca el metro de Bogot\u00e1, el proyecto de infraestructuras m\u00e1s importante del pa\u00eds, adjudicado en 2019 y con las obras ya en marcha.<\/p>\n<p>La inversi\u00f3n directa italiana en Colombia va acompa\u00f1ada de un renovado compromiso institucional entre Italia y Colombia para el incremento de las relaciones comerciales representado, entre otras cosas, por la firma en enero de 2018 del Acuerdo de Doble Tributaci\u00f3n (que entr\u00f3 en vigor en octubre de 2021) y el Memorando de Acuerdo sobre recursos energ\u00e9ticos. La presencia de empresas extranjeras tambi\u00e9n est\u00e1 fuertemente fomentada por las propias autoridades locales, gracias a un plan de incentivos. En relaci\u00f3n con esto, con el objetivo de convertir el pa\u00eds en un hub regional, se han activado las llamadas Zonas Francas, donde es posible establecer actividades econ\u00f3micas benefici\u00e1ndose de un r\u00e9gimen fiscal, aduanero y de comercio exterior especial.<\/p>\n<p>El Tratado de Libre Comercio entre la Uni\u00f3n Europea, Colombia y Per\u00fa, en vigor desde el 1 de agosto de 2013, ha reducido significativamente los aranceles aduaneros, facilitando nuestras exportaciones. Mientras tanto, la presencia italiana en Colombia contin\u00faa expandi\u00e9ndose. El <strong>sector alimentario<\/strong> con, entre las principales marcas y negocios, Ferrero, Barilla, Illy caff\u00e8, Pasta Garofalo, Lavazza y Segafredo; el <strong>sector de la<\/strong> <strong>construcci\u00f3n<\/strong> con Salini-Impregilo, ATB Riva Calzoni; el <strong>sector energ\u00e9tico<\/strong> con, ENEL, SAIPEM y ACEA; el <strong>sector automotriz<\/strong> con Fiat, Ferrari, IVECO, Piaggio, Ducati, Maserati, Aprilia y NGV Motori; el <strong>sector industrial<\/strong> con Trevi, Bticino, De Longhi y el <strong>sector farmac\u00e9utico<\/strong> con Zambon, Recordati y el Gruppo Menarini; el <strong>sector de los muebles<\/strong> con Scavolini, Natuzzi y Campo Marzio; y el <strong>sector de la ropa<\/strong> <strong>y los accesorios<\/strong> con importadores de nombres tan conocidos como Benetton, Diesel, Zegna, Ferragamo, Versace, Bulgari, Emporio Armani, Dolce &amp; Gabbana, Intimissimi, Calzedonia y Replay.<\/p>\n<p>Para m\u00e1s informaci\u00f3n, consulte la p\u00e1gina web: <a href=\"http:\/\/www.infomercatiesteri.it\/\">www.infomercatiesteri.it<\/a>.<\/p>\n","protected":false},"excerpt":{"rendered":"Links \u00fatiles: &#8211; Gu\u00eda para negocios &#8211; Colombia Para la versi\u00f3n en alta definici\u00f3n, activar el siguiente c\u00f3digo QR: &#8211; Instituto Nacional de Estad\u00edstica (ISTAT) &#8211; infoMercados Exteriores &#8211; Ficha Colombia &nbsp; Las actividades de promoci\u00f3n econ\u00f3mica y comercial de la Embajada de Italia en Colombia se realizan en colaboraci\u00f3n con la Oficina ITA ((Italian [&hellip;]","protected":false},"author":1,"featured_media":0,"parent":150,"menu_order":0,"comment_status":"closed","ping_status":"closed","template":"","meta":{"footnotes":""},"class_list":["post-140","page","type-page","status-publish","hentry"],"_links":{"self":[{"href":"https:\/\/ambbogota.esteri.it\/es\/wp-json\/wp\/v2\/pages\/140","targetHints":{"allow":["GET"]}}],"collection":[{"href":"https:\/\/ambbogota.esteri.it\/es\/wp-json\/wp\/v2\/pages"}],"about":[{"href":"https:\/\/ambbogota.esteri.it\/es\/wp-json\/wp\/v2\/types\/page"}],"author":[{"embeddable":true,"href":"https:\/\/ambbogota.esteri.it\/es\/wp-json\/wp\/v2\/users\/1"}],"replies":[{"embeddable":true,"href":"https:\/\/ambbogota.esteri.it\/es\/wp-json\/wp\/v2\/comments?post=140"}],"version-history":[{"count":7,"href":"https:\/\/ambbogota.esteri.it\/es\/wp-json\/wp\/v2\/pages\/140\/revisions"}],"predecessor-version":[{"id":7269,"href":"https:\/\/ambbogota.esteri.it\/es\/wp-json\/wp\/v2\/pages\/140\/revisions\/7269"}],"up":[{"embeddable":true,"href":"https:\/\/ambbogota.esteri.it\/es\/wp-json\/wp\/v2\/pages\/150"}],"wp:attachment":[{"href":"https:\/\/ambbogota.esteri.it\/es\/wp-json\/wp\/v2\/media?parent=140"}],"curies":[{"name":"wp","href":"https:\/\/api.w.org\/{rel}","templated":true}]}}