{"id":143,"date":"2023-04-11T18:10:45","date_gmt":"2023-04-11T23:10:45","guid":{"rendered":"https:\/\/ambbogota.esteri.it\/diplomazia-culturale\/"},"modified":"2025-01-29T15:15:47","modified_gmt":"2025-01-29T20:15:47","slug":"diplomazia-culturale","status":"publish","type":"page","link":"https:\/\/ambbogota.esteri.it\/es\/italia-e-colombia\/diplomazia-culturale\/","title":{"rendered":"Diplomacia cultural"},"content":{"rendered":"<p>Las relaciones culturales entre Italia y Colombia se basan en el <a href=\"https:\/\/ambbogota.esteri.it\/wp-content\/uploads\/2023\/09\/Acccordo-Italia-Colombia-1963.pdf\">Convenio de Colaboraci\u00f3n Cultural<\/a> firmado en Bogot\u00e1 el 30 de marzo de 1963 entre el Gobierno italiano y el Gobierno colombiano.<\/p>\n<p>La Embajada de Italia en Bogot\u00e1 promueve la difusi\u00f3n de la lengua y la cultura italiana en Colombia a trav\u00e9s del Instituto Italiano de Cultura de Bogot\u00e1, fundado en 1955. El Instituto, adem\u00e1s de organizar eventos y manifestaciones culturales en colaboraci\u00f3n con las principales instituciones culturales y acad\u00e9micas colombianas, ofrece los siguientes servicios<\/p>\n<p>&#8211; Cursos de lengua y cultura italiana impartidos por profesores nativos calificados;<\/p>\n<p>&#8211; Ex\u00e1menes de certificaci\u00f3n de conocimientos de italiano como lengua extranjera (ex\u00e1menes CILS y CELI);<\/p>\n<p>&#8211; Servicio de biblioteca para consulta y pr\u00e9stamo de libros y servicio de biblioteca y hemeroteca digital;<\/p>\n<p>&#8211; Servicio de informaci\u00f3n y documentaci\u00f3n sobre Italia en el \u00e1mbito cultural;<\/p>\n<p>&#8211; Gesti\u00f3n de solicitudes de becas ofrecidas por Italia a ciudadanos colombianos y AIRE (Registro de Italianos Residentes en el Extranjero);<\/p>\n<p>&#8211; Ex\u00e1menes ICON ( Curso de Titulaci\u00f3n Telem\u00e1tica en Lengua y Cultura Italiana para Extranjeros).<\/p>\n<p>Para m\u00e1s informaci\u00f3n: <a href=\"https:\/\/iicbogota.esteri.it\/iic_bogota\/it\">https:\/\/iicbogota.esteri.it\/iic_bogota\/it<\/a><\/p>\n<p>&nbsp;<\/p>\n","protected":false},"excerpt":{"rendered":"Las relaciones culturales entre Italia y Colombia se basan en el Convenio de Colaboraci\u00f3n Cultural firmado en Bogot\u00e1 el 30 de marzo de 1963 entre el Gobierno italiano y el Gobierno colombiano. La Embajada de Italia en Bogot\u00e1 promueve la difusi\u00f3n de la lengua y la cultura italiana en Colombia a trav\u00e9s del Instituto Italiano [&hellip;]","protected":false},"author":1,"featured_media":0,"parent":150,"menu_order":2,"comment_status":"closed","ping_status":"closed","template":"","meta":{"footnotes":""},"class_list":["post-143","page","type-page","status-publish","hentry"],"_links":{"self":[{"href":"https:\/\/ambbogota.esteri.it\/es\/wp-json\/wp\/v2\/pages\/143","targetHints":{"allow":["GET"]}}],"collection":[{"href":"https:\/\/ambbogota.esteri.it\/es\/wp-json\/wp\/v2\/pages"}],"about":[{"href":"https:\/\/ambbogota.esteri.it\/es\/wp-json\/wp\/v2\/types\/page"}],"author":[{"embeddable":true,"href":"https:\/\/ambbogota.esteri.it\/es\/wp-json\/wp\/v2\/users\/1"}],"replies":[{"embeddable":true,"href":"https:\/\/ambbogota.esteri.it\/es\/wp-json\/wp\/v2\/comments?post=143"}],"version-history":[{"count":4,"href":"https:\/\/ambbogota.esteri.it\/es\/wp-json\/wp\/v2\/pages\/143\/revisions"}],"predecessor-version":[{"id":5569,"href":"https:\/\/ambbogota.esteri.it\/es\/wp-json\/wp\/v2\/pages\/143\/revisions\/5569"}],"up":[{"embeddable":true,"href":"https:\/\/ambbogota.esteri.it\/es\/wp-json\/wp\/v2\/pages\/150"}],"wp:attachment":[{"href":"https:\/\/ambbogota.esteri.it\/es\/wp-json\/wp\/v2\/media?parent=143"}],"curies":[{"name":"wp","href":"https:\/\/api.w.org\/{rel}","templated":true}]}}