{"id":149,"date":"2023-04-11T18:08:31","date_gmt":"2023-04-11T23:08:31","guid":{"rendered":"https:\/\/ambbogota.esteri.it\/chi-siamo\/la-rete-consolare\/"},"modified":"2025-09-18T16:28:10","modified_gmt":"2025-09-18T21:28:10","slug":"la-rete-consolare","status":"publish","type":"page","link":"https:\/\/ambbogota.esteri.it\/es\/chi-siamo\/la-rete-consolare\/","title":{"rendered":"La Red Consular"},"content":{"rendered":"<article id=\"articolo_centro\" class=\"col-md-19 col-sm-19 padding_articolo item-page\" role=\"main\" aria-label=\"articolo\">\n<h3>La Red Consular<\/h3>\n<p class=\"bg-info\"><strong>EMBAJADA DE ITALIA<\/strong><\/p>\n<table class=\"table table-bordered\">\n<thead>\n<tr class=\"active\">\n<th style=\"text-align: center;\" colspan=\"2\">Bogot\u00e1<\/th>\n<\/tr>\n<\/thead>\n<tbody>\n<tr>\n<td><strong>Departamentos de referencia<\/strong><\/td>\n<td>Amazonas, Boyac\u00e1, Distrito Capital, Caquet\u00e1, Casanare, Cundinamarca, Guain\u00eda, Guaviare, Meta, Tolima, Vapu\u00e9s y Vichada.<\/td>\n<\/tr>\n<\/tbody>\n<\/table>\n<p class=\"bg-info\"><strong>CONSULADOS HONORARIOS<\/strong><\/p>\n<table class=\"table table-bordered\">\n<thead>\n<tr class=\"active\">\n<th style=\"text-align: center;\" colspan=\"2\">Barranquilla<\/th>\n<\/tr>\n<\/thead>\n<tbody>\n<tr>\n<td>C\u00f3nsul Honorario<\/td>\n<td><strong>Furio Ricciardiello<\/strong><\/td>\n<\/tr>\n<tr>\n<td colspan=\"2\">\n<table class=\"table\">\n<tbody>\n<tr>\n<td>Carrera 51B #82-254 Of. 51 Centro Commerciale Bahia<\/td>\n<td><a href=\"mailto:barranquilla.onorario@esteri.it\">barranquilla.onorario@esteri.it<\/a><\/td>\n<td>(+57) 312 84 22 599<\/td>\n<\/tr>\n<\/tbody>\n<\/table>\n<\/td>\n<\/tr>\n<tr>\n<td colspan=\"2\">Atenci\u00f3n al p\u00fablico: de martes a viernes de 09:00am a 1:00pm se atiende en orden de llegada. S\u00e1bado de 08:30am a 12:30pm con cita previa escribiendo a <a href=\"mailto:barranquilla.onorario@esteri.it\">barranquilla.onorario@esteri.it<\/a>.<\/td>\n<\/tr>\n<tr>\n<td><strong>Departamentos de referencia<\/strong><\/td>\n<td>Atl\u00e1ntico, Cesar, La Guajira\u00a0y Magdalena<\/td>\n<\/tr>\n<tr>\n<td colspan=\"2\"><a href=\"https:\/\/ambbogota.esteri.it\/wp-content\/uploads\/2023\/10\/dlf_barranquilla_esp.pdf\">Decreto limitaciones de funciones del Consulado Honorario<\/a><\/td>\n<\/tr>\n<\/tbody>\n<\/table>\n<table class=\"table table-bordered\">\n<thead>\n<tr class=\"active\">\n<th style=\"text-align: center;\" colspan=\"2\">Cali<\/th>\n<\/tr>\n<\/thead>\n<tbody>\n<tr>\n<td>C\u00f3nsul Honorario<\/td>\n<td><strong>Maria Paulina Escobar Ferraiuoli<\/strong><\/td>\n<\/tr>\n<tr>\n<td colspan=\"2\">\n<table class=\"table\">\n<tbody>\n<tr>\n<td><a href=\"https:\/\/www.google.com\/maps\/place\/Consulate+of+Italy+in+Cali\/@3.475106,-76.528798,17z\/data=!3m1!4b1!4m5!3m4!1s0x8e30a61865000001:0xee56f5977621bac1!8m2!3d3.475106!4d-76.526604\" target=\"_blank\" rel=\"noopener\">Calle 36 Norte #6A-65, World Trade Center, Oficina 1709, Piso 17, Cali<\/a><\/td>\n<td><a href=\"mailto:cali.onorario@esteri.it\">cali.onorario@esteri.it<\/a><\/td>\n<td>(+57) 602 668 14 86<\/td>\n<\/tr>\n<\/tbody>\n<\/table>\n<\/td>\n<\/tr>\n<tr>\n<td colspan=\"2\">Informaci\u00f3n telef\u00f3nica: lunes y martes de 01:00pm a 02:00pm, mi\u00e9rcoles de 09:00am a 11:00am.<br \/>\nAtenci\u00f3n al p\u00fablico: lunes y martes de 03:00pm a 05:00pm, con cita previa telef\u00f3nica en los horarios antes se\u00f1alados. Los ciudadanos italianos no requieren cita, con la presentaci\u00f3n del pasaporte italiano en la porter\u00eda se les permite el acceso.<\/td>\n<\/tr>\n<tr>\n<td><strong>Departamentos de referencia<\/strong><\/td>\n<td>Cauca, Huila, Nari\u00f1o, Putumayo\u00a0y Valle del Cauca<\/td>\n<\/tr>\n<tr>\n<td colspan=\"2\"><a href=\"https:\/\/ambbogota.esteri.it\/wp-content\/uploads\/2023\/10\/dlf_cali_esp.pdf\">Decreto limitaciones de funciones del Consulado Honorario<\/a><\/td>\n<\/tr>\n<\/tbody>\n<\/table>\n<table class=\"table table-bordered\">\n<thead>\n<tr class=\"active\">\n<th style=\"text-align: center;\" colspan=\"2\">Bucaramanga<\/th>\n<\/tr>\n<\/thead>\n<tbody>\n<tr>\n<td>C\u00f3nsul Honorario<\/td>\n<td><strong>Lesley Guariglia<\/strong><\/td>\n<\/tr>\n<tr>\n<td colspan=\"2\">\n<table class=\"table\">\n<tbody>\n<tr>\n<td><a href=\"https:\/\/www.google.com\/maps\/place\/Rose+Garden+Mall\/@7.1196757,-73.1258508,17z\/data=!3m1!4b1!4m5!3m4!1s0x8e683fd78c5a5743:0x36ee0fbccf588b10!8m2!3d7.1196757!4d-73.1236568\" target=\"_blank\" rel=\"noopener\">Calle 34 entre Carreras 18 y 19, Centro Comercial Rosedal, Local 106, Bucaramanga<\/a><\/td>\n<td><a href=\"mailto:bucaramanga.onorario@esteri.it\">bucaramanga.onorario@esteri.it<\/a><\/td>\n<td><\/td>\n<\/tr>\n<\/tbody>\n<\/table>\n<\/td>\n<\/tr>\n<tr>\n<td colspan=\"2\">Atenci\u00f3n al p\u00fablico: de lunes a viernes de 09:00am a 11:00am y de 03:00pm a 05:00pm, solo con cita previa.<\/td>\n<\/tr>\n<tr>\n<td><strong>Departamentos de referencia<\/strong><\/td>\n<td>Norte de Santander, Santander y Arauca<\/td>\n<\/tr>\n<tr>\n<td colspan=\"2\"><a href=\"https:\/\/ambbogota.esteri.it\/wp-content\/uploads\/2024\/08\/SPA_-DECRETO-BUCARAMANGA.pdf\">Decreto limitaciones de funciones del Consulado Honorario<\/a><\/td>\n<\/tr>\n<\/tbody>\n<\/table>\n<table class=\"table table-bordered\" style=\"height: 197px;\" width=\"1377\">\n<thead>\n<tr class=\"active\">\n<th style=\"text-align: center;\" colspan=\"2\">Manizales<\/th>\n<\/tr>\n<\/thead>\n<tbody>\n<tr>\n<td>C\u00f3nsul Honorario<\/td>\n<td><strong>Guido Caciagli<br \/>\n<\/strong><\/td>\n<\/tr>\n<tr>\n<td colspan=\"2\">\n<table class=\"table\" style=\"height: 37px;\" width=\"1357\">\n<tbody>\n<tr>\n<td>Calle 53A # 22 &#8211; 30, La Leonora, Manizales<\/td>\n<td>manizales.onorario@esteri.it<\/td>\n<td>(+57) 321 694 73 11<\/td>\n<\/tr>\n<\/tbody>\n<\/table>\n<\/td>\n<\/tr>\n<tr>\n<td colspan=\"2\">Reserva de cita por e-mail o via telef\u00f3nica.<\/td>\n<\/tr>\n<tr>\n<td><strong>Departamentos de referencia<\/strong><\/td>\n<td>Caldas, Quind\u00edo y Risaralda<\/td>\n<\/tr>\n<tr>\n<td colspan=\"2\"><a href=\"https:\/\/ambbogota.esteri.it\/wp-content\/uploads\/2024\/10\/FUNZIONI-CONSOLARI.pdf\">Decreto limitaciones de funciones del Consulado Honorario<\/a><\/td>\n<\/tr>\n<\/tbody>\n<\/table>\n<table class=\"table table-bordered\" style=\"height: 166px;\" width=\"1376\">\n<thead>\n<tr class=\"active\">\n<th style=\"text-align: center;\" colspan=\"2\">Cartagena (de momento no operativo)<\/th>\n<\/tr>\n<\/thead>\n<tbody>\n<tr>\n<td>C\u00f3nsul Honorario<\/td>\n<td><strong>En ausencia de titular\u00a0<\/strong><\/td>\n<\/tr>\n<tr>\n<td colspan=\"2\"><\/td>\n<\/tr>\n<tr>\n<td colspan=\"2\"><\/td>\n<\/tr>\n<tr>\n<td><strong>Departamentos de referencia<\/strong><\/td>\n<td>Bol\u00edvar, C\u00f3rdoba, San Andr\u00e9s e Providencia\u00a0y Sucre.<\/td>\n<\/tr>\n<tr>\n<td colspan=\"2\">Decreto limitaciones de funciones del Consulado Honorario<\/td>\n<\/tr>\n<\/tbody>\n<\/table>\n<table class=\"table table-bordered\" style=\"height: 199px;\" width=\"1378\">\n<thead>\n<tr class=\"active\">\n<th style=\"text-align: center;\" colspan=\"2\">Medell\u00edn (de momento no operativo)<\/th>\n<\/tr>\n<\/thead>\n<tbody>\n<tr>\n<td>C\u00f3nsul Honorario<\/td>\n<td><strong>En ausencia de titular<\/strong><\/td>\n<\/tr>\n<tr>\n<td colspan=\"2\">\n<table class=\"table\">\n<tbody>\n<tr>\n<td><\/td>\n<td><\/td>\n<td><\/td>\n<\/tr>\n<\/tbody>\n<\/table>\n<\/td>\n<\/tr>\n<tr>\n<td colspan=\"2\">Atenci\u00f3n al p\u00fablico:<\/td>\n<\/tr>\n<tr>\n<td><strong>Departamentos de referencia<\/strong><\/td>\n<td>Antioquia y Choc\u00f3<\/td>\n<\/tr>\n<tr>\n<td colspan=\"2\"><\/td>\n<\/tr>\n<\/tbody>\n<\/table>\n<p class=\"bg-info\"><strong>CORRESPONDIENTES CONSULARES<\/strong><\/p>\n<table class=\"table table-bordered\" style=\"height: 145px;\" width=\"1284\">\n<thead>\n<tr class=\"active\">\n<th style=\"text-align: center;\" colspan=\"2\">Pasto<\/th>\n<\/tr>\n<\/thead>\n<tbody>\n<tr>\n<td>Correspondiente Consular<\/td>\n<td><strong>Domenico Barbato<\/strong><\/td>\n<\/tr>\n<tr>\n<td colspan=\"2\">\n<table class=\"table\">\n<tbody>\n<tr>\n<td><a href=\"https:\/\/www.google.com\/maps\/place\/Cra.+20+%2317-37,+Pasto,+Nari%C3%B1o,+Colombia\/@1.209461,-77.2794147,17z\/data=!3m1!4b1!4m5!3m4!1s0x8e2ed49ac3bb1ec7:0xdbb9cd73fe362ce6!8m2!3d1.209461!4d-77.2772207\" target=\"_blank\" rel=\"noopener\">Carrera 42 #20A-20, Pasto<\/a><\/td>\n<td><a href=\"mailto:domeitalia@hotmail.com\">domeitalia@hotmail.com<\/a><\/td>\n<td>(+57) 300 613 11 72<\/td>\n<\/tr>\n<\/tbody>\n<\/table>\n<\/td>\n<\/tr>\n<tr>\n<td colspan=\"2\">Atenci\u00f3n al p\u00fablico: de lunes a viernes, solo con cita previa.<\/td>\n<\/tr>\n<\/tbody>\n<\/table>\n<table class=\"table table-bordered\">\n<thead>\n<tr class=\"active\">\n<th style=\"text-align: center;\" colspan=\"2\">San Andr\u00e9s<\/th>\n<\/tr>\n<\/thead>\n<tbody>\n<tr>\n<td>Correspondiente Consular<\/td>\n<td><strong>Paola Turconi<br \/>\n<\/strong><\/td>\n<\/tr>\n<tr>\n<td colspan=\"2\">\n<table class=\"table\">\n<tbody>\n<tr>\n<td><a href=\"https:\/\/www.google.com\/maps\/place\/12%C2%B034'54.9%22N+81%C2%B041'49.3%22W\/@12.581906,-81.6975885,16z\/data=!4m14!1m7!3m6!1s0x8f05a57a2812317f:0x39d7645f866b54c6!2sSan+Andr%C3%A9s!3b1!8m2!3d12.5450153!4d-81.7075787!3m5!1s0x0:0x0!7e2!8m2!3d12.5819065!4d-81.6970399\" target=\"_blank\" rel=\"noopener\">Avenida Boyac\u00e1 Edificio Herrera Local 3, 2\u00b0 piso, Calle de las Proveedoras, San Andr\u00e9s<\/a><\/td>\n<td><a href=\"mailto:italturconi@hotmail.com\">italturconi@hotmail.com<\/a><\/td>\n<td>(+57) 608 512 30 98 \/ (+57) 608 512 08 14 \/ (+57) 300 600 96 55<\/td>\n<\/tr>\n<\/tbody>\n<\/table>\n<\/td>\n<\/tr>\n<\/tbody>\n<\/table>\n<p>&nbsp;<\/p>\n<\/article>\n","protected":false},"excerpt":{"rendered":"La Red Consular EMBAJADA DE ITALIA Bogot\u00e1 Departamentos de referencia Amazonas, Boyac\u00e1, Distrito Capital, Caquet\u00e1, Casanare, Cundinamarca, Guain\u00eda, Guaviare, Meta, Tolima, Vapu\u00e9s y Vichada. CONSULADOS HONORARIOS Barranquilla C\u00f3nsul Honorario Furio Ricciardiello Carrera 51B #82-254 Of. 51 Centro Commerciale Bahia barranquilla.onorario@esteri.it (+57) 312 84 22 599 Atenci\u00f3n al p\u00fablico: de martes a viernes de 09:00am a [&hellip;]","protected":false},"author":1,"featured_media":0,"parent":133,"menu_order":8,"comment_status":"closed","ping_status":"closed","template":"","meta":{"footnotes":""},"class_list":["post-149","page","type-page","status-publish","hentry"],"_links":{"self":[{"href":"https:\/\/ambbogota.esteri.it\/es\/wp-json\/wp\/v2\/pages\/149","targetHints":{"allow":["GET"]}}],"collection":[{"href":"https:\/\/ambbogota.esteri.it\/es\/wp-json\/wp\/v2\/pages"}],"about":[{"href":"https:\/\/ambbogota.esteri.it\/es\/wp-json\/wp\/v2\/types\/page"}],"author":[{"embeddable":true,"href":"https:\/\/ambbogota.esteri.it\/es\/wp-json\/wp\/v2\/users\/1"}],"replies":[{"embeddable":true,"href":"https:\/\/ambbogota.esteri.it\/es\/wp-json\/wp\/v2\/comments?post=149"}],"version-history":[{"count":9,"href":"https:\/\/ambbogota.esteri.it\/es\/wp-json\/wp\/v2\/pages\/149\/revisions"}],"predecessor-version":[{"id":6914,"href":"https:\/\/ambbogota.esteri.it\/es\/wp-json\/wp\/v2\/pages\/149\/revisions\/6914"}],"up":[{"embeddable":true,"href":"https:\/\/ambbogota.esteri.it\/es\/wp-json\/wp\/v2\/pages\/133"}],"wp:attachment":[{"href":"https:\/\/ambbogota.esteri.it\/es\/wp-json\/wp\/v2\/media?parent=149"}],"curies":[{"name":"wp","href":"https:\/\/api.w.org\/{rel}","templated":true}]}}