{"id":150,"date":"2023-04-11T17:08:52","date_gmt":"2023-04-11T22:08:52","guid":{"rendered":"https:\/\/ambbogota.esteri.it\/italia-e-colombia\/"},"modified":"2023-08-18T13:25:50","modified_gmt":"2023-08-18T18:25:50","slug":"italia-e-colombia","status":"publish","type":"page","link":"https:\/\/ambbogota.esteri.it\/es\/italia-e-colombia\/","title":{"rendered":"Italia y Colombia"},"content":{"rendered":"<ul>\n<li><a href=\"https:\/\/ambbogota.esteri.it\/es\/italia-e-colombia\/diplomazia-economica\/\">Diplomacia econ\u00f3mica<\/a><\/li>\n<li><a href=\"https:\/\/ambbogota.esteri.it\/es\/italia-e-colombia\/diplomazia-culturale\/\">Diplomacia cultural<\/a><\/li>\n<li><a href=\"https:\/\/ambbogota.esteri.it\/es\/italia-e-colombia\/diplomazia-scientifica\/\">Diplomacia cient\u00edfica<\/a><\/li>\n<li><a href=\"https:\/\/ambbogota.esteri.it\/es\/italia-e-colombia\/cooperazione-allo-sviluppo\/\">Cooperaci\u00f3n para el desarrollo<\/a><\/li>\n<\/ul>\n","protected":false},"excerpt":{"rendered":"Diplomacia econ\u00f3mica Diplomacia cultural Diplomacia cient\u00edfica Cooperaci\u00f3n para el desarrollo","protected":false},"author":1,"featured_media":0,"parent":0,"menu_order":4,"comment_status":"closed","ping_status":"closed","template":"","meta":{"footnotes":""},"class_list":["post-150","page","type-page","status-publish","hentry"],"_links":{"self":[{"href":"https:\/\/ambbogota.esteri.it\/es\/wp-json\/wp\/v2\/pages\/150","targetHints":{"allow":["GET"]}}],"collection":[{"href":"https:\/\/ambbogota.esteri.it\/es\/wp-json\/wp\/v2\/pages"}],"about":[{"href":"https:\/\/ambbogota.esteri.it\/es\/wp-json\/wp\/v2\/types\/page"}],"author":[{"embeddable":true,"href":"https:\/\/ambbogota.esteri.it\/es\/wp-json\/wp\/v2\/users\/1"}],"replies":[{"embeddable":true,"href":"https:\/\/ambbogota.esteri.it\/es\/wp-json\/wp\/v2\/comments?post=150"}],"version-history":[{"count":7,"href":"https:\/\/ambbogota.esteri.it\/es\/wp-json\/wp\/v2\/pages\/150\/revisions"}],"predecessor-version":[{"id":958,"href":"https:\/\/ambbogota.esteri.it\/es\/wp-json\/wp\/v2\/pages\/150\/revisions\/958"}],"wp:attachment":[{"href":"https:\/\/ambbogota.esteri.it\/es\/wp-json\/wp\/v2\/media?parent=150"}],"curies":[{"name":"wp","href":"https:\/\/api.w.org\/{rel}","templated":true}]}}