{"id":151,"date":"2023-04-11T18:23:52","date_gmt":"2023-04-11T23:23:52","guid":{"rendered":"https:\/\/ambbogota.esteri.it\/italia-e-colombia\/diplomazia-economica\/fare-affari-in-colombia\/"},"modified":"2025-01-31T12:21:30","modified_gmt":"2025-01-31T17:21:30","slug":"fare-affari-in-colombia","status":"publish","type":"page","link":"https:\/\/ambbogota.esteri.it\/es\/italia-e-colombia\/diplomazia-economica\/fare-affari-in-colombia\/","title":{"rendered":"Hacer egocios en Colombia"},"content":{"rendered":"<p><strong>Enlaces \u00fatiles:<\/strong><\/p>\n<ul>\n<li><a href=\"https:\/\/www.infomercatiesteri.it\/paese.php?id_paesi=41\" target=\"_blank\" rel=\"noopener\">infoMercatiEsteri &#8211; Ficha Colombia<\/a><\/li>\n<li><a class=\"\" href=\"http:\/\/www.ccicolombia.com\/\" target=\"_blank\" rel=\"noopener\" data-focus-mouse=\"false\">C\u00e1mara de Comercio Italiana para Colombia<\/a><\/li>\n<li><a href=\"https:\/\/www.ice.it\/it\/mercati\/colombia\" target=\"_blank\" rel=\"noopener\">Agencia ITA-ICE \u2013 Ficha Colombia<\/a><\/li>\n<li><a href=\"https:\/\/www.dane.gov.co\/\" target=\"_blank\" rel=\"noopener\">Departamento Administrativo Nacional de Estad\u00edstica de Colombia (DANE)<\/a><\/li>\n<li><a href=\"https:\/\/www.banrep.gov.co\/es\" target=\"_blank\" rel=\"noopener\">Banco de la Rep\u00fablica de Colombia<\/a><\/li>\n<li><a href=\"https:\/\/www.mincit.gov.co\/\" target=\"_blank\" rel=\"noopener\">Ministerio de Comercio, Industria y Turismo de Colombia (MINCIT)<\/a><\/li>\n<li><a href=\"https:\/\/procolombia.co\/\" target=\"_blank\" rel=\"noopener\">Agencia para la promoci\u00f3n de las exportaciones, turismo e inversiones (PROCOLOMBIA)<\/a><\/li>\n<\/ul>\n<p>En el per\u00edodo enero-oct 2024, el comercio entre Italia y Colombia ascendi\u00f3 a 1.520 millones de euros (-5,3% en comparaci\u00f3n con el mismo per\u00edodo de 2023), lo que representa el tercer mejor resultado a nivel de la UE despu\u00e9s de los Pa\u00edses Bajos y Alemania. El d\u00e9ficit comercial fue de 142 millones de euros para Italia, pr\u00e1cticamente sin cambios; en particular, las exportaciones italianas a Colombia ascendieron a unos 692 millones de euros (-5,3% en comparaci\u00f3n con enero-octubre de 2023, el cuarto mayor volumen entre los pa\u00edses de la UE, cuota del 11%), mientras que las importaciones italianas ascendieron a 833 millones de euros (-5,3% en comparaci\u00f3n con enero-octubre de 2023, el segundo mayor volumen entre los pa\u00edses de la UE, cuota del 20%). Las principales exportaciones italianas fueron maquinaria, productos farmac\u00e9uticos y qu\u00edmicos, aparatos y material el\u00e9ctrico. Por el contrario, las principales importaciones de Italia fueron productos agr\u00edcolas (principalmente bananos, caf\u00e9, frutas tropicales, az\u00facar), productos derivados de la miner\u00eda y metales.<\/p>\n<p>Durante el 2023, la inversi\u00f3n extranjera directa (IED) italiana en Colombia ascendi\u00f3 aproximadamente a 40 millones de euros, frente a una cifra acumulada de 573 millones de euros.<\/p>\n<p>La falta de infraestructuras ofrece m\u00faltiples oportunidades en los sectores vial y ferroviario. Se est\u00e1 llevando a cabo una amplia campa\u00f1a de reestructuraci\u00f3n\/ampliaci\u00f3n de puertos y aeropuertos en todo el pa\u00eds, y se est\u00e1n estudiando varios proyectos de movilidad para reforzar el transporte urbano e interurbano y descongestionar el denso tr\u00e1fico de las principales ciudades colombianas, sobre todo en la capital. Entre ellos destaca el metro de Bogot\u00e1, el proyecto de infraestructuras m\u00e1s importante del pa\u00eds, adjudicado en 2019 y con las obras ya en marcha.<\/p>\n<p>La inversi\u00f3n directa italiana en Colombia va acompa\u00f1ada de un renovado compromiso institucional entre Italia y Colombia para el incremento de las relaciones comerciales representado, entre otras cosas, por la firma en enero de 2018 del Acuerdo de Doble Tributaci\u00f3n (que entr\u00f3 en vigor en octubre de 2021) y el Memorando de Acuerdo sobre recursos energ\u00e9ticos. La presencia de empresas extranjeras tambi\u00e9n est\u00e1 fuertemente fomentada por las propias autoridades locales, gracias a un plan de incentivos. En relaci\u00f3n con esto, con el objetivo de convertir el pa\u00eds en un hub regional, se han activado las llamadas Zonas Francas, donde es posible establecer actividades econ\u00f3micas benefici\u00e1ndose de un r\u00e9gimen fiscal, aduanero y de comercio exterior especial.<\/p>\n<p>El Tratado de Libre Comercio entre la Uni\u00f3n Europea, Colombia y Per\u00fa, en vigor desde el 1 de agosto de 2013, ha reducido significativamente los aranceles aduaneros, facilitando nuestras exportaciones. Mientras tanto, la presencia italiana en Colombia contin\u00faa expandi\u00e9ndose. El\u00a0sector alimentario\u00a0con, entre las principales marcas y negocios, Ferrero, Barilla, Illy caff\u00e8, Pasta Garofalo, Lavazza y Segafredo; el\u00a0sector de la\u00a0construcci\u00f3n\u00a0con Salini-Impregilo, ATB Riva Calzoni; el\u00a0sector energ\u00e9tico\u00a0con, ENEL, SAIPEM y ACEA; el\u00a0sector automotriz\u00a0con Fiat, Ferrari, IVECO, Piaggio, Ducati, Maserati, Aprilia y NGV Motori; el\u00a0sector industrial\u00a0con Trevi, Bticino, De Longhi y el\u00a0sector farmac\u00e9utico\u00a0con Zambon, Recordati y el Gruppo Menarini; el\u00a0sector de los muebles\u00a0con Scavolini, Natuzzi y Campo Marzio; y el\u00a0sector de la ropa\u00a0y los accesorios\u00a0con importadores de nombres tan conocidos como Benetton, Diesel, Zegna, Ferragamo, Versace, Bulgari, Emporio Armani, Dolce &amp; Gabbana, Intimissimi, Calzedonia y Replay.<\/p>\n","protected":false},"excerpt":{"rendered":"Enlaces \u00fatiles: infoMercatiEsteri &#8211; Ficha Colombia C\u00e1mara de Comercio Italiana para Colombia Agencia ITA-ICE \u2013 Ficha Colombia Departamento Administrativo Nacional de Estad\u00edstica de Colombia (DANE) Banco de la Rep\u00fablica de Colombia Ministerio de Comercio, Industria y Turismo de Colombia (MINCIT) Agencia para la promoci\u00f3n de las exportaciones, turismo e inversiones (PROCOLOMBIA) En el per\u00edodo enero-oct [&hellip;]","protected":false},"author":1,"featured_media":0,"parent":140,"menu_order":0,"comment_status":"closed","ping_status":"closed","template":"","meta":{"footnotes":""},"class_list":["post-151","page","type-page","status-publish","hentry"],"_links":{"self":[{"href":"https:\/\/ambbogota.esteri.it\/es\/wp-json\/wp\/v2\/pages\/151","targetHints":{"allow":["GET"]}}],"collection":[{"href":"https:\/\/ambbogota.esteri.it\/es\/wp-json\/wp\/v2\/pages"}],"about":[{"href":"https:\/\/ambbogota.esteri.it\/es\/wp-json\/wp\/v2\/types\/page"}],"author":[{"embeddable":true,"href":"https:\/\/ambbogota.esteri.it\/es\/wp-json\/wp\/v2\/users\/1"}],"replies":[{"embeddable":true,"href":"https:\/\/ambbogota.esteri.it\/es\/wp-json\/wp\/v2\/comments?post=151"}],"version-history":[{"count":6,"href":"https:\/\/ambbogota.esteri.it\/es\/wp-json\/wp\/v2\/pages\/151\/revisions"}],"predecessor-version":[{"id":5626,"href":"https:\/\/ambbogota.esteri.it\/es\/wp-json\/wp\/v2\/pages\/151\/revisions\/5626"}],"up":[{"embeddable":true,"href":"https:\/\/ambbogota.esteri.it\/es\/wp-json\/wp\/v2\/pages\/140"}],"wp:attachment":[{"href":"https:\/\/ambbogota.esteri.it\/es\/wp-json\/wp\/v2\/media?parent=151"}],"curies":[{"name":"wp","href":"https:\/\/api.w.org\/{rel}","templated":true}]}}