{"id":156,"date":"2023-04-11T18:24:28","date_gmt":"2023-04-11T23:24:28","guid":{"rendered":"https:\/\/ambbogota.esteri.it\/italia-e-colombia\/diplomazia-culturale\/missioni-archeologiche\/"},"modified":"2025-01-29T16:52:25","modified_gmt":"2025-01-29T21:52:25","slug":"missioni-archeologiche","status":"publish","type":"page","link":"https:\/\/ambbogota.esteri.it\/es\/italia-e-colombia\/diplomazia-culturale\/missioni-archeologiche\/","title":{"rendered":"Misiones Arqueol\u00f3gicas"},"content":{"rendered":"<p>La arqueolog\u00eda en Colombia ha crecido en importancia en las \u00faltimas d\u00e9cadas, ayudando a revelar la rica historia precolombina del pa\u00eds. Actualmente existe un gran inter\u00e9s por las antiguas civilizaciones que habitaron la regi\u00f3n, especialmente las ind\u00edgenas, y por los descubrimientos que siguen surgiendo gracias a las nuevas tecnolog\u00edas y a la investigaci\u00f3n de campo. El Gobierno colombiano, varias organizaciones internacionales y pa\u00edses extranjeros han empezado a prestar m\u00e1s atenci\u00f3n al patrimonio cultural del Pa\u00eds, desarrollando proyectos de protecci\u00f3n y valorizaci\u00f3n de sitios arqueol\u00f3gicos, junto con programas de concienciaci\u00f3n p\u00fablica.<\/p>\n<p>En particular, actualmente se est\u00e1n llevando a cabo tres misiones arqueol\u00f3gicas:<\/p>\n<p>&#8211; \u00abProspecci\u00f3n geof\u00edsica a gran escala para el conocimiento del sitio de Santa Mar\u00eda de la Antigua\u00bb. La Misi\u00f3n del Prof. Mauriello de la Universidad de Molise est\u00e1 activa desde 2015 y actualmente est\u00e1 financiada por el MAECI.<br \/>\n&#8211; \u00abLa Prehistoria en Colombia. Una contribuci\u00f3n al estudio de la cultura material de los sitios arqueol\u00f3gicos m\u00e1s antiguos\u00bb. La Misi\u00f3n opera desde 2013 principalmente en las ciudades de Bogot\u00e1, Medell\u00edn y Pereira bajo la direcci\u00f3n de la Prof. Brunella Mutillo de la Universidad de Siena y actualmente cuenta con financiaci\u00f3n del MAECI.<br \/>\n-\u00abPr\u00e1cticas alimentarias de los Wayuu. Un an\u00e1lisis de rutas y tensiones en zonas de contacto cultural\u00bb. Misi\u00f3n dirigida por el Profesor Romolo Santoni del Centro de Estudios American\u00edsticos \u00abCircolo Amerindiano\u00bb, que empez\u00f3 en el 2023.<\/p>\n<p>Para m\u00e1s informaci\u00f3n, consulte la p\u00e1gina web del Instituto Colombiano de Antropolog\u00eda e Historia <a href=\"https:\/\/www.icanh.gov.co\/\">Inicio &#8211; ICANH &#8211; Instituto Colombiano de Antropolog\u00eda e Historia.<\/a> y el portal ITALIANA en la secci\u00f3n de arqueolog\u00eda <a href=\"https:\/\/italiana.esteri.it\/italiana\/chi-siamo\/mappa\/?cat=missioni\">Mappa \u2013 Italiana \u2013 Lingua, cultura, creativit\u00e0 nel mondo<\/a><\/p>\n","protected":false},"excerpt":{"rendered":"La arqueolog\u00eda en Colombia ha crecido en importancia en las \u00faltimas d\u00e9cadas, ayudando a revelar la rica historia precolombina del pa\u00eds. Actualmente existe un gran inter\u00e9s por las antiguas civilizaciones que habitaron la regi\u00f3n, especialmente las ind\u00edgenas, y por los descubrimientos que siguen surgiendo gracias a las nuevas tecnolog\u00edas y a la investigaci\u00f3n de campo. [&hellip;]","protected":false},"author":1,"featured_media":0,"parent":143,"menu_order":0,"comment_status":"closed","ping_status":"closed","template":"","meta":{"footnotes":""},"class_list":["post-156","page","type-page","status-publish","hentry"],"_links":{"self":[{"href":"https:\/\/ambbogota.esteri.it\/es\/wp-json\/wp\/v2\/pages\/156","targetHints":{"allow":["GET"]}}],"collection":[{"href":"https:\/\/ambbogota.esteri.it\/es\/wp-json\/wp\/v2\/pages"}],"about":[{"href":"https:\/\/ambbogota.esteri.it\/es\/wp-json\/wp\/v2\/types\/page"}],"author":[{"embeddable":true,"href":"https:\/\/ambbogota.esteri.it\/es\/wp-json\/wp\/v2\/users\/1"}],"replies":[{"embeddable":true,"href":"https:\/\/ambbogota.esteri.it\/es\/wp-json\/wp\/v2\/comments?post=156"}],"version-history":[{"count":3,"href":"https:\/\/ambbogota.esteri.it\/es\/wp-json\/wp\/v2\/pages\/156\/revisions"}],"predecessor-version":[{"id":5577,"href":"https:\/\/ambbogota.esteri.it\/es\/wp-json\/wp\/v2\/pages\/156\/revisions\/5577"}],"up":[{"embeddable":true,"href":"https:\/\/ambbogota.esteri.it\/es\/wp-json\/wp\/v2\/pages\/143"}],"wp:attachment":[{"href":"https:\/\/ambbogota.esteri.it\/es\/wp-json\/wp\/v2\/media?parent=156"}],"curies":[{"name":"wp","href":"https:\/\/api.w.org\/{rel}","templated":true}]}}