{"id":157,"date":"2023-04-11T18:24:48","date_gmt":"2023-04-11T23:24:48","guid":{"rendered":"https:\/\/ambbogota.esteri.it\/italia-e-colombia\/diplomazia-culturale\/turismo\/"},"modified":"2025-01-30T15:34:03","modified_gmt":"2025-01-30T20:34:03","slug":"turismo","status":"publish","type":"page","link":"https:\/\/ambbogota.esteri.it\/es\/italia-e-colombia\/diplomazia-culturale\/turismo\/","title":{"rendered":"Turismo"},"content":{"rendered":"<p>El turismo extranjero en Italia ha sido siempre uno de los principales recursos econ\u00f3micos del pa\u00eds, atra\u00eddo por su riqueza hist\u00f3rica, cultural y paisaj\u00edstica. Ciudades de arte como Roma, Florencia y Venecia figuran entre los destinos m\u00e1s populares, pero las costas, las monta\u00f1as y los pueblos pintorescos tambi\u00e9n atraen a millones de visitantes. En los \u00faltimos a\u00f1os ha crecido el inter\u00e9s por el turismo sostenible y los destinos menos conocidos, con especial atenci\u00f3n al turismo rural y ecol\u00f3gico.<\/p>\n<p>Italia es uno de los pa\u00edses con mayor n\u00famero de sitios incluidos en la lista del Patrimonio Mundial de la UNESCO. Al a\u00f1o 2025, Italia cuenta con 59 sitios de la UNESCO, un r\u00e9cord mundial que refleja su extraordinaria riqueza cultural, hist\u00f3rica y natural. Estos sitios est\u00e1n repartidos por todo el territorio nacional, desde las grandes ciudades de arte hasta las zonas rurales y monta\u00f1osas.<\/p>\n<p>Los ciudadanos colombianos que deseen visitar Italia por turismo pueden entrar sin visado, gracias a los acuerdos entre la Uni\u00f3n Europea y Colombia. Sin embargo, deben cumplir ciertas condiciones. La duraci\u00f3n de la estad\u00eda de los turistas colombianos est\u00e1 limitada a 90 d\u00edas en un per\u00edodo de 180 d\u00edas, dentro del espacio Schengen, que incluye a Italia. Esto significa que no se requiere un visado de corta duraci\u00f3n, pero es imprescindible tener un pasaporte v\u00e1lido durante al menos tres meses a partir de la fecha de entrada en el pa\u00eds.<\/p>\n<p>Para m\u00e1s informaci\u00f3n, visite el portal oficial de turismo en Italia: <a href=\"https:\/\/www.italia.it\/it\">https:\/\/www.italia.it\/it<\/a><\/p>\n","protected":false},"excerpt":{"rendered":"El turismo extranjero en Italia ha sido siempre uno de los principales recursos econ\u00f3micos del pa\u00eds, atra\u00eddo por su riqueza hist\u00f3rica, cultural y paisaj\u00edstica. Ciudades de arte como Roma, Florencia y Venecia figuran entre los destinos m\u00e1s populares, pero las costas, las monta\u00f1as y los pueblos pintorescos tambi\u00e9n atraen a millones de visitantes. En los [&hellip;]","protected":false},"author":1,"featured_media":0,"parent":143,"menu_order":0,"comment_status":"closed","ping_status":"closed","template":"","meta":{"footnotes":""},"class_list":["post-157","page","type-page","status-publish","hentry"],"_links":{"self":[{"href":"https:\/\/ambbogota.esteri.it\/es\/wp-json\/wp\/v2\/pages\/157","targetHints":{"allow":["GET"]}}],"collection":[{"href":"https:\/\/ambbogota.esteri.it\/es\/wp-json\/wp\/v2\/pages"}],"about":[{"href":"https:\/\/ambbogota.esteri.it\/es\/wp-json\/wp\/v2\/types\/page"}],"author":[{"embeddable":true,"href":"https:\/\/ambbogota.esteri.it\/es\/wp-json\/wp\/v2\/users\/1"}],"replies":[{"embeddable":true,"href":"https:\/\/ambbogota.esteri.it\/es\/wp-json\/wp\/v2\/comments?post=157"}],"version-history":[{"count":3,"href":"https:\/\/ambbogota.esteri.it\/es\/wp-json\/wp\/v2\/pages\/157\/revisions"}],"predecessor-version":[{"id":5604,"href":"https:\/\/ambbogota.esteri.it\/es\/wp-json\/wp\/v2\/pages\/157\/revisions\/5604"}],"up":[{"embeddable":true,"href":"https:\/\/ambbogota.esteri.it\/es\/wp-json\/wp\/v2\/pages\/143"}],"wp:attachment":[{"href":"https:\/\/ambbogota.esteri.it\/es\/wp-json\/wp\/v2\/media?parent=157"}],"curies":[{"name":"wp","href":"https:\/\/api.w.org\/{rel}","templated":true}]}}