{"id":159,"date":"2023-04-11T18:10:55","date_gmt":"2023-04-11T23:10:55","guid":{"rendered":"https:\/\/ambbogota.esteri.it\/italia-e-colombia\/diplomazia-scientifica\/"},"modified":"2024-12-26T11:15:07","modified_gmt":"2024-12-26T16:15:07","slug":"diplomazia-scientifica","status":"publish","type":"page","link":"https:\/\/ambbogota.esteri.it\/es\/italia-e-colombia\/diplomazia-scientifica\/","title":{"rendered":"Diplomacia Cient\u00edfica"},"content":{"rendered":"<p>Los proyectos de cooperaci\u00f3n cient\u00edfica entre Italia y Colombia son numerosos y est\u00e1n en constante aumento, gracias en parte a la creciente presencia de j\u00f3venes investigadores colombianos en los <strong>centros de excelencia de nuestro<\/strong> pa\u00eds que, a su regreso a Colombia, siguen cultivando un v\u00ednculo profesional con Italia en favor de los procesos de investigaci\u00f3n y desarrollo tecnol\u00f3gico de ambos pa\u00edses.<\/p>\n<p><a href=\"https:\/\/innovitalia.esteri.it\/\"><strong>Innovitalia<\/strong>\u00a0<\/a>es un portal web promovido por el Ministerio de Asuntos Exteriores y de la Cooperaci\u00f3n Internacional de Italia (MAECI) en colaboraci\u00f3n con el Ministerio de la Universidad y la Investigaci\u00f3n (MUR)\u00a0para la difusi\u00f3n de informaci\u00f3n y la creaci\u00f3n de oportunidades de\u00a0<em>networking<\/em>\u00a0para investigadores, empresas e instituciones italianas en el escenario internacional, contribuyendo a la promoci\u00f3n integrada de Italia en el mundo.<\/p>\n<p>Est\u00e1 organizado en 33 secciones nacionales a las que se puede acceder desde una p\u00e1gina central. Las Secciones de cada Pa\u00eds son gestionadas directamente por las Oficinas Cient\u00edficas del sistema diplom\u00e1tico-consular italiano en el exterior y por la Farnesina.<\/p>\n<p>El portal difunde noticias y oportunidades sobre la investigaci\u00f3n italiana en el extranjero y sobre la cooperaci\u00f3n en Ciencia y Tecnolog\u00eda. Toda la informaci\u00f3n publicada se clasifica seg\u00fan los sectores cient\u00edficos disciplinarios y los pa\u00edses de inter\u00e9s. El portal tambi\u00e9n tiene como objetivo agregar las comunidades de investigadores italianos en el extranjero, a quienes se les ofrece la oportunidad de registrarse.<\/p>\n<p><strong>Por qu\u00e9 registrarse<\/strong><\/p>\n<p>Los usuarios registrados podr\u00e1n:<\/p>\n<p>\u2022 tener acceso directo a la base de datos de los inscriptos y podr\u00e1n ponerse en contacto con sus colegas;<\/p>\n<p>\u2022 establecer un v\u00ednculo directo con las Oficinas Cient\u00edficas de la red de la diplomacia cient\u00edfica italiana;<\/p>\n<p>\u2022 recibir una\u00a0<em>Newsletter<\/em>\u00a0mensual con las noticias y oportunidades internacionales m\u00e1s importantes, avisos de convocatorias para la recopilaci\u00f3n y presentaci\u00f3n de proyectos conjuntos para la cooperaci\u00f3n cient\u00edfica bilateral, avisos de asignaci\u00f3n del MAECI;<\/p>\n<p>\u2022 registrarse en el\u00a0<strong>Anuario MAECI de Investigadores italianos<\/strong>\u00a0en el mundo;<\/p>\n<p>\u2022 compartir informaci\u00f3n y oportunidades en el portal (formulario reservado).<\/p>\n<p>&nbsp;<\/p>\n<p><strong>Qui\u00e9nes pueden registrarse<\/strong><\/p>\n<p>Pueden registrarse en Innovitalia:<\/p>\n<p>\u2022 investigadores italianos en el exterior (o che hayan tenido experiencia en el exterior por un per\u00edodo superior a los 12 meses)<\/p>\n<p>\u2022 investigadores extranjeros en Italia (o que hayan tenido experiencias de estudio o investigaci\u00f3n en Italia por un per\u00edodo superior a los 12 meses)<\/p>\n<p>\u2022 asociaciones de investigadores italianos en el extranjero;<\/p>\n<p>\u2022 empresas, organizaciones y asociaciones empresariales;<\/p>\n<p>\u2022 instituciones de investigaci\u00f3n, universidades e institutos de educaci\u00f3n superior;<\/p>\n<p>\u2022 organizaciones e instituciones p\u00fablicas.<\/p>\n","protected":false},"excerpt":{"rendered":"Los proyectos de cooperaci\u00f3n cient\u00edfica entre Italia y Colombia son numerosos y est\u00e1n en constante aumento, gracias en parte a la creciente presencia de j\u00f3venes investigadores colombianos en los centros de excelencia de nuestro pa\u00eds que, a su regreso a Colombia, siguen cultivando un v\u00ednculo profesional con Italia en favor de los procesos de investigaci\u00f3n [&hellip;]","protected":false},"author":1,"featured_media":0,"parent":150,"menu_order":4,"comment_status":"closed","ping_status":"closed","template":"","meta":{"footnotes":""},"class_list":["post-159","page","type-page","status-publish","hentry"],"_links":{"self":[{"href":"https:\/\/ambbogota.esteri.it\/es\/wp-json\/wp\/v2\/pages\/159","targetHints":{"allow":["GET"]}}],"collection":[{"href":"https:\/\/ambbogota.esteri.it\/es\/wp-json\/wp\/v2\/pages"}],"about":[{"href":"https:\/\/ambbogota.esteri.it\/es\/wp-json\/wp\/v2\/types\/page"}],"author":[{"embeddable":true,"href":"https:\/\/ambbogota.esteri.it\/es\/wp-json\/wp\/v2\/users\/1"}],"replies":[{"embeddable":true,"href":"https:\/\/ambbogota.esteri.it\/es\/wp-json\/wp\/v2\/comments?post=159"}],"version-history":[{"count":5,"href":"https:\/\/ambbogota.esteri.it\/es\/wp-json\/wp\/v2\/pages\/159\/revisions"}],"predecessor-version":[{"id":5075,"href":"https:\/\/ambbogota.esteri.it\/es\/wp-json\/wp\/v2\/pages\/159\/revisions\/5075"}],"up":[{"embeddable":true,"href":"https:\/\/ambbogota.esteri.it\/es\/wp-json\/wp\/v2\/pages\/150"}],"wp:attachment":[{"href":"https:\/\/ambbogota.esteri.it\/es\/wp-json\/wp\/v2\/media?parent=159"}],"curies":[{"name":"wp","href":"https:\/\/api.w.org\/{rel}","templated":true}]}}