{"id":160,"date":"2023-04-11T17:08:57","date_gmt":"2023-04-11T22:08:57","guid":{"rendered":"https:\/\/ambbogota.esteri.it\/servizi-consolari-e-visti\/"},"modified":"2026-03-12T12:23:37","modified_gmt":"2026-03-12T17:23:37","slug":"servizi-consolari-e-visti","status":"publish","type":"page","link":"https:\/\/ambbogota.esteri.it\/es\/servizi-consolari-e-visti\/","title":{"rendered":"Servicios Consulares y Visas"},"content":{"rendered":"<p><strong>ATENCI\u00d3N<\/strong><\/p>\n<p>Para los servicios consulares la documentaci\u00f3n debe presentarse <strong><u>completa y en formato f\u00edsico (impreso)<\/u><\/strong>.<br \/>\nNo ser\u00e1 posible enviar o completar documentos por tel\u00e9fono celular, correo electr\u00f3nico u otros medios electr\u00f3nicos.<br \/>\n<strong>Si la documentaci\u00f3n no est\u00e1 completa no se podr\u00e1 prestar el servicio consular.<\/strong><\/p>\n<p>La Embajada de Italia en Bogot\u00e1 ofrece servicios consulares a:<\/p>\n<ul>\n<li><a href=\"https:\/\/ambbogota.esteri.it\/es\/servizi-consolari-e-visti\/servizi-per-il-cittadino-italiano\/\">ciudadanos italianos<\/a><\/li>\n<li><a href=\"https:\/\/ambbogota.esteri.it\/es\/servizi-consolari-e-visti\/servizi-per-il-cittadino-straniero\/\">ciudadanos extranjeros<\/a><\/li>\n<\/ul>\n<p><strong>Los servicios consulares se ofrecen directamente a los interesados \u200b\u200by no a intermediarios. <\/strong><\/p>\n<p><strong>La Embajada de Italia no ha autorizado a ninguna agencia o persona a ofrecer servicios consulares. <\/strong><\/p>\n<p><strong>La normativa vigente sobre la privacidad de los datos personales (Ley 675\/96) no permite proporcionar informaci\u00f3n sobre ciudadanos sin su autorizaci\u00f3n expresa.<\/strong><\/p>\n<p>Para <strong>informaci\u00f3n telef\u00f3nica <\/strong>sobre servicios consulares llamar el n\u00famero telef\u00f3nico <strong>(+57) 601 651 48 06<\/strong> en los siguientes horarios:<\/p>\n<ul>\n<li>Lunes, mi\u00e9rcoles, jueves, viernes: 09:30am-12:30pm<\/li>\n<li>Martes: 02:30pm-04:30pm<\/li>\n<\/ul>\n<p>En los siguientes enlaces es posible consultar la legislaci\u00f3n en materia de privacidad para:<\/p>\n<ul>\n<li><a href=\"https:\/\/ambbogota.esteri.it\/wp-content\/uploads\/2023\/08\/informativa_sulla_protezione_dati_-_servizi_consolari_italiano.pdf\">Servicios consulares<\/a><\/li>\n<li><a href=\"https:\/\/ambbogota.esteri.it\/wp-content\/uploads\/2023\/08\/informativa_protezione_dati_-_cittadinanza_italiano.pdf\">Ciudadan\u00eda<\/a><\/li>\n<li><a href=\"https:\/\/ambbogota.esteri.it\/wp-content\/uploads\/2023\/08\/2._informativa_visti_all.1.docx\">Visas<\/a><\/li>\n<\/ul>\n","protected":false},"excerpt":{"rendered":"ATENCI\u00d3N Para los servicios consulares la documentaci\u00f3n debe presentarse completa y en formato f\u00edsico (impreso). No ser\u00e1 posible enviar o completar documentos por tel\u00e9fono celular, correo electr\u00f3nico u otros medios electr\u00f3nicos. Si la documentaci\u00f3n no est\u00e1 completa no se podr\u00e1 prestar el servicio consular. La Embajada de Italia en Bogot\u00e1 ofrece servicios consulares a: ciudadanos [&hellip;]","protected":false},"author":1,"featured_media":0,"parent":0,"menu_order":6,"comment_status":"closed","ping_status":"closed","template":"","meta":{"footnotes":""},"class_list":["post-160","page","type-page","status-publish","hentry"],"_links":{"self":[{"href":"https:\/\/ambbogota.esteri.it\/es\/wp-json\/wp\/v2\/pages\/160","targetHints":{"allow":["GET"]}}],"collection":[{"href":"https:\/\/ambbogota.esteri.it\/es\/wp-json\/wp\/v2\/pages"}],"about":[{"href":"https:\/\/ambbogota.esteri.it\/es\/wp-json\/wp\/v2\/types\/page"}],"author":[{"embeddable":true,"href":"https:\/\/ambbogota.esteri.it\/es\/wp-json\/wp\/v2\/users\/1"}],"replies":[{"embeddable":true,"href":"https:\/\/ambbogota.esteri.it\/es\/wp-json\/wp\/v2\/comments?post=160"}],"version-history":[{"count":8,"href":"https:\/\/ambbogota.esteri.it\/es\/wp-json\/wp\/v2\/pages\/160\/revisions"}],"predecessor-version":[{"id":7538,"href":"https:\/\/ambbogota.esteri.it\/es\/wp-json\/wp\/v2\/pages\/160\/revisions\/7538"}],"wp:attachment":[{"href":"https:\/\/ambbogota.esteri.it\/es\/wp-json\/wp\/v2\/media?parent=160"}],"curies":[{"name":"wp","href":"https:\/\/api.w.org\/{rel}","templated":true}]}}