{"id":161,"date":"2023-04-11T18:11:52","date_gmt":"2023-04-11T23:11:52","guid":{"rendered":"https:\/\/ambbogota.esteri.it\/italia-e-colombia\/cooperazione-allo-sviluppo\/"},"modified":"2025-04-15T12:14:37","modified_gmt":"2025-04-15T17:14:37","slug":"cooperazione-allo-sviluppo","status":"publish","type":"page","link":"https:\/\/ambbogota.esteri.it\/es\/italia-e-colombia\/cooperazione-allo-sviluppo\/","title":{"rendered":"Cooperaci\u00f3n para el desarrollo"},"content":{"rendered":"<p>Colombia, pa\u00eds de ingreso medio-alto y miembro de la OCDE desde 2020, ha realizado importantes avances en t\u00e9rminos econ\u00f3micos y sociales en los \u00faltimos a\u00f1os.\u00a0 Sin embargo, sigue enfrent\u00e1ndose a retos relacionados con m\u00e1s de 50 a\u00f1os de conflicto armado interno y fuertes desigualdades sociales y territoriales. La violencia de los grupos armados ha afectado a cerca de 12 millones de personas, el 19% de la poblaci\u00f3n, generando desplazamiento forzado, reclutamiento infantil y amenazas a l\u00edderes sociales y comunitarios. El Acuerdo de Paz de 2016 con las FARC-EP supuso un avance hist\u00f3rico, pero su implementaci\u00f3n se ve obstaculizada por dificultades institucionales, la fragmentaci\u00f3n de los grupos armados disidentes y la persistencia de la violencia.<\/p>\n<p>Las econom\u00edas ilegales alimentan la violencia, con graves repercusiones sobre los derechos de las mujeres, los j\u00f3venes y las comunidades locales, especialmente ind\u00edgenas y afrodescendientes.<\/p>\n<p>A nivel econ\u00f3mico, el crecimiento del PIB est\u00e1 estancado (0,6% en el \u00faltimo trimestre de 2024), el desempleo juvenil es elevado y hay un descenso significativo de la inversi\u00f3n p\u00fablica y privada, en parte debido a la inestabilidad pol\u00edtica y al clima de incertidumbre.<\/p>\n<p>En materia de cooperaci\u00f3n para el desarrollo, Italia ha estado presente en Colombia desde la d\u00e9cada de 1970, alineando su estrategia con los Planes Nacionales de Desarrollo del gobierno colombiano. La Cooperaci\u00f3n Italiana ha intensificado su compromiso desde la firma de los Acuerdos de Paz en 2016, posicion\u00e1ndose como uno de los mayores donantes europeos para el pa\u00eds.<\/p>\n<p>A partir del 1 de abril de 2022, se estableci\u00f3 la Sede Regional de la Agencia Italiana de Cooperaci\u00f3n para el Desarrollo (AICS) en Bogot\u00e1, con competencia sobre la regi\u00f3n suramericana, y Colombia fue definida como pa\u00eds prioritario para la cooperaci\u00f3n italiana en el \u00faltimo Documento de Programaci\u00f3n Trienal 2024-2026, \u00fanico pa\u00eds de la regi\u00f3n suramericana.<\/p>\n<p>A la fecha, las principales \u00e1reas de intervenci\u00f3n de la Cooperaci\u00f3n Italiana en Colombia son:<\/p>\n<ul>\n<li><strong>Desarrollo rural y sostenibilidad ambiental<\/strong>: fortalecimiento de los procesos de desarrollo territorial, integrado y sostenible desde el punto de vista social, ambiental y econ\u00f3mico y transferencia de conocimientos y know-how en el sector agr\u00edcola para la internacionalizaci\u00f3n de los mercados y el progreso tecnol\u00f3gico, seg\u00fan un enfoque inclusivo y participativo, con especial atenci\u00f3n a las mujeres y los j\u00f3venes.<\/li>\n<li><strong>Desarrollo local y estabilizaci\u00f3n territorial<\/strong>: apoyo al fortalecimiento del proceso de reintegraci\u00f3n social, econ\u00f3mica y productiva de los excombatientes, apoyo a los Programas de Desarrollo con Enfoque Territorial (PDET), apoyo a la atenci\u00f3n psico-sanitaria de los sobrevivientes de accidentes con minas terrestres y promoci\u00f3n de su integraci\u00f3n socioecon\u00f3mica.<\/li>\n<li><strong>Migraci\u00f3n<\/strong>: apoyo a la acogida de migrantes venezolanos, cuya afluencia al pa\u00eds ha aumentado considerablemente en los \u00faltimos a\u00f1os. En particular, acciones en el \u00e1mbito humanitario a trav\u00e9s de esfuerzos destinados a garantizar el acceso a los servicios sanitarios y educativos a la integraci\u00f3n socioecon\u00f3mica de los migrantes venezolanos con vocaci\u00f3n de permanencia y de los desplazados internos, v\u00edctimas del conflicto.<\/li>\n<li><strong>Valorizaci\u00f3n del patrimonio cultural y promoci\u00f3n del turismo sostenible<\/strong>: apoyo a la protecci\u00f3n, valorizaci\u00f3n y gesti\u00f3n sostenible del patrimonio cultural material e inmaterial, especialmente en territorios con fragilidad social y econ\u00f3mica. Las iniciativas tienen el objetivo de recuperar y restaurar el patrimonio cultural, en particular el vinculado a las obras de artistas y arquitectos italianos en el pa\u00eds, reforzar las capacidades de las instituciones locales y promover el esp\u00edritu empresarial comunitario vinculado al patrimonio y al turismo, respetando al mismo tiempo el medio ambiente y la memoria hist\u00f3rica.<\/li>\n<\/ul>\n<p>Transversalmente, <strong>el enfoque de g\u00e9nero<\/strong> caracteriza la intervenci\u00f3n de la Cooperaci\u00f3n Italiana en Colombia con el objetivo de promover la inclusi\u00f3n socioecon\u00f3mica de las mujeres a trav\u00e9s de la creaci\u00f3n de oportunidades de empleo y el fortalecimiento de la participaci\u00f3n de las mujeres en los procesos de desarrollo social y pol\u00edtico.<\/p>\n<p>Desde el 2023 se ha reforzado el compromiso de la AICS en la protecci\u00f3n de la biodiversidad, m\u00e1s concretamente en la lucha contra la deforestaci\u00f3n y los incendios forestales en la cuenca amaz\u00f3nica a trav\u00e9s de programas &#8211; regionales y nacionales &#8211; financiados por la Uni\u00f3n Europea, y en el desarrollo de ciudades verdes, sostenibles e inclusivas, a trav\u00e9s de una nueva iniciativa con fondos italianos.<\/p>\n<p>Tambi\u00e9n es significativa la contribuci\u00f3n de una <strong>amplia red de OSC italianas<\/strong> presentes en todo el pa\u00eds.\u00a0 Hasta la fecha son activas en Colombia, AVSI, CESVI, Cevi, CIFA, CISP, CISV, COOPERMONDO, COOPI, COSPE, ENGIM, Fundaci\u00f3n Rut, Fundaci\u00f3n \u00c1rbol de la Vida (FADV), OIKOS, PRO.DO.C.S., Progetto Sud, Punto Missione, Terre Des Hommes Italia.<\/p>\n<p><strong>CONTACTOS AGENZIA ITALIANA DI COOPERAZIONE ALLO SVILUPPO<\/strong><\/p>\n<ul>\n<li>Correo electr\u00f3nico: <a href=\"mailto:bogota@aics.gov.it\">bogota@aics.gov.it<\/a><\/li>\n<li>P\u00e1gina web: <a href=\"https:\/\/bogota.aics.gov.it\/\">https:\/\/bogota.aics.gov.it\/<\/a><\/li>\n<li>Facebook: @AICSBogota<\/li>\n<li>X: @AicsBogota<\/li>\n<li>Instagram: @aics_bogota<\/li>\n<li>Linkedin: AICS Bogot\u00e1 &#8211; Sede Sudam\u00e9rica<\/li>\n<\/ul>\n<p><strong>PROTOCOLO PARA LA SEGURIDAD DE LOS OPERADORES DE COOPERACI\u00d3N<\/strong><\/p>\n<p>El Protocolo para la Seguridad de los Operadores de Cooperaci\u00f3n est\u00e1 disponible <a href=\"https:\/\/ambbogota.esteri.it\/ambasciata_bogota\/resource\/doc\/2022\/11\/protocollo_dazione_per_la_sicurezza_degli_operatori_della_cooperazione.pdf\">aqu\u00ed<\/a>, resultado del trabajo conjunto del Ministerio de Asuntos Exteriores y Cooperaci\u00f3n Internacional y la Agencia Italiana de Cooperaci\u00f3n para el Desarrollo &#8211; AICS con las tres principales redes de Organizaciones de la Sociedad Civil italiana (AOI, Link2007, CINI).<\/p>\n","protected":false},"excerpt":{"rendered":"Colombia, pa\u00eds de ingreso medio-alto y miembro de la OCDE desde 2020, ha realizado importantes avances en t\u00e9rminos econ\u00f3micos y sociales en los \u00faltimos a\u00f1os.\u00a0 Sin embargo, sigue enfrent\u00e1ndose a retos relacionados con m\u00e1s de 50 a\u00f1os de conflicto armado interno y fuertes desigualdades sociales y territoriales. La violencia de los grupos armados ha afectado [&hellip;]","protected":false},"author":1,"featured_media":0,"parent":150,"menu_order":6,"comment_status":"closed","ping_status":"closed","template":"","meta":{"footnotes":""},"class_list":["post-161","page","type-page","status-publish","hentry"],"_links":{"self":[{"href":"https:\/\/ambbogota.esteri.it\/es\/wp-json\/wp\/v2\/pages\/161","targetHints":{"allow":["GET"]}}],"collection":[{"href":"https:\/\/ambbogota.esteri.it\/es\/wp-json\/wp\/v2\/pages"}],"about":[{"href":"https:\/\/ambbogota.esteri.it\/es\/wp-json\/wp\/v2\/types\/page"}],"author":[{"embeddable":true,"href":"https:\/\/ambbogota.esteri.it\/es\/wp-json\/wp\/v2\/users\/1"}],"replies":[{"embeddable":true,"href":"https:\/\/ambbogota.esteri.it\/es\/wp-json\/wp\/v2\/comments?post=161"}],"version-history":[{"count":6,"href":"https:\/\/ambbogota.esteri.it\/es\/wp-json\/wp\/v2\/pages\/161\/revisions"}],"predecessor-version":[{"id":6300,"href":"https:\/\/ambbogota.esteri.it\/es\/wp-json\/wp\/v2\/pages\/161\/revisions\/6300"}],"up":[{"embeddable":true,"href":"https:\/\/ambbogota.esteri.it\/es\/wp-json\/wp\/v2\/pages\/150"}],"wp:attachment":[{"href":"https:\/\/ambbogota.esteri.it\/es\/wp-json\/wp\/v2\/media?parent=161"}],"curies":[{"name":"wp","href":"https:\/\/api.w.org\/{rel}","templated":true}]}}