{"id":163,"date":"2023-04-11T18:24:57","date_gmt":"2023-04-11T23:24:57","guid":{"rendered":"https:\/\/ambbogota.esteri.it\/italia-e-colombia\/diplomazia-culturale\/lingua-e-cultura-italiana\/"},"modified":"2025-01-30T16:41:10","modified_gmt":"2025-01-30T21:41:10","slug":"lingua-e-cultura-italiana","status":"publish","type":"page","link":"https:\/\/ambbogota.esteri.it\/es\/italia-e-colombia\/diplomazia-culturale\/lingua-e-cultura-italiana\/","title":{"rendered":"Lengua y cultura Italiana"},"content":{"rendered":"<p>Cada a\u00f1o medio mill\u00f3n de estudiantes asisten a cursos de lengua italiana fuera de Italia, en todos los pa\u00edses del mundo. \u00bfPorqu\u00e9 lo hacen?<\/p>\n<p><em>El italiano es un idioma de cultura<\/em>. Conocerlo significa tener acceso a un\u00a0<strong>patrimonio literario<\/strong>\u00a0de fundamental importancia para la historia de Europa, a\u00a0<strong>textos human\u00edsticos y cient\u00edficos<\/strong>\u00a0de gran valor, a la\u00a0<strong>producci\u00f3n teatral, musical, oper\u00edstica, cinematogr\u00e1fica<\/strong>\u00a0y televisiva italiana.<\/p>\n<p><em>El italiano es un idioma de estudio.<\/em>\u00a0Son muchos los estudiantes que cada a\u00f1os deciden asistir a nuestras\u00a0<strong>Escuelas, Universidades, Academias<\/strong>\u00a0y Bibliotecas.<\/p>\n<p><em>El italiano es un idioma de trabajo<\/em>. Directivos, empresarios, t\u00e9cnicos, trabajadores entran en contacto con el\u00a0<strong>mundo industrial, artesanal y de los servicios italianos<\/strong>\u00a0que van m\u00e1s all\u00e1 de las fronteras de nuestro pa\u00eds.<\/p>\n<p>Y al hablar italiano<strong>\u00a0la visita a nuestro pa\u00eds<\/strong>\u00a0y a su gente hospitalaria y acogedora se convierte en un aut\u00e9ntico placer,\u00a0<strong>entre ciudades de arte y maravillas naturales<\/strong>.<\/p>\n<p>Para mayor informaci\u00f3n escribe a\u00a0<a href=\"mailto:corsi.iicbogota@esteri.it\"><strong>corsi.iicbogota@esteri.it<\/strong><\/a><\/p>\n","protected":false},"excerpt":{"rendered":"Cada a\u00f1o medio mill\u00f3n de estudiantes asisten a cursos de lengua italiana fuera de Italia, en todos los pa\u00edses del mundo. \u00bfPorqu\u00e9 lo hacen? El italiano es un idioma de cultura. Conocerlo significa tener acceso a un\u00a0patrimonio literario\u00a0de fundamental importancia para la historia de Europa, a\u00a0textos human\u00edsticos y cient\u00edficos\u00a0de gran valor, a la\u00a0producci\u00f3n teatral, musical, [&hellip;]","protected":false},"author":1,"featured_media":0,"parent":143,"menu_order":0,"comment_status":"closed","ping_status":"closed","template":"","meta":{"footnotes":""},"class_list":["post-163","page","type-page","status-publish","hentry"],"_links":{"self":[{"href":"https:\/\/ambbogota.esteri.it\/es\/wp-json\/wp\/v2\/pages\/163","targetHints":{"allow":["GET"]}}],"collection":[{"href":"https:\/\/ambbogota.esteri.it\/es\/wp-json\/wp\/v2\/pages"}],"about":[{"href":"https:\/\/ambbogota.esteri.it\/es\/wp-json\/wp\/v2\/types\/page"}],"author":[{"embeddable":true,"href":"https:\/\/ambbogota.esteri.it\/es\/wp-json\/wp\/v2\/users\/1"}],"replies":[{"embeddable":true,"href":"https:\/\/ambbogota.esteri.it\/es\/wp-json\/wp\/v2\/comments?post=163"}],"version-history":[{"count":4,"href":"https:\/\/ambbogota.esteri.it\/es\/wp-json\/wp\/v2\/pages\/163\/revisions"}],"predecessor-version":[{"id":5618,"href":"https:\/\/ambbogota.esteri.it\/es\/wp-json\/wp\/v2\/pages\/163\/revisions\/5618"}],"up":[{"embeddable":true,"href":"https:\/\/ambbogota.esteri.it\/es\/wp-json\/wp\/v2\/pages\/143"}],"wp:attachment":[{"href":"https:\/\/ambbogota.esteri.it\/es\/wp-json\/wp\/v2\/media?parent=163"}],"curies":[{"name":"wp","href":"https:\/\/api.w.org\/{rel}","templated":true}]}}