{"id":168,"date":"2023-04-11T18:13:11","date_gmt":"2023-04-11T23:13:11","guid":{"rendered":"https:\/\/ambbogota.esteri.it\/servizi-consolari-e-visti\/servizi-per-il-cittadino-italiano\/passaporti-e-carte-didentita\/"},"modified":"2026-03-16T12:18:09","modified_gmt":"2026-03-16T17:18:09","slug":"passaporti-e-carte-didentita","status":"publish","type":"page","link":"https:\/\/ambbogota.esteri.it\/es\/servizi-consolari-e-visti\/servizi-per-il-cittadino-italiano\/passaporti-e-carte-didentita\/","title":{"rendered":"Pasaportes y documentos de identidad"},"content":{"rendered":"<h5><strong>Ciudadanos mayores de edad<\/strong><\/h5>\n<p><strong>Antes de presentar la solicitud, asegurarse de cumplir con los siguientes requisitos:<\/strong><strong>\u00a0<\/strong><\/p>\n<ol>\n<li>Ser ciudadano italiano;<\/li>\n<li>Estar inscrito en el A.I.R.E. (Registro de Italianos Residentes en el Extranjero) como residente en la circunscripci\u00f3n consular de Colombia. De lo contrario, la Embajada de Italia deber\u00e1 de adquirir la autorizaci\u00f3n necesaria de la autoridad italiana competente de residencia;<\/li>\n<li>Haber actualizado la direcci\u00f3n de residencia a trav\u00e9s de la plataforma \u201c<a href=\"https:\/\/serviziconsolari.esteri.it\/ScoFE\/index.sco\">Fast It<\/a>\u201d (si el solicitante reside en Colombia);<\/li>\n<li>Si se es titular de un pasaporte italiano vigente, este <strong>solo<\/strong> podr\u00e1 renovarse a partir de 6 meses antes de su fecha de vencimiento (excepto en casos de comprobada necesidad).<\/li>\n<\/ol>\n<p><strong>Requisitos al momento de solicitar el pasaporte (mayores de edad):<\/strong><\/p>\n<ol>\n<li>Presentarse personalmente;<\/li>\n<li><u><a href=\"https:\/\/ambbogota.esteri.it\/wp-content\/uploads\/2024\/12\/Formulario-passaporto.pdf\">Formulario<\/a><\/u> de solicitud debidamente diligenciado y firmado;<\/li>\n<li>Pasaporte italiano <u>original<\/u>, vencido o por vencer (en caso de solicitud del primer pasaporte, un documento original vigente);<\/li>\n<li>Fotocopia del pasaporte vencido o por vencer (en caso de solicitud del primer pasaporte, una fotocopia de un documento de identidad vigente);<\/li>\n<li>Recibo original del pago de la tarifa consular, o copia del recibo electr\u00f3nico del pago realizado mediante PSE (este recibo debe indicar el CUS, la fecha de pago y el nombre del titular del servicio consular).<\/li>\n<li><strong>Para solicitudes de pasaporte en los Consulados Honorarios<\/strong> presentar una foto reciente a color con fondo blanco que mida 3.5cm x 4cm (<a href=\"https:\/\/www.esteri.it\/it\/servizi-consolari-e-visti\/italiani-all-estero\/documenti_di_viaggio\/linee-guida-foto-icao\/\">conforme al formato Icao<\/a>).<\/li>\n<\/ol>\n<p><em><strong>NOTA:<\/strong> La tarifa consular corresponde al art. 27 de la <a href=\"https:\/\/ambbogota.esteri.it\/es\/servizi-consolari-e-visti\/servizi-per-il-cittadino-italiano\/derechos-consulares-2\/\">tabla de los derechos consulares<\/a> bajo el \u00edtem de <u>emisi\u00f3n de pasaporte<\/u> (contribuci\u00f3n administrativa + libreta) a realizarse en el Banco GNB Sudameris (cuenta corriente n. 11538667, beneficiario: Embajada de Italia <a href=\"https:\/\/ambbogota.esteri.it\/es\/servizi-consolari-e-visti\/servizi-per-il-cittadino-italiano\/derechos-consulares-2\/\">siguiendo las instrucciones<\/a>). Las tarifas consulares cambian trimestralmente, por favor verificar el valor a pagar antes de realizar el pago.<\/em><\/p>\n<p><strong>Para ciudadanos con particulares patolog\u00edas<\/strong> que impidan la correcta adquisici\u00f3n de los datos biom\u00e9tricos (foto, firma y huellas dactilares), tambi\u00e9n ser\u00e1 necesario presentar:<\/p>\n<p><strong>A.<\/strong> Una foto reciente a color con fondo blanco que mida 3.5cm x 4cm (<a href=\"https:\/\/www.esteri.it\/it\/servizi-consolari-e-visti\/italiani-all-estero\/documenti_di_viaggio\/linee-guida-foto-icao\/\">conforme al formato Icao<\/a>);<br \/>\n<strong>B.<\/strong> Certificado m\u00e9dico que acredite la patolog\u00eda, una vez comprobada por los funcionarios consulares la imposibilidad de adquirir los datos biom\u00e9tricos.<\/p>\n<h5><strong><br \/>\nCiudadanos menores de 18 a\u00f1os<\/strong><\/h5>\n<p><strong>Antes de presentar la solicitud, asegurarse de cumplir con los siguientes requisitos:<\/strong><strong>\u00a0<\/strong><\/p>\n<ol>\n<li>Ser ciudadano italiano;<\/li>\n<li>Estar inscrito en el A.I.R.E. (Registro de Italianos Residentes en el Extranjero) como residente en la circunscripci\u00f3n consular de Colombia. De lo contrario, la Embajada de Italia deber\u00e1 de adquirir la autorizaci\u00f3n necesaria de la autoridad italiana competente de residencia;<\/li>\n<li>Haber actualizado la direcci\u00f3n de residencia a trav\u00e9s de la plataforma \u201c<u><a href=\"https:\/\/serviziconsolari.esteri.it\/ScoFE\/index.sco\">Fast It<\/a><\/u>\u201d (si el solicitante reside en Colombia);<\/li>\n<li>Si se es titular de un pasaporte italiano vigente, este solo podr\u00e1 renovarse a partir de 6 meses antes de su fecha de vencimiento (excepto en casos de necesidad comprobada).<\/li>\n<\/ol>\n<p><strong>Requisitos al momento de solicitar el pasaporte (menores de edad):<\/strong><\/p>\n<ol>\n<li>Presentarse personalmente, acompa\u00f1ado por ambos padres.<br \/>\n&#8211; Si uno de los padres no tiene nacionalidad italiana\/UE y no se puede presentar, deber\u00e1 autenticar la firma en el documento de consentimiento para la expedici\u00f3n del pasaporte del menor ante la autoridad italiana del lugar de residencia (Consulado italiano\/<u><\/u><\/li>\n<li><u><a href=\"https:\/\/ambbogota.esteri.it\/wp-content\/uploads\/2024\/12\/Formulario-passaporto.pdf\">Formulario<\/a><\/u> debidamente diligenciado con los datos del menor y firmado por uno de los padres;<\/li>\n<li>Pasaporte italiano <strong>original<\/strong>, vencido o por vencer (en caso de solicitud del primer pasaporte, un documento original vigente);<\/li>\n<li>Fotocopia del pasaporte vencido o por vencer (en caso de solicitud del primer pasaporte, una fotocopia de un documento vigente);<\/li>\n<li>Fotocopia de los documentos de identidad de los padres del menor;<\/li>\n<li>Recibo original del pago de la tarifa consular, o una copia del recibo electr\u00f3nico del pago realizado mediante PSE (este recibo debe indicar el CUS, la fecha de pago y el nombre del titular del servicio consular).<br \/>\n<em><strong>NOTA:<\/strong> La tarifa consular corresponde al art. 27 de la <a href=\"https:\/\/ambbogota.esteri.it\/es\/servizi-consolari-e-visti\/servizi-per-il-cittadino-italiano\/derechos-consulares-2\/\">tabla de los derechos consulares<\/a> bajo el \u00edtem de <u>emisi\u00f3n de pasaporte<\/u> (contribuci\u00f3n administrativa + libreta) a realizarse en el Banco GNB Sudameris (cuenta corriente n. 11538667, beneficiario: Embajada de Italia <a href=\"https:\/\/ambbogota.esteri.it\/es\/servizi-consolari-e-visti\/servizi-per-il-cittadino-italiano\/derechos-consulares-2\/\">siguiendo las instrucciones<\/a>). Las tarifas consulares cambian trimestralmente, por favor verificar el valor a pagar antes de realizar el pago.<\/em><\/li>\n<li>El acta de consentimiento firmada por ambos padres seg\u00fan lo indicado <a href=\"https:\/\/ambbogota.esteri.it\/es\/servizi-consolari-e-visti\/servizi-per-il-cittadino-italiano\/passaporti-e-carte-didentita\/acta-de-autorizacion-assenso\/\">aqu\u00ed<\/a>;<\/li>\n<li>Para menores de edad que midan hasta 110 cm de altura y <strong>para solicitudes de pasaporte en los Consulados Honorarios<\/strong>: Una foto reciente a color con fondo blanco que mida 3.5cm x 4cm (<a href=\"https:\/\/www.esteri.it\/it\/servizi-consolari-e-visti\/italiani-all-estero\/documenti_di_viaggio\/linee-guida-foto-icao\/\">conforme al formato Icao<\/a>);<\/li>\n<\/ol>\n<p><strong>Para menores de 12 a 17 a\u00f1os con particulares patolog\u00edas<\/strong> que impidan la correcta adquisici\u00f3n de los datos biom\u00e9tricos (foto, firma y huellas dactilares), tambi\u00e9n ser\u00e1 necesario presentar:<\/p>\n<p><strong>A.<\/strong> Una foto reciente a color con fondo blanco que mida 3.5cm x 4cm (<a href=\"https:\/\/www.esteri.it\/it\/servizi-consolari-e-visti\/italiani-all-estero\/documenti_di_viaggio\/linee-guida-foto-icao\/\">conforme al formato Icao<\/a>);<br \/>\n<strong>B.<\/strong> Un certificado m\u00e9dico que acredite la patolog\u00eda, una vez comprobada por los funcionarios consulares la imposibilidad de adquirir los datos biom\u00e9tricos.<\/p>\n<p><em><strong>Nota<\/strong><\/em><em>: El pasaporte expedido a favor de un menor no necesita ser renovado al alcanzar la mayor\u00eda de edad, ya que permanece v\u00e1lido hasta su fecha de vencimiento.<\/em><\/p>\n<p><strong>\u00bfD\u00f3nde presentarse para solicitar el pasaporte?<\/strong><\/p>\n<ul>\n<li>En la Embajada durante los <a href=\"https:\/\/ambbogota.esteri.it\/es\/servizi-consolari-e-visti\/servizi-per-il-cittadino-italiano\/recepcion-de-publico-y-citas-para-servicios-consulares-recepcion-de-publico-y-citas-para-servicios-consulares\/\">horarios de atenci\u00f3n al p\u00fablico<\/a>;<\/li>\n<li>En la <a href=\"https:\/\/ambbogota.esteri.it\/es\/chi-siamo\/la-rete-consolare\/\">Red consular<\/a>. En caso de necesitar con urgencia el nuevo pasaporte, los ciudadanos deber\u00e1n acudir directamente a la Embajada de Italia en Bogot\u00e1 durante los <a href=\"https:\/\/ambbogota.esteri.it\/es\/servizi-consolari-e-visti\/servizi-per-il-cittadino-italiano\/recepcion-de-publico-y-citas-para-servicios-consulares-recepcion-de-publico-y-citas-para-servicios-consulares\/\">horarios de atenci\u00f3n p\u00fablico<\/a>.<\/li>\n<\/ul>\n<p>Para la emisi\u00f3n del pasaporte a favor de <u>ciudadanos que no est\u00e9n registrados en el A.I.R.E. de Colombia<\/u>, la Embajada, <strong>en situaciones de comprobada necesidad de solicitar la expedici\u00f3n del pasaporte<\/strong>, solicitar\u00e1 la Autorizaci\u00f3n a la Autoridad competente (<em>Questura<\/em> o Consulado italiano de residencia). <u>En este caso, el pasaporte se emitir\u00e1 solo despu\u00e9s de obtener la Autorizaci\u00f3n<\/u>.<\/p>\n<p><em><strong>Nota<\/strong><\/em><em>: En algunos casos particulares, en los que no sea posible emitir el pasaporte, se puede solicitar un documento de viaje provisional. Consultar en el siguiente enlace los requisitos del <a href=\"https:\/\/ambbogota.esteri.it\/es\/servizi-consolari-e-visti\/servizi-per-il-cittadino-italiano\/emergency-travel-documents-etd\/\">E.T.D.<\/a> (Emergency Travel Document).<\/em><\/p>\n<p>&nbsp;<\/p>\n<p>La <strong>expedici\u00f3n<\/strong> del pasaporte es <strong>gratuita<\/strong> en los siguientes casos:<\/p>\n<ul>\n<li>El solicitante es considerado emigrante seg\u00fan el T.U. 13.11.1919, n. 2205 (convertido en ley 17.04.1925, n. 473). El art\u00edculo 10 del T.U. establece que \u00abse considera emigrante, a los efectos de las leyes y reglamentos sobre la emigraci\u00f3n, a todo ciudadano que emigre exclusivamente con fines de trabajo manual y para realizar peque\u00f1as transacciones, o que vaya a reunirse con su c\u00f3nyuge, ascendientes, hermanos, t\u00edos, sobrinos y parientes por afinidad en los mismos grados, ya emigrados con fines laborales, o que regrese a pa\u00edses extranjeros donde previamente haya emigrado en las condiciones previstas por el presente art\u00edculo\u00bb;<\/li>\n<li>El solicitante italiano residente en el extranjero necesita repatriaci\u00f3n consular o regresa para prestar el servicio militar voluntario;<\/li>\n<li>El solicitante italiano es indigente (para determinar el umbral de indigencia se refiere a los par\u00e1metros utilizados para la asistencia en cada pa\u00eds. Para m\u00e1s informaci\u00f3n se sugiere contactar al Consulado en cuya circunscripci\u00f3n territorial se reside);<\/li>\n<li>El solicitante italiano es un ministro del culto o un religioso misionero (en este caso se debe presentar una declaraci\u00f3n del superior, en papel con membrete, que certifique que el solicitante es un religioso misionero, indicando su residencia).<\/li>\n<\/ul>\n","protected":false},"excerpt":{"rendered":"Ciudadanos mayores de edad Antes de presentar la solicitud, asegurarse de cumplir con los siguientes requisitos:\u00a0 Ser ciudadano italiano; Estar inscrito en el A.I.R.E. (Registro de Italianos Residentes en el Extranjero) como residente en la circunscripci\u00f3n consular de Colombia. De lo contrario, la Embajada de Italia deber\u00e1 de adquirir la autorizaci\u00f3n necesaria de la autoridad [&hellip;]","protected":false},"author":1,"featured_media":0,"parent":166,"menu_order":0,"comment_status":"closed","ping_status":"closed","template":"","meta":{"footnotes":""},"class_list":["post-168","page","type-page","status-publish","hentry"],"_links":{"self":[{"href":"https:\/\/ambbogota.esteri.it\/es\/wp-json\/wp\/v2\/pages\/168","targetHints":{"allow":["GET"]}}],"collection":[{"href":"https:\/\/ambbogota.esteri.it\/es\/wp-json\/wp\/v2\/pages"}],"about":[{"href":"https:\/\/ambbogota.esteri.it\/es\/wp-json\/wp\/v2\/types\/page"}],"author":[{"embeddable":true,"href":"https:\/\/ambbogota.esteri.it\/es\/wp-json\/wp\/v2\/users\/1"}],"replies":[{"embeddable":true,"href":"https:\/\/ambbogota.esteri.it\/es\/wp-json\/wp\/v2\/comments?post=168"}],"version-history":[{"count":7,"href":"https:\/\/ambbogota.esteri.it\/es\/wp-json\/wp\/v2\/pages\/168\/revisions"}],"predecessor-version":[{"id":7568,"href":"https:\/\/ambbogota.esteri.it\/es\/wp-json\/wp\/v2\/pages\/168\/revisions\/7568"}],"up":[{"embeddable":true,"href":"https:\/\/ambbogota.esteri.it\/es\/wp-json\/wp\/v2\/pages\/166"}],"wp:attachment":[{"href":"https:\/\/ambbogota.esteri.it\/es\/wp-json\/wp\/v2\/media?parent=168"}],"curies":[{"name":"wp","href":"https:\/\/api.w.org\/{rel}","templated":true}]}}