{"id":170,"date":"2023-04-11T18:17:44","date_gmt":"2023-04-11T23:17:44","guid":{"rendered":"https:\/\/ambbogota.esteri.it\/servizi-consolari-e-visti\/servizi-per-il-cittadino-italiano\/emergency-travel-documents-etd\/"},"modified":"2025-12-10T12:46:46","modified_gmt":"2025-12-10T17:46:46","slug":"emergency-travel-documents-etd","status":"publish","type":"page","link":"https:\/\/ambbogota.esteri.it\/es\/servizi-consolari-e-visti\/servizi-per-il-cittadino-italiano\/emergency-travel-documents-etd\/","title":{"rendered":"EU Emergency Travel Documents (EU &#8211;  ETD)"},"content":{"rendered":"<p>El EU ETD es un <strong>documento de emergencia<\/strong> que puede ser expedido a favor de connacionales o de ciudadanos de pa\u00edses UE, para los cuales no haya una Representaci\u00f3n Diplom\u00e1tica o Consular en el lugar, limitadamente para <strong>un solo viaje<\/strong> hacia el estado del cual el solicitante es ciudadano, hacia su pa\u00eds de residencia permanente o, excepcionalmente, hacia otro destino. Puede expedirse a cualquier ciudadano de la Uni\u00f3n Europea, con previa autorizaci\u00f3n del estado miembro de ciudadan\u00eda.<\/p>\n<p>Se recuerda que, conforme a la normativa vigente, El EU ETD <strong>tiene una validez igual a la duraci\u00f3n del viaje por el cual es expedido, <\/strong>por un<strong> m\u00e1ximo de 15 d\u00edas.<\/strong><\/p>\n<p>El documento\u00a0<strong>no <\/strong>es v\u00e1lido para un viaje con destino o escala\u00a0<strong>en los Estados Unidos\u00a0<\/strong>y <strong>Canad\u00e1<\/strong>, debido que la autoridad de estos pa\u00edses no expide el ESTA o ETA en este documento.<\/p>\n<p><strong>Requisitos para la solicitud:<\/strong><\/p>\n<ol>\n<li>Presentarse personalmente en la Embajada (<a href=\"https:\/\/ambbogota.esteri.it\/it\/servizi-consolari-e-visti\/servizi-per-il-cittadino-italiano\/prenotazioni-servizi-consolari\/\">horarios<\/a><u> de atenci\u00f3n al publico<\/u>);<\/li>\n<li><a href=\"https:\/\/ambbogota.esteri.it\/wp-content\/uploads\/2025\/12\/Modulo-richiesta.docx\">Formulario<\/a>\u00a0de solicitud;<\/li>\n<li>Denuncia de robo del pasaporte en la autoridad local competente (Fiscal\u00eda). En caso de p\u00e9rdida es posible realizar la denuncia directamente en la Embajada (<u>p\u00e9rdida o robo del pasaporte \u2013 Embajada de Italia en Bogot\u00e1<\/u>);<\/li>\n<li>Itinerario de viaje impreso (tiquete a\u00e9reo);<\/li>\n<li>2 fotos a color, recientes y con fondo blanco (3.5 cm x 4 cm).<\/li>\n<\/ol>\n<p><strong>Para el 2026 el UE ETD ser\u00e1 expedido gratuitamente<\/strong>.<\/p>\n<p>&nbsp;<\/p>\n<p><strong>UE ETD para menores de edad<\/strong><\/p>\n<p>En caso de que la persona que necesite el documento de emergencia sea menor de edad, deber\u00e1 presentarse con al menos uno de los dos padres, o con el adulto responsable durante el periodo del viaje.<\/p>\n<p>En el caso en que el padre no tenga nacionalidad italiana\/UE, o no pueda presentarse, deber\u00e1 autenticar la firma en el documento de autorizaci\u00f3n para la expedici\u00f3n del UE ETD a favor del menor en presencia de una autoridad italiana en el lugar de residencia (Consulado italiano\/Questura). El padre italiano\/UE, en cambio, podr\u00e1 firmar dicha autorizaci\u00f3n, firm\u00e1ndola con la misma firma utilizada en el documento italiano\/UE valido, del cual es titular, adjuntando una copia.<\/p>\n<p>&nbsp;<\/p>\n<p><strong>DEVOLUCI\u00d3N OBLIGATORIA DEL DOCUMENTO:<\/strong><\/p>\n<p>El beneficiario del UE ETD est\u00e1 obligado a entregar, una vez que llegue a su destino, el documento a la polic\u00eda de frontera o a otro puesto de polic\u00eda, independientemente de la validez residual.<\/p>\n<p>Si el beneficiario de un EU ETD expedido por una Oficina Consular viaja hacia un pa\u00eds distinto a Italia, el beneficiario tiene la obligaci\u00f3n de restituir el documento a la Oficina Consular territorialmente competente para la localidad de destinaci\u00f3n.<\/p>\n<p>&nbsp;<\/p>\n","protected":false},"excerpt":{"rendered":"El EU ETD es un documento de emergencia que puede ser expedido a favor de connacionales o de ciudadanos de pa\u00edses UE, para los cuales no haya una Representaci\u00f3n Diplom\u00e1tica o Consular en el lugar, limitadamente para un solo viaje hacia el estado del cual el solicitante es ciudadano, hacia su pa\u00eds de residencia permanente [&hellip;]","protected":false},"author":1,"featured_media":0,"parent":166,"menu_order":2,"comment_status":"closed","ping_status":"closed","template":"","meta":{"footnotes":""},"class_list":["post-170","page","type-page","status-publish","hentry"],"_links":{"self":[{"href":"https:\/\/ambbogota.esteri.it\/es\/wp-json\/wp\/v2\/pages\/170","targetHints":{"allow":["GET"]}}],"collection":[{"href":"https:\/\/ambbogota.esteri.it\/es\/wp-json\/wp\/v2\/pages"}],"about":[{"href":"https:\/\/ambbogota.esteri.it\/es\/wp-json\/wp\/v2\/types\/page"}],"author":[{"embeddable":true,"href":"https:\/\/ambbogota.esteri.it\/es\/wp-json\/wp\/v2\/users\/1"}],"replies":[{"embeddable":true,"href":"https:\/\/ambbogota.esteri.it\/es\/wp-json\/wp\/v2\/comments?post=170"}],"version-history":[{"count":6,"href":"https:\/\/ambbogota.esteri.it\/es\/wp-json\/wp\/v2\/pages\/170\/revisions"}],"predecessor-version":[{"id":7229,"href":"https:\/\/ambbogota.esteri.it\/es\/wp-json\/wp\/v2\/pages\/170\/revisions\/7229"}],"up":[{"embeddable":true,"href":"https:\/\/ambbogota.esteri.it\/es\/wp-json\/wp\/v2\/pages\/166"}],"wp:attachment":[{"href":"https:\/\/ambbogota.esteri.it\/es\/wp-json\/wp\/v2\/media?parent=170"}],"curies":[{"name":"wp","href":"https:\/\/api.w.org\/{rel}","templated":true}]}}