{"id":171,"date":"2023-04-11T18:18:20","date_gmt":"2023-04-11T23:18:20","guid":{"rendered":"https:\/\/ambbogota.esteri.it\/servizi-consolari-e-visti\/servizi-per-il-cittadino-italiano\/assistenza-ai-cittadini-allestero\/"},"modified":"2023-08-07T16:16:02","modified_gmt":"2023-08-07T21:16:02","slug":"assistenza-ai-cittadini-allestero","status":"publish","type":"page","link":"https:\/\/ambbogota.esteri.it\/es\/servizi-consolari-e-visti\/servizi-per-il-cittadino-italiano\/assistenza-ai-cittadini-allestero\/","title":{"rendered":"Asistencia a ciudadanos en el extranjero"},"content":{"rendered":"<p class=\"boxLevel03\">La actividad de asistencia consular est\u00e1 destinada a los ciudadanos italianos que se encuentran en una situaci\u00f3n\u00a0moment\u00e1nea\u00a0de dificultad y\/o indigencia.<\/p>\n<p>La asistencia consular puede ser:<\/p>\n<ul>\n<li>Sanitaria y econ\u00f3mica<\/li>\n<li>Repatriaci\u00f3n, repatriaci\u00f3n m\u00e9dica y repatriaci\u00f3n de cuerpos<\/li>\n<li>Protecci\u00f3n consular, cuestiones legales y sustracci\u00f3n de menores<\/li>\n<li>B\u00fasquedas de connacionales en el extranjero<\/li>\n<\/ul>\n<p>Para solicitar asistencia por favor enviar una solicitud detallada a\u00a0<a href=\"mailto:bogota.consolare@esteri.it\">bogota.consolare@esteri.it<\/a>\u00a0indicando:<\/p>\n<ul>\n<li>Tipo de asistencia consular necesitada<\/li>\n<li>Copia del documento de identidad italiano<\/li>\n<li>N\u00famero de tel\u00e9fono<\/li>\n<li>Direcci\u00f3n residencial<\/li>\n<li>Documentaci\u00f3n que sustente la solicitud de asistencia<\/li>\n<li>Nombres, direcciones y correos electr\u00f3nicos de familiares de contacto<\/li>\n<\/ul>\n","protected":false},"excerpt":{"rendered":"La actividad de asistencia consular est\u00e1 destinada a los ciudadanos italianos que se encuentran en una situaci\u00f3n\u00a0moment\u00e1nea\u00a0de dificultad y\/o indigencia. La asistencia consular puede ser: Sanitaria y econ\u00f3mica Repatriaci\u00f3n, repatriaci\u00f3n m\u00e9dica y repatriaci\u00f3n de cuerpos Protecci\u00f3n consular, cuestiones legales y sustracci\u00f3n de menores B\u00fasquedas de connacionales en el extranjero Para solicitar asistencia por favor enviar [&hellip;]","protected":false},"author":1,"featured_media":0,"parent":166,"menu_order":6,"comment_status":"closed","ping_status":"closed","template":"","meta":{"footnotes":""},"class_list":["post-171","page","type-page","status-publish","hentry"],"_links":{"self":[{"href":"https:\/\/ambbogota.esteri.it\/es\/wp-json\/wp\/v2\/pages\/171","targetHints":{"allow":["GET"]}}],"collection":[{"href":"https:\/\/ambbogota.esteri.it\/es\/wp-json\/wp\/v2\/pages"}],"about":[{"href":"https:\/\/ambbogota.esteri.it\/es\/wp-json\/wp\/v2\/types\/page"}],"author":[{"embeddable":true,"href":"https:\/\/ambbogota.esteri.it\/es\/wp-json\/wp\/v2\/users\/1"}],"replies":[{"embeddable":true,"href":"https:\/\/ambbogota.esteri.it\/es\/wp-json\/wp\/v2\/comments?post=171"}],"version-history":[{"count":4,"href":"https:\/\/ambbogota.esteri.it\/es\/wp-json\/wp\/v2\/pages\/171\/revisions"}],"predecessor-version":[{"id":297,"href":"https:\/\/ambbogota.esteri.it\/es\/wp-json\/wp\/v2\/pages\/171\/revisions\/297"}],"up":[{"embeddable":true,"href":"https:\/\/ambbogota.esteri.it\/es\/wp-json\/wp\/v2\/pages\/166"}],"wp:attachment":[{"href":"https:\/\/ambbogota.esteri.it\/es\/wp-json\/wp\/v2\/media?parent=171"}],"curies":[{"name":"wp","href":"https:\/\/api.w.org\/{rel}","templated":true}]}}