{"id":172,"date":"2023-04-11T18:18:56","date_gmt":"2023-04-11T23:18:56","guid":{"rendered":"https:\/\/ambbogota.esteri.it\/servizi-consolari-e-visti\/servizi-per-il-cittadino-italiano\/servizi-elettorali\/"},"modified":"2025-01-22T15:50:50","modified_gmt":"2025-01-22T20:50:50","slug":"servizi-elettorali","status":"publish","type":"page","link":"https:\/\/ambbogota.esteri.it\/es\/servizi-consolari-e-visti\/servizi-per-il-cittadino-italiano\/servizi-elettorali\/","title":{"rendered":"Servicios electorales"},"content":{"rendered":"<p style=\"font-weight: 400;\">Los ciudadanos italianos residentes en el extranjero (Colombia) e regularmente inscritos al A.I.R.E. pueden ejercer su derecho al voto en el pa\u00eds de residencia para las elecciones pol\u00edticas nacionales, para los refer\u00e9ndums ex art. 75 y 138 de la Constituci\u00f3n y para las elecciones del Parlamento Europeo.<\/p>\n<p style=\"font-weight: 400;\">El voto en el extranjero para las elecciones pol\u00edticas nacionales y el refer\u00e9ndum es regulado por la Ley 27 de diciembre de 2001, n. 459 y por el Reglamento (D.P.R. 2 de abril de 2003, n. 104) en cumplimiento de los art.48, 56 y 57 de la Constituci\u00f3n que han instituido la Jurisdicci\u00f3n extranjera.<\/p>\n<p style=\"font-weight: 400;\">El voto en el extranjero para las elecciones de los representantes italianos al Parlamento europeo es regulado por la ley 24 de enero de 1979 n.18 y por el Decreto-ley del 24 de junio de 1994 n. 408 (convertido en ley 3 de agosto de 1994, n.483).<\/p>\n<p style=\"font-weight: 400;\">Los electores italianos residentes en el extranjero y regularmente inscritos al A.I.R.E. pueden adem\u00e1s votar para las elecciones del COMITES-Comit\u00e9 de los Italianos en el extranjero (ley 23 de octubre de 2003, n. 283).<\/p>\n<p style=\"font-weight: 400;\"><b><strong>Enlace \u00fatil:<\/strong><\/b>\u00a0<a href=\"https:\/\/www.esteri.it\/it\/servizi-consolari-e-visti\/italiani-all-estero\/votoestero\/\">Voto all\u2019estero \u2013 Ministero degli Affari Esteri e della Cooperazione Internazionale<\/a><\/p>\n","protected":false},"excerpt":{"rendered":"Los ciudadanos italianos residentes en el extranjero (Colombia) e regularmente inscritos al A.I.R.E. pueden ejercer su derecho al voto en el pa\u00eds de residencia para las elecciones pol\u00edticas nacionales, para los refer\u00e9ndums ex art. 75 y 138 de la Constituci\u00f3n y para las elecciones del Parlamento Europeo. El voto en el extranjero para las elecciones [&hellip;]","protected":false},"author":1,"featured_media":0,"parent":166,"menu_order":8,"comment_status":"closed","ping_status":"closed","template":"","meta":{"footnotes":""},"class_list":["post-172","page","type-page","status-publish","hentry"],"_links":{"self":[{"href":"https:\/\/ambbogota.esteri.it\/es\/wp-json\/wp\/v2\/pages\/172","targetHints":{"allow":["GET"]}}],"collection":[{"href":"https:\/\/ambbogota.esteri.it\/es\/wp-json\/wp\/v2\/pages"}],"about":[{"href":"https:\/\/ambbogota.esteri.it\/es\/wp-json\/wp\/v2\/types\/page"}],"author":[{"embeddable":true,"href":"https:\/\/ambbogota.esteri.it\/es\/wp-json\/wp\/v2\/users\/1"}],"replies":[{"embeddable":true,"href":"https:\/\/ambbogota.esteri.it\/es\/wp-json\/wp\/v2\/comments?post=172"}],"version-history":[{"count":4,"href":"https:\/\/ambbogota.esteri.it\/es\/wp-json\/wp\/v2\/pages\/172\/revisions"}],"predecessor-version":[{"id":5252,"href":"https:\/\/ambbogota.esteri.it\/es\/wp-json\/wp\/v2\/pages\/172\/revisions\/5252"}],"up":[{"embeddable":true,"href":"https:\/\/ambbogota.esteri.it\/es\/wp-json\/wp\/v2\/pages\/166"}],"wp:attachment":[{"href":"https:\/\/ambbogota.esteri.it\/es\/wp-json\/wp\/v2\/media?parent=172"}],"curies":[{"name":"wp","href":"https:\/\/api.w.org\/{rel}","templated":true}]}}