{"id":173,"date":"2023-04-11T18:19:16","date_gmt":"2023-04-11T23:19:16","guid":{"rendered":"https:\/\/ambbogota.esteri.it\/servizi-consolari-e-visti\/servizi-per-il-cittadino-italiano\/servizi-notarili\/"},"modified":"2023-08-17T09:45:26","modified_gmt":"2023-08-17T14:45:26","slug":"servizi-notarili","status":"publish","type":"page","link":"https:\/\/ambbogota.esteri.it\/es\/servizi-consolari-e-visti\/servizi-per-il-cittadino-italiano\/servizi-notarili\/","title":{"rendered":"Servicios notariales"},"content":{"rendered":"<p>La oficina consular realiza, <strong>exclusivamente para los ciudadanos italianos que se encuentran en el extranjero de manera permanente o temporal<\/strong>, algunas funciones notariales previstas por nuestro ordenamiento jur\u00eddico. Se trata esencialmente de la recepci\u00f3n de escrituras p\u00fablicas (poderes, testamentos), escrituras notorias, autenticaciones y firmas puestas en escrituras privadas.<\/p>\n<p>Sin embargo, existen algunas diferencias entre las responsabilidades consulares en materia notarial y aquellas atribuidas a los notarios que ejercen en Italia, relacionadas sustancialmente con la diferente posici\u00f3n del Jefe de la Representaci\u00f3n Consular, funcionario del Estado, y la del notario, profesional aut\u00f3nomo.<\/p>\n<p>Efectivamente:<\/p>\n<ul>\n<li>el notario tambi\u00e9n puede ser llamado a actuar como asesor legal del cliente; por lo tanto, puede obtener informaci\u00f3n sobre la solvencia de una persona o actuar como mediador en una transacci\u00f3n, o asesorar del cliente sobre relaciones familiares o financieras. <strong>Se excluye que la Autoridad Consular pueda realizar actividades similares.<\/strong> Su consejo, si se le solicita, debe limitarse al campo jur\u00eddico, con particular atenci\u00f3n a la validez de los documentos que se le solicitan. Su asistencia debe limitarse a la legalidad de los actos propuestos y no a su utilidad econ\u00f3mica.<\/li>\n<li>el notario a veces puede ser el agente del cliente con respecto a la publicidad y ejecuci\u00f3n de tr\u00e1mites relacionados con los documentos recibidos por parte del cliente. <strong>Ninguna actividad de esta naturaleza puede, en cambio, ser realizada por el Jefe de la Representaci\u00f3n Consular.<\/strong><\/li>\n<li>mientras que el notario tiene derecho a honorarios, <strong>todas las escrituras consulares est\u00e1n sujetas \u00fanicamente a los honorarios indicados en el derechos consulares.<\/strong><\/li>\n<\/ul>\n<p>Un ciudadano italiano en el extranjero puede, alternativamente, formalizar la escritura con un notario p\u00fablico oficialmente acreditado en el pa\u00eds de residencia. Posteriormente, si el pa\u00eds se ha adherido al Convenio de La Haya de 1961 para la abolici\u00f3n de la legalizaci\u00f3n, debe disponer que la \u00abapostilla\u00bb sea colocada en el documento por la autoridad competente del pa\u00eds de residencia. Si el pa\u00eds no se ha adherido a la mencionada Convenci\u00f3n, deber\u00e1 tener la firma del notario legalizada por la representaci\u00f3n consular italiana.<\/p>\n","protected":false},"excerpt":{"rendered":"La oficina consular realiza, exclusivamente para los ciudadanos italianos que se encuentran en el extranjero de manera permanente o temporal, algunas funciones notariales previstas por nuestro ordenamiento jur\u00eddico. Se trata esencialmente de la recepci\u00f3n de escrituras p\u00fablicas (poderes, testamentos), escrituras notorias, autenticaciones y firmas puestas en escrituras privadas. Sin embargo, existen algunas diferencias entre las [&hellip;]","protected":false},"author":1,"featured_media":0,"parent":166,"menu_order":10,"comment_status":"closed","ping_status":"closed","template":"","meta":{"footnotes":""},"class_list":["post-173","page","type-page","status-publish","hentry"],"_links":{"self":[{"href":"https:\/\/ambbogota.esteri.it\/es\/wp-json\/wp\/v2\/pages\/173","targetHints":{"allow":["GET"]}}],"collection":[{"href":"https:\/\/ambbogota.esteri.it\/es\/wp-json\/wp\/v2\/pages"}],"about":[{"href":"https:\/\/ambbogota.esteri.it\/es\/wp-json\/wp\/v2\/types\/page"}],"author":[{"embeddable":true,"href":"https:\/\/ambbogota.esteri.it\/es\/wp-json\/wp\/v2\/users\/1"}],"replies":[{"embeddable":true,"href":"https:\/\/ambbogota.esteri.it\/es\/wp-json\/wp\/v2\/comments?post=173"}],"version-history":[{"count":4,"href":"https:\/\/ambbogota.esteri.it\/es\/wp-json\/wp\/v2\/pages\/173\/revisions"}],"predecessor-version":[{"id":883,"href":"https:\/\/ambbogota.esteri.it\/es\/wp-json\/wp\/v2\/pages\/173\/revisions\/883"}],"up":[{"embeddable":true,"href":"https:\/\/ambbogota.esteri.it\/es\/wp-json\/wp\/v2\/pages\/166"}],"wp:attachment":[{"href":"https:\/\/ambbogota.esteri.it\/es\/wp-json\/wp\/v2\/media?parent=173"}],"curies":[{"name":"wp","href":"https:\/\/api.w.org\/{rel}","templated":true}]}}