{"id":176,"date":"2023-04-11T18:20:20","date_gmt":"2023-04-11T23:20:20","guid":{"rendered":"https:\/\/ambbogota.esteri.it\/servizi-consolari-e-visti\/servizi-per-il-cittadino-italiano\/codice-fiscale\/"},"modified":"2025-03-11T14:06:59","modified_gmt":"2025-03-11T19:06:59","slug":"codice-fiscale","status":"publish","type":"page","link":"https:\/\/ambbogota.esteri.it\/es\/servizi-consolari-e-visti\/servizi-per-il-cittadino-italiano\/codice-fiscale\/","title":{"rendered":"C\u00f3digo Fiscal"},"content":{"rendered":"<div id=\"tw-target-text-container\" class=\"tw-ta-container F0azHf tw-nfl\" tabindex=\"0\">\n<ol>\n<li><strong>\u00bfQu\u00e9 es?<\/strong><\/li>\n<li><strong>\u00bfPara qu\u00e9 sirve?<\/strong><\/li>\n<li><strong>\u00bfC\u00f3mo presentar la solicitud?<\/strong><\/li>\n<\/ol>\n<ol>\n<li><strong>\u00bfQu\u00e9 es?<br \/>\n<\/strong>El c\u00f3digo fiscal es el c\u00f3digo alfanum\u00e9rico emitido por la \u201cAgenzia delle Entrate\u201d para identificar al ciudadano (italiano o extranjero) en sus relaciones con las administraciones p\u00fablicas, entidades privadas e instituciones italianas. Para las personas f\u00edsicas, el c\u00f3digo fiscal se determina con base en los datos personales.<\/li>\n<\/ol>\n<ol start=\"2\">\n<li><strong>\u00bfPara qu\u00e9 sirve?<br \/>\n<\/strong>Cualquier tr\u00e1mite administrativo (pago de impuestos, tasas, c\u00e1nones, etc.) o actividad comercial (aceptaci\u00f3n de herencias, contratos con entidades p\u00fablicas o privadas, solicitudes de financiaci\u00f3n, patrocinios, alquileres o comodatos de bienes inmuebles, etc.) requiere la indicaci\u00f3n del c\u00f3digo fiscal del sujeto que lo realiza.<\/li>\n<\/ol>\n<ol start=\"3\">\n<li><strong><strong>\u00bfC\u00f3mo presentar la solicitud?<br \/>\n<\/strong><\/strong>A) Los<strong> ciudadanos italianos residentes en el extranjero <\/strong>pueden solicitar el c\u00f3digo fiscal de dos maneras<strong>:<br \/>\n<\/strong>&#8211; En la <strong>Oficina Consular<\/strong> donde est\u00e9n registrados;<br \/>\n&#8211; En las <strong>oficinas de la \u201cAgenzia delle Entrate\u201d<\/strong> en Italia.<br \/>\nB) Los<strong> Ciudadanos extranjeros no residentes en Italia<\/strong> pueden delegar a una persona para presentar el formulario de solicitud del c\u00f3digo fiscal directamente en las oficinas de la \u201cAgenzia delle Entrate\u201d en Italia.<\/li>\n<\/ol>\n<p><strong>CIUDADANOS ITALIANOS RESIDENTES EN EL EXTRANJERO REGISTRADOS EN AIRE<\/strong><\/p>\n<p><strong>\u00a0<\/strong>Los ciudadanos italianos mayores de edad registrados en AIRE pueden solicitar el c\u00f3digo fiscal para s\u00ed mismos y para sus hijos menores a trav\u00e9s del portal telem\u00e1tico Fast-it, accediendo al servicio correspondiente y siguiendo las indicaciones. Tambi\u00e9n podr\u00e1n descargar el certificado del c\u00f3digo fiscal una vez se haya completado el tr\u00e1mite.<\/p>\n<p><strong>Pasos:<\/strong><\/p>\n<ol>\n<li>Accede al <a href=\"https:\/\/serviziconsolari.esteri.it\/ScoFE\/index.sco\">Portal Fast It<\/a>;<\/li>\n<li>Haz clic en \u00abAnagrafe Consolare e AIRE\u00bb y luego en \u00abAttribuzione Codice Fiscale\u00bb;<\/li>\n<li>Confirma los datos y comienza la solicitud;<\/li>\n<li>Una vez el Consulado haya procesado la solicitud, podr\u00e1s descargar el certificado de atribuci\u00f3n del c\u00f3digo fiscal.<\/li>\n<\/ol>\n<p><strong>Si no puedes descargar el certificado:<\/strong><\/p>\n<ol>\n<li>Reg\u00edstrate en el <a href=\"https:\/\/serviziconsolari.esteri.it\/ScoFE\/index.sco\">portal FAST IT<\/a> o inicia sesi\u00f3n si ya tienes una cuenta activa;<\/li>\n<li>Solicita la \u00abAsociaci\u00f3n en l\u00ednea\u00bb haciendo clic en \u00abAnagrafe Consolare e AIRE\u00bb y luego en \u00abVisualizzare la propria scheda anagrafica\u00bb;<\/li>\n<li>Recibir\u00e1s un correo confirmando la asociaci\u00f3n;<\/li>\n<li>Vuelve a acceder al portal y descarga el certificado.<\/li>\n<\/ol>\n<p>Los ciudadanos mayores de edad registrados en AIRE que ya tienen el c\u00f3digo fiscal pueden descargar directamente el certificado de acreditaci\u00f3n del c\u00f3digo fiscal a trav\u00e9s del portal telem\u00e1tico Fast-it, siguiendo las indicaciones. No ser\u00e1 necesario que el Consulado emita el certificado.<\/p>\n<p>Las personas que deseen recibir tambi\u00e9n la tarjeta del c\u00f3digo fiscal deben solicitar el c\u00f3digo fiscal y la tarjeta presentando el formulario correspondiente junto con una copia de un documento de identidad.<\/p>\n<p><strong>En caso de p\u00e9rdida o destrucci\u00f3n del certificado o tarjeta:<\/strong> Se puede solicitar un duplicado siguiendo el mismo procedimiento que para la atribuci\u00f3n.<\/p>\n<p><strong>CIUDADANOS EXTRANJEROS NO RESIDENTES EN ITALIA<\/strong><\/p>\n<p>Los ciudadanos extranjeros (que no tengan la ciudadan\u00eda italiana) no residentes en Italia deben delegar a una persona para presentar la solicitud del c\u00f3digo fiscal en las oficinas de la \u201cAgenzia delle Entrate\u201d en Italia. No pueden solicitarlo en la Embajada o el Consulado salvo en casos particulares descritos a continuaci\u00f3n.<\/p>\n<p>Las direcciones de las oficinas de la \u201cAgenzia delle Entrate\u201dse pueden encontrar en el sitio web <a href=\"http:\/\/www.agenziaentrate.it\">www.agenziaentrate.it<\/a>.<\/p>\n<p>El ciudadano extranjero puede solicitar el c\u00f3digo fiscal de las siguientes maneras:<\/p>\n<ul>\n<li><strong>Estudiantes<\/strong> que necesiten el c\u00f3digo fiscal para la <strong>preinscripci\u00f3n en la Universidad<\/strong> pueden obtenerlo autom\u00e1ticamente en el <strong>Portal UNIVERSITALY<\/strong> durante la solicitud de preinscripci\u00f3n. Al llegar a Italia, podr\u00e1n perfeccionar la atribuci\u00f3n del C\u00f3digo Fiscal:\n<ul>\n<li>En el <strong>\u201cSportello Unico dell\u2019Immigrazione\u201d<\/strong> (para estudiantes extracomunitarios);<\/li>\n<li>En la <strong>\u201cQuestura\u201d<\/strong> al solicitar el permiso de estad\u00eda (para estudiantes extracomunitarios);<\/li>\n<li>En la <strong>\u201cAgenzia delle Entrate\u201d<\/strong> (para estudiantes comunitarios).<\/li>\n<\/ul>\n<\/li>\n<li><strong>Ciudadanos extranjeros que necesiten el c\u00f3digo fiscal para la compra de inmuebles u otras actividades comerciales\/financieras<\/strong> en Italia pueden delegar a su representante para solicitar el c\u00f3digo fiscal en la \u201cAgenzia delle Entrate\u201d.<\/li>\n<li><strong>Ciudadanos de pa\u00edses extracomunitarios que pretendan residir en Italia<\/strong> pueden solicitar el c\u00f3digo fiscal de las siguientes maneras:\n<ul>\n<li>En el <strong>\u201cSportello Unico dell\u2019Immigrazione\u201d<\/strong>, presente en cada Prefectura (para permisos de estad\u00eda por trabajo subordinado o reagrupaci\u00f3n familiar);<\/li>\n<li>En la <strong>\u201cQuestura\u201d<\/strong> (para otros tipos de permisos de estad\u00eda).<\/li>\n<\/ul>\n<\/li>\n<li><strong>Ciudadanos de pa\u00edses comunitarios que pretendan residir en Italia<\/strong> pueden solicitar el c\u00f3digo fiscal en una Oficina Territorial de la \u201cAgenzia delle Entrate\u201d.<\/li>\n<li><strong>Ciudadano extranjero<\/strong> que necesite el c\u00f3digo fiscal para iniciar un <strong>procedimiento judicial en Italia<\/strong> puede delegar a su abogado en Italia para solicitar el c\u00f3digo fiscal en su nombre.<\/li>\n<li><strong>Ciudadano extranjero<\/strong> que necesite el c\u00f3digo fiscal para <strong>procedimientos en l\u00ednea<\/strong> y\/o que <strong>no pueda delegar a un representante<\/strong> para la solicitud en la \u201cAgenzia delle Entrate\u201dpuede solicitarlo en la <strong>Oficina Consular italiana competente por residencia<\/strong>. La solicitud de c\u00f3digo fiscal debe presentarse completando el <a href=\"https:\/\/ambbogota.esteri.it\/wp-content\/uploads\/2023\/08\/modulo_codice_fiscale.pdf\">formulario<\/a> correspondiente y adjuntando una copia del documento de identidad y una carta indicando las motivaciones de la solicitud.<\/li>\n<\/ul>\n<\/div>\n","protected":false},"excerpt":{"rendered":"\u00bfQu\u00e9 es? \u00bfPara qu\u00e9 sirve? \u00bfC\u00f3mo presentar la solicitud? \u00bfQu\u00e9 es? El c\u00f3digo fiscal es el c\u00f3digo alfanum\u00e9rico emitido por la \u201cAgenzia delle Entrate\u201d para identificar al ciudadano (italiano o extranjero) en sus relaciones con las administraciones p\u00fablicas, entidades privadas e instituciones italianas. Para las personas f\u00edsicas, el c\u00f3digo fiscal se determina con base en [&hellip;]","protected":false},"author":1,"featured_media":0,"parent":166,"menu_order":18,"comment_status":"closed","ping_status":"closed","template":"","meta":{"footnotes":""},"class_list":["post-176","page","type-page","status-publish","hentry"],"_links":{"self":[{"href":"https:\/\/ambbogota.esteri.it\/es\/wp-json\/wp\/v2\/pages\/176","targetHints":{"allow":["GET"]}}],"collection":[{"href":"https:\/\/ambbogota.esteri.it\/es\/wp-json\/wp\/v2\/pages"}],"about":[{"href":"https:\/\/ambbogota.esteri.it\/es\/wp-json\/wp\/v2\/types\/page"}],"author":[{"embeddable":true,"href":"https:\/\/ambbogota.esteri.it\/es\/wp-json\/wp\/v2\/users\/1"}],"replies":[{"embeddable":true,"href":"https:\/\/ambbogota.esteri.it\/es\/wp-json\/wp\/v2\/comments?post=176"}],"version-history":[{"count":6,"href":"https:\/\/ambbogota.esteri.it\/es\/wp-json\/wp\/v2\/pages\/176\/revisions"}],"predecessor-version":[{"id":5892,"href":"https:\/\/ambbogota.esteri.it\/es\/wp-json\/wp\/v2\/pages\/176\/revisions\/5892"}],"up":[{"embeddable":true,"href":"https:\/\/ambbogota.esteri.it\/es\/wp-json\/wp\/v2\/pages\/166"}],"wp:attachment":[{"href":"https:\/\/ambbogota.esteri.it\/es\/wp-json\/wp\/v2\/media?parent=176"}],"curies":[{"name":"wp","href":"https:\/\/api.w.org\/{rel}","templated":true}]}}