{"id":183,"date":"2023-04-11T18:12:44","date_gmt":"2023-04-11T23:12:44","guid":{"rendered":"https:\/\/ambbogota.esteri.it\/servizi-consolari-e-visti\/servizi-per-il-cittadino-straniero\/"},"modified":"2025-02-28T12:21:48","modified_gmt":"2025-02-28T17:21:48","slug":"servizi-per-il-cittadino-straniero","status":"publish","type":"page","link":"https:\/\/ambbogota.esteri.it\/es\/servizi-consolari-e-visti\/servizi-per-il-cittadino-straniero\/","title":{"rendered":"Servicios para el ciudadano extranjero"},"content":{"rendered":"<p>Despl\u00e1cese por el men\u00fa a la derecha y seleccione la opci\u00f3n de su inter\u00e9s.<\/p>\n<p><strong>La normativa vigente sobre la privacidad de los datos personales (Ley 675\/96) no permite proporcionar informaci\u00f3n sobre ciudadanos sin su autorizaci\u00f3n expresa.<\/strong><\/p>\n","protected":false},"excerpt":{"rendered":"Despl\u00e1cese por el men\u00fa a la derecha y seleccione la opci\u00f3n de su inter\u00e9s. La normativa vigente sobre la privacidad de los datos personales (Ley 675\/96) no permite proporcionar informaci\u00f3n sobre ciudadanos sin su autorizaci\u00f3n expresa.","protected":false},"author":1,"featured_media":0,"parent":160,"menu_order":2,"comment_status":"closed","ping_status":"closed","template":"","meta":{"footnotes":""},"class_list":["post-183","page","type-page","status-publish","hentry"],"_links":{"self":[{"href":"https:\/\/ambbogota.esteri.it\/es\/wp-json\/wp\/v2\/pages\/183","targetHints":{"allow":["GET"]}}],"collection":[{"href":"https:\/\/ambbogota.esteri.it\/es\/wp-json\/wp\/v2\/pages"}],"about":[{"href":"https:\/\/ambbogota.esteri.it\/es\/wp-json\/wp\/v2\/types\/page"}],"author":[{"embeddable":true,"href":"https:\/\/ambbogota.esteri.it\/es\/wp-json\/wp\/v2\/users\/1"}],"replies":[{"embeddable":true,"href":"https:\/\/ambbogota.esteri.it\/es\/wp-json\/wp\/v2\/comments?post=183"}],"version-history":[{"count":3,"href":"https:\/\/ambbogota.esteri.it\/es\/wp-json\/wp\/v2\/pages\/183\/revisions"}],"predecessor-version":[{"id":5821,"href":"https:\/\/ambbogota.esteri.it\/es\/wp-json\/wp\/v2\/pages\/183\/revisions\/5821"}],"up":[{"embeddable":true,"href":"https:\/\/ambbogota.esteri.it\/es\/wp-json\/wp\/v2\/pages\/160"}],"wp:attachment":[{"href":"https:\/\/ambbogota.esteri.it\/es\/wp-json\/wp\/v2\/media?parent=183"}],"curies":[{"name":"wp","href":"https:\/\/api.w.org\/{rel}","templated":true}]}}