{"id":184,"date":"2023-04-11T18:22:07","date_gmt":"2023-04-11T23:22:07","guid":{"rendered":"https:\/\/ambbogota.esteri.it\/servizi-consolari-e-visti\/servizi-per-il-cittadino-straniero\/visti\/"},"modified":"2024-06-11T03:59:56","modified_gmt":"2024-06-11T08:59:56","slug":"visti","status":"publish","type":"page","link":"https:\/\/ambbogota.esteri.it\/es\/servizi-consolari-e-visti\/servizi-per-il-cittadino-straniero\/visti\/","title":{"rendered":"Visas"},"content":{"rendered":"<p style=\"text-align: justify;\">La solicitud de visa se debe hacer directamente en la Embajada de Italia en Bogot\u00e0 (Calle 93-B n. 9-92) presentando en la Embajada la documentaci\u00f3n necesaria para la tipolog\u00eda de visa a la cual se desea aplicar.<\/p>\n<p style=\"text-align: justify;\">Adem\u00e1s, se informa a los usuarios que el horario de recibimiento de las solicitudes de visa ser\u00e1 garantizado de la siguiente manera: lunes, mi\u00e9rcoles, jueves y viernes desde las 8:30 am hasta las 11:30 am y los martes desde las 13:30 hasta las 15:00 sin cita previa y sin restricciones. La recepci\u00f3n se asegurar\u00e1 en funci\u00f3n de la hora de llegada y teniendo en cuenta las categor\u00edas protegidas (personas con discapacidad, familias con ni\u00f1os menores de dos a\u00f1os, mujeres embarazadas, adultos mayores de 75 a\u00f1os) que tendr\u00e1n acceso prioritario.<\/p>\n<p style=\"text-align: justify;\">Desde el 1 de enero de 2019 la Embajada de Italia no autoriza ning\u00fan intermediario para le gesti\u00f3n y solicitud de visa.<\/p>\n<p style=\"text-align: justify;\"><strong>ATENCI\u00d3N <\/strong><\/p>\n<p style=\"text-align: justify;\">Los ciudadanos colombianos est\u00e1n exentos de solicitar la visa cuando viajen al espacio Schengen por razones de turismo\/negocios\/misi\u00f3n\/competencia deportiva\/estudio\/invitaci\u00f3n, por un m\u00e1ximo de 90 d\u00edas en el arco temporal de 180 d\u00edas. La contabilizaci\u00f3n de los d\u00edas empieza el primer d\u00eda de entrada en el espacio Schengen (lo comprueba el sello colocado en el pasaporte).<\/p>\n<p style=\"text-align: justify;\">Visite la p\u00e1gina web <a href=\"http:\/\/vistoperitalia.esteri.it\/home.aspx\"><strong>Il Visto per l\u2019Italia<\/strong><\/a> para informaci\u00f3n respeto a todas las tipolog\u00edas de visas (Nacionales y Shengen) previstas por la normativa italiana y aplicable a todas las nacionalidades.<\/p>\n","protected":false},"excerpt":{"rendered":"La solicitud de visa se debe hacer directamente en la Embajada de Italia en Bogot\u00e0 (Calle 93-B n. 9-92) presentando en la Embajada la documentaci\u00f3n necesaria para la tipolog\u00eda de visa a la cual se desea aplicar. Adem\u00e1s, se informa a los usuarios que el horario de recibimiento de las solicitudes de visa ser\u00e1 garantizado [&hellip;]","protected":false},"author":1,"featured_media":0,"parent":183,"menu_order":0,"comment_status":"closed","ping_status":"closed","template":"","meta":{"footnotes":""},"class_list":["post-184","page","type-page","status-publish","hentry"],"_links":{"self":[{"href":"https:\/\/ambbogota.esteri.it\/es\/wp-json\/wp\/v2\/pages\/184","targetHints":{"allow":["GET"]}}],"collection":[{"href":"https:\/\/ambbogota.esteri.it\/es\/wp-json\/wp\/v2\/pages"}],"about":[{"href":"https:\/\/ambbogota.esteri.it\/es\/wp-json\/wp\/v2\/types\/page"}],"author":[{"embeddable":true,"href":"https:\/\/ambbogota.esteri.it\/es\/wp-json\/wp\/v2\/users\/1"}],"replies":[{"embeddable":true,"href":"https:\/\/ambbogota.esteri.it\/es\/wp-json\/wp\/v2\/comments?post=184"}],"version-history":[{"count":5,"href":"https:\/\/ambbogota.esteri.it\/es\/wp-json\/wp\/v2\/pages\/184\/revisions"}],"predecessor-version":[{"id":3925,"href":"https:\/\/ambbogota.esteri.it\/es\/wp-json\/wp\/v2\/pages\/184\/revisions\/3925"}],"up":[{"embeddable":true,"href":"https:\/\/ambbogota.esteri.it\/es\/wp-json\/wp\/v2\/pages\/183"}],"wp:attachment":[{"href":"https:\/\/ambbogota.esteri.it\/es\/wp-json\/wp\/v2\/media?parent=184"}],"curies":[{"name":"wp","href":"https:\/\/api.w.org\/{rel}","templated":true}]}}