{"id":190,"date":"2023-04-11T17:48:10","date_gmt":"2023-04-11T22:48:10","guid":{"rendered":"https:\/\/ambbogota.esteri.it\/amministrazione-trasparente\/"},"modified":"2023-08-23T14:53:25","modified_gmt":"2023-08-23T19:53:25","slug":"amministrazione-trasparente","status":"publish","type":"page","link":"https:\/\/ambbogota.esteri.it\/es\/amministrazione-trasparente\/","title":{"rendered":"Administraci\u00f3n transparente"},"content":{"rendered":"<p>Las oficinas diplom\u00e1tico-consular en el exterior constituyen articulaciones perif\u00e9ricas del Ministerio de Relaciones Exteriores y de la Cooperaci\u00f3n Internacional, que aseguran la transparencia de los datos a trav\u00e9s de la secci\u00f3n \u00abadministraci\u00f3n transparente\u00bb del sitio web <a href=\"https:\/\/www.esteri.it\/it\">www.esteri.it<\/a>. Las secciones de la presente p\u00e1gina renv\u00edan en la mayor parte a las correspondientes secciones del sitio web de la administraci\u00f3n central.<\/p>\n<p><strong>Para mayor informaci\u00f3n visita el sitio web de la Autoridad <\/strong><b>Nacional Anticorrupci\u00f3n<\/b>\u00a0(<a title=\"Autorita' Nazionale Anticorruzione\" href=\"http:\/\/www.anticorruzione.it\/portal\/public\/classic\/\">ANAC)<\/a><\/p>\n<ul>\n<li style=\"list-style-type: none;\">\n<ul>\n<li><a title=\"Disposizioni Generali\" href=\"https:\/\/www.esteri.it\/it\/trasparenza_comunicazioni_legali\/disposizioni_generali\">Disposizioni generali<\/a><\/li>\n<li><a title=\"Organizzazione\" href=\"https:\/\/www.esteri.it\/it\/trasparenza_comunicazioni_legali\/organizzazione\">Organizzazione<\/a>\n<ul>\n<li><a href=\"https:\/\/ambbogota.esteri.it\/it\/chi-siamo\/gli-uffici\/\">Articolazione degli uffici<\/a>\u00a0<em>(art. 13, c. 1, lett. b, c)<\/em><\/li>\n<li><a href=\"https:\/\/ambbogota.esteri.it\/it\/chi-siamo\/contatti\/\">Telefono e posta elettronica<\/a>\u00a0<em>(art. 13, c. 1, lett. d)<\/em><\/li>\n<\/ul>\n<\/li>\n<li><a href=\"https:\/\/ambbogota.esteri.it\/it\/amministrazione-trasparente\/consulenti-e-collaboratori\/\">Consulenti e collaboratori<\/a>\u00a0<em>(art. 15, c. 1, 2)<\/em><\/li>\n<li><a title=\"Personale\" href=\"https:\/\/www.esteri.it\/it\/trasparenza_comunicazioni_legali\/personale\">Personale<\/a><\/li>\n<li><a href=\"https:\/\/ambbogota.esteri.it\/it\/amministrazione-trasparente\/bandi-di-concorso\/\">Bandi di concorso<\/a><em>(art. 19) Ultimo aggiornamento 29\/03\/2018<\/em><\/li>\n<li><a title=\"Performance\" href=\"https:\/\/www.esteri.it\/it\/trasparenza_comunicazioni_legali\/Performance\/\">Performance<\/a><\/li>\n<li><a title=\"Enti controllati\" href=\"https:\/\/www.esteri.it\/it\/trasparenza_comunicazioni_legali\/Enti_controllati\/\">Enti controllati<\/a><\/li>\n<li><a href=\"https:\/\/www.esteri.it\/it\/trasparenza_comunicazioni_legali\/attivita_e_procedimenti\">Attivit\u00e0 e procedimenti<\/a>\n<ul>\n<li><a href=\"https:\/\/ambbogota.esteri.it\/it\/amministrazione-trasparente\/tipologie-di-procedimento\/\">Tipologie di procedimento<\/a>\u00a0<em>(art. 35, c. 1, 2)<\/em><\/li>\n<li><a href=\"https:\/\/ambbogota.esteri.it\/wp-content\/uploads\/2023\/07\/amb_bogot_tabella_procedimenti_a_istanza_di_parte_rev_16_3_2023.pdf\">Procedimenti a istanza di parte<\/a><\/li>\n<\/ul>\n<\/li>\n<li><a title=\"Provvedimenti\" href=\"https:\/\/www.esteri.it\/it\/trasparenza_comunicazioni_legali\/provvedimenti\">Provvedimenti<\/a><\/li>\n<li><a href=\"https:\/\/www.esteri.it\/it\/trasparenza_comunicazioni_legali\/controlli-sulle-imprese\">Controlli sulle imprese<\/a><\/li>\n<li><a href=\"https:\/\/ambbogota.esteri.it\/it\/amministrazione-trasparente\/bandi-di-gara-e-contratti\/\" target=\"_blank\" rel=\"noopener\">Bandi di gara e contratti<\/a>\u00a0<em>(ex art. 37)<\/em>\n<ul>\n<li><a href=\"https:\/\/ambbogota.esteri.it\/wp-content\/uploads\/2023\/07\/2018_-tabella_trasparenza-1.xlsx\">2018<\/a><\/li>\n<li><a href=\"https:\/\/ambbogota.esteri.it\/wp-content\/uploads\/2023\/07\/2017_-_tabella_trasparenza-1.xlsx\">2017<\/a><\/li>\n<li><a href=\"https:\/\/ambbogota.esteri.it\/wp-content\/uploads\/2023\/07\/2016_-tabella_trasparenza-1.xlsx\">2016<\/a><\/li>\n<li><a href=\"https:\/\/www.esteri.it\/mae\/it\/trasparenza_comunicazioni_legali\/bandi-gara-contratti\/informazioni-sulle-singole-procedure\">Informazioni sulle singole procedure in formato tabellare<\/a><\/li>\n<\/ul>\n<\/li>\n<li><a href=\"https:\/\/ambbogota.esteri.it\/it\/amministrazione-trasparente\/sovvenzioni-contributi-sussidi-vantaggi-economici\/\">Sovvenzioni, contributi, sussidi, vantaggi economici\u00a0<\/a><em>(ex art. 26 e 27)<\/em><\/li>\n<li><a title=\"Bilanci\" href=\"https:\/\/www.esteri.it\/it\/trasparenza_comunicazioni_legali\/bilanci\">Bilanci<\/a><\/li>\n<li><a href=\"https:\/\/www.esteri.it\/it\/trasparenza_comunicazioni_legali\/bilancio-trasparente\">Bilancio trasparente<\/a><\/li>\n<li><a title=\"Beni immobili e gestione patrimonio\" href=\"https:\/\/www.esteri.it\/it\/trasparenza_comunicazioni_legali\/beni_immobili_gestione_patrimonio\">Beni immobili e gestione patrimonio<\/a><\/li>\n<li><a title=\"Controlli e rilievi sull&amp;#39amministrazione\" href=\"https:\/\/www.esteri.it\/it\/trasparenza_comunicazioni_legali\/controlli-e-rilievi-sull-amministrazione\">Controlli e rilievi sull&#8217;amministrazione<\/a><\/li>\n<li><a title=\"Servizi erogati\" href=\"https:\/\/www.esteri.it\/it\/trasparenza_comunicazioni_legali\/servizi_erogati\">Servizi erogati<\/a><\/li>\n<li><a title=\"Pagamenti dell&amp;#39amministrazione\" href=\"https:\/\/www.esteri.it\/it\/trasparenza_comunicazioni_legali\/pagamenti%20amministrazione\">Pagamenti dell&#8217;amministrazione<\/a><\/li>\n<li><a href=\"https:\/\/www.esteri.it\/it\/trasparenza_comunicazioni_legali\/opere-pubbliche\">Opere pubbliche<\/a><\/li>\n<li><a href=\"https:\/\/www.esteri.it\/it\/trasparenza_comunicazioni_legali\/pianificazione_governo_territorio\">Pianificazione e governo del territorio<\/a><\/li>\n<li><a href=\"https:\/\/www.esteri.it\/it\/trasparenza_comunicazioni_legali\/informazioni_ambientali\">Informazioni ambientali<\/a><\/li>\n<li><a href=\"https:\/\/www.esteri.it\/it\/trasparenza_comunicazioni_legali\/interventi-straordinari-emergenza\">Interventi straordinari di emergenza<\/a><\/li>\n<li><a title=\"Altri contenuti\" href=\"https:\/\/www.esteri.it\/it\/trasparenza_comunicazioni_legali\/altri-contenuti-canale\">Altri contenuti<\/a><\/li>\n<\/ul>\n<\/li>\n<\/ul>\n","protected":false},"excerpt":{"rendered":"Las oficinas diplom\u00e1tico-consular en el exterior constituyen articulaciones perif\u00e9ricas del Ministerio de Relaciones Exteriores y de la Cooperaci\u00f3n Internacional, que aseguran la transparencia de los datos a trav\u00e9s de la secci\u00f3n \u00abadministraci\u00f3n transparente\u00bb del sitio web www.esteri.it. Las secciones de la presente p\u00e1gina renv\u00edan en la mayor parte a las correspondientes secciones del sitio web [&hellip;]","protected":false},"author":1,"featured_media":0,"parent":0,"menu_order":10,"comment_status":"closed","ping_status":"closed","template":"","meta":{"footnotes":""},"class_list":["post-190","page","type-page","status-publish","hentry"],"_links":{"self":[{"href":"https:\/\/ambbogota.esteri.it\/es\/wp-json\/wp\/v2\/pages\/190","targetHints":{"allow":["GET"]}}],"collection":[{"href":"https:\/\/ambbogota.esteri.it\/es\/wp-json\/wp\/v2\/pages"}],"about":[{"href":"https:\/\/ambbogota.esteri.it\/es\/wp-json\/wp\/v2\/types\/page"}],"author":[{"embeddable":true,"href":"https:\/\/ambbogota.esteri.it\/es\/wp-json\/wp\/v2\/users\/1"}],"replies":[{"embeddable":true,"href":"https:\/\/ambbogota.esteri.it\/es\/wp-json\/wp\/v2\/comments?post=190"}],"version-history":[{"count":7,"href":"https:\/\/ambbogota.esteri.it\/es\/wp-json\/wp\/v2\/pages\/190\/revisions"}],"predecessor-version":[{"id":5945,"href":"https:\/\/ambbogota.esteri.it\/es\/wp-json\/wp\/v2\/pages\/190\/revisions\/5945"}],"wp:attachment":[{"href":"https:\/\/ambbogota.esteri.it\/es\/wp-json\/wp\/v2\/media?parent=190"}],"curies":[{"name":"wp","href":"https:\/\/api.w.org\/{rel}","templated":true}]}}