{"id":2290,"date":"2023-11-09T12:12:54","date_gmt":"2023-11-09T17:12:54","guid":{"rendered":"https:\/\/ambbogota.esteri.it\/?page_id=2290"},"modified":"2025-01-27T16:50:39","modified_gmt":"2025-01-27T21:50:39","slug":"visa-para-trabajo-dependiente-maritimo","status":"publish","type":"page","link":"https:\/\/ambbogota.esteri.it\/es\/servizi-consolari-e-visti\/servizi-per-il-cittadino-straniero\/visti\/visas-requisitos\/visas-de-trabajo\/visa-para-trabajo-dependiente-maritimo\/","title":{"rendered":"Visa para Trabajo Dependiente Mar\u00edtimo"},"content":{"rendered":"<p>Para obtener informaciones generales sobre esta tipolog\u00eda de VISA visitar la siguiente p\u00e1gina web del Gobierno Italiano:\u00a0<a href=\"http:\/\/vistoperitalia.esteri.it\/\">vistoperitalia.esteri.it<\/a><\/p>\n<p><strong>\u00bfPara qu\u00e9 sirve y qui\u00e9n la puede solicitar?<\/strong><\/p>\n<p>La visa de Trabajo Dependiente Mar\u00edtimo permite al ciudadano extranjero realizar actividad laboral a bordo de barcos cuando estos naveguen en aguas territoriales o no (siempre y cuando ondee bandera italiana) o estacionen en un puerto nacional, con la finalidad de trabajar en servicios complementarios a bordo.<\/p>\n<p>La visa se puede solicitar con <u>seis meses de antelaci\u00f3n<\/u> a la fecha de viaje y hasta 15 d\u00edas laborales antes de la fecha de viaje.<\/p>\n<p><strong>Tipo de visa<\/strong>: \u201cC\u201d visa de corta duraci\u00f3n (hasta 90 d\u00edas) o \u00abD\u00bb visa de larga duraci\u00f3n (mayor de 90 d\u00edas hasta 365 d\u00edas).<\/p>\n<p><strong>REQUISITOS<\/strong>: Se deben presentar a la Embajada en el estricto orden abajo indicado.<\/p>\n<ol>\n<li><a href=\"https:\/\/ambbogota.esteri.it\/wp-content\/uploads\/2023\/11\/Formulario_D_-VistoNazionale_spagnolo.pdf\"><strong>Formulario de solicitud de visa Nacional<\/strong>\u00a0<\/a>o <strong><a href=\"https:\/\/ambbogota.esteri.it\/wp-content\/uploads\/2024\/07\/Formulario-bilingue.pdf\">Formulario de solicitud de visa Schengen<\/a><\/strong> debidamente diligenciado en todos sus campos y firmado.<\/li>\n<li><strong>Dos fotograf\u00edas<\/strong> (3 cm x 4 cm), fondo blanco a color (iguales y recientes) de las cuales una pegada al formulario en el recuadro correspondiente.<\/li>\n<li><a href=\"https:\/\/ambbogota.esteri.it\/es\/servizi-consolari-e-visti\/servizi-per-il-cittadino-italiano\/derechos-consulares-2\/\"><strong>Pago de los derechos consulares<\/strong><\/a>\u00a0(presentar el original de la consignaci\u00f3n realizada al Banco GNB Sudameris, Cuenta Corriente n. 11538667 Art. 29, no se aceptan copias o transferencias bancarias directas).<\/li>\n<li><strong>Pasaporte vigente<\/strong> (con validez de m\u00ednimo 3 meses m\u00e1s de la duraci\u00f3n de la visa) con m\u00ednimo dos p\u00e1ginas libres y copia simple del mismo (s\u00f3lo de la p\u00e1gina del pasaporte que contiene los datos personales del titular).<\/li>\n<li><strong>C\u00e9dula colombiana<\/strong> \u2013 para los extranjeros c\u00e9dula de extranjer\u00eda &#8211; vigente (copia ampliada y legible).<\/li>\n<li><strong>Original y copia de la \u00ablibreta mar\u00edtima\u00bb y<\/strong> <strong>certificados de los cursos<\/strong> que lo habilitan para trabajar a bordo de un barco como \u201cgente de mar\u201d.<\/li>\n<li><strong>Certificado laboral o copia del contrato <\/strong>del \u00faltimo trabajo realizado.<\/li>\n<li><strong>Solicitud de emisi\u00f3n de visa de la \u00abSociet\u00e0 armatrice\u00bb<\/strong> (Sociedad armadora).<\/li>\n<li><strong>Contrato de trabajo individual <\/strong>firmado por las partes.<\/li>\n<li><strong>Copia del \u00abcontratto d&#8217;appalto\u00bb<\/strong> (contrato de concesi\u00f3n).<\/li>\n<li><strong>Certificado de inscripci\u00f3n del barco en el Registro internacional.<\/strong><\/li>\n<li><strong>Reserva de vuelo<\/strong> de ida con destino final Italia.<\/li>\n<\/ol>\n<p><strong><u>NOTAS<\/u><\/strong>:<\/p>\n<ul>\n<li>La solicitud de visa deber\u00e1 ser presentada de manera presencial por el interesado.<\/li>\n<li>El tr\u00e1mite es estrictamente personal. <u>La Embajada no ha autorizado ninguna agencia ni intermediario para los tramite de visa<\/u>.<\/li>\n<li>La falta de alguno de los documentos podr\u00eda implicar el rechazo en la ventanilla de la solicitud de visa. La misma <u>no podr\u00e1 ser aceptada<\/u> si el pago de los derechos consulares no se ha consignado previamente en su totalidad en el banco (ver <a href=\"https:\/\/ambbogota.esteri.it\/ambasciata_bogota\/es\/in_linea_con_utente\/tar-cons.html\"><strong>tarifas consulares<\/strong><\/a>).<\/li>\n<li>La Embajada de Italia se reserva el derecho de solicitar otro tipo de documentaci\u00f3n que estime necesaria.<\/li>\n<li>La visa (si es otorgada), podr\u00e1 ser concedida con una fecha de entrada a Italia pocos d\u00edas antes de la fecha de inicio del contrato de trabajo.<\/li>\n<li>Siendo la Visa una concesi\u00f3n, a\u00fan presentando todos los documentos requeridos, la misma puede ser otorgada o rechazada. En este \u00faltimo caso ser\u00e1 entregado el \u201c<em><u>Provvedimento di Diniego<\/u><\/em>\u201d.<\/li>\n<\/ul>\n","protected":false},"excerpt":{"rendered":"Para obtener informaciones generales sobre esta tipolog\u00eda de VISA visitar la siguiente p\u00e1gina web del Gobierno Italiano:\u00a0vistoperitalia.esteri.it \u00bfPara qu\u00e9 sirve y qui\u00e9n la puede solicitar? La visa de Trabajo Dependiente Mar\u00edtimo permite al ciudadano extranjero realizar actividad laboral a bordo de barcos cuando estos naveguen en aguas territoriales o no (siempre y cuando ondee bandera [&hellip;]","protected":false},"author":5,"featured_media":0,"parent":5508,"menu_order":0,"comment_status":"closed","ping_status":"closed","template":"","meta":{"footnotes":""},"class_list":["post-2290","page","type-page","status-publish","hentry"],"_links":{"self":[{"href":"https:\/\/ambbogota.esteri.it\/es\/wp-json\/wp\/v2\/pages\/2290","targetHints":{"allow":["GET"]}}],"collection":[{"href":"https:\/\/ambbogota.esteri.it\/es\/wp-json\/wp\/v2\/pages"}],"about":[{"href":"https:\/\/ambbogota.esteri.it\/es\/wp-json\/wp\/v2\/types\/page"}],"author":[{"embeddable":true,"href":"https:\/\/ambbogota.esteri.it\/es\/wp-json\/wp\/v2\/users\/5"}],"replies":[{"embeddable":true,"href":"https:\/\/ambbogota.esteri.it\/es\/wp-json\/wp\/v2\/comments?post=2290"}],"version-history":[{"count":6,"href":"https:\/\/ambbogota.esteri.it\/es\/wp-json\/wp\/v2\/pages\/2290\/revisions"}],"predecessor-version":[{"id":5415,"href":"https:\/\/ambbogota.esteri.it\/es\/wp-json\/wp\/v2\/pages\/2290\/revisions\/5415"}],"up":[{"embeddable":true,"href":"https:\/\/ambbogota.esteri.it\/es\/wp-json\/wp\/v2\/pages\/5508"}],"wp:attachment":[{"href":"https:\/\/ambbogota.esteri.it\/es\/wp-json\/wp\/v2\/media?parent=2290"}],"curies":[{"name":"wp","href":"https:\/\/api.w.org\/{rel}","templated":true}]}}