{"id":2294,"date":"2023-11-09T12:14:26","date_gmt":"2023-11-09T17:14:26","guid":{"rendered":"https:\/\/ambbogota.esteri.it\/?page_id=2294"},"modified":"2025-01-24T15:31:10","modified_gmt":"2025-01-24T20:31:10","slug":"visa-para-transito-maritimo","status":"publish","type":"page","link":"https:\/\/ambbogota.esteri.it\/es\/servizi-consolari-e-visti\/servizi-per-il-cittadino-straniero\/visti\/visas-requisitos\/visa-para-transito-maritimo\/","title":{"rendered":"Visa de Tr\u00e1nsito para Personal Mar\u00edtimo"},"content":{"rendered":"<p>Para obtener informaciones generales sobre esta tipolog\u00eda de VISA visitar la siguiente p\u00e1gina\u00a0 web del Gobierno Italiano:\u00a0<a href=\"http:\/\/vistoperitalia.esteri.it\/\">vistoperitalia.esteri.it<\/a><\/p>\n<p><strong>\u00bfPara qu\u00e9 sirve y qui\u00e9n la puede solicitar?<\/strong><\/p>\n<p>La visa de tr\u00e1nsito mar\u00edtimo permite al ciudadano extranjero, que se desempe\u00f1a como gente de mar (aplica solo para aquellos que no est\u00e1n exentos de la Visa C para entrar al territorio Schengen) embarcar o desembarcar, de barcos que ondean bandera no italiana, en puertos italianos o en el espacio Schengen. El visado ser\u00e1 concedido siempre y cuando sea posible confirmar la presencia del barco a trav\u00e9s de la comunicaci\u00f3n de las autoridades italianas de puerto (Capitaneria di Porto).<\/p>\n<p>El mismo visado puede ser concedido tambi\u00e9n a la gente de mar que embarca en barcos que ondean bandera italiana \u00fanicamente en el caso en que desembarquen por la finalizaci\u00f3n del contrato en un puerto italiano.<\/p>\n<p>La visa se puede solicitar <u>con seis meses de antelaci\u00f3n<\/u> a la fecha de viaje y hasta 15 d\u00edas laborales antes de la fecha de viaje.<\/p>\n<p><strong>Tipo de visa<\/strong>: \u201cC\u201d visa de corta duraci\u00f3n (hasta 90 d\u00edas).<\/p>\n<p><strong>REQUISITOS<\/strong>: Se deben presentar a la Embajada en el estricto orden abajo indicado.<\/p>\n<ol>\n<li><a href=\"https:\/\/ambbogota.esteri.it\/wp-content\/uploads\/2024\/07\/Formulario-bilingue.pdf\">Formulario de solicitud de visa Schengen<\/a> debidamente diligenciado en todos sus campos y firmado.<\/li>\n<li><strong>Dos fotograf\u00edas<\/strong> (3 cm x 4 cm), fondo blanco a color (iguales y recientes) de las cuales una pegada al formulario en el recuadro correspondiente.<\/li>\n<li><a href=\"https:\/\/ambbogota.esteri.it\/es\/servizi-consolari-e-visti\/servizi-per-il-cittadino-italiano\/derechos-consulares-2\/\"><strong>Pago de los derechos consulares<\/strong><\/a>\u00a0(presentar el original de la consignaci\u00f3n realizada al Banco GNB Sudameris, Cuenta Corriente n. 11538667 Art. 29, no se aceptan copias o transferencias bancarias directas).<\/li>\n<li><strong>Pasaporte vigente<\/strong> (con validez de m\u00ednimo 3 meses m\u00e1s de la duraci\u00f3n de la visa) con m\u00ednimo dos p\u00e1ginas libres y copia simple del mismo (s\u00f3lo de la p\u00e1gina del pasaporte que contiene los datos personales del titular).<\/li>\n<li><strong>C\u00e9dula colombiana<\/strong> \u2013 para los extranjeros c\u00e9dula de extranjer\u00eda y visa colombiana &#8211; vigente (copia ampliada y legible).<\/li>\n<li><strong>Original y copia de la \u00ablibreta mar\u00edtima\u00bb <\/strong>y de los <strong>certificados de los cursos<\/strong> que lo habilitan para trabajar a bordo de un barco como \u201cgente de mar\u201d.<\/li>\n<li><strong>Prueba de la necesidad o conveniencia real de transitar<\/strong> por el espacio Schengen.<\/li>\n<li><strong>Prueba de medios econ\u00f3micos<\/strong> de subsistencia, en la medida prevista por la Directiva del Ministerio del Interior de 1.3.2000 <a href=\"https:\/\/vistoperitalia.esteri.it\/Moduli\/it\/Direttiva_MinInterno_1-3-2000.pdf\">(ver)<\/a><\/li>\n<li><strong>Eventual disponibilidad de alojamiento<\/strong> (reserva de hotel, declaraci\u00f3n de hospitalidad), si se prev\u00e9n escalas durante el tr\u00e1nsito<\/li>\n<li><strong>Seguro de viaje de asistencia m\u00e9dica en el extranjero<\/strong> con la siguiente cobertura:<br \/>\na. <u>Asistencia m\u00e9dica por enfermedad<\/u>: cobertura m\u00ednima de 30,000 euros.<br \/>\nb. <u>Asistencia m\u00e9dica por accidentes<\/u>: cobertura m\u00ednima de 30,000 euros.<br \/>\nc.<u>Repatriaci\u00f3n<\/u> cobertura m\u00ednima de 30,000 euros.<br \/>\nLa empresa de seguro debe contar con un representante\/sucursal en Europa. El seguro de viaje no puede tener un deducible. Este seguro debe ser v\u00e1lido por la duraci\u00f3n de la visa.<\/li>\n<li><strong>Reserva de vuelo <\/strong>con tr\u00e1nsito en Italia.<\/li>\n<\/ol>\n<p><strong><u>NOTAS<\/u><\/strong>:<\/p>\n<ul>\n<li>La solicitud de visa deber\u00e1 ser presentada de manera presencial por el interesado.<\/li>\n<li>El tr\u00e1mite es estrictamente personal.<u> La Embajada no ha autorizado ninguna agencia ni intermediario para los tramite de visa<\/u>.<\/li>\n<li>La falta de alguno de los documentos podr\u00eda implicar el rechazo en la ventanilla de la solicitud de visa. La misma <u>no podr\u00e1 ser aceptada<\/u> si el pago de los derechos consulares no se ha consignado previamente en su totalidad en el banco (ver <a href=\"https:\/\/ambbogota.esteri.it\/ambasciata_bogota\/es\/in_linea_con_utente\/tar-cons.html\"><strong>tarifas consulares<\/strong><\/a>).<\/li>\n<li>La Embajada de Italia se reserva el derecho de solicitar otro tipo de documentaci\u00f3n que estime necesaria.<\/li>\n<li>Siendo la Visa una concesi\u00f3n, aun presentando todos los documentos requeridos, la misma puede ser otorgada o rechazada. En este \u00faltimo caso ser\u00e1 entregado el \u201c<em><u>Provvedimento di Diniego<\/u><\/em>\u201d.<\/li>\n<\/ul>\n","protected":false},"excerpt":{"rendered":"Para obtener informaciones generales sobre esta tipolog\u00eda de VISA visitar la siguiente p\u00e1gina\u00a0 web del Gobierno Italiano:\u00a0vistoperitalia.esteri.it \u00bfPara qu\u00e9 sirve y qui\u00e9n la puede solicitar? La visa de tr\u00e1nsito mar\u00edtimo permite al ciudadano extranjero, que se desempe\u00f1a como gente de mar (aplica solo para aquellos que no est\u00e1n exentos de la Visa C para entrar [&hellip;]","protected":false},"author":5,"featured_media":0,"parent":748,"menu_order":0,"comment_status":"closed","ping_status":"closed","template":"","meta":{"footnotes":""},"class_list":["post-2294","page","type-page","status-publish","hentry"],"_links":{"self":[{"href":"https:\/\/ambbogota.esteri.it\/es\/wp-json\/wp\/v2\/pages\/2294","targetHints":{"allow":["GET"]}}],"collection":[{"href":"https:\/\/ambbogota.esteri.it\/es\/wp-json\/wp\/v2\/pages"}],"about":[{"href":"https:\/\/ambbogota.esteri.it\/es\/wp-json\/wp\/v2\/types\/page"}],"author":[{"embeddable":true,"href":"https:\/\/ambbogota.esteri.it\/es\/wp-json\/wp\/v2\/users\/5"}],"replies":[{"embeddable":true,"href":"https:\/\/ambbogota.esteri.it\/es\/wp-json\/wp\/v2\/comments?post=2294"}],"version-history":[{"count":7,"href":"https:\/\/ambbogota.esteri.it\/es\/wp-json\/wp\/v2\/pages\/2294\/revisions"}],"predecessor-version":[{"id":5345,"href":"https:\/\/ambbogota.esteri.it\/es\/wp-json\/wp\/v2\/pages\/2294\/revisions\/5345"}],"up":[{"embeddable":true,"href":"https:\/\/ambbogota.esteri.it\/es\/wp-json\/wp\/v2\/pages\/748"}],"wp:attachment":[{"href":"https:\/\/ambbogota.esteri.it\/es\/wp-json\/wp\/v2\/media?parent=2294"}],"curies":[{"name":"wp","href":"https:\/\/api.w.org\/{rel}","templated":true}]}}