{"id":2502,"date":"2023-12-11T16:59:09","date_gmt":"2023-12-11T21:59:09","guid":{"rendered":"https:\/\/ambbogota.esteri.it\/?page_id=2502"},"modified":"2026-02-19T15:04:22","modified_gmt":"2026-02-19T20:04:22","slug":"cie-carta-didentita-elettronica","status":"publish","type":"page","link":"https:\/\/ambbogota.esteri.it\/es\/servizi-consolari-e-visti\/servizi-per-il-cittadino-italiano\/cie-carta-didentita-elettronica\/","title":{"rendered":"CIE &#8211; Carta d&#8217;identit\u00e1 elettronica"},"content":{"rendered":"<p style=\"text-align: center;\"><strong>***<span style=\"text-decoration: underline;\">Se informa que actualmente no hay citas disponibles para la solicitud de CIE &#8211; Carta d\u2019Identit\u00e0 Elettronica.<br \/>\nLa fecha de reanudaci\u00f3n de las citas se comunicar\u00e1 lo m\u00e1s pronto posible en la p\u00e1gina web de la Embajada.<\/span>***<\/strong><\/p>\n<p><em>Se informa a los usuarios que, <strong>a partir del 1 de junio de 2026<\/strong>, los ciudadanos italianos inscritos en el registro consular A.I.R.E. (Anagrafe degli Italiani Residenti all&#8217;Estero) podr\u00e1n solicitar la expedici\u00f3n de la Carta d\u2019identit\u00e0 Elettronica (CIE) en cualquier Comune italiano, y no exclusivamente a trav\u00e9s de la Oficina Consular.<\/em><\/p>\n<p><em>La Carta d\u2019identit\u00e0 Elettronica se expedir\u00e1 seg\u00fan las mismas modalidades previstas para las solicitudes presentadas en las oficinas consulares.<\/em><\/p>\n<p><em>El interesado podr\u00e1 elegir entre:<\/em><br \/>\n<em>&#8211; Recoger personalmente la CIE en el Comune en el que se haya presentado la solicitud.<\/em><br \/>\n<em>&#8211; Solicitar su env\u00edo al extranjero, a su domicilio de residencia.<\/em><\/p>\n<p><strong><br \/>\nINFORMACI\u00d3N GENERAL<\/strong><\/p>\n<p>La <em>Carta d\u2019identit\u00e0 Elettronica (CIE)<\/em> es un documento de identificaci\u00f3n y de viaje v\u00e1lido para residir y viajar por los pa\u00edses de la Uni\u00f3n Europea (y otros Estados con los que est\u00e9n en vigor acuerdos espec\u00edficos).<\/p>\n<p>Actualmente, la <em>Carta d\u2019identit\u00e0<\/em> s\u00f3lo se expide en formato electr\u00f3nico. Es posible solicitar una nueva CIE a partir de los 6 meses anteriores a la fecha de vencimiento.<\/p>\n<p><strong>REQUISITOS PARA LA EXPEDICI\u00d3N DEL DOCUMENTO<\/strong><\/p>\n<p>&#8211; La nueva <em>Carta d\u2019Identit\u00e0 Elettronica (CIE)<\/em> podr\u00e1 ser expedida por esta Embajada \u00fanicamente a los ciudadanos italianos que residan legalmente en esta circunscripci\u00f3n consular, que ya est\u00e9n inscritos en el registro consular A.I.R.E. (Anagrafe degli Italiani Residenti all&#8217;Estero) y cuyo Comune haya registrado sus datos personales en consecuencia. La inscripci\u00f3n en el A.I.R.E. debe realizarse preferentemente a trav\u00e9s del portal Fast It, mediante un procedimiento que, por tanto, no requiere que el usuario se desplace al Consulado. Para m\u00e1s informaci\u00f3n sobre la inscripci\u00f3n en la A.I.R.E. <a href=\"https:\/\/ambbogota.esteri.it\/es\/servizi-consolari-e-visti\/servizi-per-il-cittadino-italiano\/a-i-r-e-registro-de-italianos-residentes-en-el-extranjero\/\">pulse aqu\u00ed<\/a>.<\/p>\n<p>&#8211; En el caso de ciudadanos italianos nacidos en el extranjero, es necesario que la partida de nacimiento correspondiente ya haya sido transcrita en los Registros del Estado Civil del Comune correspondiente; para m\u00e1s informaci\u00f3n sobre la transcripci\u00f3n de partidas de nacimiento <a href=\"https:\/\/ambbogota.esteri.it\/es\/servizi-consolari-e-visti\/servizi-per-il-cittadino-italiano\/stato-civile\/registro-de-nacimiento\/\">haga clic aqu\u00ed<\/a>.<\/p>\n<p>&#8211; Es importante que quien solicita una <em>Carta d\u2019Identit\u00e0 Elettronica (CIE)<\/em> tenga sus cambios de estado civil actualizados ante las autoridades italianas. A tal fin, las actas relativas a eventos (matrimonio, nacimiento de hijos, divorcio, etc.) que no hayan tenido lugar en Italia deber\u00e1n haberse presentado ya en la Oficina Consular o ante la autoridad local competente. Consulte la secci\u00f3n <a href=\"https:\/\/ambbogota.esteri.it\/es\/servizi-consolari-e-visti\/servizi-per-il-cittadino-italiano\/stato-civile\/\">Estado Civil<\/a>.<\/p>\n<p>&#8211; Es importante recordar que para la expedici\u00f3n de la CIE es necesario ser titular de un <em>Codice Fiscale<\/em> (C\u00f3digo Fiscal) validado por la Agenzia delle Entrate. En caso de no ser titular de un CF se informa que se puede solicitar siguiendo <a href=\"https:\/\/ambbogota.esteri.it\/es\/servizi-consolari-e-visti\/servizi-per-il-cittadino-italiano\/codice-fiscale\/\">las instrucciones<\/a>.<\/p>\n<p><strong>C\u00d3MO PRESENTAR LA SOLICITUD DE <em>CARTA D\u2019IDENTIT\u00c0 ELETTRONICA (CIE)<\/em> <\/strong><\/p>\n<p>La solicitud de <em>Carta d\u2019Identit\u00e0 Elettronica (CIE)<\/em> debe ser presentada \u00fanicamente a trav\u00e9s de la plataforma Prenot@mi<\/p>\n<p><strong>Documentos a presentar para la expedici\u00f3n de la <\/strong><strong><em>Carta d\u2019Identit\u00e0 Elettronica (CIE)<\/em><\/strong> <strong>a\u00a0<u>ciudadanos italianos mayores de 18 a\u00f1os:<\/u><\/strong><\/p>\n<p>&#8211; Formulario de solicitud de expedici\u00f3n\/duplicado CI, debidamente diligenciado y firmado <a href=\"https:\/\/ambbogota.esteri.it\/wp-content\/uploads\/2023\/12\/CIE__richiesta_maggiorenne__it_es_2023-agg-1.doc\">(pulse aqu\u00ed)<\/a>.<\/p>\n<p>&#8211; Original y fotocopia del documento de identificaci\u00f3n conforme al Decreto Presidencial 445\/2000 (Pasaporte y\/o <em>Carta d\u2019Identit\u00e0)<\/em>)<\/p>\n<p>&#8211; Comprobante original de pago por el valor vigente, en pesos colombianos, a realizar siguiendo las instrucciones establecidas en la siguiente <a href=\"https:\/\/ambbogota.esteri.it\/es\/servizi-consolari-e-visti\/servizi-per-il-cittadino-italiano\/derechos-consulares-2\/\">secci\u00f3n<\/a>.<\/p>\n<p>&#8211; En caso de robo\/p\u00e9rdida de la <em>Carta d\u2019Identit\u00e0: <\/em>copia de la denuncia de p\u00e9rdida o robo del pasaporte u otro documento de viaje realizado previamente por las autoridades locales, devuelto al Consulado de conformidad con los art\u00edculos 46 y 47 con las advertencias del art. 76 del D.P.R. 445\/2000;<\/p>\n<p><strong>N.B. Carta de Identidad para adulto con hijos menores<\/strong><\/p>\n<p>En virtud del D.L. 69\/2023, a partir del 14 de junio de 2023 los padres y madres de hijos menores ya no deber\u00e1n presentar el consentimiento del otro padre\/madre para la emisi\u00f3n de su propio documento de identidad (pasaporte y CIE).<\/p>\n<p>Si el solicitante tiene hijos menores de edad, adem\u00e1s de lo especificado anteriormente, es necesario llenar una declaraci\u00f3n sustitutiva que acredite la ausencia de disposiciones que puedan inhibir la expedici\u00f3n de la <em>Carta d\u2019Identit\u00e0 Elettronica (CIE)<\/em> (seg\u00fan lo dispuesto en el art\u00edculo 20 del Decreto Ley n\u00ba 69 de 13 de junio de 2023).<\/p>\n<p>La validez de la CIE es de 10 a\u00f1os para los adultos.<\/p>\n<p><strong>Documentos a presentar para la expedici\u00f3n de la <em>Carta d\u2019Identit\u00e0 Elettronica (CIE)<\/em> a <u>ciudadanos italianos menores de 18 a\u00f1os:<\/u><\/strong><\/p>\n<p>De acuerdo con la legislaci\u00f3n vigente, los menores deben ser titulares de un documento de identidad individual. Se requiere la presencia del menor en la Embajada para la emisi\u00f3n de la CIE.<\/p>\n<p>Documentaci\u00f3n<\/p>\n<p>&#8211; <a href=\"https:\/\/ambbogota.esteri.it\/wp-content\/uploads\/2023\/12\/Modulo-CIE-minorenni.docx\">Formulario de solicitud<\/a> diligenciado en su totalidad y firmado por ambos padres [pulse aqu\u00ed] acompa\u00f1ado de una fotocopia del pasaporte de ambos padres. Si uno de los padres no es ciudadano de la UE, su firma deber\u00e1 ser autenticada ante un funcionario en la Embajada el d\u00eda de la cita o en un consulado honorario antes de su presentaci\u00f3n.<\/p>\n<p>&#8211; <a href=\"https:\/\/ambbogota.esteri.it\/wp-content\/uploads\/2023\/12\/Autorizzazione-al-rilascio-CIE-minorenni.docx\">Acta de consentimiento<\/a> &#8211; Se requiere la presencia de ambos padres y del menor. Si s\u00f3lo acude uno de los padres, s\u00f3lo podr\u00e1 presentar el acta de consentimiento diligenciada y firmada del padre ausente si \u00e9ste es ciudadano de la UE. El funcionario de ventanilla siempre tendr\u00e1 derecho a solicitar la presencia de ambos padres si lo considera oportuno. Si el padre ausente no es ciudadano de la UE, la firma deber\u00e1 autenticarse ante una Representaci\u00f3n diplom\u00e1tico-consular italiana para quienes se encuentren en el extranjero, en una circunscripci\u00f3n consular diferente de Colombia o en un Consulado Honorario. Si no es posible autenticar la firma, ambos padres deber\u00e1n estar presentes el d\u00eda de la cita para la CIE del menor y el ciudadano no comunitario podr\u00e1 autenticar la firma del consentimiento en ese momento.<\/p>\n<p>Si no es posible presentar el consentimiento firmado por uno de los padres, el otro padre deber\u00e1 solicitar al Consulado o al tribunal competente la autorizaci\u00f3n para expedir el documento de identidad por decreto consular.<\/p>\n<p>&#8211; Comprobante original de pago por el valor vigente, en pesos colombianos, a realizar siguiendo las instrucciones establecidas en la siguiente <a href=\"https:\/\/ambbogota.esteri.it\/es\/servizi-consolari-e-visti\/servizi-per-il-cittadino-italiano\/derechos-consulares-2\/\">secci\u00f3n<\/a>.<\/p>\n<p>&#8211; Original y fotocopia de un documento de identidad del menor (si se posee)<\/p>\n<p>&#8211; Fotocopia del documento de identidad de los padres<\/p>\n<p>&#8211; En caso de robo\/p\u00e9rdida de la <em>Carta d\u2019Identit\u00e0 Elettronica (CIE)<\/em>: copia de la denuncia de p\u00e9rdida o robo del pasaporte u otro documento de viaje realizado previamente por las autoridades locales, devuelto al Consulado de conformidad con los art\u00edculos 46 y 47 con las advertencias del art. 76 del D.P.R. 445\/2000;<\/p>\n<p>La validez de la CIE es de 3 a\u00f1os para los ni\u00f1os de 0 a 3 a\u00f1os; 5 a\u00f1os para los ni\u00f1os de 3 a 18 a\u00f1os.<\/p>\n<p><strong>TARIFAS DE LA <em>CARTA D\u2019IDENTIT\u00c0 ELETTRONICA (CIE) <\/em><\/strong><\/p>\n<p>Para la expedici\u00f3n de la CIE, se debe realizar el pago del valor vigente, en pesos colombianos, correspondiente al art. 28 de la tabla de tarifas consulares bajo el nombre &#8216;Expedici\u00f3n de la CIE&#8217; (se debe realizar al Banco GNB Sudameris (cuenta # 11538667, beneficiario: Embajada de Italia <a href=\"https:\/\/ambbogota.esteri.it\/es\/servizi-consolari-e-visti\/servizi-per-il-cittadino-italiano\/derechos-consulares-2\/\">siguiendo las instrucciones)<\/a>.<\/p>\n<p>N.B.: Las tarifas mencionadas cambian trimestralmente, por lo que se solicita que se compruebe el valor a pagar antes de realizar la transferencia.<\/p>\n<p>EXPEDICI\u00d3N significa la primera emisi\u00f3n de la <em>Carta d\u2019Identit\u00e0 Elettronica (CIE)<\/em>.<\/p>\n<p>RENOVACI\u00d3N significa la emisi\u00f3n de una nueva <em>Carta d\u2019Identit\u00e0 Elettronica (CIE) <\/em>en sustituci\u00f3n de la anterior CIC\/CIE vencida.<\/p>\n<p>DUPLICADO significa la emisi\u00f3n de una nueva <em>Carta d\u2019Identit\u00e0 Elettronica (CIE) <\/em>en sustituci\u00f3n a la anterior por motivos diferentes al vencimiento de la CIE.<\/p>\n<p><strong>\u00a0<\/strong><\/p>\n<p><strong>C\u00d3MO RECOGER LA <em>CARTA D\u2019IDENTIT\u00c0 ELETTRONICA (CIE)<\/em><\/strong><\/p>\n<p>Una vez que el IPZS haya elaborado y enviado la CIE a la Embajada, los solicitantes ser\u00e1n contactados a la direcci\u00f3n de correo electr\u00f3nico y\/o tel\u00e9fono declarados al presentar la solicitud de CIE para recogerla.<\/p>\n<p>*****<\/p>\n<p>Para m\u00e1s informaci\u00f3n y detalles, haga click en el siguiente enlace: <a href=\"https:\/\/www.esteri.it\/it\/servizi-consolari-e-visti\/italiani-all-estero\/documenti_di_viaggio\/carta_identita\/\">Informaci\u00f3n general en la p\u00e1gina web del Ministerio de Asuntos Exteriores y de Cooperaci\u00f3n Internacional<\/a><\/p>\n<p>&nbsp;<\/p>\n<p>&nbsp;<\/p>\n","protected":false},"excerpt":{"rendered":"***Se informa que actualmente no hay citas disponibles para la solicitud de CIE &#8211; Carta d\u2019Identit\u00e0 Elettronica. La fecha de reanudaci\u00f3n de las citas se comunicar\u00e1 lo m\u00e1s pronto posible en la p\u00e1gina web de la Embajada.*** Se informa a los usuarios que, a partir del 1 de junio de 2026, los ciudadanos italianos inscritos [&hellip;]","protected":false},"author":4,"featured_media":0,"parent":166,"menu_order":0,"comment_status":"closed","ping_status":"closed","template":"","meta":{"footnotes":""},"class_list":["post-2502","page","type-page","status-publish","hentry"],"_links":{"self":[{"href":"https:\/\/ambbogota.esteri.it\/es\/wp-json\/wp\/v2\/pages\/2502","targetHints":{"allow":["GET"]}}],"collection":[{"href":"https:\/\/ambbogota.esteri.it\/es\/wp-json\/wp\/v2\/pages"}],"about":[{"href":"https:\/\/ambbogota.esteri.it\/es\/wp-json\/wp\/v2\/types\/page"}],"author":[{"embeddable":true,"href":"https:\/\/ambbogota.esteri.it\/es\/wp-json\/wp\/v2\/users\/4"}],"replies":[{"embeddable":true,"href":"https:\/\/ambbogota.esteri.it\/es\/wp-json\/wp\/v2\/comments?post=2502"}],"version-history":[{"count":6,"href":"https:\/\/ambbogota.esteri.it\/es\/wp-json\/wp\/v2\/pages\/2502\/revisions"}],"predecessor-version":[{"id":7481,"href":"https:\/\/ambbogota.esteri.it\/es\/wp-json\/wp\/v2\/pages\/2502\/revisions\/7481"}],"up":[{"embeddable":true,"href":"https:\/\/ambbogota.esteri.it\/es\/wp-json\/wp\/v2\/pages\/166"}],"wp:attachment":[{"href":"https:\/\/ambbogota.esteri.it\/es\/wp-json\/wp\/v2\/media?parent=2502"}],"curies":[{"name":"wp","href":"https:\/\/api.w.org\/{rel}","templated":true}]}}