{"id":298,"date":"2023-08-07T16:20:06","date_gmt":"2023-08-07T21:20:06","guid":{"rendered":"https:\/\/ambbogota.esteri.it\/?page_id=298"},"modified":"2023-08-07T16:20:06","modified_gmt":"2023-08-07T21:20:06","slug":"assistenza-sanitaria-ed-economica","status":"publish","type":"page","link":"https:\/\/ambbogota.esteri.it\/es\/news\/dall_ambasciata\/assistenza-sanitaria-ed-economica\/","title":{"rendered":"Assistenza sanitaria ed economica"},"content":{"rendered":"<p>Los ciudadanos italianos que viajan a\u00a0<strong>Pa\u00edses fuera de la UE<\/strong>\u00a0por motivos de trabajo y en las que no existen convenios bilaterales en materia de salud, se benefician de\u00a0asistencia sanitaria de forma indirecta, adelantando los gastos cuyo reembolso deber\u00e1 solicitarse a trav\u00e9s de la Embajada.<\/p>\n<p>Los ciudadanos italianos que trasladan su residencia a un Estado con el que no est\u00e1 en vigor ning\u00fan acuerdo con Italia pierden el derecho a la asistencia sanitaria pagada por el Servicio Nacional de Salud y, por lo tanto, deber\u00e1n pagarla de forma independiente, seg\u00fan los procedimientos establecidos por el Pa\u00eds de destino.<\/p>\n<p>El procedimiento y los formularios para solicitar el reembolso al Ministerio de la Salud de Italia se encuentran en el siguiente enlace:\u00a0<a href=\"https:\/\/www.salute.gov.it\/portale\/moduliServizi\/dettaglioSchedaModuliServizi.jsp?lingua=italiano&amp;label=servizionline&amp;idMat=ASE&amp;idAmb=TRASF&amp;idSrv=RPL&amp;flag=P\">Rimborso spese sanitarie sostenute negli Stati extra UE con i quali non sono in vigore Convenzioni in materia di assistenza sanitaria (salute.gov.it)<\/a><\/p>\n<p>De conformidad con el Decreto del Ministerio de Salud del 1 de febrero de 1996,\u00a0<strong>los<\/strong><strong>ciudadanos con la condici\u00f3n de \u00abemigrante\u00bb<\/strong>\u00a0y a los\u00a0<strong>titulares de pensiones<\/strong>\u00a0pagadas por las instituciones de seguridad social italianas, que regresan\u00a0temporalmente a Italia, se les\u00a0<strong>reconocen servicios hospitalarios urgentes de forma gratuita y por un per\u00edodo m\u00e1ximo de 90 d\u00edas por cada a\u00f1o solar<\/strong>, si no tienen cobertura de seguro p\u00fablico o privado para los servicios de salud antes mencionados.<\/p>\n<p><strong>Acceso a la asistencia sanitaria urgente<\/strong>\u00a0en caso de permanencia temporal en Italia est\u00e1 reservado a los\u00a0ciudadanos italianos nacidos en Italia\u00a0y posteriormente expatriados por motivos laborales.<\/p>\n<p>Para la obtenci\u00f3n de servicios hospitalarios de urgencia, tiene que\u00a0firmar una \u201cdichiarazione sostitutiva di certificazione\u201d\u00a0conforme al art. 46 del Decreto Presidencial 445\/2000 en el que declara, adem\u00e1s de su condici\u00f3n de emigrante, que naci\u00f3 en Italia, que posee la ciudadan\u00eda italiana, que reside en el extranjero indicando el registro del Municipio de AIRE y que no tiene seguro p\u00fablico o privado que cubra los servicios de salud.<\/p>\n<p>Los\u00a0<strong>tratamientos de alta especializaci\u00f3n<\/strong>\u00a0en el extranjero son pagados, excepcionalmente, por el Servicio Nacional de Salud y cubren los servicios que no puedan obtenerse en Italia con prontitud o en forma adecuada. Deben ser previamente autorizados por la ASL local.<\/p>\n<p>Para mayor informaci\u00f3n consultar:<\/p>\n<ul>\n<li>sitio web del\u00a0<a href=\"https:\/\/www.salute.gov.it\/portale\/home.html\">Ministerio de Salud<\/a>, que tiene la competencia en la materia;<\/li>\n<li>secci\u00f3n espec\u00edfica de la p\u00e1gina web del\u00a0<a href=\"https:\/\/www.esteri.it\/it\/servizi-consolari-e-visti\/italiani-all-estero\/assistenzacittadiniestero\/assistenza_economica\/\">Ministerio de Relaciones Exteriores<\/a>.<\/li>\n<\/ul>\n","protected":false},"excerpt":{"rendered":"Los ciudadanos italianos que viajan a\u00a0Pa\u00edses fuera de la UE\u00a0por motivos de trabajo y en las que no existen convenios bilaterales en materia de salud, se benefician de\u00a0asistencia sanitaria de forma indirecta, adelantando los gastos cuyo reembolso deber\u00e1 solicitarse a trav\u00e9s de la Embajada. Los ciudadanos italianos que trasladan su residencia a un Estado con [&hellip;]","protected":false},"author":4,"featured_media":0,"parent":189,"menu_order":0,"comment_status":"closed","ping_status":"closed","template":"","meta":{"footnotes":""},"class_list":["post-298","page","type-page","status-publish","hentry"],"_links":{"self":[{"href":"https:\/\/ambbogota.esteri.it\/es\/wp-json\/wp\/v2\/pages\/298","targetHints":{"allow":["GET"]}}],"collection":[{"href":"https:\/\/ambbogota.esteri.it\/es\/wp-json\/wp\/v2\/pages"}],"about":[{"href":"https:\/\/ambbogota.esteri.it\/es\/wp-json\/wp\/v2\/types\/page"}],"author":[{"embeddable":true,"href":"https:\/\/ambbogota.esteri.it\/es\/wp-json\/wp\/v2\/users\/4"}],"replies":[{"embeddable":true,"href":"https:\/\/ambbogota.esteri.it\/es\/wp-json\/wp\/v2\/comments?post=298"}],"version-history":[{"count":1,"href":"https:\/\/ambbogota.esteri.it\/es\/wp-json\/wp\/v2\/pages\/298\/revisions"}],"predecessor-version":[{"id":303,"href":"https:\/\/ambbogota.esteri.it\/es\/wp-json\/wp\/v2\/pages\/298\/revisions\/303"}],"up":[{"embeddable":true,"href":"https:\/\/ambbogota.esteri.it\/es\/wp-json\/wp\/v2\/pages\/189"}],"wp:attachment":[{"href":"https:\/\/ambbogota.esteri.it\/es\/wp-json\/wp\/v2\/media?parent=298"}],"curies":[{"name":"wp","href":"https:\/\/api.w.org\/{rel}","templated":true}]}}