{"id":3772,"date":"2024-05-23T12:31:54","date_gmt":"2024-05-23T17:31:54","guid":{"rendered":"https:\/\/ambbogota.esteri.it\/?page_id=3772"},"modified":"2025-01-24T15:37:01","modified_gmt":"2025-01-24T20:37:01","slug":"visa-para-familiares-extranjeros-de-ciudadanos-italianos-ue","status":"publish","type":"page","link":"https:\/\/ambbogota.esteri.it\/es\/servizi-consolari-e-visti\/servizi-per-il-cittadino-straniero\/visti\/visas-requisitos\/visa-para-familiares\/visa-para-familiares-extranjeros-de-ciudadanos-italianos-ue\/","title":{"rendered":"Visa para Familiares Extranjeros de Ciudadanos Italianos\/UE"},"content":{"rendered":"<p>Para obtener informaciones generales sobre esta tipolog\u00eda de VISA visitar la siguiente p\u00e1gina web del Gobierno Italiano:\u00a0<a href=\"http:\/\/vistoperitalia.esteri.it\/\">vistoperitalia.esteri.it<\/a><\/p>\n<p><strong>\u00bfPara qu\u00e9 sirve y qui\u00e9n puede utilizarla?<\/strong><\/p>\n<p>Esta visa permite a los familiares extranjeros de ciudadanos italianos\/UE, entrar a Italia, para estad\u00edas superiores a 90 d\u00edas, con el fin de la reagrupaci\u00f3n familiar.<\/p>\n<p>Los familiares que tienen derecho a la reagrupaci\u00f3n familiar, son exclusivamente aquellos indicados en el art. 2 del DL 30\/2007:<\/p>\n<p>1) el c\u00f3nyuge;<br \/>\n2) la pareja que haya contra\u00eddo con el ciudadano UE una uni\u00f3n registrada sobre la base de la legislaci\u00f3n de un Estado Miembro y reconocida por el Estado Italiano.<br \/>\n3) los descendientes directos de edad inferior a los 21 a\u00f1os o econ\u00f3micamente dependientes y los del c\u00f3nyuge o pareja;<br \/>\n4) los ascendentes directos econ\u00f3micamente dependientes y los del c\u00f3nyuge o pareja.<br \/>\nSe consideran descendientes directos\/ascendentes directos tambi\u00e9n los adoptados\/adoptantes y los menores bajo tutela\/cuidado permanente con disposiciones emitidas en virtud de la Ley 184\/83.<\/p>\n<p>La visa se puede solicitar con <u>seis meses de antelaci\u00f3n<\/u> y hasta 15 d\u00edas laborales antes de la fecha de viaje.<\/p>\n<p><strong>Tipo de visa<\/strong>: \u00abD\u00bb visa de larga duraci\u00f3n (mayor de 90 d\u00edas hasta 365 d\u00edas).<\/p>\n<p><strong>REQUISITOS<\/strong>: Se deben presentar a la Embajada en el estricto orden abajo indicado.<\/p>\n<ol>\n<li><strong><a href=\"https:\/\/ambbogota.esteri.it\/wp-content\/uploads\/2023\/11\/Formulario_D_-VistoNazionale_spagnolo.pdf\">Formulario de solicitud de visa Nacional\u00a0<\/a><\/strong> debidamente diligenciado en todos sus campos y firmado.<\/li>\n<li><strong>Dos fotograf\u00edas<\/strong> (3 cm x 4 cm), fondo blanco a color (iguales y recientes) de las cuales una pegada al formulario en el recuadro correspondiente.<\/li>\n<li><strong>Pasaporte vigente<\/strong> (con validez de m\u00ednimo 3 meses m\u00e1s de la duraci\u00f3n de la visa) con m\u00ednimo dos p\u00e1ginas libres y copia simple del mismo (s\u00f3lo de la p\u00e1gina del pasaporte que contiene los datos personales del titular).<\/li>\n<li><strong>C\u00e9dula colombiana\/Tarjeta de identidad<\/strong> \u2013 para los extranjeros <em>c\u00e9dula de extranjer\u00eda y visa colombiana<\/em> &#8211; vigente (copia ampliada y legible).<\/li>\n<li><strong>Documentaci\u00f3n de estado civil que compruebe la condici\u00f3n de familiar<\/strong> en virtud del art.2 del DL 30\/2007 traducida y legalizada por el Ministerio de Relaciones Exteriores de Colombia, o en alternativa, el acta de matrimonio o nacimiento (seg\u00fan sea el parentesco) o uni\u00f3n civil transcrita en Italia. (Original y copia).<\/li>\n<li><strong>Copia del pasaporte italiano\/comunitario v\u00e1lido<\/strong> del familiar que desea ejercer el derecho a la reagrupaci\u00f3n familiar.<\/li>\n<li><strong>Carta de invitaci\u00f3n del familiar italiano\/comunitario<\/strong> con la cual se demuestre la intenci\u00f3n de ejercer el derecho a la reagrupaci\u00f3n familiar, en la que se indique adem\u00e1s la direcci\u00f3n de residencia o reserva de alojamiento por las primeras 10 noches en Italia.<\/li>\n<li><strong>Reserva de vuelo <\/strong>de ida con destino final Italia.<\/li>\n<\/ol>\n<p><strong><u>NOTAS<\/u><\/strong><u>:<\/u><\/p>\n<ul>\n<li>La solicitud de visa deber\u00e1 ser presentada de manera presencial por el interesado.<\/li>\n<li>Se reciben solicitudes de visa <u>\u00fanicamente de personas residentes en Colombia<\/u>.<\/li>\n<li>El tr\u00e1mite es estrictamente personal.<u> La Embajada no ha autorizado a ninguna agencia ni intermediario para los tramites de visa<\/u>.<\/li>\n<li>Los ascendentes directos que sean econ\u00f3micamente dependientes y los del c\u00f3nyuge o pareja, deber\u00e1n demostrar tal condici\u00f3n a trav\u00e9s de remesas econ\u00f3micas realizadas por parte del ciudadano italiano\/comunitario. El apoyo econ\u00f3mico deber\u00e1 ser de naturaleza estructural y por el mismo no se prev\u00e9 una duraci\u00f3n m\u00ednima.<\/li>\n<li>La falta de alguno de los documentos podr\u00eda implicar el rechazo en la ventanilla de la solicitud de visa.<\/li>\n<li>Si el solicitante es menor de edad, se debe presentar tambi\u00e9n el registro civil de nacimiento del menor.<\/li>\n<li>Si el solicitante es menor de edad, los padres deber\u00e1n, adem\u00e1s, firmar ante una Notar\u00eda o ante el funcionario consular los siguientes formatos presentes en la secci\u00f3n de <em>\u201c<\/em><a href=\"https:\/\/ambbogota.esteri.it\/es\/servizi-consolari-e-visti\/servizi-per-il-cittadino-straniero\/visti\/formularios\/\"><em>Formularios<\/em><\/a><em>\u201d:<br \/>\n<\/em>&#8211; <a href=\"https:\/\/ambbogota.esteri.it\/wp-content\/uploads\/2023\/11\/Autorizacion-Padres-a-Tramitar-la-Visa.pdf\">Autorizaci\u00f3n padres a tramitar la visa<\/a><br \/>\n&#8211; <a href=\"https:\/\/ambbogota.esteri.it\/wp-content\/uploads\/2023\/11\/Modelo-B_Menor-de-Edad.pdf\">Modelo B menor de edad<\/a><\/li>\n<li>Si el solicitante es menor de edad, se debe presentar el <strong>p<\/strong><strong>ermiso de salida del pa\u00eds expedido por Migraci\u00f3n Colombia y<\/strong>\u00a0apostillado por el Ministerio de Relaciones Exteriores de Colombia (original y copia).<\/li>\n<li>La Embajada de Italia se reserva el derecho de solicitar documentaci\u00f3n adicional que considere necesaria.<\/li>\n<li>La visa (si es otorgada), podr\u00e1 ser concedida con una fecha de entrada a Italia pocos d\u00edas antes de la fecha de entrada a Italia. Quienes deseen entrar a Italia antes de esa fecha podr\u00e1n hacerlo como turistas (sin Visa) por un m\u00e1ximo de 3 meses si su nacionalidad est\u00e1 exenta de solicitar la Visa de turismo.<\/li>\n<li>Siendo la Visa una concesi\u00f3n, aun presentando todos los documentos requeridos, la misma puede ser otorgada o rechazada. En este \u00faltimo caso ser\u00e1 entregado el \u201c<em><u>Provvedimento di Diniego<\/u><\/em>\u201d.<\/li>\n<li>Si la Visa es otorgada, el titular de esta, deber\u00e1 solicitar dentro de los primeros ocho d\u00edas h\u00e1biles del ingreso a Italia, el Permiso de Estad\u00eda (<em><u>Permesso di Soggiorno<\/u><\/em>) ante las Autoridades italianas competentes.<\/li>\n<\/ul>\n","protected":false},"excerpt":{"rendered":"Para obtener informaciones generales sobre esta tipolog\u00eda de VISA visitar la siguiente p\u00e1gina web del Gobierno Italiano:\u00a0vistoperitalia.esteri.it \u00bfPara qu\u00e9 sirve y qui\u00e9n puede utilizarla? Esta visa permite a los familiares extranjeros de ciudadanos italianos\/UE, entrar a Italia, para estad\u00edas superiores a 90 d\u00edas, con el fin de la reagrupaci\u00f3n familiar. Los familiares que tienen derecho [&hellip;]","protected":false},"author":7,"featured_media":0,"parent":770,"menu_order":0,"comment_status":"closed","ping_status":"closed","template":"","meta":{"footnotes":""},"class_list":["post-3772","page","type-page","status-publish","hentry"],"_links":{"self":[{"href":"https:\/\/ambbogota.esteri.it\/es\/wp-json\/wp\/v2\/pages\/3772","targetHints":{"allow":["GET"]}}],"collection":[{"href":"https:\/\/ambbogota.esteri.it\/es\/wp-json\/wp\/v2\/pages"}],"about":[{"href":"https:\/\/ambbogota.esteri.it\/es\/wp-json\/wp\/v2\/types\/page"}],"author":[{"embeddable":true,"href":"https:\/\/ambbogota.esteri.it\/es\/wp-json\/wp\/v2\/users\/7"}],"replies":[{"embeddable":true,"href":"https:\/\/ambbogota.esteri.it\/es\/wp-json\/wp\/v2\/comments?post=3772"}],"version-history":[{"count":3,"href":"https:\/\/ambbogota.esteri.it\/es\/wp-json\/wp\/v2\/pages\/3772\/revisions"}],"predecessor-version":[{"id":5351,"href":"https:\/\/ambbogota.esteri.it\/es\/wp-json\/wp\/v2\/pages\/3772\/revisions\/5351"}],"up":[{"embeddable":true,"href":"https:\/\/ambbogota.esteri.it\/es\/wp-json\/wp\/v2\/pages\/770"}],"wp:attachment":[{"href":"https:\/\/ambbogota.esteri.it\/es\/wp-json\/wp\/v2\/media?parent=3772"}],"curies":[{"name":"wp","href":"https:\/\/api.w.org\/{rel}","templated":true}]}}