{"id":3958,"date":"2024-06-12T10:00:00","date_gmt":"2024-06-12T15:00:00","guid":{"rendered":"https:\/\/ambbogota.esteri.it\/?page_id=3958"},"modified":"2025-07-25T10:50:36","modified_gmt":"2025-07-25T15:50:36","slug":"visa-de-estudios-para-pasantia-formativa-extracurricular","status":"publish","type":"page","link":"https:\/\/ambbogota.esteri.it\/es\/servizi-consolari-e-visti\/servizi-per-il-cittadino-straniero\/visti\/visas-requisitos\/visas-de-estudio\/visa-de-estudios-para-pasantia-formativa-extracurricular\/","title":{"rendered":"Visa de Estudios para Pasant\u00eda Formativa \u201cExtracurricular\u201d"},"content":{"rendered":"<p>Para obtener informaciones generales sobre esta tipolog\u00eda de VISA visitar la siguiente p\u00e1gina web del Gobierno Italiano:\u00a0<a href=\"http:\/\/vistoperitalia.esteri.it\/\">vistoperitalia.esteri.it<\/a><\/p>\n<p><strong>\u00bfPara qu\u00e9 sirve y qui\u00e9n puede utilizarla?<\/strong><\/p>\n<p>Esta visa permite ingresar a los ciudadanos extranjeros residentes en Colombia que deban realizar una pasant\u00eda que les permita completar una carrera profesional. Las pasant\u00edas son promovidas por sujetos acreditados ante las disciplinas regionales en materia de pasant\u00edas extracurriculares y de orientaci\u00f3n.<\/p>\n<p>La visa se puede solicitar con <u>seis meses de antelaci\u00f3n<\/u> a la fecha de inicio de la pasant\u00eda y hasta 15 d\u00edas laborales antes de la fecha de inicio de la misma.<\/p>\n<p><strong>Tipo de la visa<\/strong>:\u00a0\u00abD\u00bb visa de larga duraci\u00f3n (mayor de 90 d\u00edas hasta 365 d\u00edas).<\/p>\n<p><strong>REQUISITOS<\/strong>: Se deben presentar a la Embajada en el estricto orden abajo indicado:<\/p>\n<ol>\n<li><a href=\"https:\/\/ambbogota.esteri.it\/wp-content\/uploads\/2023\/11\/Formulario_D_-VistoNazionale_spagnolo.pdf\"><strong>Formulario de solicitud de visa Nacional<\/strong>\u00a0<\/a>debidamente diligenciado en todos sus campos y firmado.<\/li>\n<li><strong>Dos fotograf\u00edas<\/strong> (3 cm x 4 cm), fondo blanco a color (iguales y recientes) de las cuales una pegada al formulario en el recuadro correspondiente.<\/li>\n<li><a href=\"https:\/\/ambbogota.esteri.it\/es\/servizi-consolari-e-visti\/servizi-per-il-cittadino-italiano\/derechos-consulares-2\/\"><strong>Pago de los derechos consulares<\/strong><\/a>\u00a0(presentar el original de la consignaci\u00f3n realizada al Banco GNB Sudameris, Cuenta Corriente n. 11538667 Art. 29-Visa de estudio).<\/li>\n<li><strong>Pasaporte vigente<\/strong> (con validez de m\u00ednimo 3 meses m\u00e1s de la duraci\u00f3n de la visa) con m\u00ednimo dos p\u00e1ginas libres y copia simple del mismo (s\u00f3lo de la p\u00e1gina del pasaporte que contiene los datos personales del titular).<\/li>\n<li><strong>C\u00e9dula colombiana<\/strong> \u2013 para los extranjeros c\u00e9dula de extranjer\u00eda y visa colombiana &#8211; vigente (en ambos casos copia ampliada y legible).<\/li>\n<li><strong>Proyecto Formativo aprobado y sellado por la Regi\u00f3n competente<\/strong> (\u201cAssessorato\u201d Regional) que incluya una p\u00f3liza contra accidentes laborales INAIL y una de responsabilidad civil. (Original y copia)<\/li>\n<li><strong>\u201cLuz Verde\u201d<\/strong> otorgada por la Oficina de Estudios de la Embajada de Italia. Los interesados deber\u00e1n contactar previamente a la Oficina de Estudios de la Embajada de Italia al correo electr\u00f3nico: <a href=\"mailto:iicbogota@esteri.it\">iicbogota@esteri.it<\/a> para solicitar la verificaci\u00f3n de sus t\u00edtulos de estudios y obtener la \u00abLuz Verde\u00bb que deber\u00e1n presentar el d\u00eda de la presentaci\u00f3n de la solicitud de su visa. La Oficina de Estudios evaluar\u00e1 caso por caso si hay necesidad de cita presencial.<\/li>\n<li><strong>Certificaci\u00f3n oficial nivel B2 del idioma en el que se realizar\u00e1 el curso<\/strong>, si el curso de estudios es dictado en italiano, tal certificado deber\u00e1 ser emitido por una de las siguientes entidades: Instituto Italiano de Cultura; CILS; CELI; PLIDA. De todas formas, la Embajada de Italia se reserva el derecho de verificar el nivel del conocimiento del idioma italiano durante la entrevista y pedir otro tipo de documentaci\u00f3n adicional que considere necesaria. Por el contrario, si el curso de estudios es dictado en ingl\u00e9s, el certificado deber\u00e1 ser emitido exclusivamente por una de las tres siguientes entidades: TOEFL IBT, MICHIGAN, IELTS. En ambos casos la certificaci\u00f3n no puede tener fecha anterior a los dos a\u00f1os anteriores a la fecha de radicaci\u00f3n de la solicitud de visa.<\/li>\n<li><strong>Demostraci\u00f3n de disponibilidad de medios econ\u00f3micos<\/strong> (por la duraci\u00f3n del primer a\u00f1o acad\u00e9mico), que debe ser constante en el tiempo (no de \u00faltimo momento) y <strong><u>estar disponible en su totalidad el d\u00eda de la presentaci\u00f3n de la solicitud de visa<\/u><\/strong> seg\u00fan los valores indicados en la Tabella A anexada a la Directiva del Ministerio de Interior Italiano de fecha 01.03.2000 que prev\u00e9 la disponibilidad del siguiente importe m\u00ednimo: <strong>206,58 Euro base + 27,89 Euro x cada d\u00eda<\/strong> de la duraci\u00f3n del curso, ejemplo: para cursos de 365 d\u00edas: 27,89&#215;365+206,58=<strong>10.386,43 euros<\/strong>) demostrables a trav\u00e9s de una de\u00a0las siguientes opciones:\n<ol>\n<li><strong>Disponibilidad de una cuenta bancaria<\/strong> a nombre del estudiante o de los padres* en un <u>Banco italiano\/U.E<\/u>** con informaci\u00f3n actualizada. Dicha disponibilidad debe demostrarse a trav\u00e9s de los extractos bancarios de la\/las cuenta\/s de los \u00faltimos seis meses anteriores a la fecha de presentaci\u00f3n de la solicitud de visa (original, debidamente sellado por el Banco emisor &#8211; no se admiten documentos descargados por internet sin los criterios antedichos). En caso de no estar disponibles los extractos del \u00faltimo periodo, se solicita presentar adem\u00e1s del certificado de los movimientos bancarios de los periodos que no cuenten con extracto bancario, el certificado del saldo disponible a la fecha de la\/s cuenta\/bancaria\/s. No se admite soporte de tarjeta de cr\u00e9dito.<\/li>\n<li><strong>Disponibilidad de una cuenta bancaria<\/strong> a nombre del estudiante o de los padres* en un <u>Banco en Colombia<\/u>** con informaci\u00f3n actualizada. Dicha disponibilidad debe demostrarse a trav\u00e9s de los extractos bancarios de la\/las cuenta\/s de los \u00faltimos seis meses anteriores a la fecha de presentaci\u00f3n de la solicitud de visa (original, debidamente sellado por el Banco emisor &#8211; no se admiten documentos descargados por internet sin los criterios antedichos). En caso de no estar disponibles los extractos del \u00faltimo periodo, se solicita presentar adem\u00e1s del certificado de los movimientos bancarios de los periodos que no cuenten con extracto bancario, el certificado del saldo disponible a la fecha de la\/s cuenta\/bancaria\/s. No se admite soporte de tarjeta de cr\u00e9dito.<br \/>\n<strong>* <\/strong>Cuando los padres se hagan cargo de los gastos: <u>carta de compromiso de los padres firmada ante una Notar\u00eda P\u00fablica<\/u> y copia simple y legible del Registro civil de nacimiento del solicitante de la visa que demuestre el parentesco.<\/li>\n<li><strong>En el caso que exista una beca<\/strong> proporcionada por entidades reconocidas (ej. Universidad, Colfuturo, Colciencias, etc.) la carta de la Entidad debe indicar el nombre del becado, la finalidad de la beca y el monto exacto asignado; debe ser firmada por el responsable de la Entidad otorgante y acompa\u00f1ada por la fotocopia de la cedula del\/a mismo\/a.<br \/>\n**Se precisa que la Embajada de Italia se reserva la aceptaci\u00f3n de documentaci\u00f3n de cuentas bancarias activas en un Pa\u00eds que no sea Colombia o la U.E.<\/li>\n<\/ol>\n<\/li>\n<li><strong>Demostraci\u00f3n de disponibilidad de alojamiento<\/strong> a trav\u00e9s de una de las siguientes opciones:\n<ol>\n<li>Reserva de hotel\/residencia que cubra las primeras 10 noches a partir de su llegada a Italia<\/li>\n<li>Carta de invitaci\u00f3n emitida por parte de un ciudadano italiano\/europeo o extranjero regularmente residente en Italia (ver <a href=\"https:\/\/ambbogota.esteri.it\/wp-content\/uploads\/2024\/04\/Carta-de-invitacion-por-estudio.pdf\">formato<\/a>).<\/li>\n<\/ol>\n<\/li>\n<li><strong>Seguro m\u00e9dico<\/strong> con cobertura de Euro 30.000 en los Estados Schengen para asistencia m\u00e9dica, traslado sanitario y repatriaci\u00f3n funeraria, m\u00ednimo durante los primeros 10 d\u00edas a partir de su salida del pa\u00eds.<\/li>\n<li><strong>Reserva de vuelo<\/strong> de ida y vuelta con destino final Italia y demostraci\u00f3n de disponibilidad de medios econ\u00f3micos para adquirir el <u>tiquete de regreso<\/u> a Colombia en el caso en que se exhiba solo de ida. <strong>Se precisa que el viaje debe ser realizado m\u00e1ximo 8 d\u00edas antes del inicio de la pasant\u00eda.<\/strong><\/li>\n<\/ol>\n<p><strong><u>NOTAS<\/u><\/strong>:<\/p>\n<ul>\n<li>La solicitud de visa deber\u00e1 ser presentada de manera presencial por el interesado.<\/li>\n<li>Se reciben solicitudes de visa <u>\u00fanicamente de personas residentes en Colombia<\/u>.<\/li>\n<li>El tr\u00e1mite es estrictamente personal. <u>La Embajada no ha autorizado a ninguna agencia ni intermediario para los tramites de visa<\/u>.<\/li>\n<li>La falta de alguno de los documentos podr\u00eda implicar el rechazo en la ventanilla de la solicitud de visa. La misma <u>no podr\u00e1 ser aceptada<\/u> si el pago de los derechos consulares no se ha consignado previamente en su totalidad en el banco (ver <a href=\"https:\/\/ambbogota.esteri.it\/ambasciata_bogota\/es\/in_linea_con_utente\/tar-cons.html\"><strong>tarifas consulares<\/strong><\/a>).<\/li>\n<li>La carta de invitaci\u00f3n (punto 10b) debe estar siempre acompa\u00f1ada por la copia del documento de identidad del declarante con la firma visible y copia del Permiso de estad\u00eda (Permesso di Soggiorno) vigente si el invitante fuera un ciudadano extranjero regularmente residente en Italia.<\/li>\n<li>No se aceptan garant\u00edas econ\u00f3micas de terceras personas residentes en Italia o en el exterior que no sean familiares cercanos indicados en el punto\u00a09.<\/li>\n<li>La Embajada de Italia se reserva el derecho de verificar el nivel del conocimiento del idioma italiano y pedir otro tipo de documentaci\u00f3n que estime necesaria.<\/li>\n<li>La visa (si es otorgada), podr\u00e1 ser concedida con una fecha de entrada a Italia pocos d\u00edas antes del inicio de la pasant\u00eda, as\u00ed como indicado en el Proyecto Formativo. Quienes deseen entrar a Italia antes de esa fecha podr\u00e1n hacerlo como turistas (sin Visa) por un m\u00e1ximo de 3 meses si su nacionalidad est\u00e1 exenta de solicitar la Visa de turismo.<\/li>\n<li>Siendo la Visa una concesi\u00f3n, aun presentando todos los documentos requeridos, la misma puede ser otorgada o rechazada. En este \u00faltimo caso ser\u00e1 entregado el \u201c<em><u>Provvedimento di Diniego<\/u><\/em>\u201d.<\/li>\n<li>Si la Visa es otorgada, el titular de esta, deber\u00e1 solicitar dentro de los primeros ocho d\u00edas h\u00e1biles del ingreso a Italia, el Permiso de Estad\u00eda (<em><u>Permesso di Soggiorno<\/u><\/em>) ante las Autoridades italianas competentes.<\/li>\n<\/ul>\n","protected":false},"excerpt":{"rendered":"Para obtener informaciones generales sobre esta tipolog\u00eda de VISA visitar la siguiente p\u00e1gina web del Gobierno Italiano:\u00a0vistoperitalia.esteri.it \u00bfPara qu\u00e9 sirve y qui\u00e9n puede utilizarla? Esta visa permite ingresar a los ciudadanos extranjeros residentes en Colombia que deban realizar una pasant\u00eda que les permita completar una carrera profesional. Las pasant\u00edas son promovidas por sujetos acreditados ante [&hellip;]","protected":false},"author":7,"featured_media":0,"parent":750,"menu_order":0,"comment_status":"closed","ping_status":"closed","template":"","meta":{"footnotes":""},"class_list":["post-3958","page","type-page","status-publish","hentry"],"_links":{"self":[{"href":"https:\/\/ambbogota.esteri.it\/es\/wp-json\/wp\/v2\/pages\/3958","targetHints":{"allow":["GET"]}}],"collection":[{"href":"https:\/\/ambbogota.esteri.it\/es\/wp-json\/wp\/v2\/pages"}],"about":[{"href":"https:\/\/ambbogota.esteri.it\/es\/wp-json\/wp\/v2\/types\/page"}],"author":[{"embeddable":true,"href":"https:\/\/ambbogota.esteri.it\/es\/wp-json\/wp\/v2\/users\/7"}],"replies":[{"embeddable":true,"href":"https:\/\/ambbogota.esteri.it\/es\/wp-json\/wp\/v2\/comments?post=3958"}],"version-history":[{"count":5,"href":"https:\/\/ambbogota.esteri.it\/es\/wp-json\/wp\/v2\/pages\/3958\/revisions"}],"predecessor-version":[{"id":6759,"href":"https:\/\/ambbogota.esteri.it\/es\/wp-json\/wp\/v2\/pages\/3958\/revisions\/6759"}],"up":[{"embeddable":true,"href":"https:\/\/ambbogota.esteri.it\/es\/wp-json\/wp\/v2\/pages\/750"}],"wp:attachment":[{"href":"https:\/\/ambbogota.esteri.it\/es\/wp-json\/wp\/v2\/media?parent=3958"}],"curies":[{"name":"wp","href":"https:\/\/api.w.org\/{rel}","templated":true}]}}