{"id":3970,"date":"2024-06-12T10:17:31","date_gmt":"2024-06-12T15:17:31","guid":{"rendered":"https:\/\/ambbogota.esteri.it\/?page_id=3970"},"modified":"2025-01-24T15:18:30","modified_gmt":"2025-01-24T20:18:30","slug":"visa-para-investigacion","status":"publish","type":"page","link":"https:\/\/ambbogota.esteri.it\/es\/servizi-consolari-e-visti\/servizi-per-il-cittadino-straniero\/visti\/visas-requisitos\/visa-para-investigacion\/","title":{"rendered":"Visa para Investigaci\u00f3n"},"content":{"rendered":"<p>Para obtener informaciones generales sobre esta tipolog\u00eda de VISA visitar la siguiente p\u00e1gina web del Gobierno Italiano:\u00a0<a href=\"http:\/\/vistoperitalia.esteri.it\/\">vistoperitalia.esteri.it<\/a><\/p>\n<p><strong>\u00bfPara qu\u00e9 sirve y qui\u00e9n la puede solicitar?<\/strong><\/p>\n<p>La visa de investigaci\u00f3n permite el ingreso, por un periodo breve o de larga duraci\u00f3n, al extranjero que posee un t\u00edtulo de Doctorado o un t\u00edtulo de estudio superior que, en el pa\u00eds en el que lo obtuvo, permite el acceso a un programa de Doctorado, para realizar una actividad de Investigaci\u00f3n en una Universidad o Instituto de Investigaci\u00f3n inscrito en el listado del MUR, sobre la base de un convenio de acogida \u201cConvenzione di Accoglienza\u201d estipulado entre la entidad y el ciudadano extranjero.<\/p>\n<p>El tr\u00e1mite empieza en Italia, donde debe ser solicitado ante la \u201cPrefettura\u201d territorialmente competente la respectiva autorizaci\u00f3n (Nulla Osta) para realizar la Investigaci\u00f3n.<br \/>\nUna vez que la Autoridad italiana competente haya emitido dicha autorizaci\u00f3n, el investigador residente en Colombia podr\u00e1 solicitar la visa.<\/p>\n<p>La visa se puede solicitar <u>con seis meses de antelaci\u00f3n<\/u> a la fecha de viaje y hasta 15 d\u00edas laborales antes de la fecha de inicio de la Investigaci\u00f3n.<\/p>\n<p><strong>Tipo de visa<\/strong>: \u201cC\u201d visa de corta duraci\u00f3n (hasta 90 d\u00edas) o \u00abD\u00bb visa de larga duraci\u00f3n (mayor de 90 d\u00edas hasta 365 d\u00edas).<\/p>\n<p><strong>REQUISITOS<\/strong>: Se deben presentar a la Embajada en el estricto orden abajo indicado.<\/p>\n<ol>\n<li><a href=\"https:\/\/ambbogota.esteri.it\/wp-content\/uploads\/2023\/11\/Formulario_D_-VistoNazionale_spagnolo.pdf\"><strong>Formulario de solicitud de visa Nacional\u00a0<\/strong><\/a>o <strong><a href=\"https:\/\/ambbogota.esteri.it\/wp-content\/uploads\/2024\/07\/Formulario-bilingue.pdf\">Formulario de solicitud de visa Schengen<\/a><\/strong> debidamente diligenciado en todos sus campos y firmado.<\/li>\n<li><strong>Dos fotograf\u00edas<\/strong> (3 cm x 4 cm), fondo blanco a color (iguales y recientes) de las cuales una pegada al formulario en el recuadro correspondiente.<\/li>\n<li><a href=\"https:\/\/ambbogota.esteri.it\/es\/servizi-consolari-e-visti\/servizi-per-il-cittadino-italiano\/derechos-consulares-2\/\"><strong>Pago de los derechos consulares<\/strong><\/a>\u00a0(presentar el original de la consignaci\u00f3n realizada al Banco GNB Sudameris, Cuenta Corriente n. 11538667 Art. 29, no se aceptan copias o transferencias bancarias directas).<\/li>\n<li><strong>Pasaporte vigente<\/strong> (con validez de m\u00ednimo 3 meses m\u00e1s de la duraci\u00f3n de la visa) con m\u00ednimo dos p\u00e1ginas libres y copia simple del mismo (s\u00f3lo de la p\u00e1gina del pasaporte que contiene los datos personales del titular).<\/li>\n<li><strong>C\u00e9dula colombiana<\/strong> \u2013 para los extranjeros c\u00e9dula de extranjer\u00eda y visa colombiana &#8211; vigente (copia ampliada y legible).<\/li>\n<li><strong>Copia del \u201cNulla Osta\u201d emitido por la Prefectura \u2013 S.U.I. (Sportello Unico Immigrazione).<\/strong><\/li>\n<li><strong>Copia del Convenio de Acogida (Convenzione di Accoglienza) en Italia, <\/strong>firmada por las partes.<\/li>\n<li><strong>Copia simple de los t\u00edtulos acad\u00e9micos con relativa apostilla. <\/strong>Tambi\u00e9n es posible presentar la Declaraci\u00f3n de Valor.<\/li>\n<li><strong>Reserva de vuelo <\/strong>de ida con destino final Italia.<\/li>\n<\/ol>\n<p><strong><u>NOTAS<\/u><\/strong><u>:<\/u><\/p>\n<ul>\n<li>La solicitud de visa deber\u00e1 ser presentada de manera presencial por el interesado.<\/li>\n<li>Se reciben solicitudes de visa <u>\u00fanicamente de personas residentes en Colombia<\/u>.<\/li>\n<li>El tr\u00e1mite es estrictamente personal.<u> La Embajada no ha autorizado a ninguna agencia ni intermediario para los tramites de visa<\/u>.<\/li>\n<li>Se precisa que la autorizaci\u00f3n Nulla Osta <u>es \u00fanicamente imprescindible<\/u> para la tipolog\u00eda de visa tipo D de larga duraci\u00f3n.<\/li>\n<li>Se informa que la oficina de Visas no puede recibir la solicitud hasta tanto<strong> no reciba telem\u00e1ticamente la Nulla Osta transmitida por la Oficina S.U.I. (Prefettura en Italia)<\/strong>.<\/li>\n<li>Se recuerda que la \u00ab<em>Nulla Osta<\/em>\u00bb\u00a0<strong>tiene una validez de 6 meses<\/strong>\u00a0(desde la fecha de emisi\u00f3n del S.U.I.)\u00a0<strong>y debe ser utilizado antes que se haya vencido<\/strong>.<\/li>\n<li>La falta de alguno de los documentos podr\u00eda implicar el rechazo en la ventanilla de la solicitud de visa. La misma <u>no podr\u00e1 ser aceptada<\/u> si el pago de los derechos consulares no se ha consignado previamente en su totalidad en el banco (ver <a href=\"https:\/\/ambbogota.esteri.it\/ambasciata_bogota\/es\/in_linea_con_utente\/tar-cons.html\"><strong>tarifas consulares<\/strong><\/a>).<\/li>\n<li>La Embajada de Italia se reserva el derecho de solicitar documentaci\u00f3n adicional que considere necesaria.<\/li>\n<li>La visa (si es otorgada), podr\u00e1 ser concedida con una fecha de entrada a Italia pocos d\u00edas antes del inicio de la Investigaci\u00f3n, as\u00ed como indicado en el Convenio de Acogida. Quienes deseen entrar a Italia antes de esa fecha podr\u00e1n hacerlo como turistas (sin Visa) por un m\u00e1ximo de 3 meses si su nacionalidad est\u00e1 exenta de solicitar la Visa de turismo.<\/li>\n<li>Siendo la Visa una concesi\u00f3n, aun presentando todos los documentos requeridos, la misma puede ser otorgada o rechazada. En este \u00faltimo caso ser\u00e1 entregado el \u201c<em><u>Provvedimento di Diniego<\/u><\/em>\u201d.<\/li>\n<li>Si la Visa es otorgada, el titular de esta, deber\u00e1 solicitar dentro de los primeros ocho d\u00edas h\u00e1biles del ingreso a Italia, el Permiso de Estad\u00eda (<em><u>Permesso di Soggiorno<\/u><\/em>) ante las Autoridades italianas competentes.<\/li>\n<\/ul>\n","protected":false},"excerpt":{"rendered":"Para obtener informaciones generales sobre esta tipolog\u00eda de VISA visitar la siguiente p\u00e1gina web del Gobierno Italiano:\u00a0vistoperitalia.esteri.it \u00bfPara qu\u00e9 sirve y qui\u00e9n la puede solicitar? La visa de investigaci\u00f3n permite el ingreso, por un periodo breve o de larga duraci\u00f3n, al extranjero que posee un t\u00edtulo de Doctorado o un t\u00edtulo de estudio superior que, [&hellip;]","protected":false},"author":7,"featured_media":0,"parent":748,"menu_order":0,"comment_status":"closed","ping_status":"closed","template":"","meta":{"footnotes":""},"class_list":["post-3970","page","type-page","status-publish","hentry"],"_links":{"self":[{"href":"https:\/\/ambbogota.esteri.it\/es\/wp-json\/wp\/v2\/pages\/3970","targetHints":{"allow":["GET"]}}],"collection":[{"href":"https:\/\/ambbogota.esteri.it\/es\/wp-json\/wp\/v2\/pages"}],"about":[{"href":"https:\/\/ambbogota.esteri.it\/es\/wp-json\/wp\/v2\/types\/page"}],"author":[{"embeddable":true,"href":"https:\/\/ambbogota.esteri.it\/es\/wp-json\/wp\/v2\/users\/7"}],"replies":[{"embeddable":true,"href":"https:\/\/ambbogota.esteri.it\/es\/wp-json\/wp\/v2\/comments?post=3970"}],"version-history":[{"count":3,"href":"https:\/\/ambbogota.esteri.it\/es\/wp-json\/wp\/v2\/pages\/3970\/revisions"}],"predecessor-version":[{"id":5336,"href":"https:\/\/ambbogota.esteri.it\/es\/wp-json\/wp\/v2\/pages\/3970\/revisions\/5336"}],"up":[{"embeddable":true,"href":"https:\/\/ambbogota.esteri.it\/es\/wp-json\/wp\/v2\/pages\/748"}],"wp:attachment":[{"href":"https:\/\/ambbogota.esteri.it\/es\/wp-json\/wp\/v2\/media?parent=3970"}],"curies":[{"name":"wp","href":"https:\/\/api.w.org\/{rel}","templated":true}]}}