{"id":4004,"date":"2024-06-12T11:09:38","date_gmt":"2024-06-12T16:09:38","guid":{"rendered":"https:\/\/ambbogota.esteri.it\/?page_id=4004"},"modified":"2025-01-27T16:42:51","modified_gmt":"2025-01-27T21:42:51","slug":"visa-para-trabajo-independiente-por-cuenta-propia","status":"publish","type":"page","link":"https:\/\/ambbogota.esteri.it\/es\/servizi-consolari-e-visti\/servizi-per-il-cittadino-straniero\/visti\/visas-requisitos\/visas-de-trabajo\/visa-para-trabajo-independiente-por-cuenta-propia\/","title":{"rendered":"Visa para Trabajo Independiente por Cuenta Propia"},"content":{"rendered":"<p>Para obtener informaciones generales sobre esta tipolog\u00eda de VISA visitar la siguiente p\u00e1gina web del Gobierno Italiano:\u00a0<a href=\"http:\/\/vistoperitalia.esteri.it\/\">vistoperitalia.esteri.it<\/a><\/p>\n<p><strong>\u00bfPara qu\u00e9 sirve y qui\u00e9n la puede solicitar?<\/strong><\/p>\n<p>La visa de Trabajo Independiente por cuenta propia permite al ciudadano extranjero ingresar y residir en Italia con la finalidad de trabajar de forma independiente seg\u00fan el principio de la programaci\u00f3n de los flujos regida por el <em>Decreto Flussi<\/em>, en el que se establece el n\u00famero de extranjeros que pueden entrar en el territorio nacional por motivos de trabajo.<\/p>\n<p>El tr\u00e1mite empieza en Italia donde la misma persona natural solicita a la entidad italiana territorialmente competente la respectiva autorizaci\u00f3n (Nulla Osta). Una vez que dicha autoridad haya emitido la autorizaci\u00f3n (<em>Nulla Osta<\/em>), el interesado residente en Colombia podr\u00e1 solicitar la visa.<\/p>\n<p>La visa se puede solicitar con <u>seis meses de antelaci\u00f3n<\/u> a la fecha de viaje y hasta 15 d\u00edas laborales antes de la fecha de viaje.<\/p>\n<p><strong>Tipo de visa<\/strong>: \u201cC\u201d visa de corta duraci\u00f3n (hasta 90 d\u00edas) o \u00abD\u00bb visa de larga duraci\u00f3n (mayor de 90 d\u00edas hasta 365 d\u00edas).<\/p>\n<p><strong>REQUISITOS<\/strong>: Se deben presentar a la Embajada en el estricto orden abajo indicado.<\/p>\n<ol>\n<li><a href=\"https:\/\/ambbogota.esteri.it\/wp-content\/uploads\/2023\/11\/Formulario_D_-VistoNazionale_spagnolo.pdf\">Formulario de solicitud de visa Nacional\u00a0<\/a>debidamente diligenciado en todos sus campos y firmado.<\/li>\n<li><strong>Dos fotograf\u00edas<\/strong> (3 cm x 4 cm), fondo blanco a color (iguales y recientes) de las cuales una pegada al formulario en el recuadro correspondiente.<\/li>\n<li><a href=\"https:\/\/ambbogota.esteri.it\/es\/servizi-consolari-e-visti\/servizi-per-il-cittadino-italiano\/derechos-consulares-2\/\"><strong>Pago de los derechos consulares<\/strong><\/a>\u00a0(presentar el original de la consignaci\u00f3n realizada al Banco GNB Sudameris, Cuenta Corriente n. 11538667 Art. 29-, no se aceptan copias o transferencias bancarias directas).<\/li>\n<li><strong>Pasaporte vigente<\/strong> (con validez de m\u00ednimo 3 meses m\u00e1s de la duraci\u00f3n de la visa) con m\u00ednimo dos p\u00e1ginas libres y copia simple del mismo (s\u00f3lo de la p\u00e1gina del pasaporte que contiene los datos personales del titular).<\/li>\n<li><strong>C\u00e9dula colombiana<\/strong> \u2013 para los extranjeros c\u00e9dula de extranjer\u00eda y visa colombiana &#8211; vigente (copia ampliada y legible).<\/li>\n<li><strong>Copia simple de los t\u00edtulos acad\u00e9micos con relativa apostilla<\/strong>. Tambi\u00e9n es posible presentar la Declaraci\u00f3n de Valor<\/li>\n<li>El <strong>Nulla Osta de la Questura competente<\/strong> para el lugar donde se desarrollar\u00e1 la actividad aut\u00f3noma. La fecha del Nulla Osta no debe ser inferior a tres meses;<\/li>\n<li><strong>Certificaci\u00f3n relativa a los recursos necesarios para la actividad a desarrollar, emitida por la C\u00e1mara de Comercio (CCIAA)<\/strong> competente en el territorio de desarrollo de la actividad. Tales recursos no deben ser inferiores al triple del pago anual de la seguridad social <em>(a partir de 20.000 euros aproximadamente).\u00a0<\/em><\/li>\n<li><strong>Disponibilidad econ\u00f3mica<\/strong> <strong>en Italia<\/strong> suficiente para garantizar el monto de los recursos necesarios referentes a la Certificaci\u00f3n anterior.<\/li>\n<li><strong>Disponibilidad de ingresos &#8211; relativos al a\u00f1o financiero anterior<\/strong>&#8211; por un total superior al nivel m\u00ednimo previsto por la ley para la exoneraci\u00f3n de la participaci\u00f3n a los gastos sanitarios (\u20ac8.500), adquiridos anteriormente en el Pa\u00eds de residencia.<\/li>\n<li><strong>Demostraci\u00f3n de la disponibilidad de alojamiento<\/strong> a trav\u00e9s de una de las siguientes opciones:\n<ol>\n<li>Contrato de alquiler de una casa o apartamento, registrado ante las autoridades competentes en Italia y v\u00e1lido durante el periodo de estancia solicitado.<\/li>\n<li>Documentaci\u00f3n que certifique la compra de un inmueble en Italia.<\/li>\n<\/ol>\n<\/li>\n<li><strong>Reserva de vuelo<\/strong> de ida con destino final Italia.<\/li>\n<\/ol>\n<p><strong><u>NOTAS<\/u><\/strong><u>:<\/u><\/p>\n<ul>\n<li>La solicitud de visa deber\u00e1 ser presentada de manera presencial por el interesado.<\/li>\n<li>Se reciben solicitudes de visa <u>\u00fanicamente de personas residentes en Colombia<\/u>.<\/li>\n<li>El tr\u00e1mite es estrictamente personal.<u> La Embajada no ha autorizado a ninguna agencia ni intermediario para los tramites de visa<\/u>.<\/li>\n<li>La falta de alguno de los documentos podr\u00eda implicar el rechazo en la ventanilla de la solicitud de visa. La misma <u>no podr\u00e1 ser aceptada<\/u> si el pago de los derechos consulares no se ha consignado previamente en su totalidad en el banco (ver <a href=\"https:\/\/ambbogota.esteri.it\/ambasciata_bogota\/es\/in_linea_con_utente\/tar-cons.html\"><strong>tarifas consulares<\/strong><\/a>).<\/li>\n<li>La Embajada de Italia se reserva el derecho de solicitar otro tipo de documentaci\u00f3n que estime necesaria.<\/li>\n<li>La visa (si es otorgada), podr\u00e1 ser concedida con una fecha de entrada a Italia pocos d\u00edas antes de la fecha de inicio de la actividad a desarrollar.<\/li>\n<li>Siendo la Visa una concesi\u00f3n, aun presentando todos los documentos requeridos, la misma puede ser otorgada o rechazada. En este \u00faltimo caso ser\u00e1 entregado el \u201c<em><u>Provvedimento di Diniego<\/u><\/em>\u201d.<\/li>\n<li>Si la Visa es otorgada, el titular de esta, deber\u00e1 solicitar dentro de los primeros ocho d\u00edas h\u00e1biles del ingreso a Italia, el Permiso de Estad\u00eda (<em><u>Permesso di Soggiorno<\/u><\/em>) ante las Autoridades italianas competentes.<\/li>\n<\/ul>\n","protected":false},"excerpt":{"rendered":"Para obtener informaciones generales sobre esta tipolog\u00eda de VISA visitar la siguiente p\u00e1gina web del Gobierno Italiano:\u00a0vistoperitalia.esteri.it \u00bfPara qu\u00e9 sirve y qui\u00e9n la puede solicitar? La visa de Trabajo Independiente por cuenta propia permite al ciudadano extranjero ingresar y residir en Italia con la finalidad de trabajar de forma independiente seg\u00fan el principio de la [&hellip;]","protected":false},"author":7,"featured_media":0,"parent":5508,"menu_order":0,"comment_status":"closed","ping_status":"closed","template":"","meta":{"footnotes":""},"class_list":["post-4004","page","type-page","status-publish","hentry"],"_links":{"self":[{"href":"https:\/\/ambbogota.esteri.it\/es\/wp-json\/wp\/v2\/pages\/4004","targetHints":{"allow":["GET"]}}],"collection":[{"href":"https:\/\/ambbogota.esteri.it\/es\/wp-json\/wp\/v2\/pages"}],"about":[{"href":"https:\/\/ambbogota.esteri.it\/es\/wp-json\/wp\/v2\/types\/page"}],"author":[{"embeddable":true,"href":"https:\/\/ambbogota.esteri.it\/es\/wp-json\/wp\/v2\/users\/7"}],"replies":[{"embeddable":true,"href":"https:\/\/ambbogota.esteri.it\/es\/wp-json\/wp\/v2\/comments?post=4004"}],"version-history":[{"count":2,"href":"https:\/\/ambbogota.esteri.it\/es\/wp-json\/wp\/v2\/pages\/4004\/revisions"}],"predecessor-version":[{"id":5407,"href":"https:\/\/ambbogota.esteri.it\/es\/wp-json\/wp\/v2\/pages\/4004\/revisions\/5407"}],"up":[{"embeddable":true,"href":"https:\/\/ambbogota.esteri.it\/es\/wp-json\/wp\/v2\/pages\/5508"}],"wp:attachment":[{"href":"https:\/\/ambbogota.esteri.it\/es\/wp-json\/wp\/v2\/media?parent=4004"}],"curies":[{"name":"wp","href":"https:\/\/api.w.org\/{rel}","templated":true}]}}