{"id":4435,"date":"2024-08-27T08:42:18","date_gmt":"2024-08-27T13:42:18","guid":{"rendered":"https:\/\/ambbogota.esteri.it\/?page_id=4435"},"modified":"2025-05-21T15:53:14","modified_gmt":"2025-05-21T20:53:14","slug":"nacimiento-por-maternidad-subrogada","status":"publish","type":"page","link":"https:\/\/ambbogota.esteri.it\/es\/servizi-consolari-e-visti\/servizi-per-il-cittadino-italiano\/stato-civile\/nacimiento-por-maternidad-subrogada\/","title":{"rendered":"Nacimiento por \u00abmaternidad subrogada\u00bb"},"content":{"rendered":"<p>Con la entrada en vigor, el 3 diciembre 2024, de la ley n. 169 del 4 noviembre 2024, <strong>el delito de gestaci\u00f3n subrogada<\/strong> cometido por <strong>un italiano es sancionado tambi\u00e9n en el exterior<\/strong> y punible por la ley italiana, independientemente de que dicha pr\u00e1ctica sea permitida en el pa\u00eds extranjero d\u00f3nde tuvo lugar.<\/p>\n<p>Al delito de gestaci\u00f3n subrogada, se aplica la pena prevista por el art. 12, p\u00e1rrafo 6, de la Ley n. 40 del 19 febrero 2004, que ya estaba prevista y sancionada en el territorio nacional.<\/p>\n<p>Por lo tanto, se informa a los usuarios sobre la circunstancia de que, en aplicaci\u00f3n al art. 38, p\u00e1rrafo 1, del Decreto Legislativo n. 71 del 3 febrero 2011, la autoridad consular ante la que sea presentado el registro de nacimiento de un menor que resulte, o se presuma, haya nacido por medio de gestaci\u00f3n subrogada, <strong>est\u00e1 obligada a comunicar a la autoridad judicial nacional competente la relativa hip\u00f3tesis de delito<\/strong>, en concomitancia con el env\u00edo de registro de nacimiento a la Alcald\u00eda italiana de referencia.<\/p>\n","protected":false},"excerpt":{"rendered":"Con la entrada en vigor, el 3 diciembre 2024, de la ley n. 169 del 4 noviembre 2024, el delito de gestaci\u00f3n subrogada cometido por un italiano es sancionado tambi\u00e9n en el exterior y punible por la ley italiana, independientemente de que dicha pr\u00e1ctica sea permitida en el pa\u00eds extranjero d\u00f3nde tuvo lugar. Al delito [&hellip;]","protected":false},"author":7,"featured_media":0,"parent":169,"menu_order":0,"comment_status":"closed","ping_status":"closed","template":"","meta":{"footnotes":""},"class_list":["post-4435","page","type-page","status-publish","hentry"],"_links":{"self":[{"href":"https:\/\/ambbogota.esteri.it\/es\/wp-json\/wp\/v2\/pages\/4435","targetHints":{"allow":["GET"]}}],"collection":[{"href":"https:\/\/ambbogota.esteri.it\/es\/wp-json\/wp\/v2\/pages"}],"about":[{"href":"https:\/\/ambbogota.esteri.it\/es\/wp-json\/wp\/v2\/types\/page"}],"author":[{"embeddable":true,"href":"https:\/\/ambbogota.esteri.it\/es\/wp-json\/wp\/v2\/users\/7"}],"replies":[{"embeddable":true,"href":"https:\/\/ambbogota.esteri.it\/es\/wp-json\/wp\/v2\/comments?post=4435"}],"version-history":[{"count":3,"href":"https:\/\/ambbogota.esteri.it\/es\/wp-json\/wp\/v2\/pages\/4435\/revisions"}],"predecessor-version":[{"id":6493,"href":"https:\/\/ambbogota.esteri.it\/es\/wp-json\/wp\/v2\/pages\/4435\/revisions\/6493"}],"up":[{"embeddable":true,"href":"https:\/\/ambbogota.esteri.it\/es\/wp-json\/wp\/v2\/pages\/169"}],"wp:attachment":[{"href":"https:\/\/ambbogota.esteri.it\/es\/wp-json\/wp\/v2\/media?parent=4435"}],"curies":[{"name":"wp","href":"https:\/\/api.w.org\/{rel}","templated":true}]}}