{"id":4502,"date":"2024-09-06T12:19:35","date_gmt":"2024-09-06T17:19:35","guid":{"rendered":"https:\/\/ambbogota.esteri.it\/?page_id=4502"},"modified":"2025-07-25T11:21:35","modified_gmt":"2025-07-25T16:21:35","slug":"visa-para-trabajo-autonomo-nomada-digital","status":"publish","type":"page","link":"https:\/\/ambbogota.esteri.it\/es\/servizi-consolari-e-visti\/servizi-per-il-cittadino-straniero\/visti\/visas-requisitos\/visas-de-trabajo\/visa-para-trabajo-autonomo-nomada-digital\/","title":{"rendered":"Visa para Trabajo Aut\u00f3nomo \u2013 N\u00f3mada Digital"},"content":{"rendered":"<p>Para obtener informaciones generales sobre esta tipolog\u00eda de VISA visitar la siguiente p\u00e1gina web del Gobierno Italiano:\u00a0<a href=\"http:\/\/vistoperitalia.esteri.it\/\">vistoperitalia.esteri.it<\/a><\/p>\n<p><strong>\u00bfPara qu\u00e9 sirve y qui\u00e9n la puede solicitar?<\/strong><\/p>\n<p>La visa de Trabajo Aut\u00f3nomo \u2013 <em>N\u00f3mada Digital<\/em> permite al ciudadano extranjero ingresar y residir en Italia con la finalidad de trabajar de forma aut\u00f3noma por medio de instrumentos tecnol\u00f3gicos que le facilitan trabajar en remoto.<\/p>\n<p>La visa se puede solicitar con <u>seis meses de antelaci\u00f3n<\/u> a la fecha de viaje y hasta 15 d\u00edas laborales antes de la fecha de viaje.<\/p>\n<p><strong>Tipo de visa<\/strong>: \u00abC\u00bb visa de corta duraci\u00f3n (estad\u00eda m\u00e1ximo 90 d\u00edas) o \u00abD\u00bb visa de larga duraci\u00f3n (mayor de 90 d\u00edas hasta 365 d\u00edas).<\/p>\n<p><strong>REQUISITOS<\/strong>: Se deben presentar a la Embajada en el estricto orden abajo indicado.<\/p>\n<ol>\n<li><a href=\"https:\/\/ambbogota.esteri.it\/wp-content\/uploads\/2023\/11\/Formulario_D_-VistoNazionale_spagnolo.pdf\">Formulario de solicitud de visa Nacional\u00a0<\/a>o <a href=\"https:\/\/ambbogota.esteri.it\/wp-content\/uploads\/2024\/07\/Formulario-bilingue.pdf\">Formulario de solicitud de visa Schengen<\/a> debidamente diligenciado en todos sus campos y firmado.<\/li>\n<li><strong>Dos fotograf\u00edas<\/strong> (3 cm x 4 cm), fondo blanco a color (iguales y recientes) de las cuales una pegada al formulario en el recuadro correspondiente.<\/li>\n<li><a href=\"https:\/\/ambbogota.esteri.it\/es\/servizi-consolari-e-visti\/servizi-per-il-cittadino-italiano\/derechos-consulares-2\/\"><strong>Pago de los derechos consulares<\/strong><\/a>\u00a0(presentar el original de la consignaci\u00f3n realizada al Banco GNB Sudameris, Cuenta Corriente n. 11538667 Art. 29, no se aceptan copias o transferencias bancarias directas).<\/li>\n<li><strong>Pasaporte vigente<\/strong> (con validez de m\u00ednimo 3 meses m\u00e1s de la duraci\u00f3n de la visa) con m\u00ednimo dos p\u00e1ginas libres y copia simple del mismo (s\u00f3lo de la p\u00e1gina del pasaporte que contiene los datos personales del titular).<\/li>\n<li><strong>C\u00e9dula colombiana<\/strong> \u2013 para los extranjeros c\u00e9dula de extranjer\u00eda y visa colombiana &#8211; vigente (copia ampliada y legible).<\/li>\n<li><strong>Demostrar la condici\u00f3n de trabajador altamente cualificado<\/strong> mediante una de las siguientes alternativas:<br \/>\na)<u><\/u><strong><u> Tener un t\u00edtulo de nivel superior pregrado o post grado<\/u><\/strong> (expedido por una universidad competente del pa\u00eds en el que se haya obtenido) que acredite la finalizaci\u00f3n de un curso de educaci\u00f3n superior de al menos tres a\u00f1os de duraci\u00f3n o de una formaci\u00f3n profesional de nivel postsecundario de al menos tres a\u00f1os de duraci\u00f3n o que corresponda como m\u00ednimo al nivel 6 del Marco Nacional de Formaci\u00f3n al que se refiere el Decreto del Ministerio de Trabajo y Pol\u00edticas Sociales de 8 de enero de 2018, relativo al \u00abEstablecimiento del Marco Nacional de Cualificaciones expedidas en el marco del Sistema Nacional de Certificaci\u00f3n de Competencias al que se refiere el Decreto Legislativo 16 de enero de 2013, n\u00fam. 13\u00bb, publicado en el Bolet\u00edn Oficial n.\u00ba20, de 25 de enero de 2018. Si el t\u00edtulo fue obtenido en un pa\u00eds no perteneciente a la UE, este deber\u00e1 estar acompa\u00f1ado de la <a href=\"https:\/\/ambbogota.esteri.it\/it\/italia-e-colombia\/diplomazia-culturale\/studiare-in-italia\/dichiarazioni-di-valore\/\"><strong>Declaraci\u00f3n de Valor<\/strong><\/a> o, alternativamente, de una <strong>Certificaci\u00f3n de Comparabilidad<\/strong> emitida por CIMEA.<br \/>\n<u>Cabe resaltar que el solicitante debe presentar el d\u00eda de la solicitud de visa la correspondiente Declaraci\u00f3n de Valor expedida por la Oficina de Estudios de la Embajada de Italia, que puede solicitarse a la siguiente direcci\u00f3n de correo electr\u00f3nico: <\/u><a href=\"mailto:estudios.iicbogota@esteri.it\">estudios.iicbogota@esteri.it<\/a><u>. Alternativamente, si se presenta el CIMEA, el solicitante deber\u00e1 pedir la verificaci\u00f3n de sus acreditaciones y obtener la \u00abLUZ VERDE\u00bb, escribiendo al correo <a href=\"mailto:iicbogota@esteri.it\">iicbogota@esteri.it<\/a> , sin la cual no se podr\u00e1 recibir la solicitud.<br \/>\n<\/u>b) <strong><u>Tener los requisitos previstos por el Decreto Legislativo n\u00ba 206, del 6 de noviembre de 2007, limitados al ejercicio de profesiones reguladas<\/u><\/strong>; la posesi\u00f3n de estos requisitos deber\u00e1 ser acreditada antes de la solicitud de visado por una de las autoridades italianas indicadas en el art\u00edculo 5 del Decreto Legislativo n\u00ba 206, de 6 de noviembre de 2007, (v\u00e9ase Lista de profesiones reguladas y autoridades competentes &#8211; impresainungiorno.gov.it). Por lo tanto, a efectos del visado, el solicitante deber\u00e1 presentar una copia del certificado mencionado.<br \/>\nc)<strong><u> Tener una formaci\u00f3n profesional superior acreditada como m\u00ednimo de cinco a\u00f1os de experiencia profesional<\/u><\/strong> de un nivel comparable al de las acreditaciones de ense\u00f1anza superior de nivel terciario, relacionada con la profesi\u00f3n o el sector especificados en el contrato de trabajo o la oferta vinculante; para demostrar la posesi\u00f3n de este requisito, el solicitante deber\u00e1 presentar los siguientes documentos expedidos por las autoridades p\u00fablicas del pa\u00eds en el que se obtuvo dicha experiencia (por ejemplo, C\u00e1mara de Comercio, Municipalidad, organizaciones p\u00fablicas competentes, organizaciones de la seguridad social, etc.): &#8211; Datos de identificaci\u00f3n de la empresa y del sector espec\u00edfico de la actividad en el que opera o ha operado la empresa; &#8211; el cargo desempe\u00f1ado por el interesado dentro de la empresa (propietario, socio, empleado); &#8211; copia del contrato de trabajo y\/o copias de las n\u00f3minas correspondientes al periodo de trabajo realizado (m\u00ednimo seis por cada a\u00f1o declarado); &#8211; certificaci\u00f3n del empleador con descripci\u00f3n de la experiencia adquirida dentro de la empresa e indicaci\u00f3n de las fechas de inicio y fin de la relaci\u00f3n laboral.<br \/>\nd) <strong><u>Tener una formaci\u00f3n profesional superior acreditada por un m\u00ednimo de tres a\u00f1os de experiencia profesional pertinente adquirida durante los siete a\u00f1os anteriores a la presentaci\u00f3n de la solicitud<\/u><\/strong>, si el solicitante es un directivo o especialista en el \u00e1mbito de las tecnolog\u00edas de la informaci\u00f3n y la comunicaci\u00f3n comprendido en la clasificaci\u00f3n ISCO-08 n.\u00ba 133 y n.\u00ba 25.La documentaci\u00f3n mencionada en los puntos <strong>a)<\/strong>, <strong>b)<\/strong> y <strong>d)<\/strong>, expedida por autoridades\/sujetos <u>no<\/u> pertenecientes a pa\u00edses de la UE deber\u00e1 presentarse en copia autenticada (o copia conforme al original), tras haber sido legalizada e apostillada por las autoridades competentes y acompa\u00f1ada de una traducci\u00f3n al italiano con la respectiva apostilla. La traducci\u00f3n deber\u00e1 estar certificada conforme al texto original y apostillada.En particular, con referencia al t\u00edtulo de formaci\u00f3n superior y a la relativa cualificaci\u00f3n profesional de nivel terciario, referido en el punto 1, se podr\u00e1 presentar, en lugar de la Declaraci\u00f3n de Valor, el certificado de comparabilidad expedido por el Centro de Informaci\u00f3n sobre Movilidad y Equivalencias Acad\u00e9micas (CIMEA).<\/li>\n<li><strong>Demostrar experiencia previa de al menos seis meses <\/strong>en el trabajo a realizar como n\u00f3mada digital. Si se presenta certificado laboral, este deber\u00e1 incluir las funciones realizadas y estar acompa\u00f1ada por el Certificado de C\u00e1mara de Comercio de la empresa.<\/li>\n<li><strong>Disponibilidad de un ingreso anual<\/strong> m\u00ednimo proveniente de fuentes l\u00edcitas no inferior a tres veces el nivel m\u00ednimo para la exenci\u00f3n de la participaci\u00f3n en los gastos sanitarios (\u20ac8.500 X 3= \u20ac25.500), ya adquiridos en el pa\u00eds de residencia. Para tal fin, se deber\u00e1 presentar:\n<ol>\n<li>Declaraci\u00f3n de renta del a\u00f1o inmediatamente anterior.<\/li>\n<li>Los extractos bancarios de la\/las cuenta\/s, a nombre del solicitante, de los \u00faltimos 12 meses anteriores a la fecha de presentaci\u00f3n de la solicitud de visa (original, debidamente sellado por el Banco emisor &#8211; no se admiten documentos descargados por internet sin los criterios antedichos). En caso de no estar disponibles los extractos del \u00faltimo periodo, se solicita presentar adem\u00e1s del certificado de los movimientos bancarios de los periodos que no cuenten con extracto bancario, el certificado del saldo disponible a la fecha de la\/s cuenta\/bancaria\/s.<\/li>\n<\/ol>\n<\/li>\n<li><strong>Cobertura m\u00e9dica\/seguro para tratamiento m\u00e9dico y hospitalizaci\u00f3n<\/strong>, v\u00e1lida para todo el periodo de estancia a partir de la fecha de salida del territorio colombiano con una cobertura m\u00ednima de 30.000 euros.<\/li>\n<li><strong>Demostraci\u00f3n de la disponibilidad de alojamiento<\/strong> a trav\u00e9s de una de las siguientes opciones:\n<ol>\n<li>Contrato de alquiler de una casa o apartamento, registrado ante las autoridades competentes en Italia y v\u00e1lido durante el periodo de estancia solicitado.<\/li>\n<li>Documentaci\u00f3n que certifique la compra de un inmueble en Italia.<\/li>\n<\/ol>\n<\/li>\n<li><strong>Reserva de un vuelo<\/strong> de solo ida con destino final Italia.<\/li>\n<\/ol>\n<p><strong><u>NOTAS<\/u><\/strong>:<\/p>\n<ul>\n<li>La solicitud de visa deber\u00e1 ser presentada de manera presencial por el interesado.<\/li>\n<li>Se reciben solicitudes de visa <u>\u00fanicamente de personas residentes en Colombia.<\/u><\/li>\n<li>El tr\u00e1mite es estrictamente personal. <u>La Embajada no ha autorizado a ninguna agencia ni intermediario para los tramites de visa.<\/u><\/li>\n<li>La falta de alguno de los documentos podr\u00eda implicar el rechazo en la ventanilla de la solicitud de visa. La <u>misma no podr\u00e1 ser aceptada<\/u> si el pago de los derechos consulares no se ha consignado previamente en su totalidad en el banco (ver <a href=\"https:\/\/ambbogota.esteri.it\/ambasciata_bogota\/es\/in_linea_con_utente\/tar-cons.html\"><strong>tarifas consulares<\/strong><\/a>).<\/li>\n<li>La Embajada de Italia se reserva el derecho de solicitar otro tipo de documentaci\u00f3n que estime necesaria.<\/li>\n<li>La visa (si es otorgada), podr\u00e1 ser concedida con una fecha de entrada a Italia pocos d\u00edas antes de la fecha de inicio del contrato o colaboraci\u00f3n.<\/li>\n<li>Siendo la Visa una concesi\u00f3n, aun presentando todos los documentos requeridos, la misma puede ser otorgada o rechazada. En este \u00faltimo caso ser\u00e1 entregado el \u201cProvvedimento di Diniego\u201d.<\/li>\n<li>Si la Visa es otorgada, el titular de esta, deber\u00e1 solicitar dentro de los primeros ocho d\u00edas h\u00e1biles del ingreso a Italia, el Permiso de Estad\u00eda (Permesso di Soggiorno) ante las Autoridades italianas competentes incluso si el visado tiene una duraci\u00f3n inferior a 90 d\u00edas.<\/li>\n<li>Para la solicitud del Permiso de Estad\u00eda, el titular de la visa deber\u00e1 presentar en Italia los mismos documentos originales que fueron presentados en el momento de la solicitud del visado y sellados por la Embajada de Italia en Colombia. Por lo tanto, se deber\u00e1n presentar a la Embajada el d\u00eda de la solicitud de la visa, los originales y sus fotocopias de todos los documentos requeridos.<\/li>\n<\/ul>\n","protected":false},"excerpt":{"rendered":"Para obtener informaciones generales sobre esta tipolog\u00eda de VISA visitar la siguiente p\u00e1gina web del Gobierno Italiano:\u00a0vistoperitalia.esteri.it \u00bfPara qu\u00e9 sirve y qui\u00e9n la puede solicitar? La visa de Trabajo Aut\u00f3nomo \u2013 N\u00f3mada Digital permite al ciudadano extranjero ingresar y residir en Italia con la finalidad de trabajar de forma aut\u00f3noma por medio de instrumentos tecnol\u00f3gicos [&hellip;]","protected":false},"author":7,"featured_media":0,"parent":5508,"menu_order":0,"comment_status":"closed","ping_status":"closed","template":"","meta":{"footnotes":""},"class_list":["post-4502","page","type-page","status-publish","hentry"],"_links":{"self":[{"href":"https:\/\/ambbogota.esteri.it\/es\/wp-json\/wp\/v2\/pages\/4502","targetHints":{"allow":["GET"]}}],"collection":[{"href":"https:\/\/ambbogota.esteri.it\/es\/wp-json\/wp\/v2\/pages"}],"about":[{"href":"https:\/\/ambbogota.esteri.it\/es\/wp-json\/wp\/v2\/types\/page"}],"author":[{"embeddable":true,"href":"https:\/\/ambbogota.esteri.it\/es\/wp-json\/wp\/v2\/users\/7"}],"replies":[{"embeddable":true,"href":"https:\/\/ambbogota.esteri.it\/es\/wp-json\/wp\/v2\/comments?post=4502"}],"version-history":[{"count":6,"href":"https:\/\/ambbogota.esteri.it\/es\/wp-json\/wp\/v2\/pages\/4502\/revisions"}],"predecessor-version":[{"id":6772,"href":"https:\/\/ambbogota.esteri.it\/es\/wp-json\/wp\/v2\/pages\/4502\/revisions\/6772"}],"up":[{"embeddable":true,"href":"https:\/\/ambbogota.esteri.it\/es\/wp-json\/wp\/v2\/pages\/5508"}],"wp:attachment":[{"href":"https:\/\/ambbogota.esteri.it\/es\/wp-json\/wp\/v2\/media?parent=4502"}],"curies":[{"name":"wp","href":"https:\/\/api.w.org\/{rel}","templated":true}]}}