{"id":4950,"date":"2024-11-27T15:37:04","date_gmt":"2024-11-27T20:37:04","guid":{"rendered":"https:\/\/ambbogota.esteri.it\/?page_id=4950"},"modified":"2024-11-27T15:38:25","modified_gmt":"2024-11-27T20:38:25","slug":"adquisicion-automatica-de-la-ciudadania-por-matrimonio-celebrado-antes-del-27-04-1983","status":"publish","type":"page","link":"https:\/\/ambbogota.esteri.it\/es\/servizi-consolari-e-visti\/servizi-per-il-cittadino-straniero\/cittadinanza\/adquisicion-automatica-de-la-ciudadania-por-matrimonio-celebrado-antes-del-27-04-1983\/","title":{"rendered":"Adquisici\u00f3n autom\u00e1tica de la ciudadan\u00eda por matrimonio celebrado antes del 27\/04\/1983"},"content":{"rendered":"<p>En el caso de que una <strong>mujer extranjera se haya casado con un ciudadano italiano antes del 27\/04\/1983<\/strong>, puede adquirir la ciudadan\u00eda italiana autom\u00e1ticamente, siempre que no haya habido sentencia de divorcio o que el c\u00f3nyuge no haya fallecido antes del 27\/04\/1983.<\/p>\n<p>Un <strong>hombre extranjero<\/strong> casado con una ciudadana italiana antes del 27\/04\/1983 <strong>no tiene derecho a obtener la ciudadan\u00eda autom\u00e1tica<\/strong>. Sin embargo, podr\u00e1 solicitarla seg\u00fan las modalidades indicadas en el siguiente enlace: <a href=\"https:\/\/ambbogota.esteri.it\/es\/servizi-consolari-e-visti\/servizi-per-il-cittadino-straniero\/cittadinanza\/ciudadania-por-matrimonio\/\">https:\/\/ambbogota.esteri.it\/es\/servizi-consolari-e-visti\/servizi-per-il-cittadino-straniero\/cittadinanza\/ciudadania-por-matrimonio\/<\/a><\/p>\n<p>Antes de presentar la solicitud de ciudadan\u00eda, es necesario asegurarse de que el acta de matrimonio haya sido transcrita en la Alcald\u00eda italiana.<\/p>\n<p>En el caso de que no haya sido transcrita, se deber\u00e1n seguir las instrucciones indicadas en este enlace: <a href=\"https:\/\/ambbogota.esteri.it\/es\/servizi-consolari-e-visti\/servizi-per-il-cittadino-italiano\/stato-civile\/registro-de-matrimonio\/\">https:\/\/ambbogota.esteri.it\/es\/servizi-consolari-e-visti\/servizi-per-il-cittadino-italiano\/stato-civile\/registro-de-matrimonio\/<\/a><\/p>\n<p><strong>La documentaci\u00f3n a presentar personalmente en la Oficina Consular para solicitar la ciudadan\u00eda es la siguiente:<\/strong><\/p>\n<p><strong>\u00a0<\/strong><a href=\"https:\/\/ambbogota.esteri.it\/wp-content\/uploads\/2023\/09\/1.-MODULO_REGISTRO-ATTO-DI-NASCITA.pdf\">Formulario<\/a> de solicitud de transcripci\u00f3n, debidamente completado y firmado;<\/p>\n<ul>\n<li>Registro civil de nacimiento del solicitante emitido en el pa\u00eds de nacimiento;<\/li>\n<li>Apostilla de dicho registro de nacimiento;<\/li>\n<li>Traducci\u00f3n del registro de nacimiento;<\/li>\n<li>Apostilla de la traducci\u00f3n (el acta de nacimiento emitida en un pa\u00eds diferente a Colombia debe ser apostillada y traducida en el pa\u00eds donde se emite y legalizada por el Consulado italiano presente en ese pa\u00eds);<\/li>\n<li>Recibo de pago del art. 7B de la <a href=\"https:\/\/ambbogota.esteri.it\/es\/servizi-consolari-e-visti\/servizi-per-il-cittadino-italiano\/derechos-consulares-2\/\">tabla de derechos consulares<\/a>.<\/li>\n<\/ul>\n<p>La Embajada enviar\u00e1 un correo electr\u00f3nico al interesado sobre la efectiva transmisi\u00f3n del expediente a la Alcald\u00eda de referencia.<\/p>\n<p>Para obtener m\u00e1s informaci\u00f3n sobre el estado de la transcripci\u00f3n de su expediente, se invita a dirigirse directamente al Municipio de referencia, competente para la finalizaci\u00f3n y conclusi\u00f3n del procedimiento.<\/p>\n","protected":false},"excerpt":{"rendered":"En el caso de que una mujer extranjera se haya casado con un ciudadano italiano antes del 27\/04\/1983, puede adquirir la ciudadan\u00eda italiana autom\u00e1ticamente, siempre que no haya habido sentencia de divorcio o que el c\u00f3nyuge no haya fallecido antes del 27\/04\/1983. Un hombre extranjero casado con una ciudadana italiana antes del 27\/04\/1983 no tiene [&hellip;]","protected":false},"author":7,"featured_media":0,"parent":185,"menu_order":0,"comment_status":"closed","ping_status":"closed","template":"","meta":{"footnotes":""},"class_list":["post-4950","page","type-page","status-publish","hentry"],"_links":{"self":[{"href":"https:\/\/ambbogota.esteri.it\/es\/wp-json\/wp\/v2\/pages\/4950","targetHints":{"allow":["GET"]}}],"collection":[{"href":"https:\/\/ambbogota.esteri.it\/es\/wp-json\/wp\/v2\/pages"}],"about":[{"href":"https:\/\/ambbogota.esteri.it\/es\/wp-json\/wp\/v2\/types\/page"}],"author":[{"embeddable":true,"href":"https:\/\/ambbogota.esteri.it\/es\/wp-json\/wp\/v2\/users\/7"}],"replies":[{"embeddable":true,"href":"https:\/\/ambbogota.esteri.it\/es\/wp-json\/wp\/v2\/comments?post=4950"}],"version-history":[{"count":1,"href":"https:\/\/ambbogota.esteri.it\/es\/wp-json\/wp\/v2\/pages\/4950\/revisions"}],"predecessor-version":[{"id":4952,"href":"https:\/\/ambbogota.esteri.it\/es\/wp-json\/wp\/v2\/pages\/4950\/revisions\/4952"}],"up":[{"embeddable":true,"href":"https:\/\/ambbogota.esteri.it\/es\/wp-json\/wp\/v2\/pages\/185"}],"wp:attachment":[{"href":"https:\/\/ambbogota.esteri.it\/es\/wp-json\/wp\/v2\/media?parent=4950"}],"curies":[{"name":"wp","href":"https:\/\/api.w.org\/{rel}","templated":true}]}}