{"id":5273,"date":"2025-01-23T16:14:16","date_gmt":"2025-01-23T21:14:16","guid":{"rendered":"https:\/\/ambbogota.esteri.it\/?page_id=5273"},"modified":"2025-07-23T11:19:59","modified_gmt":"2025-07-23T16:19:59","slug":"inscripcion-a-i-r-e","status":"publish","type":"page","link":"https:\/\/ambbogota.esteri.it\/es\/servizi-consolari-e-visti\/servizi-per-il-cittadino-italiano\/a-i-r-e-registro-de-italianos-residentes-en-el-extranjero\/inscripcion-a-i-r-e\/","title":{"rendered":"Inscripci\u00f3n A.I.R.E."},"content":{"rendered":"<p>Registrarse al AIRE es un derecho y un deber de todos los ciudadanos italianos residentes en el exterior (Colombia) por m\u00e1s de un a\u00f1o (12 meses).<\/p>\n<p><strong>Documentos a presentar para la solicitud de inscripci\u00f3n al A.I.R.E. (Registro de Italiano Residentes al Exterior): <\/strong><\/p>\n<ol>\n<li><a href=\"https:\/\/ambbogota.esteri.it\/wp-content\/uploads\/2025\/01\/MODULO-ISCRIZIONE_AGGIORNAMENTO-AIRE.pdf\"><u>Formulario<\/u><\/a>;<\/li>\n<li>Documento que acredite la ciudadan\u00eda italiana de cada miembro del n\u00facleo familiar;<br \/>\n(Pasaporte italiano; Certificado de ciudadan\u00eda italiana expedido por la Alcald\u00eda italiana de residencia, por un Consulado o Embajada de Italia en el extranjero; Documento de identidad italiano; Sentencia de reconocimiento de la ciudadan\u00eda italiana junto con el extracto resumido del registro de nacimiento).}<\/li>\n<li>Documento colombiano de cada uno de los integrantes del n\u00facleo familiar;<br \/>\n(Copia de la visa colombiana, c\u00e9dula de extranjer\u00eda, c\u00e9dula de ciudadan\u00eda colombiana, PPT o registro de nacimiento del menor de edad.)<\/li>\n<li>Documento que acredite la residencia en la circunscripci\u00f3n consular (recibo de servicio p\u00fablico, contrato de arrendamiento, etc.) a nombre del solicitante o de un familiar conviviente declarado en el formulario.<\/li>\n<\/ol>\n<p><strong>Inscripci\u00f3n al A.I.R.E. para <u>menores<\/u> que viven con un SOLO padre<\/strong><\/p>\n<p>Para inscribirse en el A.I.R.E. se debe presentar la siguiente documentaci\u00f3n:<\/p>\n<ol>\n<li><a href=\"https:\/\/ambbogota.esteri.it\/wp-content\/uploads\/2025\/01\/MODULO-ISCRIZIONE_AGGIORNAMENTO-AIRE.pdf\"><u>Formulario<\/u><\/a>;<\/li>\n<li><a href=\"https:\/\/ambbogota.esteri.it\/wp-content\/uploads\/2025\/01\/ASSENSO-GENITORE-NON-CONVIVENTE-CON-MINORE.pdf\"><u>Consentimiento<\/u><\/a> del padre que no conviva con el menor;<\/li>\n<li>Documento que acredite la ciudadan\u00eda italiana del menor;<br \/>\n(Pasaporte italiano; Certificado de ciudadan\u00eda italiana expedido por la Alcald\u00eda italiana de residencia, por un Consulado o Embajada de Italia en el extranjero; Documento de identidad italiano; Sentencia de reconocimiento de la ciudadan\u00eda italiana junto con el extracto resumido del certificado de nacimiento).<\/li>\n<li>Documento colombiano del menor;<br \/>\n(Copia de la visa colombiana, c\u00e9dula de extranjer\u00eda, c\u00e9dula de ciudadan\u00eda, PPT o registro de nacimiento).<\/li>\n<li>Documento que acredite la residencia en la circunscripci\u00f3n consular (recibo de servicio p\u00fablico, contrato de arrendamiento, etc.) a nombre del padre conviviente.<\/li>\n<\/ol>\n<p><strong>Advertencia:<\/strong> Tenga en cuenta que la solicitud de inscripci\u00f3n al A.I.R.E. no estar\u00e1 finalizada hasta que el usuario reciba un correo electr\u00f3nico confirmando que la solicitud de inscripci\u00f3n ha sido enviada a la Alcald\u00eda italiana competente.<\/p>\n<p><strong>Otras modalidades para la inscripci\u00f3n al A.I.R.E. son los siguientes<\/strong><strong>:<\/strong><\/p>\n<ol>\n<li>Enviar un correo electr\u00f3nico a <a href=\"mailto:bogota.digitatore@esteri.it\">bogota.digitatore@esteri.it<\/a> indicando en el asunto: <em>Inscripci\u00f3n A.I.R.E.;<\/em><\/li>\n<li>Presentarse ante la Embajada en los <a href=\"https:\/\/ambbogota.esteri.it\/es\/servizi-consolari-e-visti\/servizi-per-il-cittadino-italiano\/recepcion-de-publico-y-citas-para-servicios-consulares-recepcion-de-publico-y-citas-para-servicios-consulares\/\">horarios de atenci\u00f3n al p\u00fablico<\/a>;<\/li>\n<li>Dirigirse a los\u00a0<a href=\"https:\/\/ambbogota.esteri.it\/es\/chi-siamo\/la-rete-consolare\/\">Consulados Honorarios\u00a0<\/a>con cita previa.<\/li>\n<\/ol>\n","protected":false},"excerpt":{"rendered":"Registrarse al AIRE es un derecho y un deber de todos los ciudadanos italianos residentes en el exterior (Colombia) por m\u00e1s de un a\u00f1o (12 meses). Documentos a presentar para la solicitud de inscripci\u00f3n al A.I.R.E. (Registro de Italiano Residentes al Exterior): Formulario; Documento que acredite la ciudadan\u00eda italiana de cada miembro del n\u00facleo familiar; [&hellip;]","protected":false},"author":9,"featured_media":0,"parent":800,"menu_order":0,"comment_status":"closed","ping_status":"closed","template":"","meta":{"footnotes":""},"class_list":["post-5273","page","type-page","status-publish","hentry"],"_links":{"self":[{"href":"https:\/\/ambbogota.esteri.it\/es\/wp-json\/wp\/v2\/pages\/5273","targetHints":{"allow":["GET"]}}],"collection":[{"href":"https:\/\/ambbogota.esteri.it\/es\/wp-json\/wp\/v2\/pages"}],"about":[{"href":"https:\/\/ambbogota.esteri.it\/es\/wp-json\/wp\/v2\/types\/page"}],"author":[{"embeddable":true,"href":"https:\/\/ambbogota.esteri.it\/es\/wp-json\/wp\/v2\/users\/9"}],"replies":[{"embeddable":true,"href":"https:\/\/ambbogota.esteri.it\/es\/wp-json\/wp\/v2\/comments?post=5273"}],"version-history":[{"count":3,"href":"https:\/\/ambbogota.esteri.it\/es\/wp-json\/wp\/v2\/pages\/5273\/revisions"}],"predecessor-version":[{"id":6723,"href":"https:\/\/ambbogota.esteri.it\/es\/wp-json\/wp\/v2\/pages\/5273\/revisions\/6723"}],"up":[{"embeddable":true,"href":"https:\/\/ambbogota.esteri.it\/es\/wp-json\/wp\/v2\/pages\/800"}],"wp:attachment":[{"href":"https:\/\/ambbogota.esteri.it\/es\/wp-json\/wp\/v2\/media?parent=5273"}],"curies":[{"name":"wp","href":"https:\/\/api.w.org\/{rel}","templated":true}]}}