{"id":5281,"date":"2025-01-23T16:26:55","date_gmt":"2025-01-23T21:26:55","guid":{"rendered":"https:\/\/ambbogota.esteri.it\/?page_id=5281"},"modified":"2025-07-23T11:20:57","modified_gmt":"2025-07-23T16:20:57","slug":"actualizacion-a-i-r-e-cambio-de-direccion","status":"publish","type":"page","link":"https:\/\/ambbogota.esteri.it\/es\/servizi-consolari-e-visti\/servizi-per-il-cittadino-italiano\/a-i-r-e-registro-de-italianos-residentes-en-el-extranjero\/actualizacion-a-i-r-e-cambio-de-direccion\/","title":{"rendered":"Actualizaci\u00f3n A.I.R.E. (cambio de direcci\u00f3n)"},"content":{"rendered":"<p>La actualizaci\u00f3n del AIRE es un derecho y un deber de todos los ciudadanos italianos en Colombia.<\/p>\n<p><u>Los ciudadanos que ya se encuentren registrados al A.I.R.E. en otro pa\u00eds<\/u>, y que deseen trasladar su residencia a Colombia, <strong>DEBEN<\/strong> proceder a actualizar su direcci\u00f3n de residencia utilizando la cuenta de usuario creada en el Portal &#8216;Fast It&#8217;, ingresando a la secci\u00f3n de \u201c<em>comunicazione della variazione del proprio indirizzo all\u2019estero<\/em>\u201d y luego hacer clic en \u201c<em>richiedere il servizio<\/em>\u201d luego \u201c<em>verificare e modificare la Sede Consolare di riferimento<\/em>\u201d.<\/p>\n<p><strong>Documentos que se deben presentar al notificar un cambio de direcci\u00f3n en el extranjero: <\/strong><\/p>\n<ol>\n<li><a href=\"https:\/\/ambbogota.esteri.it\/wp-content\/uploads\/2025\/01\/MODULO-ISCRIZIONE_AGGIORNAMENTO-AIRE.pdf\"><u>Formulario<\/u><\/a>;<\/li>\n<li>Documento que acredite la ciudadan\u00eda italiana de cada miembro del n\u00facleo familiar;<br \/>\n(Pasaporte italiano; Certificado de ciudadan\u00eda italiana expedido por la Alcald\u00eda italiana de residencia, por un Consulado o Embajada de Italia en el extranjero; Documento de identidad italiano; Sentencia de reconocimiento de la ciudadan\u00eda italiana junto con el extracto resumido del certificado de nacimiento).<\/li>\n<li>Documento colombiano de cada uno de los integrantes del n\u00facleo familiar;<br \/>\n(Copia de la visa colombiana, \u201cc\u00e9dula de extranjer\u00eda\u201d, \u201cc\u00e9dula de ciudadan\u00eda colombiana\u201d, PPT o registro de nacimiento para menores de edad)<\/li>\n<li>Documento que acredite la residencia en la circunscripci\u00f3n consular (recibo de luz, tel\u00e9fono, contrato de arrendamiento, etc.) a nombre del solicitante o de un familiar conviviente declarado en el formulario.<\/li>\n<\/ol>\n<p><strong>Actualizaci\u00f3n A.I.R.E. de <u>menores<\/u> que viven con un SOLO padre:<\/strong><\/p>\n<p>Para la actualizaci\u00f3n del A.I.R.E. se deber\u00e1 presentar la siguiente documentaci\u00f3n:<\/p>\n<ol>\n<li><a href=\"https:\/\/ambbogota.esteri.it\/wp-content\/uploads\/2025\/01\/MODULO-ISCRIZIONE_AGGIORNAMENTO-AIRE.pdf\"><u>Formulario<\/u><\/a>;<\/li>\n<li><a href=\"https:\/\/ambbogota.esteri.it\/wp-content\/uploads\/2025\/01\/ASSENSO-GENITORE-NON-CONVIVENTE-CON-MINORE.pdf\"><u>Consentimiento<\/u><\/a> del padre que no conviva con el menor;<\/li>\n<li>Documento que acredite la ciudadan\u00eda italiana del menor;<br \/>\n(Pasaporte italiano; Certificado de ciudadan\u00eda italiana expedido por la Alcald\u00eda italiana de residencia o por un Consulado o Embajada de Italia en el extranjero; Documento de identidad italiano; Sentencia de reconocimiento de la ciudadan\u00eda italiana junto con el extracto resumido del registro de nacimiento).<\/li>\n<li>Documento colombiano del menor;<br \/>\n(Copia de la visa colombiana, \u201cc\u00e9dula de extranjer\u00eda\u201d, \u201cc\u00e9dula de ciudadan\u00eda colombiana\u201d, PPT o registro de nacimiento)<\/li>\n<li>Documento que acredite la residencia en la circunscripci\u00f3n consular (recibo de luz, tel\u00e9fono, contrato de arrendamiento, etc.) a nombre del padre conviviente.<\/li>\n<\/ol>\n<p><strong>ATENCI\u00d3N:<\/strong> Tenga en cuenta que la solicitud de actualizaci\u00f3n del A.I.R.E. no estar\u00e1 finalizada hasta que el usuario reciba un correo electr\u00f3nico confirmando que la solicitud de actualizaci\u00f3n ha sido enviada a la Alcald\u00eda italiana competente.<\/p>\n<p><strong>Otros m\u00e9todos para la actualizaci\u00f3n del A.I.R.E. son los siguientes<\/strong><strong>:<\/strong><\/p>\n<ol>\n<li>Enviar un correo electr\u00f3nico a <a href=\"mailto:bogota.digitatore@esteri.it\">bogota.digitatore@esteri.it<\/a> indicando en el asunto: \u201cactualizaci\u00f3n AIRE\u201d;<\/li>\n<li>Presentarse ante la Embajada en los <a href=\"https:\/\/ambbogota.esteri.it\/es\/servizi-consolari-e-visti\/servizi-per-il-cittadino-italiano\/recepcion-de-publico-y-citas-para-servicios-consulares-recepcion-de-publico-y-citas-para-servicios-consulares\/\">horarios de atenci\u00f3n al p\u00fablico<\/a>;<\/li>\n<li>Dirigirse a los\u00a0<a href=\"https:\/\/ambbogota.esteri.it\/es\/chi-siamo\/la-rete-consolare\/\"><strong>Consulados Honorarios<\/strong><\/a> con cita previa.<\/li>\n<\/ol>\n","protected":false},"excerpt":{"rendered":"La actualizaci\u00f3n del AIRE es un derecho y un deber de todos los ciudadanos italianos en Colombia. Los ciudadanos que ya se encuentren registrados al A.I.R.E. en otro pa\u00eds, y que deseen trasladar su residencia a Colombia, DEBEN proceder a actualizar su direcci\u00f3n de residencia utilizando la cuenta de usuario creada en el Portal &#8216;Fast [&hellip;]","protected":false},"author":9,"featured_media":0,"parent":800,"menu_order":0,"comment_status":"closed","ping_status":"closed","template":"","meta":{"footnotes":""},"class_list":["post-5281","page","type-page","status-publish","hentry"],"_links":{"self":[{"href":"https:\/\/ambbogota.esteri.it\/es\/wp-json\/wp\/v2\/pages\/5281","targetHints":{"allow":["GET"]}}],"collection":[{"href":"https:\/\/ambbogota.esteri.it\/es\/wp-json\/wp\/v2\/pages"}],"about":[{"href":"https:\/\/ambbogota.esteri.it\/es\/wp-json\/wp\/v2\/types\/page"}],"author":[{"embeddable":true,"href":"https:\/\/ambbogota.esteri.it\/es\/wp-json\/wp\/v2\/users\/9"}],"replies":[{"embeddable":true,"href":"https:\/\/ambbogota.esteri.it\/es\/wp-json\/wp\/v2\/comments?post=5281"}],"version-history":[{"count":3,"href":"https:\/\/ambbogota.esteri.it\/es\/wp-json\/wp\/v2\/pages\/5281\/revisions"}],"predecessor-version":[{"id":6725,"href":"https:\/\/ambbogota.esteri.it\/es\/wp-json\/wp\/v2\/pages\/5281\/revisions\/6725"}],"up":[{"embeddable":true,"href":"https:\/\/ambbogota.esteri.it\/es\/wp-json\/wp\/v2\/pages\/800"}],"wp:attachment":[{"href":"https:\/\/ambbogota.esteri.it\/es\/wp-json\/wp\/v2\/media?parent=5281"}],"curies":[{"name":"wp","href":"https:\/\/api.w.org\/{rel}","templated":true}]}}