{"id":6276,"date":"2023-08-14T11:28:58","date_gmt":"2023-08-14T16:28:58","guid":{"rendered":"https:\/\/ambbogota.esteri.it\/?page_id=6276"},"modified":"2026-02-24T12:28:56","modified_gmt":"2026-02-24T17:28:56","slug":"patronati","status":"publish","type":"page","link":"https:\/\/ambbogota.esteri.it\/es\/servizi-consolari-e-visti\/servizi-per-il-cittadino-italiano\/pensioni-e-sicurezza-sociale\/patronati\/","title":{"rendered":"Patronati"},"content":{"rendered":"<p>Los <em>Patronati<\/em> est\u00e1n al servicio de los trabajadores y de los ciudadanos para asesorar y orientar eficazmente, preparando y remitiendo todas las pr\u00e1cticas en materia de pensiones y seguridad social, realizando todos los tr\u00e1mites necesarios y tutelando a los ciudadanos ante el Inps, el Inpdap, el Inail, las administraciones p\u00fablicas y las entidades locales, con el fin de obtener sus derechos.<br \/>\nA continuaci\u00f3n se enumeran algunos de los servicios que prestan los <em>patronati<\/em> de forma gratuita:<\/p>\n<ul>\n<li>Verificaci\u00f3n de la posici\u00f3n de seguro, de la convalidaci\u00f3n del trabajo en el extranjero y de los t\u00edtulos universitarios;<\/li>\n<li>Solicitud de pensiones;<\/li>\n<li>Incremento social y reconstituci\u00f3n de pensiones;<\/li>\n<li>Subsidios familiares;<\/li>\n<li>Solicitud y acreditaci\u00f3n de las hojas de servicio militar, de guerra o de reclusi\u00f3n.<\/li>\n<\/ul>\n<p><strong>1. PATRONATO INAPI &#8211; CARTAGENA\u00a0<\/strong><\/p>\n<ul>\n<li>Responsable: NICOLAS ALEXANDRO ABBRESCIA BAGETT<\/li>\n<li>Direcci\u00f3n: DIAGONAL 1B # 1 A &#8211; 872, Edificio Laura, Locale 102 (Cartagena)<\/li>\n<\/ul>\n<p><strong>2. PATRONATO E.P.A.C. \u2013 BOGOTA<\/strong><\/p>\n<ul>\n<li>Responsable: CAMILO BRIGHENTI RICCARDI<\/li>\n<li>Direcci\u00f3n: CALLE 121 # 7C \u2013 22 (Ufficio 201), Bogota<\/li>\n<li><span class=\"_aupe copyable-text xkrh14z\">Email: <\/span><span class=\"_aupe copyable-text xkrh14z\">itaamerica@gmail.com<\/span><\/li>\n<li><span class=\"_aupe copyable-text xkrh14z\">Tel: 3112599995 \/ 601 7188490<\/span><\/li>\n<\/ul>\n<p><em>Se precisa que la presente publicaci\u00f3n tiene car\u00e1cter meramente informativo.<\/em><br \/>\n<em>La Embajada no se asume ninguna responsabilidad en sobre la actuaci\u00f3n de los patronatos anteriormente indicados, ni por los servicios que estos prestan a los usuarios.<\/em><\/p>\n","protected":false},"excerpt":{"rendered":"Los Patronati est\u00e1n al servicio de los trabajadores y de los ciudadanos para asesorar y orientar eficazmente, preparando y remitiendo todas las pr\u00e1cticas en materia de pensiones y seguridad social, realizando todos los tr\u00e1mites necesarios y tutelando a los ciudadanos ante el Inps, el Inpdap, el Inail, las administraciones p\u00fablicas y las entidades locales, con [&hellip;]","protected":false},"author":9,"featured_media":0,"parent":174,"menu_order":0,"comment_status":"closed","ping_status":"closed","template":"","meta":{"footnotes":""},"class_list":["post-6276","page","type-page","status-publish","hentry"],"_links":{"self":[{"href":"https:\/\/ambbogota.esteri.it\/es\/wp-json\/wp\/v2\/pages\/6276","targetHints":{"allow":["GET"]}}],"collection":[{"href":"https:\/\/ambbogota.esteri.it\/es\/wp-json\/wp\/v2\/pages"}],"about":[{"href":"https:\/\/ambbogota.esteri.it\/es\/wp-json\/wp\/v2\/types\/page"}],"author":[{"embeddable":true,"href":"https:\/\/ambbogota.esteri.it\/es\/wp-json\/wp\/v2\/users\/9"}],"replies":[{"embeddable":true,"href":"https:\/\/ambbogota.esteri.it\/es\/wp-json\/wp\/v2\/comments?post=6276"}],"version-history":[{"count":5,"href":"https:\/\/ambbogota.esteri.it\/es\/wp-json\/wp\/v2\/pages\/6276\/revisions"}],"predecessor-version":[{"id":7502,"href":"https:\/\/ambbogota.esteri.it\/es\/wp-json\/wp\/v2\/pages\/6276\/revisions\/7502"}],"up":[{"embeddable":true,"href":"https:\/\/ambbogota.esteri.it\/es\/wp-json\/wp\/v2\/pages\/174"}],"wp:attachment":[{"href":"https:\/\/ambbogota.esteri.it\/es\/wp-json\/wp\/v2\/media?parent=6276"}],"curies":[{"name":"wp","href":"https:\/\/api.w.org\/{rel}","templated":true}]}}