{"id":6600,"date":"2025-06-17T15:44:13","date_gmt":"2025-06-17T20:44:13","guid":{"rendered":"https:\/\/ambbogota.esteri.it\/?page_id=6600"},"modified":"2025-07-07T11:45:15","modified_gmt":"2025-07-07T16:45:15","slug":"readquisicion-de-la-ciudadania","status":"publish","type":"page","link":"https:\/\/ambbogota.esteri.it\/es\/servizi-consolari-e-visti\/servizi-per-il-cittadino-straniero\/cittadinanza\/readquisicion-de-la-ciudadania\/","title":{"rendered":"Readquisici\u00f3n de la ciudadan\u00eda"},"content":{"rendered":"<p>La Ley n\u00b0 74 del 23 de mayo de 2025 reabri\u00f3 los plazos para la readquisici\u00f3n de la nacionalidad en favor de los ex ciudadanos <strong>nacidos en Italia o que hayan residido en Italia durante al menos dos a\u00f1os ininterrumpidos, y que hayan perdido la nacionalidad antes del 15 de agosto de 1992 en aplicaci\u00f3n del art\u00edculo 8, n\u00b0. 1 y 2, o el art\u00edculo 12 de la Ley n\u00ba 555 de 1912<\/strong> (naturalizaci\u00f3n en un pa\u00eds extranjero, renuncia a la nacionalidad tras la adquisici\u00f3n involuntaria de nacionalidad extranjera, hijos menores que conviven con un progenitor que ha perdido la nacionalidad). La posibilidad de readquisici\u00f3n <strong>no se aplica a quienes hayan renunciado a la nacionalidad italiana <\/strong>(o la hayan perdido por otro motivo) <strong>desde el 16 de agosto de 1992.<\/strong><\/p>\n<p>Las declaraciones de readquisici\u00f3n pueden presentarse<strong> entre el 1 de julio del 2025 y el 31 de diciembre del 2027.<\/strong><\/p>\n<p>El interesado en la readquisici\u00f3n deber\u00e1 presentar:<\/p>\n<p>1. Documento de identidad v\u00e1lido expedido por la autoridad del pa\u00eds de nacionalidad actual;<\/p>\n<p>2. Registro de nacimiento: si ha nacido en el extranjero, deber\u00e1 presentarse en la forma exigida para la transcripci\u00f3n en Italia, legalizado y traducido;<\/p>\n<p>3. Para los nacidos en el extranjero, certificado hist\u00f3rico de residencia expedido por el Comune italiano competente;<\/p>\n<p>4. Certificado hist\u00f3rico de nacionalidad;<\/p>\n<p>5. Documentaci\u00f3n que demuestre la causa y la fecha de la p\u00e9rdida de la ciudadan\u00eda (se debe demostrar la adquisici\u00f3n de la ciudadan\u00eda extranjera y, en los casos previstos, la renuncia a la ciudadan\u00eda italiana: <strong>certificado de naturalizaci\u00f3n<\/strong> o, si lo prev\u00e9 la praxis local, registro de nacimiento acompa\u00f1ado del certificado de ciudadan\u00eda y del t\u00edtulo con el que se adquiri\u00f3. La documentaci\u00f3n expedida por autoridades extranjeras debe estar debidamente legalizada y traducida).<\/p>\n<p>La declaraci\u00f3n de readquisici\u00f3n de la ciudadan\u00eda italiana est\u00e1 sujeta al pago de una contribuci\u00f3n de 250 euros en la Oficina Consular.<\/p>\n<p>La declaraci\u00f3n debe realizarla <u>personalmente<\/u> el interesado.<\/p>\n<p>Seg\u00fan el art\u00edculo 15 de la Ley n\u00ba 91\/1992, el interesado no readquiere la ciudadan\u00eda a partir del d\u00eda de nacimiento, sino a partir del d\u00eda siguiente a la realizaci\u00f3n de la declaraci\u00f3n.<\/p>\n","protected":false},"excerpt":{"rendered":"La Ley n\u00b0 74 del 23 de mayo de 2025 reabri\u00f3 los plazos para la readquisici\u00f3n de la nacionalidad en favor de los ex ciudadanos nacidos en Italia o que hayan residido en Italia durante al menos dos a\u00f1os ininterrumpidos, y que hayan perdido la nacionalidad antes del 15 de agosto de 1992 en aplicaci\u00f3n [&hellip;]","protected":false},"author":9,"featured_media":0,"parent":185,"menu_order":0,"comment_status":"closed","ping_status":"closed","template":"","meta":{"footnotes":""},"class_list":["post-6600","page","type-page","status-publish","hentry"],"_links":{"self":[{"href":"https:\/\/ambbogota.esteri.it\/es\/wp-json\/wp\/v2\/pages\/6600","targetHints":{"allow":["GET"]}}],"collection":[{"href":"https:\/\/ambbogota.esteri.it\/es\/wp-json\/wp\/v2\/pages"}],"about":[{"href":"https:\/\/ambbogota.esteri.it\/es\/wp-json\/wp\/v2\/types\/page"}],"author":[{"embeddable":true,"href":"https:\/\/ambbogota.esteri.it\/es\/wp-json\/wp\/v2\/users\/9"}],"replies":[{"embeddable":true,"href":"https:\/\/ambbogota.esteri.it\/es\/wp-json\/wp\/v2\/comments?post=6600"}],"version-history":[{"count":2,"href":"https:\/\/ambbogota.esteri.it\/es\/wp-json\/wp\/v2\/pages\/6600\/revisions"}],"predecessor-version":[{"id":6654,"href":"https:\/\/ambbogota.esteri.it\/es\/wp-json\/wp\/v2\/pages\/6600\/revisions\/6654"}],"up":[{"embeddable":true,"href":"https:\/\/ambbogota.esteri.it\/es\/wp-json\/wp\/v2\/pages\/185"}],"wp:attachment":[{"href":"https:\/\/ambbogota.esteri.it\/es\/wp-json\/wp\/v2\/media?parent=6600"}],"curies":[{"name":"wp","href":"https:\/\/api.w.org\/{rel}","templated":true}]}}