{"id":6642,"date":"2025-07-07T12:21:52","date_gmt":"2025-07-07T17:21:52","guid":{"rendered":"https:\/\/ambbogota.esteri.it\/?page_id=6642"},"modified":"2026-03-05T16:10:33","modified_gmt":"2026-03-05T21:10:33","slug":"adquisicion-de-la-ciudadania-por-beneficio-de-ley-hijos-menores-de-edad-nacidos-en-el-extranjero","status":"publish","type":"page","link":"https:\/\/ambbogota.esteri.it\/es\/servizi-consolari-e-visti\/servizi-per-il-cittadino-straniero\/cittadinanza\/adquisicion-de-la-ciudadania-por-beneficio-de-ley-hijos-menores-de-edad-nacidos-en-el-extranjero\/","title":{"rendered":"Adquisici\u00f3n de la Ciudadan\u00eda por \u00abbeneficio de ley\u00bb (hijos menores de edad nacidos en el extranjero)"},"content":{"rendered":"<p>En dos casos, previstos por el art\u00edculo 4, apartado 1-bis de la Ley n\u00ba 91\/1992 y el art\u00edculo 1 apartado 1-ter del Decreto Ley n\u00ba 36\/2025, los <strong>hijos menores nacidos en el extranjero<\/strong> de un progenitor ciudadano que no transmite autom\u00e1ticamente la nacionalidad pueden adquirir la nacionalidad italiana.<\/p>\n<p>El <strong>menor <\/strong>que se beneficie de ello <strong>no<\/strong> ser\u00e1 <strong>ciudadano por nacimiento<\/strong> o <em>iure sanguinis<\/em>.<\/p>\n<p>Seg\u00fan el art\u00edculo 15 de la Ley n\u00b0 91\/1992, el menor no adquiere la nacionalidad desde el d\u00eda del nacimiento, sino desde el d\u00eda siguiente al cumplimiento de las condiciones previstas por la ley.<\/p>\n<p><strong>En el primer caso (apartado 1-bis del art\u00edculo 4 de la Ley n\u00ba 91\/1992)<\/strong>, los siguientes requisitos previos deben cumplirse <strong>conjuntamente<\/strong>:<\/p>\n<ul>\n<li><strong>uno de los progenitores es ciudadano <u>por nacimiento<\/u><\/strong>. Se excluyen los casos de ciudadan\u00eda por naturalizaci\u00f3n de conformidad con el art\u00edculo 9 de la Ley n\u00ba 91\/1992 o \u00abpor beneficio legal\u00bb de conformidad con el art\u00edculo 4 de la Ley n\u00ba 91\/1992, es decir por matrimonio de conformidad con el art\u00edculo 5 de la Ley n\u00ba 91\/1992 o el art\u00edculo 10 de la Ley n\u00ba 555\/1912, o por readquisici\u00f3n de conformidad con los art\u00edculos 13 o 17 de la Ley n\u00ba 91\/1992, es decir <em>iuris communicatione<\/em> (art\u00edculo 14 de la Ley n\u00ba 91\/1992).<\/li>\n<li><strong><u>ambos<\/u><\/strong> progenitores (incluido el progenitor extranjero) o el tutor presentan <strong>una declaraci\u00f3n de voluntad de adquisici\u00f3n de la nacionalidad en el plazo de tres a\u00f1os desde el nacimiento<\/strong> (o desde la fecha posterior en que se establezca la filiaci\u00f3n de un ciudadano italiano o se decida la adopci\u00f3n por un ciudadano italiano durante la minor\u00eda de edad del ni\u00f1o). En caso de que la filiaci\u00f3n se reconozca en una fecha posterior por parte de progenitores que sean ambos ciudadanos italianos por nacimiento, el plazo de tres a\u00f1os empezar\u00e1 a contar a partir del primer reconocimiento (porque el primer reconocimiento ya implica la transmisi\u00f3n de la nacionalidad). Si, por el contrario, se produce primero el reconocimiento por parte de un progenitor extranjero (o de un ciudadano italiano no por nacimiento sino por otro t\u00edtulo), el plazo de tres a\u00f1os se contar\u00e1 a partir del reconocimiento por parte del segundo progenitor ciudadano por nacimiento.<\/li>\n<\/ul>\n<p><strong>La declaraci\u00f3n de la voluntad de adquirir la nacionalidad debe ser formal y realizarse personalmente, en presencia de un empleado delegado para ejercer funciones de estado civil<\/strong>. Si los progenitores no realizan la declaraci\u00f3n al mismo tiempo, el requisito legal se considerar\u00e1 cumplido en la fecha en que se presente la declaraci\u00f3n del segundo progenitor. Si la filiaci\u00f3n (incluida la filiaci\u00f3n adoptiva) se establece respecto a una sola persona (o si el otro progenitor ha fallecido), bastar\u00e1 con la declaraci\u00f3n de un solo progenitor.<\/p>\n<p>El <strong>segundo caso (apartado 1-ter del art\u00edculo 1 del Decreto-Ley n\u00ba 36\/2025)<\/strong> se aplica cuando se cumplen <strong>todas<\/strong> las siguientes condiciones:<\/p>\n<ul>\n<li>personas <strong><u>que eran menores de edad en la fecha de entrada en vigor de la ley de conversi\u00f3n<\/u><\/strong>, es decir, personas que no hab\u00edan cumplido los 18 a\u00f1os de edad el 24 de mayo de 2025;<\/li>\n<li><strong>hijos de ciudadanos <u>por nacimiento<\/u> que se encuentren en las condiciones establecidas en las letras a), a-bis) y b) del art\u00edculo 3-bis de la Ley n\u00ba 91\/1992.<\/strong> En otras palabras, los padres deben ser reconocidos como ciudadanos sobre la base de una solicitud administrativa o judicial presentada antes de las 23:59 (hora de Roma) del 27 de marzo de 2025 o sobre la base de una solicitud presentada a partir de una cita comunicada por la oficina consular o el Comune antes de la misma fecha;<\/li>\n<li>la declaraci\u00f3n de los progenitores o del tutor deber\u00e1 presentarse en la Oficina Consular <strong>antes del 31 de mayo de 2029<\/strong>. Si el interesado, que era menor de edad el 24 de mayo de 2025, se convierte entretanto en mayor de edad, deber\u00e1 presentar personalmente la declaraci\u00f3n en el mismo plazo.<\/li>\n<\/ul>\n<p>Las <strong>declaraciones deben hacerse personalmente en la oficina consular ante los empleados delegados para desempe\u00f1ar funciones de estado civil.<\/strong><\/p>\n<p>Tambi\u00e9n ser\u00e1 necesario adjuntar:<\/p>\n<ul>\n<li>Copia de un documento de identidad del solicitante y del hijo;<\/li>\n<li>Una prueba de residencia en la circunscripci\u00f3n consular (facturas de servicios p\u00fablico en los cuales coincida el nombre del progenitor y la direcci\u00f3n de residencia registrada en el AIRE);<\/li>\n<li>Registro de nacimiento del ni\u00f1o (apostillado, traducci\u00f3n al italiano en original y apostilla de la traducci\u00f3n);<\/li>\n<li>Copia del pasaporte autenticada por un notario o certificado de ciudadan\u00eda extranjera o de reconocimiento de la condici\u00f3n de ap\u00e1trida del ni\u00f1o;<\/li>\n<li>Registro de nacimiento del padre o de la madre que sea ciudadano por nacimiento (o el certificado de ciudadan\u00eda italiana por nacimiento del padre o de la madre).<\/li>\n<\/ul>\n<p>Se informa que no es necesaria la presencia del los menores.<\/p>\n<p>Para los ciudadanos italianos inscritos en el AIRE de la circunscripci\u00f3n consular de residencia, el certificado de ciudadan\u00eda italiana por nacimiento del padre o de la madre puede sustituirse por una declaraci\u00f3n sustitutiva de certificaci\u00f3n.<\/p>\n<p>Una vez alcanzada la mayor\u00eda de edad, el interesado podr\u00e1 renunciar a la nacionalidad italiana adquirida en la forma indicada anteriormente, con la \u00fanica condici\u00f3n de que no se produzca apatridia.<\/p>\n","protected":false},"excerpt":{"rendered":"En dos casos, previstos por el art\u00edculo 4, apartado 1-bis de la Ley n\u00ba 91\/1992 y el art\u00edculo 1 apartado 1-ter del Decreto Ley n\u00ba 36\/2025, los hijos menores nacidos en el extranjero de un progenitor ciudadano que no transmite autom\u00e1ticamente la nacionalidad pueden adquirir la nacionalidad italiana. El menor que se beneficie de ello [&hellip;]","protected":false},"author":7,"featured_media":0,"parent":185,"menu_order":0,"comment_status":"closed","ping_status":"closed","template":"","meta":{"footnotes":""},"class_list":["post-6642","page","type-page","status-publish","hentry"],"_links":{"self":[{"href":"https:\/\/ambbogota.esteri.it\/es\/wp-json\/wp\/v2\/pages\/6642","targetHints":{"allow":["GET"]}}],"collection":[{"href":"https:\/\/ambbogota.esteri.it\/es\/wp-json\/wp\/v2\/pages"}],"about":[{"href":"https:\/\/ambbogota.esteri.it\/es\/wp-json\/wp\/v2\/types\/page"}],"author":[{"embeddable":true,"href":"https:\/\/ambbogota.esteri.it\/es\/wp-json\/wp\/v2\/users\/7"}],"replies":[{"embeddable":true,"href":"https:\/\/ambbogota.esteri.it\/es\/wp-json\/wp\/v2\/comments?post=6642"}],"version-history":[{"count":7,"href":"https:\/\/ambbogota.esteri.it\/es\/wp-json\/wp\/v2\/pages\/6642\/revisions"}],"predecessor-version":[{"id":7527,"href":"https:\/\/ambbogota.esteri.it\/es\/wp-json\/wp\/v2\/pages\/6642\/revisions\/7527"}],"up":[{"embeddable":true,"href":"https:\/\/ambbogota.esteri.it\/es\/wp-json\/wp\/v2\/pages\/185"}],"wp:attachment":[{"href":"https:\/\/ambbogota.esteri.it\/es\/wp-json\/wp\/v2\/media?parent=6642"}],"curies":[{"name":"wp","href":"https:\/\/api.w.org\/{rel}","templated":true}]}}