{"id":6645,"date":"2025-07-07T12:23:15","date_gmt":"2025-07-07T17:23:15","guid":{"rendered":"https:\/\/ambbogota.esteri.it\/?page_id=6645"},"modified":"2025-07-07T12:23:15","modified_gmt":"2025-07-07T17:23:15","slug":"adquisicion-de-la-ciudadania-por-parte-de-hijos-menores-que-conviven-con-un-progenitor-que-no-es-ciudadano-italiano-desde-el-nacimiento","status":"publish","type":"page","link":"https:\/\/ambbogota.esteri.it\/es\/servizi-consolari-e-visti\/servizi-per-il-cittadino-straniero\/cittadinanza\/adquisicion-de-la-ciudadania-por-parte-de-hijos-menores-que-conviven-con-un-progenitor-que-no-es-ciudadano-italiano-desde-el-nacimiento\/","title":{"rendered":"Adquisici\u00f3n de la ciudadan\u00eda por parte de hijos menores que conviven con un progenitor que no es ciudadano italiano desde el nacimiento"},"content":{"rendered":"<p>El art\u00edculo 14 de la Ley n\u00ba 91\/1992, modificado por el Decreto Ley n\u00ba 36\/2025 y convertido por la Ley n\u00ba 74\/2025, establece que, para adquirir la ciudadan\u00eda de este modo, e<strong>l hijo de ciudadanos italianos no desde el nacimiento debe haber residido legalmente en Italia durante al menos dos a\u00f1os ininterrumpidos al momento de la adquisici\u00f3n o readquisici\u00f3n de la ciudadan\u00eda italiana por parte del progenitor<\/strong> (si el hijo tiene menos de dos a\u00f1os, debe haber residido en Italia desde su nacimiento).<\/p>\n<p>Se precisa que:<\/p>\n<ul>\n<li>En el caso de que la solicitud de reconocimiento de la ciudadan\u00eda <em>iure communicatione<\/em> entre, por la forma en que se presenta, dentro de las excepciones identificadas en las letras a), a-bis) o b) del art\u00edculo 3-bis de la Ley n\u00ba 91\/1992 (es decir, solicitud -administrativa o judicial- presentada antes del 27 de marzo de 2025, o solicitud presentada en la cita indicada antes del 27 de marzo de 2025), se aplicar\u00e1 la normativa disciplinaria anterior.<\/li>\n<li>Si la solicitud de reconocimiento de la ciudadan\u00eda <em>iure communicatione <\/em>fue presentada a partir del 28 de marzo de 2025, es necesario que el progenitor que transmite la ciudadan\u00eda sea exclusivamente ciudadano italiano o haya residido en Italia durante dos a\u00f1os antes del nacimiento del hijo.<\/li>\n<\/ul>\n<p>Si la adquisici\u00f3n o readquisici\u00f3n de la ciudadan\u00eda por parte del progenitor se produce a partir del 24 de mayo de 2025, el hijo que conviva con el progenitor que adquiere o readquiere la ciudadan\u00eda italiana debe haber residido en Italia durante al menos dos a\u00f1os antes de la naturalizaci\u00f3n del progenitor. En este caso, el Comune italiano de residencia se encargar\u00e1 de comprobar la adquisici\u00f3n de la nacionalidad por parte del hijo.<\/p>\n","protected":false},"excerpt":{"rendered":"El art\u00edculo 14 de la Ley n\u00ba 91\/1992, modificado por el Decreto Ley n\u00ba 36\/2025 y convertido por la Ley n\u00ba 74\/2025, establece que, para adquirir la ciudadan\u00eda de este modo, el hijo de ciudadanos italianos no desde el nacimiento debe haber residido legalmente en Italia durante al menos dos a\u00f1os ininterrumpidos al momento de [&hellip;]","protected":false},"author":7,"featured_media":0,"parent":185,"menu_order":0,"comment_status":"closed","ping_status":"closed","template":"","meta":{"footnotes":""},"class_list":["post-6645","page","type-page","status-publish","hentry"],"_links":{"self":[{"href":"https:\/\/ambbogota.esteri.it\/es\/wp-json\/wp\/v2\/pages\/6645","targetHints":{"allow":["GET"]}}],"collection":[{"href":"https:\/\/ambbogota.esteri.it\/es\/wp-json\/wp\/v2\/pages"}],"about":[{"href":"https:\/\/ambbogota.esteri.it\/es\/wp-json\/wp\/v2\/types\/page"}],"author":[{"embeddable":true,"href":"https:\/\/ambbogota.esteri.it\/es\/wp-json\/wp\/v2\/users\/7"}],"replies":[{"embeddable":true,"href":"https:\/\/ambbogota.esteri.it\/es\/wp-json\/wp\/v2\/comments?post=6645"}],"version-history":[{"count":1,"href":"https:\/\/ambbogota.esteri.it\/es\/wp-json\/wp\/v2\/pages\/6645\/revisions"}],"predecessor-version":[{"id":6646,"href":"https:\/\/ambbogota.esteri.it\/es\/wp-json\/wp\/v2\/pages\/6645\/revisions\/6646"}],"up":[{"embeddable":true,"href":"https:\/\/ambbogota.esteri.it\/es\/wp-json\/wp\/v2\/pages\/185"}],"wp:attachment":[{"href":"https:\/\/ambbogota.esteri.it\/es\/wp-json\/wp\/v2\/media?parent=6645"}],"curies":[{"name":"wp","href":"https:\/\/api.w.org\/{rel}","templated":true}]}}