{"id":6655,"date":"2025-07-07T12:24:20","date_gmt":"2025-07-07T17:24:20","guid":{"rendered":"https:\/\/ambbogota.esteri.it\/?page_id=6655"},"modified":"2025-07-07T12:24:20","modified_gmt":"2025-07-07T17:24:20","slug":"reconocimiento-con-base-en-leyes-especiales","status":"publish","type":"page","link":"https:\/\/ambbogota.esteri.it\/es\/servizi-consolari-e-visti\/servizi-per-il-cittadino-straniero\/cittadinanza\/reconocimiento-con-base-en-leyes-especiales\/","title":{"rendered":"Reconocimiento con base en leyes especiales"},"content":{"rendered":"<p>La Ley n\u00ba 379 del 14 de diciembre de 2000 prev\u00e9 el reconocimiento de la ciudadan\u00eda italiana a favor de las personas nacidas y residentes en los territorios del antiguo Imperio Austroh\u00fangaro y de sus descendientes que cumplan con los requisitos necesarios.<\/p>\n<p>El plazo para la aplicaci\u00f3n de la Ley 379\/2000 expir\u00f3 el 19\/12\/2010.<\/p>\n<p>La Ley n\u00ba 124 del 8 de marzo de 2006 prev\u00e9 el reconocimiento de la nacionalidad italiana a favor de los connacionales que la perdieron por haber residido de 1940 a 1947 en Istria, Fiume y Dalmacia.<\/p>\n<p>El reconocimiento de la nacionalidad italiana sobre la base de leyes especiales constituye una adquisici\u00f3n por beneficio de ley: por lo tanto, no es posible que el progenitor ciudadano realice la declaraci\u00f3n de voluntad de adquirir la nacionalidad a favor del hijo menor prevista en el art\u00edculo 4, apartado 1-bis, de la Ley n\u00ba 91\/1992, ya que el progenitor reconocido no es ciudadano italiano por nacimiento.<\/p>\n","protected":false},"excerpt":{"rendered":"La Ley n\u00ba 379 del 14 de diciembre de 2000 prev\u00e9 el reconocimiento de la ciudadan\u00eda italiana a favor de las personas nacidas y residentes en los territorios del antiguo Imperio Austroh\u00fangaro y de sus descendientes que cumplan con los requisitos necesarios. El plazo para la aplicaci\u00f3n de la Ley 379\/2000 expir\u00f3 el 19\/12\/2010. La [&hellip;]","protected":false},"author":7,"featured_media":0,"parent":185,"menu_order":0,"comment_status":"closed","ping_status":"closed","template":"","meta":{"footnotes":""},"class_list":["post-6655","page","type-page","status-publish","hentry"],"_links":{"self":[{"href":"https:\/\/ambbogota.esteri.it\/es\/wp-json\/wp\/v2\/pages\/6655","targetHints":{"allow":["GET"]}}],"collection":[{"href":"https:\/\/ambbogota.esteri.it\/es\/wp-json\/wp\/v2\/pages"}],"about":[{"href":"https:\/\/ambbogota.esteri.it\/es\/wp-json\/wp\/v2\/types\/page"}],"author":[{"embeddable":true,"href":"https:\/\/ambbogota.esteri.it\/es\/wp-json\/wp\/v2\/users\/7"}],"replies":[{"embeddable":true,"href":"https:\/\/ambbogota.esteri.it\/es\/wp-json\/wp\/v2\/comments?post=6655"}],"version-history":[{"count":1,"href":"https:\/\/ambbogota.esteri.it\/es\/wp-json\/wp\/v2\/pages\/6655\/revisions"}],"predecessor-version":[{"id":6658,"href":"https:\/\/ambbogota.esteri.it\/es\/wp-json\/wp\/v2\/pages\/6655\/revisions\/6658"}],"up":[{"embeddable":true,"href":"https:\/\/ambbogota.esteri.it\/es\/wp-json\/wp\/v2\/pages\/185"}],"wp:attachment":[{"href":"https:\/\/ambbogota.esteri.it\/es\/wp-json\/wp\/v2\/media?parent=6655"}],"curies":[{"name":"wp","href":"https:\/\/api.w.org\/{rel}","templated":true}]}}