{"id":6667,"date":"2025-07-07T12:25:03","date_gmt":"2025-07-07T17:25:03","guid":{"rendered":"https:\/\/ambbogota.esteri.it\/?page_id=6667"},"modified":"2025-07-07T12:25:13","modified_gmt":"2025-07-07T17:25:13","slug":"certificado-de-no-renuncia","status":"publish","type":"page","link":"https:\/\/ambbogota.esteri.it\/es\/servizi-consolari-e-visti\/servizi-per-il-cittadino-straniero\/cittadinanza\/certificado-de-no-renuncia\/","title":{"rendered":"Certificado de \u00abno renuncia\u00bb"},"content":{"rendered":"<p>Si el interesado ha decidido establecer su residencia en Italia, las autoridades del Comune italiano son las encargadas del reconocimiento la ciudadan\u00eda italiana. Una vez inscrito en el registro de poblaci\u00f3n residente, el ciudadano extranjero puede iniciar el procedimiento de reconocimiento de la ciudadan\u00eda <em>iure sanguinis<\/em> (cuya duraci\u00f3n est\u00e1 establecida por ley, 180 d\u00edas en total) presentando la documentaci\u00f3n indicada en la Circular K.28.1\/1991. No es posible que el interesado recurra a un representante legal o a otra persona en su lugar; el interesado debe estar presente en el territorio.<\/p>\n<p>La solicitud de expedici\u00f3n del Certificado de \u00abNo renuncia\u00bb la realiza directamente el Comune italiano al Consulado, exclusivamente por PEC (correo electr\u00f3nico certificado). La respuesta del Consulado al Comune (no al interesado) se realiza siempre y \u00fanicamente por PEC, si la solicitud ha sido formulada correctamente.<\/p>\n<p>Los interesados no pueden contactar directamente a la Oficina Consular en relaci\u00f3n con las pr\u00e1cticas realizadas por los Comuni u otras Oficinas Consulares, ya que desconocen el desarrollo de las mismas m\u00e1s all\u00e1 de su propia responsabilidad.<\/p>\n","protected":false},"excerpt":{"rendered":"Si el interesado ha decidido establecer su residencia en Italia, las autoridades del Comune italiano son las encargadas del reconocimiento la ciudadan\u00eda italiana. Una vez inscrito en el registro de poblaci\u00f3n residente, el ciudadano extranjero puede iniciar el procedimiento de reconocimiento de la ciudadan\u00eda iure sanguinis (cuya duraci\u00f3n est\u00e1 establecida por ley, 180 d\u00edas en [&hellip;]","protected":false},"author":7,"featured_media":0,"parent":185,"menu_order":0,"comment_status":"closed","ping_status":"closed","template":"","meta":{"footnotes":""},"class_list":["post-6667","page","type-page","status-publish","hentry"],"_links":{"self":[{"href":"https:\/\/ambbogota.esteri.it\/es\/wp-json\/wp\/v2\/pages\/6667","targetHints":{"allow":["GET"]}}],"collection":[{"href":"https:\/\/ambbogota.esteri.it\/es\/wp-json\/wp\/v2\/pages"}],"about":[{"href":"https:\/\/ambbogota.esteri.it\/es\/wp-json\/wp\/v2\/types\/page"}],"author":[{"embeddable":true,"href":"https:\/\/ambbogota.esteri.it\/es\/wp-json\/wp\/v2\/users\/7"}],"replies":[{"embeddable":true,"href":"https:\/\/ambbogota.esteri.it\/es\/wp-json\/wp\/v2\/comments?post=6667"}],"version-history":[{"count":1,"href":"https:\/\/ambbogota.esteri.it\/es\/wp-json\/wp\/v2\/pages\/6667\/revisions"}],"predecessor-version":[{"id":6670,"href":"https:\/\/ambbogota.esteri.it\/es\/wp-json\/wp\/v2\/pages\/6667\/revisions\/6670"}],"up":[{"embeddable":true,"href":"https:\/\/ambbogota.esteri.it\/es\/wp-json\/wp\/v2\/pages\/185"}],"wp:attachment":[{"href":"https:\/\/ambbogota.esteri.it\/es\/wp-json\/wp\/v2\/media?parent=6667"}],"curies":[{"name":"wp","href":"https:\/\/api.w.org\/{rel}","templated":true}]}}