{"id":6920,"date":"2025-09-23T15:18:53","date_gmt":"2025-09-23T20:18:53","guid":{"rendered":"https:\/\/ambbogota.esteri.it\/?page_id=6920"},"modified":"2025-09-23T15:36:30","modified_gmt":"2025-09-23T20:36:30","slug":"ciudadania-por-descendencia-iure-sanguinis","status":"publish","type":"page","link":"https:\/\/ambbogota.esteri.it\/es\/servizi-consolari-e-visti\/servizi-per-il-cittadino-straniero\/cittadinanza\/ciudadania-por-descendencia-iure-sanguinis\/","title":{"rendered":"Ciudadan\u00eda por descendencia \u201ciure sanguinis\u201d"},"content":{"rendered":"<p><strong>Requisitos para solicitar la ciudadan\u00eda<\/strong><\/p>\n<p>A partir del 24 de mayo de 2025, un ciudadano extranjero (no italiano) que desee solicitar el reconocimiento de la ciudadan\u00eda italiana deber\u00e1 demostrar que es descendiente de un ciudadano italiano conforme a los siguientes requisitos:<\/p>\n<ol>\n<li>Al momento del nacimiento del solicitante, al menos un ascendiente de primer grado (uno de los padres) o de segundo grado (uno de los abuelos) deb\u00eda poseer <strong>exclusivamente<\/strong> la ciudadan\u00eda italiana. En caso de que el ascendiente hubiera fallecido antes del nacimiento del solicitante, este deb\u00eda poseer \u00fanicamente la ciudadan\u00eda italiana al momento del fallecimiento.<\/li>\n<li>Uno de los padres o el adoptante que haya adquirido la ciudadan\u00eda italiana, debe haber residido en Italia por al menos dos a\u00f1os continuos despu\u00e9s de la adquisici\u00f3n de la ciudadan\u00eda italiana y antes de la fecha de nacimiento o adopci\u00f3n del hijo.<\/li>\n<\/ol>\n<p><strong>Caso n. 1: padre o abuelo \u00fanicamente italiano<\/strong><\/p>\n<p><strong>\u00a0<\/strong>En este caso, corresponde al solicitante demostrar de manera indiscutible que los ascendientes en cuesti\u00f3n no pose\u00edan, al momento del nacimiento del solicitante (o al momento del fallecimiento del ascendiente, si este ocurri\u00f3 antes del nacimiento del interesado), ninguna otra ciudadan\u00eda diferente a la italiana.<\/p>\n<p>Para probar la posesi\u00f3n exclusiva de la ciudadan\u00eda italiana, el solicitante podr\u00e1 presentar:<\/p>\n<ul>\n<li>Certificados negativos de ciudadan\u00eda de los pa\u00edses en los que el ascendiente haya residido;<\/li>\n<li>Constancias de renuncia a otras ciudadan\u00edas;<\/li>\n<li>Constancias de no inscripci\u00f3n en listas electorales de los pa\u00edses en los que el ascendiente haya residido;<\/li>\n<li>Cualquier otro documento o certificado \u00fatil para demostrar que el ascendiente no pose\u00eda otras ciudadan\u00edas.<\/li>\n<\/ul>\n<p>No se consideran suficientes meras declaraciones del solicitante o de familiares.<\/p>\n<p>DOCUMENTACI\u00d3N A PRESENTAR<\/p>\n<ol>\n<li><a href=\"https:\/\/ambbogota.esteri.it\/wp-content\/uploads\/2023\/08\/1._modulo_registro_atto_di_nascita.pdf\"><strong>Formulario<\/strong><\/a> de solicitud de transcripci\u00f3n del acta de nacimiento del solicitante;<\/li>\n<li><a href=\"https:\/\/ambbogota.esteri.it\/wp-content\/uploads\/2023\/08\/78393_f_amb61AlberoGenealogico.pdf\"><strong>\u00c1rbol geneal\u00f3gico<\/strong><\/a> con indicaci\u00f3n de fechas de nacimiento, matrimonio y defunci\u00f3n de los ascendientes de primer y\/o segundo grado;<\/li>\n<li><strong>Actas de nacimiento, matrimonio y defunci\u00f3n de los ascendientes que transmiten la ciudadan\u00eda<\/strong> seg\u00fan el \u00e1rbol geneal\u00f3gico. Los documentos deben ser presentados en original y solicitados en el pa\u00eds donde fueron registrados, con apostilla, traducciones y apostilla de las traducciones.<br \/>\nEn caso de que algunos ascendientes no hayan contra\u00eddo matrimonio, ser\u00e1 necesario presentar documentaci\u00f3n que compruebe el reconocimiento paterno y la aceptaci\u00f3n por parte de la madre del reconocimiento paterno, con firma aut\u00f3grafa de ambos padres. En ausencia de dicha documentaci\u00f3n, no podr\u00e1 comprobarse la cadena de transmisi\u00f3n de la ciudadan\u00eda y, por lo tanto, no ser\u00e1 posible reconocer la ciudadan\u00eda italiana al solicitante.<\/li>\n<li><strong>Certificado de no naturalizaci\u00f3n del ascendiente italiano (padre o abuelo) que transmite la ciudadan\u00eda<\/strong>, emitido por el Ministerio de Relaciones Exteriores de Colombia (o del pa\u00eds al que emigr\u00f3), en el cual conste que el ascendiente italiano no obtuvo la ciudadan\u00eda del pa\u00eds de emigraci\u00f3n;<\/li>\n<li><strong>Cualquier otra documentaci\u00f3n que pruebe que el ascendiente que transmite la ciudadan\u00eda no pose\u00eda otras ciudadan\u00edas adem\u00e1s de la italiana<\/strong>;<\/li>\n<li><strong>Recibo<\/strong> original de pago de los derechos consulares por el monto en Pesos correspondiente al art. 7B de la <a href=\"https:\/\/ambbogota.esteri.it\/es\/servizi-consolari-e-visti\/servizi-per-il-cittadino-italiano\/derechos-consulares-2\/\">tabla de derechos consulares<\/a>.<br \/>\nEl pago de los derechos consulares corresponde a la presentaci\u00f3n y al estudio de la solicitud de ciudadan\u00eda, por lo tanto, no ser\u00e1 reembolsado en caso de que el tr\u00e1mite no est\u00e9 completo o de que el solicitante no tenga derecho al reconocimiento de la ciudadan\u00eda.<\/li>\n<\/ol>\n<p><strong>Caso n.\u00b0 2: padre o adoptante que ha residido en Italia durante 2 a\u00f1os<\/strong><\/p>\n<p>En este caso, el solicitante deber\u00e1 demostrar que <strong>el padre o adoptante ha residido en Italia por al menos dos a\u00f1os<\/strong>, presentando un certificado hist\u00f3rico de residencia expedido por la Alcald\u00eda en la que haya vivido el padre o adoptante. Basta con que uno solo de los padres o adoptantes haya residido en Italia, pero \u00fanicamente se toman en cuenta los padres ciudadanos italianos.<\/p>\n<p>La residencia debe haber sido de al menos dos a\u00f1os continuos <strong>despu\u00e9s<\/strong> de la adquisici\u00f3n de la ciudadan\u00eda italiana y <strong>antes<\/strong> del nacimiento del solicitante. No es relevante la residencia en Italia de padres extranjeros.<\/p>\n<p>En el caso de un padre ciudadano italiano <em>iure sanguinis<\/em> que haya obtenido el reconocimiento de su ciudadan\u00eda italiana despu\u00e9s del per\u00edodo de residencia en Italia, el requisito de residencia en Italia se considera igualmente cumplido y el hijo podr\u00e1 obtener el reconocimiento de la ciudadan\u00eda italiana.<\/p>\n<p>DOCUMENTACI\u00d3N A PRESENTAR<\/p>\n<ol>\n<li><a href=\"https:\/\/ambbogota.esteri.it\/wp-content\/uploads\/2023\/08\/1._modulo_registro_atto_di_nascita.pdf\"><strong>Formulario<\/strong><\/a> de solicitud de transcripci\u00f3n del acta de nacimiento del solicitante;<\/li>\n<li><strong>Actas de nacimiento y matrimonio del padre o adoptante que transmite la ciudadan\u00eda<\/strong>. Los documentos deben ser presentados en original y solicitados en el pa\u00eds donde fueron registrados, con apostilla, traducciones y apostilla de las traducciones.<br \/>\nEn caso de que el padre no haya contra\u00eddo matrimonio, ser\u00e1 necesario presentar documentaci\u00f3n que compruebe el reconocimiento paterno y la aceptaci\u00f3n por parte de la madre del reconocimiento paterno, con firma aut\u00f3grafa de ambos padres. En ausencia de dicha documentaci\u00f3n, no podr\u00e1 comprobarse la cadena de transmisi\u00f3n de la ciudadan\u00eda y, por lo tanto, no ser\u00e1 posible reconocer la ciudadan\u00eda italiana al solicitante.<\/li>\n<li><strong>Documentaci\u00f3n que certifique la naturalizaci\u00f3n italiana<\/strong> del padre o adoptante (decreto de ciudadan\u00eda y acta de juramento);<\/li>\n<li><strong>Certificado hist\u00f3rico de residencia<\/strong> emitido por la Alcald\u00eda italiana competente;<\/li>\n<li><strong>Recibo<\/strong> original de pago de los derechos consulares por el monto en Pesos correspondiente al art. 7B de la <a href=\"https:\/\/ambbogota.esteri.it\/es\/servizi-consolari-e-visti\/servizi-per-il-cittadino-italiano\/derechos-consulares-2\/\">tabla de derechos consulares<\/a>.<br \/>\nEl pago de los derechos consulares corresponde a la presentaci\u00f3n y al estudio de la solicitud de ciudadan\u00eda, por lo tanto no ser\u00e1 reembolsado en caso de que el tr\u00e1mite no est\u00e9 completo o de que el solicitante no tenga derecho al reconocimiento de la ciudadan\u00eda.<\/li>\n<\/ol>\n<p><strong>Resultado de la solicitud<\/strong><\/p>\n<p>La Embajada recibir\u00e1 la documentaci\u00f3n previamente indicada y, tras la verificaci\u00f3n de la misma, podr\u00e1:<\/p>\n<ul>\n<li><strong>Aceptar<\/strong> la solicitud y reconocer la ciudadan\u00eda al solicitante: en este caso, la documentaci\u00f3n ser\u00e1 enviada a la Alcald\u00eda competente y se dar\u00e1 comunicaci\u00f3n por correo electr\u00f3nico;<\/li>\n<li><strong>Rechazar<\/strong> la solicitud y emitir una <em>Declaraci\u00f3n de denegaci\u00f3n de ciudadan\u00eda<\/em>, la cual ser\u00e1 entregada en original al solicitante.<\/li>\n<\/ul>\n<p>En todo caso, el pago de los derechos consulares no podr\u00e1 ser reembolsado.<\/p>\n<p>La Embajada de Italia es competente para la tramitaci\u00f3n de los procedimientos de reconocimiento de ciudadan\u00eda italiana \u00fanicamente para las personas residentes en Colombia; por lo tanto, los ciudadanos no colombianos deber\u00e1n demostrar su residencia legal en Colombia presentando la documentaci\u00f3n correspondiente.<\/p>\n<p>De acuerdo con lo previsto en la Ley 183\/2011, la Embajada no podr\u00e1 aceptar declaraciones en las cuales el solicitante indique que parte de los documentos ya fueron presentados por un familiar al que ya le haya sido reconocida la ciudadan\u00eda italiana, ya sea ante otra Alcald\u00eda italiana o ante otra Autoridad consular (Embajada o Consulado). Cada nueva solicitud de reconstrucci\u00f3n de ciudadan\u00eda deber\u00e1 estar completa con toda la documentaci\u00f3n exigida en original.<\/p>\n","protected":false},"excerpt":{"rendered":"Requisitos para solicitar la ciudadan\u00eda A partir del 24 de mayo de 2025, un ciudadano extranjero (no italiano) que desee solicitar el reconocimiento de la ciudadan\u00eda italiana deber\u00e1 demostrar que es descendiente de un ciudadano italiano conforme a los siguientes requisitos: Al momento del nacimiento del solicitante, al menos un ascendiente de primer grado (uno [&hellip;]","protected":false},"author":7,"featured_media":0,"parent":185,"menu_order":0,"comment_status":"closed","ping_status":"closed","template":"","meta":{"footnotes":""},"class_list":["post-6920","page","type-page","status-publish","hentry"],"_links":{"self":[{"href":"https:\/\/ambbogota.esteri.it\/es\/wp-json\/wp\/v2\/pages\/6920","targetHints":{"allow":["GET"]}}],"collection":[{"href":"https:\/\/ambbogota.esteri.it\/es\/wp-json\/wp\/v2\/pages"}],"about":[{"href":"https:\/\/ambbogota.esteri.it\/es\/wp-json\/wp\/v2\/types\/page"}],"author":[{"embeddable":true,"href":"https:\/\/ambbogota.esteri.it\/es\/wp-json\/wp\/v2\/users\/7"}],"replies":[{"embeddable":true,"href":"https:\/\/ambbogota.esteri.it\/es\/wp-json\/wp\/v2\/comments?post=6920"}],"version-history":[{"count":3,"href":"https:\/\/ambbogota.esteri.it\/es\/wp-json\/wp\/v2\/pages\/6920\/revisions"}],"predecessor-version":[{"id":6932,"href":"https:\/\/ambbogota.esteri.it\/es\/wp-json\/wp\/v2\/pages\/6920\/revisions\/6932"}],"up":[{"embeddable":true,"href":"https:\/\/ambbogota.esteri.it\/es\/wp-json\/wp\/v2\/pages\/185"}],"wp:attachment":[{"href":"https:\/\/ambbogota.esteri.it\/es\/wp-json\/wp\/v2\/media?parent=6920"}],"curies":[{"name":"wp","href":"https:\/\/api.w.org\/{rel}","templated":true}]}}