{"id":700,"date":"2023-08-10T14:35:34","date_gmt":"2023-08-10T19:35:34","guid":{"rendered":"https:\/\/ambbogota.esteri.it\/?page_id=700"},"modified":"2024-04-24T12:22:59","modified_gmt":"2024-04-24T17:22:59","slug":"recepcion-de-publico-y-citas-para-servicios-consulares-recepcion-de-publico-y-citas-para-servicios-consulares","status":"publish","type":"page","link":"https:\/\/ambbogota.esteri.it\/es\/servizi-consolari-e-visti\/servizi-per-il-cittadino-italiano\/recepcion-de-publico-y-citas-para-servicios-consulares-recepcion-de-publico-y-citas-para-servicios-consulares\/","title":{"rendered":"Informaci\u00f3n recepci\u00f3n del p\u00fablico para los servicios consulares"},"content":{"rendered":"<p>Se avisan los usuarios que, a partir del <strong>11 de septiembre de 2023<\/strong>, la Embajada de Italia est\u00e1 abierta al p\u00fablico en los <strong>siguientes horarios<\/strong>:<\/p>\n<ul>\n<li>lunes, martes, mi\u00e9rcoles y viernes: de 08:30am a 11:30am;<\/li>\n<li>jueves: de 01:30pm a 03:00pm.<\/li>\n<\/ul>\n<p>Por lo tanto, ya <span style=\"text-decoration: underline;\">no<\/span> es necesario reservar una cita a trav\u00e9s de la plataforma <a href=\"https:\/\/prenotami.esteri.it\/\">Prenot@mi<\/a> para los siguientes servicios consulares:<\/p>\n<ul>\n<li>Pasaportes;<\/li>\n<li><span class=\"Y2IQFc\" lang=\"es\">Estado civil (nacimiento, matrimonio, divorcio, muerte);<\/span><\/li>\n<li><span class=\"Y2IQFc\" lang=\"es\">Ciudadan\u00eda por matrimonio;<\/span><\/li>\n<li>otros servicios consulares (solicitudes de publicaci\u00f3n de matrimonio, expedici\u00f3n de certificados, legalizaci\u00f3n de traducciones, autenticaci\u00f3n de firmas, actas de autorizaci\u00f3n \u00abatto di assenso\u00bb, pr\u00f3rroga de la validez de la licencia de conducci\u00f3n italiana, existencia en vida, pasaportes mortuorios, etc.).<\/li>\n<\/ul>\n<p><span class=\"Y2IQFc\" lang=\"es\"><strong>Todos los usuarios que se presenten en la Embajada durante esta franja horaria ser\u00e1n recibidos sin restricciones. La recepci\u00f3n se asegurar\u00e1 en funci\u00f3n de la hora de llegada y teniendo en cuenta las categor\u00edas protegidas<\/strong> (<span style=\"text-decoration: underline;\">personas con discapacidad, familias con ni\u00f1os menores de dos a\u00f1os, mujeres embarazadas, adultos mayores de 75 a\u00f1os<\/span>) <strong>que tendr\u00e1n acceso prioritario<\/strong>.<\/span><\/p>\n<p>Se informa a los usuarios que, por razones de espacio y seguridad, s\u00f3lo podr\u00e1n acceder a la sala de espera consular los solicitantes de servicios consulares, sin acompa\u00f1ante alguno.<\/p>\n<p>Salvo en los casos en que:<\/p>\n<p>&#8211; el usuario presente certificaci\u00f3n m\u00e9dica que acredite la necesidad de que el interesado est\u00e9 acompa\u00f1ado por la persona especificada en dicha certificaci\u00f3n<\/p>\n<p>&#8211; el servicio consular sea para un menor<\/p>\n<p>&#8211; el usuario solicite el acceso con un menor de 12 a\u00f1os<\/p>\n<p>&#8211; el usuario tenga m\u00e1s de 70 a\u00f1os<\/p>\n<p><span class=\"Y2IQFc\" lang=\"es\"><strong>Citas para <span style=\"text-decoration: underline;\">ciudadan\u00eda por descendencia<\/span><\/strong> (exclusivamente para solicitantes adultos con padre o madre de nacionalidad italiana)<\/span><span class=\"Y2IQFc\" lang=\"es\"> y para <strong><span style=\"text-decoration: underline;\">CIE &#8211; Carta d&#8217;Identit\u00e1 Elettronica <\/span>deben reservarse a trav\u00e9s de la plataforma <\/strong><\/span><strong><a href=\"https:\/\/prenotami.esteri.it\/\">Prenot@mi<\/a><\/strong>.<\/p>\n<p id=\"tw-target-text\" class=\"tw-data-text tw-text-large tw-ta\" dir=\"ltr\" data-placeholder=\"Traduzione\"><span class=\"Y2IQFc\" lang=\"es\">Todos los d\u00edas a la medianoche italiana (a excepci\u00f3n de los viernes y s\u00e1bados), el sistema autom\u00e1ticamente pone a disposici\u00f3n nuevas citas y permite seleccionar citas solo para las siguientes 4 semanas. <\/span><\/p>\n<p class=\"tw-data-text tw-text-large tw-ta\" dir=\"ltr\" data-placeholder=\"Traduzione\"><span class=\"Y2IQFc\" lang=\"es\">Una vez reservada la cita, el usuario recibir\u00e1 un correo electr\u00f3nico en la direcci\u00f3n de correo electr\u00f3nico indicada al registrarse en la plataforma <a href=\"https:\/\/prenotami.esteri.it\/\">Prenot@mi<\/a> y deber\u00e1 confirmarlo (de 10 a 3 d\u00edas antes de la fecha establecida en el correo electr\u00f3nico) ingresando a la plataforma en la secci\u00f3n \u00abMis Citas\u00bb. <\/span><\/p>\n<p class=\"tw-data-text tw-text-large tw-ta\" dir=\"ltr\" data-placeholder=\"Traduzione\"><span class=\"Y2IQFc\" lang=\"es\">Si la cita no ser\u00e1 confirmada, el sistema <b>LA CANCELAR\u00c1 AUTOM\u00c1TICAMENTE<\/b> y ser\u00e1 disponible para otros usuarios. Por lo tanto, el usuario cuya cita ha sido cancelada no podr\u00e1 acceder a la Embajada.<br \/>\n<\/span><\/p>\n<p id=\"tw-target-text\" class=\"tw-data-text tw-text-large tw-ta\" dir=\"ltr\" data-placeholder=\"Traduzione\"><span class=\"Y2IQFc\" lang=\"es\"><strong>Citas para la expedici\u00f3n de un visado:<\/strong> consulte la secci\u00f3n espec\u00edfica <\/span><a href=\"https:\/\/ambbogota.esteri.it\/es\/servizi-consolari-e-visti\/servizi-per-il-cittadino-straniero\/visti\/visas-requisitos\/\">Visas \u2013 requisitos \u2013 Ambasciata d\u2019Italia Bogot\u00e0 (esteri.it)<\/a><\/p>\n<p id=\"tw-target-text\" class=\"tw-data-text tw-text-large tw-ta\" dir=\"ltr\" data-placeholder=\"Traduzione\"><span class=\"Y2IQFc\" lang=\"es\"><strong>Cita para Declaraciones de Valor:<\/strong> consulte la secci\u00f3n espec\u00edfica <\/span><a href=\"https:\/\/ambbogota.esteri.it\/es\/italia-e-colombia\/diplomazia-culturale\/studiare-in-italia\/declaraciones-de-valor\/\">Declaraciones de valor \u2013 Ambasciata d\u2019Italia Bogot\u00e0 (esteri.it)<\/a><\/p>\n","protected":false},"excerpt":{"rendered":"Se avisan los usuarios que, a partir del 11 de septiembre de 2023, la Embajada de Italia est\u00e1 abierta al p\u00fablico en los siguientes horarios: lunes, martes, mi\u00e9rcoles y viernes: de 08:30am a 11:30am; jueves: de 01:30pm a 03:00pm. Por lo tanto, ya no es necesario reservar una cita a trav\u00e9s de la plataforma Prenot@mi [&hellip;]","protected":false},"author":4,"featured_media":0,"parent":166,"menu_order":0,"comment_status":"closed","ping_status":"closed","template":"","meta":{"footnotes":""},"class_list":["post-700","page","type-page","status-publish","hentry"],"_links":{"self":[{"href":"https:\/\/ambbogota.esteri.it\/es\/wp-json\/wp\/v2\/pages\/700","targetHints":{"allow":["GET"]}}],"collection":[{"href":"https:\/\/ambbogota.esteri.it\/es\/wp-json\/wp\/v2\/pages"}],"about":[{"href":"https:\/\/ambbogota.esteri.it\/es\/wp-json\/wp\/v2\/types\/page"}],"author":[{"embeddable":true,"href":"https:\/\/ambbogota.esteri.it\/es\/wp-json\/wp\/v2\/users\/4"}],"replies":[{"embeddable":true,"href":"https:\/\/ambbogota.esteri.it\/es\/wp-json\/wp\/v2\/comments?post=700"}],"version-history":[{"count":7,"href":"https:\/\/ambbogota.esteri.it\/es\/wp-json\/wp\/v2\/pages\/700\/revisions"}],"predecessor-version":[{"id":3664,"href":"https:\/\/ambbogota.esteri.it\/es\/wp-json\/wp\/v2\/pages\/700\/revisions\/3664"}],"up":[{"embeddable":true,"href":"https:\/\/ambbogota.esteri.it\/es\/wp-json\/wp\/v2\/pages\/166"}],"wp:attachment":[{"href":"https:\/\/ambbogota.esteri.it\/es\/wp-json\/wp\/v2\/media?parent=700"}],"curies":[{"name":"wp","href":"https:\/\/api.w.org\/{rel}","templated":true}]}}