{"id":7004,"date":"2025-09-29T15:42:33","date_gmt":"2025-09-29T20:42:33","guid":{"rendered":"https:\/\/ambbogota.esteri.it\/?page_id=7004"},"modified":"2025-09-29T15:47:31","modified_gmt":"2025-09-29T20:47:31","slug":"entry-exit-system-sistema-de-entrada-salida","status":"publish","type":"page","link":"https:\/\/ambbogota.esteri.it\/es\/servizi-consolari-e-visti\/servizi-per-il-cittadino-straniero\/entry-exit-system-sistema-de-entrada-salida\/","title":{"rendered":"Entry Exit System \u2013 Sistema de Entrada\/Salida"},"content":{"rendered":"<div class=\"entry-content\">\n<p><span style=\"text-decoration: underline;\"><strong>\u00bfQu\u00e9 es el EES (<\/strong><strong>Entry Exit System)<\/strong><\/span><strong><span style=\"text-decoration: underline;\">?<\/span> <\/strong><\/p>\n<p>El <strong>Sistema de Entradas y Salidas (EES) <\/strong>es el nuevo sistema de gesti\u00f3n de fronteras que se aplicar\u00e1 a los nacionales de terceros pa\u00edses que viajen para una estancia de corta duraci\u00f3n cada vez que crucen las fronteras exteriores de <strong>29 pa\u00edses europeos<\/strong>.<\/p>\n<p>A partir del <strong>12 de octubre de 2025<\/strong>, los 29 pa\u00edses europeos que utilizan el EES empe\u00adzar\u00e1n a introducir gradualmente el sistema en sus fronteras exteriores durante un periodo de 6 meses.<\/p>\n<p>Durante este tiempo, es posible que no se recopilen los datos de los viajeros de inmediato en todos los pasos fronterizos. <strong>El EES sustituir\u00e1 en general al sello en el pasaporte, al tiempo que proporcionar\u00e1 datos fiables sobre el cruce de las fronteras exteriores y no supondr\u00e1 ning\u00fan costo adicional para los viajeros.<\/strong><\/p>\n<p>Una vez completada la introducci\u00f3n gradual, el EES estar\u00e1 plenamente operativo en todos los pasos fronterizos exteriores.<\/p>\n<p><strong><span style=\"text-decoration: underline;\">\u00bfQu\u00e9 datos recoge el EES?<\/span> <\/strong><\/p>\n<ul>\n<li>Los datos personales de los documentos de viaje, como el nombre completo, la fecha de nacimiento y la nacionalidad.<\/li>\n<li>La fecha y el lugar de entrada y salida de los veintinueve pa\u00edses europeos que utilizan el EES.<\/li>\n<li>Datos biom\u00e9tricos, como huellas dactilares e im\u00e1genes faciales.<\/li>\n<li>Informaci\u00f3n sobre la denegaci\u00f3n de entrada, si procede.<\/li>\n<\/ul>\n<p><span style=\"text-decoration: underline;\"><strong>\u00bfQu\u00e9 pa\u00edses europeos utilizan el EES?<\/strong><\/span><\/p>\n<p><em>Alemania, Austria, B\u00e9lgica, Bulgaria, Chequia, Croacia, Dinamarca, Eslovaquia, Eslovenia, Espa\u00f1a, Estonia, Finlandia, Francia, Grecia, Hungr\u00eda, Islandia, Italia, Letonia, Liechtenstein, Lituania, Luxemburgo, Malta, Noruega, Pa\u00edses Bajos, Polonia, Portugal, Ruman\u00eda, Suecia y Suiza.<\/em><\/p>\n<p><span style=\"text-decoration: underline;\"><em>\u00a0<\/em><strong>\u00bfQui\u00e9nes se registrar\u00e1n en el EES?<\/strong><\/span><\/p>\n<p>Los nacionales de terceros pa\u00edses que viajen a los pa\u00edses europeos que utilizan el EES para una estancia de corta duraci\u00f3n (de hasta noventa d\u00edas dentro de cualquier per\u00edodo de ciento ochenta d\u00edas).<\/p>\n<p>Los datos de los viajeros se registrar\u00e1n en el EES, independientemente de si nece\u00adsitan un visado de corta duraci\u00f3n o est\u00e1n exentos de la obligaci\u00f3n de visado. Algu\u00adnos viajeros est\u00e1n exentos de registro (v\u00e9ase el apartado \u00abExenciones\u00bb). Tambi\u00e9n se registrar\u00e1n los datos sobre los nacionales de terceros pa\u00edses a los que se haya denegado la entrada.<\/p>\n<p>El EES no introducir\u00e1 ning\u00fan requisito nuevo para las personas que ya pueden circular libremente por Europa (v\u00e9ase el apartado \u00abExenciones\u00bb).<\/p>\n<p><span style=\"text-decoration: underline;\"><strong>\u00a0<\/strong><strong>\u00bfPor qu\u00e9 se introduce el EES?<\/strong><\/span><\/p>\n<ul>\n<li>El EES es una iniciativa y para reducir modernizar los controles fronterizos y reduce progresivamente los tiempos de espera en las fronteras.<\/li>\n<li>El EES identifica f\u00e1cilmente a los nacionales de terceros pa\u00edses que no cumplen las condiciones de entrada y estancia o a aquellos que permanecen m\u00e1s tiempo del permitido en el espacio Schengen.<\/li>\n<li>El EES refuerza la seguridad de las fronteras de Europa<\/li>\n<\/ul>\n<p><span style=\"text-decoration: underline;\"><strong>Privacidad<\/strong><\/span><\/p>\n<p><strong>\u00a0<\/strong>Los datos de los viajeros se recopilar\u00e1n y almacenar\u00e1n respetando ple\u00adnamente las normas y los derechos de protecci\u00f3n de datos de la Uni\u00f3n Europea (UE). Para m\u00e1s informaci\u00f3n sobre la protecci\u00f3n de datos y c\u00f3mo puede ejercer sus derechos al respecto, en particular el derecho a solicitar acceso o rectificaci\u00f3n de los datos que le conciernen, visite: <a href=\"https:\/\/travel-europe.europa.eu\/ees\/data-held-by-ees\">https:\/\/travel-europe.europa.eu\/ees\/data-held-by-ees<\/a><\/p>\n<p><span style=\"text-decoration: underline;\"><strong>Programas nacionales de facilitaci\u00f3n<\/strong><\/span><\/p>\n<p><strong>\u00a0<\/strong>Los pa\u00edses europeos que utilizan el EES pueden poner en pr\u00e1ctica programas nacio\u00adnales de facilitaci\u00f3n para agilizar el cruce de fronteras a los nacionales de terceros pa\u00edses que viajan con frecuencia a Europa. Estos programas pueden aplicarse en uno o varios pa\u00edses europeos.<\/p>\n<p>Para saber si puede beneficiarse de un programa nacional de facilitaci\u00f3n, visite <a href=\"https:\/\/travel-europe.europa.eu\/es\/pub\">https:\/\/travel-europe.europa.eu\/es\/pub<\/a><\/p>\n<p><span style=\"text-decoration: underline;\"><strong>Exenciones<\/strong><\/span><\/p>\n<p><strong>\u00a0<\/strong>El EES no se aplicar\u00e1 a:<\/p>\n<ul>\n<li>Los nacionales de los pa\u00edses europeos que utilizan el EES, as\u00ed como los nacionales de Chipre e Irlanda.<\/li>\n<li>Los nacionales de terceros pa\u00edses que sean titulares de una tarjeta de residencia y sean familiares directos de un nacional de la UE.<\/li>\n<li>Los nacionales de terceros pa\u00edses que sean titulares de una tarjeta de residencia o de un permiso de residencia y sean familiares de un nacional de un tercer pa\u00eds que pueda viajar por Europa como cualquier otro ciudadano de la UE.<\/li>\n<li>Los nacionales de terceros pa\u00edses que viajen a Europa en el marco de un traslado intraempresarial o con fines de investigaci\u00f3n, estudios, pr\u00e1cticas, voluntariado, programas de intercambio de alumnos o proyecto educativos y colocaci\u00f3n au-pair.<\/li>\n<li>Los titulares de permisos de residencia y de visados de larga duraci\u00f3n.<\/li>\n<li>Los nacionales de Andorra, M\u00f3naco, San Marino, y los titulares de un pasaporte expedido por el Estado de la Ciudad del Vaticano o la Santa Sede.<\/li>\n<li>Las personas exentas de las inspecciones fronterizas o a las que se han concedido determinados privilegios con respecto a las inspecciones fronterizas.<\/li>\n<li>Los titulares de un permiso de tr\u00e1fico fronterizo menor v\u00e1lido.<\/li>\n<li>Las tripulaciones de trenes de pasajeros y de mercanc\u00edas en viajes de conexi\u00f3n internacionales.<\/li>\n<\/ul>\n<p>Para obtener m\u00e1s informaci\u00f3n sobre los motivos de exenci\u00f3n del EES, visite: <a href=\"https:\/\/travel-europe.europa.eu\"><strong><u>https:\/\/travel-europe.europa.eu<\/u><\/strong><\/a><\/p>\n<\/div>\n","protected":false},"excerpt":{"rendered":"\u00bfQu\u00e9 es el EES (Entry Exit System)? El Sistema de Entradas y Salidas (EES) es el nuevo sistema de gesti\u00f3n de fronteras que se aplicar\u00e1 a los nacionales de terceros pa\u00edses que viajen para una estancia de corta duraci\u00f3n cada vez que crucen las fronteras exteriores de 29 pa\u00edses europeos. A partir del 12 de [&hellip;]","protected":false},"author":7,"featured_media":6984,"parent":183,"menu_order":0,"comment_status":"closed","ping_status":"closed","template":"","meta":{"footnotes":""},"class_list":["post-7004","page","type-page","status-publish","has-post-thumbnail","hentry"],"_links":{"self":[{"href":"https:\/\/ambbogota.esteri.it\/es\/wp-json\/wp\/v2\/pages\/7004","targetHints":{"allow":["GET"]}}],"collection":[{"href":"https:\/\/ambbogota.esteri.it\/es\/wp-json\/wp\/v2\/pages"}],"about":[{"href":"https:\/\/ambbogota.esteri.it\/es\/wp-json\/wp\/v2\/types\/page"}],"author":[{"embeddable":true,"href":"https:\/\/ambbogota.esteri.it\/es\/wp-json\/wp\/v2\/users\/7"}],"replies":[{"embeddable":true,"href":"https:\/\/ambbogota.esteri.it\/es\/wp-json\/wp\/v2\/comments?post=7004"}],"version-history":[{"count":1,"href":"https:\/\/ambbogota.esteri.it\/es\/wp-json\/wp\/v2\/pages\/7004\/revisions"}],"predecessor-version":[{"id":7007,"href":"https:\/\/ambbogota.esteri.it\/es\/wp-json\/wp\/v2\/pages\/7004\/revisions\/7007"}],"up":[{"embeddable":true,"href":"https:\/\/ambbogota.esteri.it\/es\/wp-json\/wp\/v2\/pages\/183"}],"wp:featuredmedia":[{"embeddable":true,"href":"https:\/\/ambbogota.esteri.it\/es\/wp-json\/wp\/v2\/media\/6984"}],"wp:attachment":[{"href":"https:\/\/ambbogota.esteri.it\/es\/wp-json\/wp\/v2\/media?parent=7004"}],"curies":[{"name":"wp","href":"https:\/\/api.w.org\/{rel}","templated":true}]}}