{"id":713,"date":"2023-08-09T15:49:25","date_gmt":"2023-08-09T20:49:25","guid":{"rendered":"https:\/\/ambbogota.esteri.it\/italia-e-colombia\/diplomazia-culturale\/studiare-in-italia\/scuole\/"},"modified":"2025-02-21T09:49:10","modified_gmt":"2025-02-21T14:49:10","slug":"scuole","status":"publish","type":"page","link":"https:\/\/ambbogota.esteri.it\/es\/italia-e-colombia\/diplomazia-culturale\/studiare-in-italia\/scuole\/","title":{"rendered":"Colegios Italianos"},"content":{"rendered":"<p class=\"boxLevel03\" style=\"text-align: justify;\"><strong>COLEGIOS ITALIANOS<\/strong><\/p>\n<p style=\"text-align: justify;\"><a href=\"https:\/\/www.mim.gov.it\/web\/guest\/sistema-educativo-di-istruzione-e-formazione\" target=\"_blank\" rel=\"noopener\">Informaciones generales sobre el sistema escolar italiano<\/a><\/p>\n<p style=\"text-align: justify;\"><a href=\"https:\/\/www.tuttitalia.it\/scuole\/\" target=\"_blank\" rel=\"noopener\">Lista de los Colegios (P\u00fablicos y Paritarios)<\/a><\/p>\n<p style=\"text-align: justify;\"><strong>COLEGIOS ITALIANOS EN COLOMBIA<\/strong><\/p>\n<p style=\"text-align: justify;\">En Colombia existen dos Colegios italianos: el \u201cColegio Italiano Leonardo Da Vinci\u201d y el \u201cGimnasio Alessandro Volta\u201d, ambos ubicados en Bogot\u00e0.<\/p>\n<p style=\"text-align: justify;\">El \u00ab<a href=\"http:\/\/www.davinci.edu.co\/\" target=\"_blank\" rel=\"noopener\">Leonardo Da Vinci<\/a>\u00ab, fundado en el 1958, es biling\u00fce y une dos pensum en un \u00fanico programa educativo, dando al final un t\u00edtulo de estudio reconocido por Colombia e Italia (y por ende por Uni\u00f3n Europea).<\/p>\n<p style=\"text-align: justify;\">Los niveles de la educaci\u00f3n escolar se dividen en:<\/p>\n<ul style=\"text-align: justify;\">\n<li>Pre-escolar<\/li>\n<li>Primaria<\/li>\n<li>Bachillerato (hasta s\u00e9ptimo)<\/li>\n<li>Bachillerato hasta und\u00e9cimo (Liceo Scientifico, Liceo Linguistico, Liceo Artistico, Liceo Musicale).<\/li>\n<\/ul>\n<p style=\"text-align: justify;\">El Colegio organiza tambi\u00e9n actividades deportivas, culturales y periodos de estudio al extranjero.<\/p>\n<p style=\"text-align: justify;\">El \u201c<a href=\"http:\/\/gimnasiovolta.edu.co\/\" target=\"_blank\" rel=\"noopener\">Alessandro Volta<\/a>\u201d, fundado en el 2004, se enfoca en la internacionalizaci\u00f3n: el Instituto ofrece una formaci\u00f3n completa en tres idiomas (italiano, espa\u00f1ol, ingl\u00e9s) y cuenta con la Certificaci\u00f3n de Calidad Cambridge English School, con doble titulaci\u00f3n, reconocida por Colombia e Italia, que da acceso a las universidades colombianas y europeas.<\/p>\n<p style=\"text-align: justify;\">Los niveles de la educaci\u00f3n escolar se dividen en:<\/p>\n<ul style=\"text-align: justify;\">\n<li>Pre-escolar<\/li>\n<li>Primaria<\/li>\n<li>Bachillerato (hasta s\u00e9ptimo)<\/li>\n<li>Bachillerato hasta und\u00e9cimo (Liceo Scientifico Opzione delle Scienze Applicate)<\/li>\n<\/ul>\n<p style=\"text-align: justify;\">El Colegio organiza tambi\u00e9n actividades deportivas, culturales y periodos de estudio al extranjero.<\/p>\n<p style=\"text-align: justify;\">Para m\u00e1s informaci\u00f3n <a href=\"https:\/\/www.esteri.it\/it\/opportunita\/\">Oportunidades de estudio y de trabajo \u2013 Ministero degli Affari Esteri e della Cooperazione Internazionale<\/a>.<\/p>\n","protected":false},"excerpt":{"rendered":"COLEGIOS ITALIANOS Informaciones generales sobre el sistema escolar italiano Lista de los Colegios (P\u00fablicos y Paritarios) COLEGIOS ITALIANOS EN COLOMBIA En Colombia existen dos Colegios italianos: el \u201cColegio Italiano Leonardo Da Vinci\u201d y el \u201cGimnasio Alessandro Volta\u201d, ambos ubicados en Bogot\u00e0. El \u00abLeonardo Da Vinci\u00ab, fundado en el 1958, es biling\u00fce y une dos pensum [&hellip;]","protected":false},"author":5,"featured_media":0,"parent":158,"menu_order":0,"comment_status":"closed","ping_status":"closed","template":"","meta":{"footnotes":""},"class_list":["post-713","page","type-page","status-publish","hentry"],"_links":{"self":[{"href":"https:\/\/ambbogota.esteri.it\/es\/wp-json\/wp\/v2\/pages\/713","targetHints":{"allow":["GET"]}}],"collection":[{"href":"https:\/\/ambbogota.esteri.it\/es\/wp-json\/wp\/v2\/pages"}],"about":[{"href":"https:\/\/ambbogota.esteri.it\/es\/wp-json\/wp\/v2\/types\/page"}],"author":[{"embeddable":true,"href":"https:\/\/ambbogota.esteri.it\/es\/wp-json\/wp\/v2\/users\/5"}],"replies":[{"embeddable":true,"href":"https:\/\/ambbogota.esteri.it\/es\/wp-json\/wp\/v2\/comments?post=713"}],"version-history":[{"count":6,"href":"https:\/\/ambbogota.esteri.it\/es\/wp-json\/wp\/v2\/pages\/713\/revisions"}],"predecessor-version":[{"id":5741,"href":"https:\/\/ambbogota.esteri.it\/es\/wp-json\/wp\/v2\/pages\/713\/revisions\/5741"}],"up":[{"embeddable":true,"href":"https:\/\/ambbogota.esteri.it\/es\/wp-json\/wp\/v2\/pages\/158"}],"wp:attachment":[{"href":"https:\/\/ambbogota.esteri.it\/es\/wp-json\/wp\/v2\/media?parent=713"}],"curies":[{"name":"wp","href":"https:\/\/api.w.org\/{rel}","templated":true}]}}