{"id":716,"date":"2023-08-11T11:45:30","date_gmt":"2023-08-11T16:45:30","guid":{"rendered":"https:\/\/ambbogota.esteri.it\/?page_id=716"},"modified":"2026-03-16T08:48:02","modified_gmt":"2026-03-16T13:48:02","slug":"derechos-consulares-2","status":"publish","type":"page","link":"https:\/\/ambbogota.esteri.it\/es\/servizi-consolari-e-visti\/servizi-per-il-cittadino-italiano\/derechos-consulares-2\/","title":{"rendered":"Derechos consulares"},"content":{"rendered":"<p>El pago de los derechos consulares le permite solicitar el servicio correspondiente a partir de la fecha de pago. Cabe se\u00f1alar que las tarifas cambian trimestralmente en funci\u00f3n del tipo de cambio consular, por lo que, si el servicio se solicita en un trimestre siguiente al del pago, es recomendable consultar las tarifas.<\/p>\n<p><strong>&#8211;<\/strong> <strong>Para ver la tabla de las tarifas consulares v\u00e1lidas del 1 de enero hasta el 31 de marzo 2026: <\/strong><a href=\"https:\/\/ambbogota.esteri.it\/wp-content\/uploads\/2025\/12\/Tariffa-consolare-I-trimestre-2026.pdf\"><strong>clic aqu\u00ed.<\/strong><\/a><br \/>\n<strong>&#8211;<\/strong> <strong>Para ver la tabla de las tarifas consulares v\u00e1lidas del 1 de abril hasta el 30 de junio 2026: <\/strong><a href=\"https:\/\/ambbogota.esteri.it\/wp-content\/uploads\/2026\/03\/Tariffa-consolare-II-trimestre-2026.pdf\"><strong>clic aqu\u00ed.<\/strong><\/a><\/p>\n<p><strong>ATENCI\u00d3N:<\/strong> Por motivos de contabilidad relacionados con la variaci\u00f3n trimestral de los derechos consulares, le informamos que los Consulados Honorarios no recibir\u00e1n solicitudes que impliquen el pago de los derechos consulares a partir del d\u00eda quince del mes, fecha en la que se vencen las tasas vigentes, es decir: 15 de marzo, 15 de junio, 15 de septiembre y 15 de diciembre.<\/p>\n<p><strong>A partir del 1 de abril de 2024<\/strong> los pagos por concepto de derechos consulares podr\u00e1n realizarse <u>en efectivo<\/u>, en las sucursales del Banco GNB Sudameris a nivel nacional, o en <u>modalidad electr\u00f3nica por PSE<\/u>.<\/p>\n<ol>\n<li><strong><u>Pago en l\u00ednea de los derechos consulares <\/u><\/strong><\/li>\n<\/ol>\n<p>Los pagos por concepto de derechos consulares en modalidad electr\u00f3nica deber\u00e1n realizarse a trav\u00e9s del siguiente link: <a href=\"https:\/\/www.psepagos.co\/PSEHostingUI\/ShowTicketOffice.aspx?ID=12561\">https:\/\/www.psepagos.co\/PSEHostingUI\/ShowTicketOffice.aspx?ID=12561<\/a><\/p>\n<p>El portal de pagos le solicitar\u00e1 la siguiente informaci\u00f3n:<\/p>\n<ul>\n<li>Nombres y apellidos del usuario de la persona que requiere el servicio consular<\/li>\n<li>N\u00famero del documento de identificaci\u00f3n de la persona que requiere el servicio consular<\/li>\n<li>Art\u00edculo que corresponde al servicio consular requerido de acuerdo con la tabla de tarifas de derechos consulares, a seleccionar en el men\u00fa desplegable<\/li>\n<li>Valor del servicio consular a realizar<\/li>\n<\/ul>\n<p>Para obtener indicaciones sobre c\u00f3mo pagar los servicios consulares por PSE puede consultar el instructivo \u201cpaso a paso\u201d haciendo <a href=\"https:\/\/ambbogota.esteri.it\/wp-content\/uploads\/2024\/03\/PASO-A-PASO-PSE.pdf\"><strong>clic aqu\u00ed.<\/strong><\/a><\/p>\n<ol start=\"2\">\n<li><strong><u>Pago de los derechos consulares en efectivo<\/u><\/strong><\/li>\n<\/ol>\n<p>Los pagos por concepto de derechos consulares en efectivo deber\u00e1n realizarse a la siguiente cuenta en cualquier sucursal del Banco GNB Sudameris a nivel nacional:<\/p>\n<ol>\n<li>Nombre de la cuenta: Embajada de Italia<\/li>\n<li>N\u00famero de cuenta: 11538667<\/li>\n<li>Tipo de cuenta: corriente<\/li>\n<li>Banco: GNB Sudameris<\/li>\n<\/ol>\n<p>Para realizar el pago el usuario deber\u00e1 suministrarle al cajero del banco los siguientes datos:<\/p>\n<ul>\n<li>Valor de la consignaci\u00f3n<\/li>\n<li>Nombre del usuario del servicio consular<\/li>\n<li>N\u00famero del documento de identificaci\u00f3n del usuario del servicio consular<\/li>\n<li>N\u00famero del art\u00edculo del servicio consular seg\u00fan la tabla de tarifas de derechos consulares<\/li>\n<li>El n\u00famero de convenio de recaudo por oficina asignado es el No. 421<\/li>\n<\/ul>\n<p>El formulario de pago de los derechos consulares <u>deber\u00e1 ser diligenciado con los datos del titular de la documentaci\u00f3n presentada.<\/u> En el caso de documentaci\u00f3n relativa a menores de edad, se deber\u00e1n indicar los datos de uno de los padres.<\/p>\n<p><u>Es obligatorio presentar los recibos originales de los pagos de derechos consulares<\/u> realizados en las sucursales del Banco GNB Sudameris. <strong>Sin el recibo original del pago no se podr\u00e1 recibir el servicio consular solicitado.<\/strong><\/p>\n<p>3<strong>. <span style=\"text-decoration: underline;\">Pago de los derechos consulares con tarjeta de cr\u00e9dito\/d\u00e9bito<\/span><\/strong><\/p>\n<p>Los pagos pueden realizarse directamente en las oficinas de la Embajada mediante tarjeta de cr\u00e9dito o d\u00e9bito perteneciente a la red Visa o Mastercard, de acuerdo con las siguientes modalidades:<\/p>\n<ul>\n<li>La tarjeta debe presentarse f\u00edsicamente (no es posible utilizar el celular para realizar los pagos);<\/li>\n<li>En caso de que el pago se realice con tarjeta de cr\u00e9dito, esta debe llevar el nombre del titular y el mismo debe estar presente en la Embajada con su documento de identidad;<\/li>\n<li>El pago debe efectuarse en una sola transacci\u00f3n (no es posible dividir el pago en varias tarjetas ni en varias transacciones);<\/li>\n<li>El pago debe realizarse antes de iniciar el tr\u00e1mite consular solicitado.<\/li>\n<\/ul>\n<ul>\n<li><strong>Solicitud de reembolso de los derechos consulares<\/strong><\/li>\n<\/ul>\n<p>En caso de que no se solicite el servicio consular ya pagado, el interesado podr\u00e1 solicitar su devoluci\u00f3n a la mayor brevedad, entregando\/enviando <strong>en original<\/strong> la siguiente documentaci\u00f3n:<\/p>\n<ol>\n<li>el <a href=\"https:\/\/ambbogota.esteri.it\/wp-content\/uploads\/2024\/09\/MODULO_RICHIESTA-RIMBORSO-DIRITTI-CONSOLARI-SPA.pdf\">formulario de solicitud<\/a> <strong>completo de datos y firma<\/strong>;<\/li>\n<li>el comprobante original del pago de los derechos consulares del Banco GNB Sudameris;<\/li>\n<li>la fotocopia del documento de identidad de la persona que efectu\u00f3 el pago y solicita la devoluci\u00f3n de la plata, cuyos datos deber\u00e1n coincidir con los del comprobante de pago.<\/li>\n<\/ol>\n<p>a la siguiente direcci\u00f3n:<\/p>\n<p>Embajada de Italia<br \/>\nOficina Administrativa<br \/>\nCalle 93B No. 9-92, Bogot\u00e1<\/p>\n<p>Una vez recibida la documentaci\u00f3n original, la devoluci\u00f3n se realizar\u00e1 mediante transferencia bancaria a la cuenta del interesado en pesos, previamente indicada en el formulario de la solicitud misma. (El reembolso se podr\u00e1 realizar <strong>en efectivo solo en casos excepcionales evaluados por esta Embajada<\/strong>).<\/p>\n<p><u>Si la cuenta bancaria est\u00e1 a nombre de una persona diferente a la que realiz\u00f3 la solicitud<\/u>, ser\u00e1 necesario adjuntar los siguientes documentos:<\/p>\n<ol>\n<li>Declaraci\u00f3n con la cual autoriza a la Embajada de Italia en Bogot\u00e1 a abonar el valor correspondiente al reembolso en la cuenta de la persona indicada en el m\u00f3dulo, completa con todos sus datos (nombres, apellidos, n\u00famero de c\u00e9dula, etc.).<\/li>\n<li>Copia del documento de identidad de la persona titular de la cuenta.<\/li>\n<li>Certificaci\u00f3n bancaria de la cuenta.<\/li>\n<\/ol>\n<p><strong>\u00a0<\/strong><\/p>\n","protected":false},"excerpt":{"rendered":"El pago de los derechos consulares le permite solicitar el servicio correspondiente a partir de la fecha de pago. Cabe se\u00f1alar que las tarifas cambian trimestralmente en funci\u00f3n del tipo de cambio consular, por lo que, si el servicio se solicita en un trimestre siguiente al del pago, es recomendable consultar las tarifas. &#8211; Para [&hellip;]","protected":false},"author":4,"featured_media":0,"parent":166,"menu_order":0,"comment_status":"closed","ping_status":"closed","template":"","meta":{"footnotes":""},"class_list":["post-716","page","type-page","status-publish","hentry"],"_links":{"self":[{"href":"https:\/\/ambbogota.esteri.it\/es\/wp-json\/wp\/v2\/pages\/716","targetHints":{"allow":["GET"]}}],"collection":[{"href":"https:\/\/ambbogota.esteri.it\/es\/wp-json\/wp\/v2\/pages"}],"about":[{"href":"https:\/\/ambbogota.esteri.it\/es\/wp-json\/wp\/v2\/types\/page"}],"author":[{"embeddable":true,"href":"https:\/\/ambbogota.esteri.it\/es\/wp-json\/wp\/v2\/users\/4"}],"replies":[{"embeddable":true,"href":"https:\/\/ambbogota.esteri.it\/es\/wp-json\/wp\/v2\/comments?post=716"}],"version-history":[{"count":10,"href":"https:\/\/ambbogota.esteri.it\/es\/wp-json\/wp\/v2\/pages\/716\/revisions"}],"predecessor-version":[{"id":7555,"href":"https:\/\/ambbogota.esteri.it\/es\/wp-json\/wp\/v2\/pages\/716\/revisions\/7555"}],"up":[{"embeddable":true,"href":"https:\/\/ambbogota.esteri.it\/es\/wp-json\/wp\/v2\/pages\/166"}],"wp:attachment":[{"href":"https:\/\/ambbogota.esteri.it\/es\/wp-json\/wp\/v2\/media?parent=716"}],"curies":[{"name":"wp","href":"https:\/\/api.w.org\/{rel}","templated":true}]}}