{"id":720,"date":"2023-08-09T15:58:26","date_gmt":"2023-08-09T20:58:26","guid":{"rendered":"https:\/\/ambbogota.esteri.it\/?page_id=720"},"modified":"2023-08-15T13:23:31","modified_gmt":"2023-08-15T18:23:31","slug":"italianos-ilustres-en-colombia-2","status":"publish","type":"page","link":"https:\/\/ambbogota.esteri.it\/es\/italia-e-colombia\/diplomazia-culturale\/studiare-in-italia\/italianos-ilustres-en-colombia-2\/","title":{"rendered":"Italianos ilustres en Colombia"},"content":{"rendered":"<p style=\"text-align: justify;\">La Embajada de Italia propone una serie de documentales dedicados a historias de migraci\u00f3n italiana en Colombia, realizados por el estudioso Nelson Osorio. Son peque\u00f1as c\u00e1psulas en video que valoran el excelente trabajo cultural desarrollado por ilustres italianos que, llegando a Colombia, han querido dejar una huella inolvidable de su pasaje y de la cultura e idioma de los cuales provienen.<\/p>\n<p style=\"text-align: justify;\"><a href=\"https:\/\/ambbogota.esteri.it\/ambasciata_bogota\/es\/ambasciata\/news\/dall_ambasciata\/2020\/10\/carlo-federici-matematico-una-vita.html\">CARLO FEDERICI Matem\u00e1tico. UNA VIDA DEDICADA A LA ENSE\u00d1ANZA<\/a><\/p>\n<p style=\"text-align: justify;\"><a href=\"http:\/\/ambbogota.esteri.it\/ambasciata_bogota\/es\/ambasciata\/news\/dall_ambasciata\/saverio-de-nicolo-sacerdote-messaggero.html\">SAVERIO DE NICOLO\u2019 Sacerdote. MENSAJERO DE LA ESPERANZA Y SOLIDARIDAD<\/a><\/p>\n<p style=\"text-align: justify;\"><a href=\"http:\/\/ambbogota.esteri.it\/ambasciata_bogota\/es\/ambasciata\/news\/dall_ambasciata\/antonio-bernardi-costruttore-e.html\">ANTONIO BERNARDI Constructor y dise\u00f1ador. EL ORGULLO DE CONSTRUIR \u201cA LA ITALIANA\u201d<\/a><\/p>\n<p style=\"text-align: justify;\"><a href=\"https:\/\/ambbogota.esteri.it\/ambasciata_bogota\/es\/ambasciata\/news\/dall_ambasciata\/2020\/10\/alberto-donadio-avvocato-giornalista.html\">ALBERTO DONADIO Abogado, Periodista, Escritor. EL COPROMISO POR LA VERDAD, COMO MOTIVACI\u00d3N EXISTENCIAL<\/a><\/p>\n<p style=\"text-align: justify;\"><a href=\"https:\/\/ambbogota.esteri.it\/ambasciata_bogota\/es\/ambasciata\/news\/dall_ambasciata\/2020\/10\/roberto-violi-ingegnere-chimico.html\">ROBERTO VIOLI Ingenero, Qu\u00edmico, Lider de la comunidad. SENTIR, AMAR Y SERVIR A ITALIA DESDE LA PATRIA DE ADOPCI\u00d3N<\/a><\/p>\n<p style=\"text-align: justify;\"><a href=\"https:\/\/ambbogota.esteri.it\/ambasciata_bogota\/it\/ambasciata\/news\/dall_ambasciata\/2020\/10\/edelweiss-paciotti-docente-universitaria.html\">EDELWEISS PACCIOTTI Docente Universitaria, Ling\u00fcista, Humanista. EL UNIVERSO DE LA CULTURA CL\u00c1SICA Y EL IDIOMA ITALIANO<\/a><\/p>\n<p style=\"text-align: justify;\"><a href=\"https:\/\/ambbogota.esteri.it\/ambasciata_bogota\/es\/ambasciata\/news\/dall_ambasciata\/2021\/10\/xxi-settimana-della-lingua-italiana.html\">ANNIBALE GATTI Artista. TEL\u00d3N DE LA PATRIA<\/a><\/p>\n<p style=\"text-align: justify;\"><a href=\"https:\/\/ambbogota.esteri.it\/ambasciata_bogota\/it\/ambasciata\/news\/dall_ambasciata\/2021\/10\/xxi-settimana-della-lingua-italiana_0.html\">TITO RICCI Marmista. Opera scultoria Rebecca<\/a><\/p>\n<p style=\"text-align: justify;\"><a href=\"https:\/\/ambbogota.esteri.it\/ambasciata_bogota\/it\/ambasciata\/news\/dall_ambasciata\/2021\/10\/xxi-settimana-della-lingua-italiana_1.html\">GIOVANNI BUSCAGLIONE Architetto. Iglesia de Nuestra Se\u00f1ora del Carmen<\/a><\/p>\n","protected":false},"excerpt":{"rendered":"La Embajada de Italia propone una serie de documentales dedicados a historias de migraci\u00f3n italiana en Colombia, realizados por el estudioso Nelson Osorio. Son peque\u00f1as c\u00e1psulas en video que valoran el excelente trabajo cultural desarrollado por ilustres italianos que, llegando a Colombia, han querido dejar una huella inolvidable de su pasaje y de la cultura [&hellip;]","protected":false},"author":4,"featured_media":0,"parent":158,"menu_order":0,"comment_status":"closed","ping_status":"closed","template":"","meta":{"footnotes":""},"class_list":["post-720","page","type-page","status-publish","hentry"],"_links":{"self":[{"href":"https:\/\/ambbogota.esteri.it\/es\/wp-json\/wp\/v2\/pages\/720","targetHints":{"allow":["GET"]}}],"collection":[{"href":"https:\/\/ambbogota.esteri.it\/es\/wp-json\/wp\/v2\/pages"}],"about":[{"href":"https:\/\/ambbogota.esteri.it\/es\/wp-json\/wp\/v2\/types\/page"}],"author":[{"embeddable":true,"href":"https:\/\/ambbogota.esteri.it\/es\/wp-json\/wp\/v2\/users\/4"}],"replies":[{"embeddable":true,"href":"https:\/\/ambbogota.esteri.it\/es\/wp-json\/wp\/v2\/comments?post=720"}],"version-history":[{"count":1,"href":"https:\/\/ambbogota.esteri.it\/es\/wp-json\/wp\/v2\/pages\/720\/revisions"}],"predecessor-version":[{"id":721,"href":"https:\/\/ambbogota.esteri.it\/es\/wp-json\/wp\/v2\/pages\/720\/revisions\/721"}],"up":[{"embeddable":true,"href":"https:\/\/ambbogota.esteri.it\/es\/wp-json\/wp\/v2\/pages\/158"}],"wp:attachment":[{"href":"https:\/\/ambbogota.esteri.it\/es\/wp-json\/wp\/v2\/media?parent=720"}],"curies":[{"name":"wp","href":"https:\/\/api.w.org\/{rel}","templated":true}]}}